{"id":10109,"date":"2025-11-21T09:07:24","date_gmt":"2025-11-21T06:07:24","guid":{"rendered":"https:\/\/birimler.atauni.edu.tr\/sanat-tarihi\/?page_id=10109"},"modified":"2025-11-21T09:07:24","modified_gmt":"2025-11-21T06:07:24","slug":"lisansustu-egitim-tanitimi","status":"publish","type":"page","link":"https:\/\/atauni.edu.tr\/sanat-tarihi\/lisansustu-egitim-tanitimi\/","title":{"rendered":"Lisans\u00fcst\u00fc E\u011fitim Tan\u0131t\u0131m\u0131"},"content":{"rendered":"\n<div data-wp-interactive=\"core\/file\" class=\"wp-block-file\"><object data-wp-bind--hidden=\"!state.hasPdfPreview\" hidden class=\"wp-block-file__embed\" data=\"https:\/\/birimler.atauni.edu.tr\/sanat-tarihi\/wp-content\/uploads\/sites\/151\/2025\/11\/SANAT-TARIHI-BOLUMU-LISANSUSTU-SUNUMU-1.pdf\" type=\"application\/pdf\" style=\"width:100%;height:600px\" aria-label=\"SANAT TAR\u0130H\u0130 B\u00d6L\u00dcM\u00dc L\u0130SANS\u00dcST\u00dc SUNUMU g\u00f6m\u00fcs\u00fc.\"><\/object><a id=\"wp-block-file--media-66ddd73c-8d2e-4304-9f80-f53e7935bb14\" href=\"https:\/\/birimler.atauni.edu.tr\/sanat-tarihi\/wp-content\/uploads\/sites\/151\/2025\/11\/SANAT-TARIHI-BOLUMU-LISANSUSTU-SUNUMU-1.pdf\">SANAT TAR\u0130H\u0130 B\u00d6L\u00dcM\u00dc L\u0130SANS\u00dcST\u00dc SUNUMU<\/a><a href=\"https:\/\/birimler.atauni.edu.tr\/sanat-tarihi\/wp-content\/uploads\/sites\/151\/2025\/11\/SANAT-TARIHI-BOLUMU-LISANSUSTU-SUNUMU-1.pdf\" class=\"wp-block-file__button wp-element-button\" download aria-describedby=\"wp-block-file--media-66ddd73c-8d2e-4304-9f80-f53e7935bb14\">\u0130ndir<\/a><\/div>\n","protected":false},"excerpt":{"rendered":"","protected":false},"author":617,"featured_media":0,"parent":0,"menu_order":0,"comment_status":"closed","ping_status":"closed","template":"","meta":{"footnotes":""},"class_list":["post-10109","page","type-page","status-publish","hentry"],"_links":{"self":[{"href":"https:\/\/atauni.edu.tr\/sanat-tarihi\/wp-json\/wp\/v2\/pages\/10109","targetHints":{"allow":["GET"]}}],"collection":[{"href":"https:\/\/atauni.edu.tr\/sanat-tarihi\/wp-json\/wp\/v2\/pages"}],"about":[{"href":"https:\/\/atauni.edu.tr\/sanat-tarihi\/wp-json\/wp\/v2\/types\/page"}],"author":[{"embeddable":true,"href":"https:\/\/atauni.edu.tr\/sanat-tarihi\/wp-json\/wp\/v2\/users\/617"}],"replies":[{"embeddable":true,"href":"https:\/\/atauni.edu.tr\/sanat-tarihi\/wp-json\/wp\/v2\/comments?post=10109"}],"version-history":[{"count":1,"href":"https:\/\/atauni.edu.tr\/sanat-tarihi\/wp-json\/wp\/v2\/pages\/10109\/revisions"}],"predecessor-version":[{"id":10112,"href":"https:\/\/atauni.edu.tr\/sanat-tarihi\/wp-json\/wp\/v2\/pages\/10109\/revisions\/10112"}],"wp:attachment":[{"href":"https:\/\/atauni.edu.tr\/sanat-tarihi\/wp-json\/wp\/v2\/media?parent=10109"}],"curies":[{"name":"wp","href":"https:\/\/api.w.org\/{rel}","templated":true}]}}