{"id":10397,"date":"2026-04-09T11:09:23","date_gmt":"2026-04-09T08:09:23","guid":{"rendered":"https:\/\/atauni.edu.tr\/sanat-tarihi\/?page_id=10397"},"modified":"2026-04-09T12:18:22","modified_gmt":"2026-04-09T09:18:22","slug":"erasmus-anlasmalari","status":"publish","type":"page","link":"https:\/\/atauni.edu.tr\/sanat-tarihi\/erasmus-anlasmalari\/","title":{"rendered":"Erasmus Anla\u015fmalar\u0131"},"content":{"rendered":"\t\t<div data-elementor-type=\"wp-page\" data-elementor-id=\"10397\" class=\"elementor elementor-10397\" data-elementor-post-type=\"page\">\n\t\t\t\t\t\t<section class=\"elementor-section elementor-top-section elementor-element elementor-element-5b818ee elementor-section-boxed elementor-section-height-default elementor-section-height-default\" data-id=\"5b818ee\" data-element_type=\"section\">\n\t\t\t\t\t\t<div class=\"elementor-container elementor-column-gap-default\">\n\t\t\t\t\t<div class=\"elementor-column elementor-col-100 elementor-top-column elementor-element elementor-element-3648be7\" data-id=\"3648be7\" data-element_type=\"column\">\n\t\t\t<div class=\"elementor-widget-wrap elementor-element-populated\">\n\t\t\t\t\t\t<div class=\"elementor-element elementor-element-93e2aab elementor-widget elementor-widget-text-editor\" data-id=\"93e2aab\" data-element_type=\"widget\" data-widget_type=\"text-editor.default\">\n\t\t\t\t<div class=\"elementor-widget-container\">\n\t\t\t\t\t\t\t\t\t<p style=\"text-align: left\">B\u00f6l\u00fcm\u00fcm\u00fcz\u00fcn Avrupa&#8217;n\u0131n farkl\u0131 \u00dcniversitelerindeki Sanat Tarihi B\u00f6l\u00fcmleri ile Erasmus anla\u015fmalar\u0131 bulunmaktad\u0131r.&nbsp;<span style=\"text-align: center;font-size: 1rem;letter-spacing: 0px\" data-path-to-node=\"3,1\">Atat\u00fcrk \u00dcniversitesi Sanat Tarihi B\u00f6l\u00fcm\u00fc olarak, \u00f6\u011frencilerimizin ve akademik personelimizin evrensel standartlarda e\u011fitim ve ara\u015ft\u0131rma olanaklar\u0131na eri\u015febilmesi i\u00e7in uluslararas\u0131la\u015fma vizyonumuzu geni\u015fletmeye devam ediyoruz<\/span><span style=\"text-align: center;font-size: 1rem;letter-spacing: 0px\" data-path-to-node=\"3,3\">. <\/span><span style=\"text-align: center;font-size: 1rem;letter-spacing: 0px\" data-path-to-node=\"3,5\">Avrupa&#8217;n\u0131n k\u00f6kl\u00fc e\u011fitim kurumlar\u0131yla kurdu\u011fumuz akademik k\u00f6pr\u00fcler sayesinde, b\u00f6l\u00fcm\u00fcm\u00fcz\u00fcn ara\u015ft\u0131rma ve k\u00fclt\u00fcrel etkile\u015fim alan\u0131n\u0131 Kuzeybat\u0131, Orta ve G\u00fcney Avrupa ekollerine ta\u015f\u0131yoruz<\/span><span style=\"text-align: center;font-size: 1rem;letter-spacing: 0px\" data-path-to-node=\"3,7\">.<\/span><\/p>\n<p style=\"text-align: left\"><span style=\"text-align: center;font-size: 1rem;letter-spacing: 0px\" data-path-to-node=\"3,7\"><span data-path-to-node=\"4,0\">\u00d6\u011frenci ve personel de\u011fi\u015fimini te\u015fvik eden Erasmus+ program\u0131 kapsam\u0131nda; <\/span><span data-path-to-node=\"4,2\">Yunanistan, Polonya, Slovenya ve \u0130rlanda&#8217;n\u0131n \u00f6nde gelen \u00fcniversiteleriyle \u0130kili Kurumlararas\u0131 Anla\u015fmalar (Inter-Institutional Agreements) sa\u011flam\u0131\u015f bulunmaktay\u0131z<\/span><span data-path-to-node=\"4,4\">. <\/span><span data-path-to-node=\"4,6\">Lisans, Y\u00fcksek Lisans ve Doktora (EQF 6, 7, 8) seviyelerinin tamam\u0131n\u0131 kapsayan bu i\u015f birlikleri, yaln\u0131zca \u00f6\u011frenci hareketlili\u011fini de\u011fil, \u00f6\u011fretim elemanlar\u0131m\u0131z\u0131n akademik vizyonunu uluslararas\u0131 platformlara ta\u015f\u0131mas\u0131n\u0131 da g\u00fc\u00e7l\u00fc bir \u015fekilde desteklemektedir<\/span><span data-path-to-node=\"4,8\">.<\/span><\/span><\/p>\n<table data-path-to-node=\"7\">\n<thead>\n<tr>\n<td><strong>\u00dclke<\/strong><\/td>\n<td><strong>\u00dcniversite (Erasmus Kodu)<\/strong><\/td>\n<td><strong>Ge\u00e7erlilik S\u00fcresi<\/strong><\/td>\n<td><strong>E\u011fitim Kademesi<\/strong><\/td>\n<td><strong>\u00d6\u011frenci Kontenjan\u0131 (\u00d6\u011frenim)<\/strong><\/td>\n<td><strong>Personel Kontenjan\u0131 (Ders Verme)<\/strong><\/td>\n<td><strong>Yabanc\u0131 Dil \u015eart\u0131<\/strong><\/td>\n<\/tr>\n<\/thead>\n<tbody>\n<tr>\n<td><span data-path-to-node=\"7,1,0,0\"><b data-path-to-node=\"7,1,0,0\" data-index-in-node=\"0\">Polonya<\/b><\/span><\/td>\n<td>\n<p id=\"p-rc_5a3a1e290f09d05e-81\" data-path-to-node=\"7,1,1,0\"><span data-path-to-node=\"7,1,1,0,1\"><span class=\"citation-273\">Jagiellonian University in Krak\u00f3w (PL KRAKOW01)<\/span><\/span><\/p>\n<\/td>\n<td>\n<p id=\"p-rc_5a3a1e290f09d05e-82\" data-path-to-node=\"7,1,2,0\"><span data-path-to-node=\"7,1,2,0,1\"><span class=\"citation-272\">2024\/2025 &#8211; 2028\/2029<\/span><\/span><\/p>\n<\/td>\n<td>\n<p id=\"p-rc_5a3a1e290f09d05e-83\" data-path-to-node=\"7,1,3,0\"><span data-path-to-node=\"7,1,3,0,1\"><span class=\"citation-271\">Lisans, Y\u00fcksek Lisans, Doktora<\/span><\/span><\/p>\n<\/td>\n<td>\n<p id=\"p-rc_5a3a1e290f09d05e-84\" data-path-to-node=\"7,1,4,0\"><span data-path-to-node=\"7,1,4,0,1\"><span class=\"citation-270\">3 \u00d6\u011frenci&nbsp;<\/span><\/span><span style=\"letter-spacing: 0px\">&nbsp;<\/span><\/p>\n<\/td>\n<td>\n<p id=\"p-rc_5a3a1e290f09d05e-85\" data-path-to-node=\"7,1,5,0\"><span data-path-to-node=\"7,1,5,0,1\"><span class=\"citation-269\">2 Personel<\/span><\/span><\/p>\n<\/td>\n<td>\n<p id=\"p-rc_5a3a1e290f09d05e-86\" data-path-to-node=\"7,1,6,0\"><span data-path-to-node=\"7,1,6,0,1\"><span class=\"citation-268\">\u0130ngilizce B1-B2 veya Leh\u00e7e B1-B2<\/span><\/span><span style=\"letter-spacing: 0px\">&nbsp;<\/span><\/p>\n<\/td>\n<\/tr>\n<tr>\n<td><span data-path-to-node=\"7,2,0,0\"><b data-path-to-node=\"7,2,0,0\" data-index-in-node=\"0\">Yunanistan<\/b><\/span><\/td>\n<td>\n<p id=\"p-rc_5a3a1e290f09d05e-87\" data-path-to-node=\"7,2,1,0\"><span data-path-to-node=\"7,2,1,0,1\"><span class=\"citation-267\">Panepistimio Ioanninon (G IOANNIN01)<\/span><\/span><\/p>\n<\/td>\n<td>\n<p id=\"p-rc_5a3a1e290f09d05e-88\" data-path-to-node=\"7,2,2,0\"><span data-path-to-node=\"7,2,2,0,1\"><span class=\"citation-266\">2024\/2025 &#8211; 2028\/2029<\/span><\/span><\/p>\n<\/td>\n<td>\n<p id=\"p-rc_5a3a1e290f09d05e-89\" data-path-to-node=\"7,2,3,0\"><span data-path-to-node=\"7,2,3,0,1\"><span class=\"citation-265\">Lisans, Y\u00fcksek Lisans, Doktora&nbsp;<\/span><\/span><\/p>\n<\/td>\n<td>\n<p id=\"p-rc_5a3a1e290f09d05e-90\" data-path-to-node=\"7,2,4,0\"><span data-path-to-node=\"7,2,4,0,1\"><span class=\"citation-264\">2 \u00d6\u011frenci<\/span><\/span><\/p>\n<\/td>\n<td>\n<p id=\"p-rc_5a3a1e290f09d05e-91\" data-path-to-node=\"7,2,5,0\"><span data-path-to-node=\"7,2,5,0,1\"><span class=\"citation-263\">1 Personel&nbsp;<\/span><\/span><\/p>\n<\/td>\n<td>\n<p id=\"p-rc_5a3a1e290f09d05e-92\" data-path-to-node=\"7,2,6,0\"><span data-path-to-node=\"7,2,6,0,1\"><span class=\"citation-262\">\u0130ngilizce B1 &#8211; B2<\/span><\/span><\/p>\n<\/td>\n<\/tr>\n<tr>\n<td><span data-path-to-node=\"7,3,0,0\"><b data-path-to-node=\"7,3,0,0\" data-index-in-node=\"0\">\u0130rlanda<\/b><\/span><\/td>\n<td>\n<p id=\"p-rc_5a3a1e290f09d05e-93\" data-path-to-node=\"7,3,1,0\"><span data-path-to-node=\"7,3,1,0,1\"><span class=\"citation-261\">University College Cork (IRL-CORK01)<\/span><\/span><\/p>\n<\/td>\n<td>\n<p id=\"p-rc_5a3a1e290f09d05e-94\" data-path-to-node=\"7,3,2,0\"><span data-path-to-node=\"7,3,2,0,1\"><span class=\"citation-260\">2025\/2026 &#8211; 2028\/2029<\/span><\/span><\/p>\n<\/td>\n<td><span data-path-to-node=\"7,3,3,0\">Akademik Personel \u00d6zelinde<\/span><\/td>\n<td><span data-path-to-node=\"7,3,4,0\">&#8211;<\/span><\/td>\n<td>\n<p id=\"p-rc_5a3a1e290f09d05e-95\" data-path-to-node=\"7,3,5,0\"><span data-path-to-node=\"7,3,5,0,1\"><span class=\"citation-259\">2 Personel (Toplam 10 G\u00fcn)<\/span><\/span><\/p>\n<\/td>\n<td>\n<p id=\"p-rc_5a3a1e290f09d05e-96\" data-path-to-node=\"7,3,6,0\"><span data-path-to-node=\"7,3,6,0,1\"><span class=\"citation-258\">\u0130ngilizce B1<\/span><\/span><\/p>\n<\/td>\n<\/tr>\n<tr>\n<td><span data-path-to-node=\"7,4,0,0\"><b data-path-to-node=\"7,4,0,0\" data-index-in-node=\"0\">Slovenya<\/b><\/span><\/td>\n<td>\n<p id=\"p-rc_5a3a1e290f09d05e-97\" data-path-to-node=\"7,4,1,0\"><span data-path-to-node=\"7,4,1,0,1\"><span class=\"citation-257\">Univerza v Ljubljani (SI LJUBLJA01)<\/span><\/span><\/p>\n<\/td>\n<td>\n<p id=\"p-rc_5a3a1e290f09d05e-98\" data-path-to-node=\"7,4,2,0\"><span data-path-to-node=\"7,4,2,0,1\"><span class=\"citation-256\">2025\/2026 &#8211; 2028\/2029<\/span><\/span><\/p>\n<\/td>\n<td><span data-path-to-node=\"7,4,3,0\">Akademik Personel \u00d6zelinde<\/span><\/td>\n<td><span data-path-to-node=\"7,4,4,0\">&#8211;<\/span><\/td>\n<td>\n<p id=\"p-rc_5a3a1e290f09d05e-99\" data-path-to-node=\"7,4,5,0\"><span data-path-to-node=\"7,4,5,0,1\"><span class=\"citation-255\">1 Personel (Toplam 5 G\u00fcn)<\/span><\/span><\/p>\n<\/td>\n<td>\n<p id=\"p-rc_5a3a1e290f09d05e-100\" data-path-to-node=\"7,4,6,0\"><span data-path-to-node=\"7,4,6,0,1\"><span class=\"citation-254\">\u0130ngilizce B2 <\/span><\/span><\/p>\n<div class=\"source-inline-chip-container ng-star-inserted\">&nbsp;<\/div>\n<\/td>\n<\/tr>\n<\/tbody>\n<\/table>\n<p><span data-path-to-node=\"8,1,0\"><b data-path-to-node=\"8,1,0\" data-index-in-node=\"0\">\u00d6nemli Not:<\/b>&nbsp;* Tabloda yer alan s\u00fcreler ve kontenjanlar y\u0131ll\u0131k bazdad\u0131r<\/span><span data-path-to-node=\"8,1,2\">.&nbsp;<\/span><\/p>\n<p><span data-path-to-node=\"8,1,8\">* Sadece personel hareketlili\u011fi g\u00f6r\u00fcnen \u0130rlanda ve Slovenya kurumlar\u0131yla ilgili potansiyel \u00f6\u011frenci hareketlili\u011fi veya ba\u015fvuru \u015fartlar\u0131 (dil belgeleri vb.) hakk\u0131nda g\u00fcncel bilgi almak i\u00e7in l\u00fctfen Atat\u00fcrk \u00dcniversitesi Sanat Tarihi B\u00f6l\u00fcm\u00fc Erasmus Koordinat\u00f6rl\u00fc\u011f\u00fc ile ileti\u015fime ge\u00e7iniz<\/span><span data-path-to-node=\"8,1,10\">.<\/span><\/p>\t\t\t\t\t\t\t\t<\/div>\n\t\t\t\t<\/div>\n\t\t\t\t\t<\/div>\n\t\t<\/div>\n\t\t\t\t\t<\/div>\n\t\t<\/section>\n\t\t\t\t<section class=\"elementor-section elementor-top-section elementor-element elementor-element-ed0efcb elementor-section-boxed elementor-section-height-default elementor-section-height-default\" data-id=\"ed0efcb\" data-element_type=\"section\">\n\t\t\t\t\t\t<div class=\"elementor-container elementor-column-gap-default\">\n\t\t\t\t\t<div class=\"elementor-column elementor-col-100 elementor-top-column elementor-element elementor-element-ad7c1ee\" data-id=\"ad7c1ee\" data-element_type=\"column\">\n\t\t\t<div class=\"elementor-widget-wrap elementor-element-populated\">\n\t\t\t\t\t\t<div class=\"elementor-element elementor-element-0c068eb elementor--h-position-center elementor--v-position-middle elementor-arrows-position-inside elementor-pagination-position-inside elementor-widget elementor-widget-slides\" data-id=\"0c068eb\" data-element_type=\"widget\" data-settings=\"{&quot;navigation&quot;:&quot;both&quot;,&quot;autoplay&quot;:&quot;yes&quot;,&quot;pause_on_hover&quot;:&quot;yes&quot;,&quot;pause_on_interaction&quot;:&quot;yes&quot;,&quot;autoplay_speed&quot;:5000,&quot;infinite&quot;:&quot;yes&quot;,&quot;transition&quot;:&quot;slide&quot;,&quot;transition_speed&quot;:500}\" data-widget_type=\"slides.default\">\n\t\t\t\t<div class=\"elementor-widget-container\">\n\t\t\t\t\t\t\t\t\t<div class=\"elementor-swiper\">\n\t\t\t\t\t<div class=\"elementor-slides-wrapper elementor-main-swiper swiper\" role=\"region\" aria-roledescription=\"carousel\" aria-label=\"Erasmus Personel Ders Verme Hareketlilikleri\" dir=\"ltr\" data-animation=\"fadeInUp\">\n\t\t\t\t<div class=\"swiper-wrapper elementor-slides\">\n\t\t\t\t\t\t\t\t\t\t<div class=\"elementor-repeater-item-88921ab swiper-slide\" role=\"group\" aria-roledescription=\"slide\"><div class=\"swiper-slide-bg\" role=\"img\" aria-label=\"jagiellonian-university-01\"><\/div><a class=\"swiper-slide-inner\" href=\"https:\/\/en.uj.edu.pl\/\"><div class=\"swiper-slide-contents\"><div class=\"elementor-slide-heading\">Jagiellonian University in Krak\u00f3w (PL KRAKOW01)<\/div><div  class=\"elementor-button elementor-slide-button elementor-size-xl\">T\u0131klay\u0131n\u0131z<\/div><\/div><\/a><\/div>\t\t\t\t<\/div>\n\t\t\t\t\t\t\t<\/div>\n\t\t\t\t<\/div>\n\t\t\t\t\t\t\t\t<\/div>\n\t\t\t\t<\/div>\n\t\t\t\t<div class=\"elementor-element elementor-element-ff7bb66 elementor--h-position-center elementor--v-position-middle elementor-arrows-position-inside elementor-pagination-position-inside elementor-widget elementor-widget-slides\" data-id=\"ff7bb66\" data-element_type=\"widget\" data-settings=\"{&quot;navigation&quot;:&quot;both&quot;,&quot;autoplay&quot;:&quot;yes&quot;,&quot;pause_on_hover&quot;:&quot;yes&quot;,&quot;pause_on_interaction&quot;:&quot;yes&quot;,&quot;autoplay_speed&quot;:5000,&quot;infinite&quot;:&quot;yes&quot;,&quot;transition&quot;:&quot;slide&quot;,&quot;transition_speed&quot;:500}\" data-widget_type=\"slides.default\">\n\t\t\t\t<div class=\"elementor-widget-container\">\n\t\t\t\t\t\t\t\t\t<div class=\"elementor-swiper\">\n\t\t\t\t\t<div class=\"elementor-slides-wrapper elementor-main-swiper swiper\" role=\"region\" aria-roledescription=\"carousel\" aria-label=\"Erasmus Personel Ders Verme Hareketlilikleri\" dir=\"ltr\" data-animation=\"fadeInUp\">\n\t\t\t\t<div class=\"swiper-wrapper elementor-slides\">\n\t\t\t\t\t\t\t\t\t\t<div class=\"elementor-repeater-item-88921ab swiper-slide\" role=\"group\" aria-roledescription=\"slide\"><div class=\"swiper-slide-bg\" role=\"img\" aria-label=\"yanya \u00fcniversitesi g\u00f6rsel\"><\/div><a class=\"swiper-slide-inner\" href=\"https:\/\/uoi.gr\/\"><div class=\"swiper-slide-contents\"><div class=\"elementor-slide-heading\">Panepistimio Ioanninon (G IOANNIN01)<\/div><div  class=\"elementor-button elementor-slide-button elementor-size-xl\">T\u0131klay\u0131n\u0131z<\/div><\/div><\/a><\/div>\t\t\t\t<\/div>\n\t\t\t\t\t\t\t<\/div>\n\t\t\t\t<\/div>\n\t\t\t\t\t\t\t\t<\/div>\n\t\t\t\t<\/div>\n\t\t\t\t<div class=\"elementor-element elementor-element-bf6e279 elementor--h-position-center elementor--v-position-middle elementor-arrows-position-inside elementor-pagination-position-inside elementor-widget elementor-widget-slides\" data-id=\"bf6e279\" data-element_type=\"widget\" data-settings=\"{&quot;navigation&quot;:&quot;both&quot;,&quot;autoplay&quot;:&quot;yes&quot;,&quot;pause_on_hover&quot;:&quot;yes&quot;,&quot;pause_on_interaction&quot;:&quot;yes&quot;,&quot;autoplay_speed&quot;:5000,&quot;infinite&quot;:&quot;yes&quot;,&quot;transition&quot;:&quot;slide&quot;,&quot;transition_speed&quot;:500}\" data-widget_type=\"slides.default\">\n\t\t\t\t<div class=\"elementor-widget-container\">\n\t\t\t\t\t\t\t\t\t<div class=\"elementor-swiper\">\n\t\t\t\t\t<div class=\"elementor-slides-wrapper elementor-main-swiper swiper\" role=\"region\" aria-roledescription=\"carousel\" aria-label=\"Erasmus Personel Ders Verme Hareketlilikleri\" dir=\"ltr\" data-animation=\"fadeInUp\">\n\t\t\t\t<div class=\"swiper-wrapper elementor-slides\">\n\t\t\t\t\t\t\t\t\t\t<div class=\"elementor-repeater-item-88921ab swiper-slide\" role=\"group\" aria-roledescription=\"slide\"><div class=\"swiper-slide-bg\" role=\"img\" aria-label=\"University-College-Cork-Cork-City_Web-Size-scaled\"><\/div><a class=\"swiper-slide-inner\" href=\"https:\/\/www.ucc.ie\/en\/\"><div class=\"swiper-slide-contents\"><div class=\"elementor-slide-heading\">University College Cork (IRL-CORK01)<\/div><div  class=\"elementor-button elementor-slide-button elementor-size-xl\">T\u0131klay\u0131n\u0131z<\/div><\/div><\/a><\/div>\t\t\t\t<\/div>\n\t\t\t\t\t\t\t<\/div>\n\t\t\t\t<\/div>\n\t\t\t\t\t\t\t\t<\/div>\n\t\t\t\t<\/div>\n\t\t\t\t<div class=\"elementor-element elementor-element-f435b00 elementor--h-position-center elementor--v-position-middle elementor-arrows-position-inside elementor-pagination-position-inside elementor-widget elementor-widget-slides\" data-id=\"f435b00\" data-element_type=\"widget\" data-settings=\"{&quot;navigation&quot;:&quot;both&quot;,&quot;autoplay&quot;:&quot;yes&quot;,&quot;pause_on_hover&quot;:&quot;yes&quot;,&quot;pause_on_interaction&quot;:&quot;yes&quot;,&quot;autoplay_speed&quot;:5000,&quot;infinite&quot;:&quot;yes&quot;,&quot;transition&quot;:&quot;slide&quot;,&quot;transition_speed&quot;:500}\" data-widget_type=\"slides.default\">\n\t\t\t\t<div class=\"elementor-widget-container\">\n\t\t\t\t\t\t\t\t\t<div class=\"elementor-swiper\">\n\t\t\t\t\t<div class=\"elementor-slides-wrapper elementor-main-swiper swiper\" role=\"region\" aria-roledescription=\"carousel\" aria-label=\"Erasmus Personel Ders Verme Hareketlilikleri\" dir=\"ltr\" data-animation=\"fadeInUp\">\n\t\t\t\t<div class=\"swiper-wrapper elementor-slides\">\n\t\t\t\t\t\t\t\t\t\t<div class=\"elementor-repeater-item-88921ab swiper-slide\" role=\"group\" aria-roledescription=\"slide\"><div class=\"swiper-slide-bg\" role=\"img\" aria-label=\"Ekran g\u00f6r\u00fcnt\u00fcs\u00fc 2026-04-02 105713\"><\/div><a class=\"swiper-slide-inner\" href=\"https:\/\/www.uni-lj.si\/en\/university\"><div class=\"swiper-slide-contents\"><div class=\"elementor-slide-heading\">Univerza v Ljubljani (SI LJUBLJA01)<\/div><div  class=\"elementor-button elementor-slide-button elementor-size-xl\">T\u0131klay\u0131n\u0131z<\/div><\/div><\/a><\/div>\t\t\t\t<\/div>\n\t\t\t\t\t\t\t<\/div>\n\t\t\t\t<\/div>\n\t\t\t\t\t\t\t\t<\/div>\n\t\t\t\t<\/div>\n\t\t\t\t\t<\/div>\n\t\t<\/div>\n\t\t\t\t\t<\/div>\n\t\t<\/section>\n\t\t\t\t<\/div>\n\t\t","protected":false},"excerpt":{"rendered":"<p>B\u00f6l\u00fcm\u00fcm\u00fcz\u00fcn Avrupa&#8217;n\u0131n farkl\u0131 \u00dcniversitelerindeki Sanat Tarihi B\u00f6l\u00fcmleri ile Erasmus anla\u015fmalar\u0131 bulunmaktad\u0131r.&nbsp;Atat\u00fcrk \u00dcniversitesi Sanat Tarihi B\u00f6l\u00fcm\u00fc olarak, \u00f6\u011frencilerimizin ve akademik personelimizin evrensel standartlarda e\u011fitim ve ara\u015ft\u0131rma olanaklar\u0131na eri\u015febilmesi i\u00e7in uluslararas\u0131la\u015fma vizyonumuzu geni\u015fletmeye devam ediyoruz. Avrupa&#8217;n\u0131n k\u00f6kl\u00fc e\u011fitim kurumlar\u0131yla kurdu\u011fumuz akademik k\u00f6pr\u00fcler sayesinde, b\u00f6l\u00fcm\u00fcm\u00fcz\u00fcn ara\u015ft\u0131rma ve k\u00fclt\u00fcrel etkile\u015fim alan\u0131n\u0131 Kuzeybat\u0131, Orta ve G\u00fcney Avrupa ekollerine ta\u015f\u0131yoruz. \u00d6\u011frenci [&hellip;]<\/p>\n","protected":false},"author":617,"featured_media":8492,"parent":0,"menu_order":0,"comment_status":"closed","ping_status":"closed","template":"","meta":{"footnotes":""},"class_list":["post-10397","page","type-page","status-publish","has-post-thumbnail","hentry"],"_links":{"self":[{"href":"https:\/\/atauni.edu.tr\/sanat-tarihi\/wp-json\/wp\/v2\/pages\/10397","targetHints":{"allow":["GET"]}}],"collection":[{"href":"https:\/\/atauni.edu.tr\/sanat-tarihi\/wp-json\/wp\/v2\/pages"}],"about":[{"href":"https:\/\/atauni.edu.tr\/sanat-tarihi\/wp-json\/wp\/v2\/types\/page"}],"author":[{"embeddable":true,"href":"https:\/\/atauni.edu.tr\/sanat-tarihi\/wp-json\/wp\/v2\/users\/617"}],"replies":[{"embeddable":true,"href":"https:\/\/atauni.edu.tr\/sanat-tarihi\/wp-json\/wp\/v2\/comments?post=10397"}],"version-history":[{"count":28,"href":"https:\/\/atauni.edu.tr\/sanat-tarihi\/wp-json\/wp\/v2\/pages\/10397\/revisions"}],"predecessor-version":[{"id":10432,"href":"https:\/\/atauni.edu.tr\/sanat-tarihi\/wp-json\/wp\/v2\/pages\/10397\/revisions\/10432"}],"wp:featuredmedia":[{"embeddable":true,"href":"https:\/\/atauni.edu.tr\/sanat-tarihi\/wp-json\/wp\/v2\/media\/8492"}],"wp:attachment":[{"href":"https:\/\/atauni.edu.tr\/sanat-tarihi\/wp-json\/wp\/v2\/media?parent=10397"}],"curies":[{"name":"wp","href":"https:\/\/api.w.org\/{rel}","templated":true}]}}