{"id":10438,"date":"2026-04-09T12:30:05","date_gmt":"2026-04-09T09:30:05","guid":{"rendered":"https:\/\/atauni.edu.tr\/sanat-tarihi\/?page_id=10438"},"modified":"2026-04-09T12:34:16","modified_gmt":"2026-04-09T09:34:16","slug":"erasmus-hareketlilikleri","status":"publish","type":"page","link":"https:\/\/atauni.edu.tr\/sanat-tarihi\/erasmus-hareketlilikleri\/","title":{"rendered":"Erasmus Hareketlilikleri"},"content":{"rendered":"\t\t<div data-elementor-type=\"wp-page\" data-elementor-id=\"10438\" class=\"elementor elementor-10438\" data-elementor-post-type=\"page\">\n\t\t\t\t\t\t<section class=\"elementor-section elementor-top-section elementor-element elementor-element-61b7627 elementor-section-boxed elementor-section-height-default elementor-section-height-default\" data-id=\"61b7627\" data-element_type=\"section\">\n\t\t\t\t\t\t<div class=\"elementor-container elementor-column-gap-default\">\n\t\t\t\t\t<div class=\"elementor-column elementor-col-100 elementor-top-column elementor-element elementor-element-963f093\" data-id=\"963f093\" data-element_type=\"column\">\n\t\t\t<div class=\"elementor-widget-wrap elementor-element-populated\">\n\t\t\t\t\t\t<div class=\"elementor-element elementor-element-e57dd7c elementor--h-position-center elementor--v-position-middle elementor-arrows-position-inside elementor-pagination-position-inside elementor-widget elementor-widget-slides\" data-id=\"e57dd7c\" data-element_type=\"widget\" data-settings=\"{&quot;navigation&quot;:&quot;both&quot;,&quot;autoplay&quot;:&quot;yes&quot;,&quot;pause_on_hover&quot;:&quot;yes&quot;,&quot;pause_on_interaction&quot;:&quot;yes&quot;,&quot;autoplay_speed&quot;:5000,&quot;infinite&quot;:&quot;yes&quot;,&quot;transition&quot;:&quot;slide&quot;,&quot;transition_speed&quot;:500}\" data-widget_type=\"slides.default\">\n\t\t\t\t<div class=\"elementor-widget-container\">\n\t\t\t\t\t\t\t\t\t<div class=\"elementor-swiper\">\n\t\t\t\t\t<div class=\"elementor-slides-wrapper elementor-main-swiper swiper\" role=\"region\" aria-roledescription=\"carousel\" aria-label=\"Erasmus Personel Ders Verme Hareketlilikleri\" dir=\"ltr\" data-animation=\"fadeInUp\">\n\t\t\t\t<div class=\"swiper-wrapper elementor-slides\">\n\t\t\t\t\t\t\t\t\t\t<div class=\"elementor-repeater-item-88921ab swiper-slide\" role=\"group\" aria-roledescription=\"slide\"><div class=\"swiper-slide-bg\" role=\"img\" aria-label=\"1 (2)\"><\/div><a class=\"swiper-slide-inner\" href=\"https:\/\/birimler.atauni.edu.tr\/sanat-tarihi\/2025\/12\/15\/erasmus-personel-ders-verme-hareketlilikleri\/\"><div class=\"swiper-slide-contents\"><div class=\"elementor-slide-heading\">Erasmus Personel Ders Verme<\/div><div class=\"elementor-slide-description\">2025<\/div><div  class=\"elementor-button elementor-slide-button elementor-size-xl\">T\u0131klay\u0131n\u0131z<\/div><\/div><\/a><\/div><div class=\"elementor-repeater-item-1b66ded swiper-slide\" role=\"group\" aria-roledescription=\"slide\"><div class=\"swiper-slide-bg\" role=\"img\" aria-label=\"2\"><\/div><a class=\"swiper-slide-inner\" href=\"https:\/\/birimler.atauni.edu.tr\/sanat-tarihi\/2025\/12\/15\/erasmus-personel-ders-verme-hareketlilikleri\/\"><div class=\"swiper-slide-contents\"><div class=\"elementor-slide-heading\">Erasmus Personel Ders Verme<\/div><div class=\"elementor-slide-description\">2025<\/div><div  class=\"elementor-button elementor-slide-button elementor-size-xl\">T\u0131klay\u0131n\u0131z<\/div><\/div><\/a><\/div><div class=\"elementor-repeater-item-cec7fa0 swiper-slide\" role=\"group\" aria-roledescription=\"slide\"><div class=\"swiper-slide-bg\" role=\"img\" aria-label=\"3\"><\/div><a class=\"swiper-slide-inner\" href=\"https:\/\/birimler.atauni.edu.tr\/sanat-tarihi\/2025\/12\/15\/erasmus-personel-ders-verme-hareketlilikleri\/\"><div class=\"swiper-slide-contents\"><div class=\"elementor-slide-heading\">Erasmus Personel Ders Verme<\/div><div class=\"elementor-slide-description\">2025<\/div><div  class=\"elementor-button elementor-slide-button elementor-size-xl\">T\u0131klay\u0131n\u0131z<\/div><\/div><\/a><\/div><div class=\"elementor-repeater-item-5bfe5d1 swiper-slide\" role=\"group\" aria-roledescription=\"slide\"><div class=\"swiper-slide-bg\" role=\"img\" aria-label=\"4 (2)\"><\/div><a class=\"swiper-slide-inner\" href=\"https:\/\/birimler.atauni.edu.tr\/sanat-tarihi\/2025\/12\/15\/erasmus-personel-ders-verme-hareketlilikleri\/\"><div class=\"swiper-slide-contents\"><div class=\"elementor-slide-heading\">Erasmus Personel Ders Verme<\/div><div class=\"elementor-slide-description\">2025<\/div><div  class=\"elementor-button elementor-slide-button elementor-size-xl\">T\u0131klay\u0131n\u0131z<\/div><\/div><\/a><\/div><div class=\"elementor-repeater-item-9165f99 swiper-slide\" role=\"group\" aria-roledescription=\"slide\"><div class=\"swiper-slide-bg\" role=\"img\" aria-label=\"5\"><\/div><a class=\"swiper-slide-inner\" href=\"https:\/\/birimler.atauni.edu.tr\/sanat-tarihi\/2025\/12\/15\/erasmus-personel-ders-verme-hareketlilikleri\/\"><div class=\"swiper-slide-contents\"><div class=\"elementor-slide-heading\">Erasmus Personel Ders Verme<\/div><div class=\"elementor-slide-description\">2025<\/div><div  class=\"elementor-button elementor-slide-button elementor-size-xl\">T\u0131klay\u0131n\u0131z<\/div><\/div><\/a><\/div><div class=\"elementor-repeater-item-45b316f swiper-slide\" role=\"group\" aria-roledescription=\"slide\"><div class=\"swiper-slide-bg\" role=\"img\" aria-label=\"6\"><\/div><a class=\"swiper-slide-inner\" href=\"https:\/\/birimler.atauni.edu.tr\/sanat-tarihi\/2025\/12\/15\/erasmus-personel-ders-verme-hareketlilikleri\/\"><div class=\"swiper-slide-contents\"><div class=\"elementor-slide-heading\">Erasmus Personel Ders Verme<\/div><div class=\"elementor-slide-description\">2025<\/div><div  class=\"elementor-button elementor-slide-button elementor-size-xl\">T\u0131klay\u0131n\u0131z<\/div><\/div><\/a><\/div><div class=\"elementor-repeater-item-2fbc9f7 swiper-slide\" role=\"group\" aria-roledescription=\"slide\"><div class=\"swiper-slide-bg\" role=\"img\" aria-label=\"8\"><\/div><a class=\"swiper-slide-inner\" href=\"https:\/\/birimler.atauni.edu.tr\/sanat-tarihi\/2025\/12\/15\/erasmus-personel-ders-verme-hareketlilikleri\/\"><div class=\"swiper-slide-contents\"><div class=\"elementor-slide-heading\">Erasmus Personel Ders Verme<\/div><div class=\"elementor-slide-description\">2025<\/div><div  class=\"elementor-button elementor-slide-button elementor-size-xl\">T\u0131klay\u0131n\u0131z<\/div><\/div><\/a><\/div><div class=\"elementor-repeater-item-0b6b32f swiper-slide\" role=\"group\" aria-roledescription=\"slide\"><div class=\"swiper-slide-bg\" role=\"img\" aria-label=\"9\"><\/div><a class=\"swiper-slide-inner\" href=\"https:\/\/birimler.atauni.edu.tr\/sanat-tarihi\/2025\/12\/15\/erasmus-personel-ders-verme-hareketlilikleri\/\"><div class=\"swiper-slide-contents\"><div class=\"elementor-slide-heading\">Erasmus Personel Ders Verme<\/div><div class=\"elementor-slide-description\">2025<\/div><div  class=\"elementor-button elementor-slide-button elementor-size-xl\">T\u0131klay\u0131n\u0131z<\/div><\/div><\/a><\/div><div class=\"elementor-repeater-item-9b8a9a2 swiper-slide\" role=\"group\" aria-roledescription=\"slide\"><div class=\"swiper-slide-bg\" role=\"img\" aria-label=\"11 (2)\"><\/div><a class=\"swiper-slide-inner\" href=\"https:\/\/birimler.atauni.edu.tr\/sanat-tarihi\/2025\/12\/15\/erasmus-personel-ders-verme-hareketlilikleri\/\"><div class=\"swiper-slide-contents\"><div class=\"elementor-slide-heading\">Erasmus Personel Ders Verme<\/div><div class=\"elementor-slide-description\">2025<\/div><div  class=\"elementor-button elementor-slide-button elementor-size-xl\">T\u0131klay\u0131n\u0131z<\/div><\/div><\/a><\/div><div class=\"elementor-repeater-item-eed0e40 swiper-slide\" role=\"group\" aria-roledescription=\"slide\"><div class=\"swiper-slide-bg\" role=\"img\" aria-label=\"13 (2)\"><\/div><a class=\"swiper-slide-inner\" href=\"https:\/\/birimler.atauni.edu.tr\/sanat-tarihi\/2025\/12\/15\/erasmus-personel-ders-verme-hareketlilikleri\/\"><div class=\"swiper-slide-contents\"><div class=\"elementor-slide-heading\">Erasmus Personel Ders Verme<\/div><div class=\"elementor-slide-description\">2025<\/div><div  class=\"elementor-button elementor-slide-button elementor-size-xl\">T\u0131klay\u0131n\u0131z<\/div><\/div><\/a><\/div><div class=\"elementor-repeater-item-657a6d9 swiper-slide\" role=\"group\" aria-roledescription=\"slide\"><div class=\"swiper-slide-bg\" role=\"img\" aria-label=\"14 (2)\"><\/div><a class=\"swiper-slide-inner\" href=\"https:\/\/birimler.atauni.edu.tr\/sanat-tarihi\/2025\/12\/15\/erasmus-personel-ders-verme-hareketlilikleri\/\"><div class=\"swiper-slide-contents\"><div class=\"elementor-slide-heading\">Erasmus Personel Ders Verme<\/div><div class=\"elementor-slide-description\">2025<\/div><div  class=\"elementor-button elementor-slide-button elementor-size-xl\">T\u0131klay\u0131n\u0131z<\/div><\/div><\/a><\/div><div class=\"elementor-repeater-item-d0c328c swiper-slide\" role=\"group\" aria-roledescription=\"slide\"><div class=\"swiper-slide-bg\" role=\"img\" aria-label=\"15\"><\/div><a class=\"swiper-slide-inner\" href=\"https:\/\/birimler.atauni.edu.tr\/sanat-tarihi\/2025\/12\/15\/erasmus-personel-ders-verme-hareketlilikleri\/\"><div class=\"swiper-slide-contents\"><div class=\"elementor-slide-heading\">Erasmus Personel Ders Verme<\/div><div class=\"elementor-slide-description\">2025<\/div><div  class=\"elementor-button elementor-slide-button elementor-size-xl\">T\u0131klay\u0131n\u0131z<\/div><\/div><\/a><\/div><div class=\"elementor-repeater-item-8c4d73e swiper-slide\" role=\"group\" aria-roledescription=\"slide\"><div class=\"swiper-slide-bg\" role=\"img\" aria-label=\"17\"><\/div><a class=\"swiper-slide-inner\" href=\"https:\/\/birimler.atauni.edu.tr\/sanat-tarihi\/2025\/12\/15\/erasmus-personel-ders-verme-hareketlilikleri\/\"><div class=\"swiper-slide-contents\"><div class=\"elementor-slide-heading\">Erasmus Personel Ders Verme<\/div><div class=\"elementor-slide-description\">2025<\/div><div  class=\"elementor-button elementor-slide-button elementor-size-xl\">T\u0131klay\u0131n\u0131z<\/div><\/div><\/a><\/div>\t\t\t\t<\/div>\n\t\t\t\t\t\t\t\t\t\t\t\t\t\t\t<div class=\"elementor-swiper-button elementor-swiper-button-prev\" role=\"button\" tabindex=\"0\" aria-label=\"Previous slide\">\n\t\t\t\t\t\t\t<i aria-hidden=\"true\" class=\"eicon-chevron-left\"><\/i>\t\t\t\t\t\t<\/div>\n\t\t\t\t\t\t<div class=\"elementor-swiper-button elementor-swiper-button-next\" role=\"button\" tabindex=\"0\" aria-label=\"Next slide\">\n\t\t\t\t\t\t\t<i aria-hidden=\"true\" class=\"eicon-chevron-right\"><\/i>\t\t\t\t\t\t<\/div>\n\t\t\t\t\t\t\t\t\t\t\t\t\t\t\t\t<div class=\"swiper-pagination\"><\/div>\n\t\t\t\t\t\t\t\t\t\t\t\t<\/div>\n\t\t\t\t<\/div>\n\t\t\t\t\t\t\t\t<\/div>\n\t\t\t\t<\/div>\n\t\t\t\t\t<\/div>\n\t\t<\/div>\n\t\t\t\t\t<\/div>\n\t\t<\/section>\n\t\t\t\t<section class=\"elementor-section elementor-top-section elementor-element elementor-element-1c68faa elementor-section-boxed elementor-section-height-default elementor-section-height-default\" data-id=\"1c68faa\" data-element_type=\"section\">\n\t\t\t\t\t\t<div class=\"elementor-container elementor-column-gap-default\">\n\t\t\t\t\t<div class=\"elementor-column elementor-col-100 elementor-top-column elementor-element elementor-element-3aced36\" data-id=\"3aced36\" data-element_type=\"column\">\n\t\t\t<div class=\"elementor-widget-wrap elementor-element-populated\">\n\t\t\t\t\t\t<div class=\"elementor-element elementor-element-860a87c elementor--h-position-center elementor--v-position-middle elementor-arrows-position-inside elementor-pagination-position-inside elementor-widget elementor-widget-slides\" data-id=\"860a87c\" data-element_type=\"widget\" data-settings=\"{&quot;navigation&quot;:&quot;both&quot;,&quot;autoplay&quot;:&quot;yes&quot;,&quot;pause_on_hover&quot;:&quot;yes&quot;,&quot;pause_on_interaction&quot;:&quot;yes&quot;,&quot;autoplay_speed&quot;:5000,&quot;infinite&quot;:&quot;yes&quot;,&quot;transition&quot;:&quot;slide&quot;,&quot;transition_speed&quot;:500}\" data-widget_type=\"slides.default\">\n\t\t\t\t<div class=\"elementor-widget-container\">\n\t\t\t\t\t\t\t\t\t<div class=\"elementor-swiper\">\n\t\t\t\t\t<div class=\"elementor-slides-wrapper elementor-main-swiper swiper\" role=\"region\" aria-roledescription=\"carousel\" aria-label=\"Erasmus Personel E\u011fitim Alma Hareketlilikleri\" dir=\"ltr\" data-animation=\"fadeInUp\">\n\t\t\t\t<div class=\"swiper-wrapper elementor-slides\">\n\t\t\t\t\t\t\t\t\t\t<div class=\"elementor-repeater-item-88921ab swiper-slide\" role=\"group\" aria-roledescription=\"slide\"><div class=\"swiper-slide-bg\" role=\"img\" aria-label=\"WhatsApp Image 2025-07-31 at 13.17.36\"><\/div><a class=\"swiper-slide-inner\" href=\"https:\/\/birimler.atauni.edu.tr\/sanat-tarihi\/2025\/07\/31\/jagiellonian-universitesi-erasmus-hareketlilikleri\/\"><div class=\"swiper-slide-contents\"><div class=\"elementor-slide-heading\">Erasmus Personel E\u011fitim Alma<\/div><div class=\"elementor-slide-description\">2025<\/div><div  class=\"elementor-button elementor-slide-button elementor-size-xl\">T\u0131klay\u0131n\u0131z<\/div><\/div><\/a><\/div><div class=\"elementor-repeater-item-1e789a9 swiper-slide\" role=\"group\" aria-roledescription=\"slide\"><div class=\"swiper-slide-bg\" role=\"img\" aria-label=\"WhatsApp Image 2025-07-31 at 13.17.35\"><\/div><a class=\"swiper-slide-inner\" href=\"https:\/\/birimler.atauni.edu.tr\/sanat-tarihi\/2025\/07\/31\/jagiellonian-universitesi-erasmus-hareketlilikleri\/\"><div class=\"swiper-slide-contents\"><div class=\"elementor-slide-heading\">Erasmus Personel E\u011fitim Alma<\/div><div class=\"elementor-slide-description\">2025<\/div><div  class=\"elementor-button elementor-slide-button elementor-size-xl\">T\u0131klay\u0131n\u0131z<\/div><\/div><\/a><\/div><div class=\"elementor-repeater-item-0880b9d swiper-slide\" role=\"group\" aria-roledescription=\"slide\"><div class=\"swiper-slide-bg\" role=\"img\" aria-label=\"WhatsApp Image 2025-07-31 at 13.20.57\"><\/div><a class=\"swiper-slide-inner\" href=\"https:\/\/birimler.atauni.edu.tr\/sanat-tarihi\/2025\/07\/31\/jagiellonian-universitesi-erasmus-hareketlilikleri\/\"><div class=\"swiper-slide-contents\"><div class=\"elementor-slide-heading\">Erasmus Personel E\u011fitim Alma<\/div><div class=\"elementor-slide-description\">2025<\/div><div  class=\"elementor-button elementor-slide-button elementor-size-xl\">T\u0131klay\u0131n\u0131z<\/div><\/div><\/a><\/div><div class=\"elementor-repeater-item-04c27f7 swiper-slide\" role=\"group\" aria-roledescription=\"slide\"><div class=\"swiper-slide-bg\" role=\"img\" aria-label=\"WhatsApp Image 2025-07-31 at 13.17.38\"><\/div><a class=\"swiper-slide-inner\" href=\"https:\/\/birimler.atauni.edu.tr\/sanat-tarihi\/2025\/07\/31\/jagiellonian-universitesi-erasmus-hareketlilikleri\/\"><div class=\"swiper-slide-contents\"><div class=\"elementor-slide-heading\">Erasmus Personel E\u011fitim Alma<\/div><div class=\"elementor-slide-description\">2025<\/div><div  class=\"elementor-button elementor-slide-button elementor-size-xl\">T\u0131klay\u0131n\u0131z<\/div><\/div><\/a><\/div><div class=\"elementor-repeater-item-e296c38 swiper-slide\" role=\"group\" aria-roledescription=\"slide\"><div class=\"swiper-slide-bg\" role=\"img\" aria-label=\"WhatsApp Image 2025-07-31 at 13.21.04\"><\/div><a class=\"swiper-slide-inner\" href=\"https:\/\/birimler.atauni.edu.tr\/sanat-tarihi\/2025\/07\/31\/jagiellonian-universitesi-erasmus-hareketlilikleri\/\"><div class=\"swiper-slide-contents\"><div class=\"elementor-slide-heading\">Erasmus Personel E\u011fitim Alma<\/div><div class=\"elementor-slide-description\">2025<\/div><div  class=\"elementor-button elementor-slide-button elementor-size-xl\">T\u0131klay\u0131n\u0131z<\/div><\/div><\/a><\/div><div class=\"elementor-repeater-item-4bbdb50 swiper-slide\" role=\"group\" aria-roledescription=\"slide\"><div class=\"swiper-slide-bg\" role=\"img\" aria-label=\"WhatsApp Image 2025-07-31 at 13.17.13\"><\/div><a class=\"swiper-slide-inner\" href=\"https:\/\/birimler.atauni.edu.tr\/sanat-tarihi\/2025\/07\/31\/jagiellonian-universitesi-erasmus-hareketlilikleri\/\"><div class=\"swiper-slide-contents\"><div class=\"elementor-slide-heading\">Erasmus Personel E\u011fitim Alma<\/div><div class=\"elementor-slide-description\">2025<\/div><div  class=\"elementor-button elementor-slide-button elementor-size-xl\">T\u0131klay\u0131n\u0131z<\/div><\/div><\/a><\/div><div class=\"elementor-repeater-item-27f8b00 swiper-slide\" role=\"group\" aria-roledescription=\"slide\"><div class=\"swiper-slide-bg\" role=\"img\" aria-label=\"WhatsApp Image 2025-07-31 at 13.17.01\"><\/div><a class=\"swiper-slide-inner\" href=\"https:\/\/birimler.atauni.edu.tr\/sanat-tarihi\/2025\/07\/31\/jagiellonian-universitesi-erasmus-hareketlilikleri\/\"><div class=\"swiper-slide-contents\"><div class=\"elementor-slide-heading\">Erasmus Personel E\u011fitim Alma<\/div><div class=\"elementor-slide-description\">2025<\/div><div  class=\"elementor-button elementor-slide-button elementor-size-xl\">T\u0131klay\u0131n\u0131z<\/div><\/div><\/a><\/div><div class=\"elementor-repeater-item-0f2835c swiper-slide\" role=\"group\" aria-roledescription=\"slide\"><div class=\"swiper-slide-bg\" role=\"img\" aria-label=\"WhatsApp Image 2025-07-31 at 13.20.56\"><\/div><a class=\"swiper-slide-inner\" href=\"https:\/\/birimler.atauni.edu.tr\/sanat-tarihi\/2025\/07\/31\/jagiellonian-universitesi-erasmus-hareketlilikleri\/\"><div class=\"swiper-slide-contents\"><div class=\"elementor-slide-heading\">Erasmus Personel E\u011fitim Alma<\/div><div class=\"elementor-slide-description\">2025<\/div><div  class=\"elementor-button elementor-slide-button elementor-size-xl\">T\u0131klay\u0131n\u0131z<\/div><\/div><\/a><\/div>\t\t\t\t<\/div>\n\t\t\t\t\t\t\t\t\t\t\t\t\t\t\t<div class=\"elementor-swiper-button elementor-swiper-button-prev\" role=\"button\" tabindex=\"0\" aria-label=\"Previous slide\">\n\t\t\t\t\t\t\t<i aria-hidden=\"true\" class=\"eicon-chevron-left\"><\/i>\t\t\t\t\t\t<\/div>\n\t\t\t\t\t\t<div class=\"elementor-swiper-button elementor-swiper-button-next\" role=\"button\" tabindex=\"0\" aria-label=\"Next slide\">\n\t\t\t\t\t\t\t<i aria-hidden=\"true\" class=\"eicon-chevron-right\"><\/i>\t\t\t\t\t\t<\/div>\n\t\t\t\t\t\t\t\t\t\t\t\t\t\t\t\t<div class=\"swiper-pagination\"><\/div>\n\t\t\t\t\t\t\t\t\t\t\t\t<\/div>\n\t\t\t\t<\/div>\n\t\t\t\t\t\t\t\t<\/div>\n\t\t\t\t<\/div>\n\t\t\t\t\t<\/div>\n\t\t<\/div>\n\t\t\t\t\t<\/div>\n\t\t<\/section>\n\t\t\t\t<section class=\"elementor-section elementor-top-section elementor-element elementor-element-a5204a6 elementor-section-boxed elementor-section-height-default elementor-section-height-default\" data-id=\"a5204a6\" data-element_type=\"section\">\n\t\t\t\t\t\t<div class=\"elementor-container elementor-column-gap-default\">\n\t\t\t\t\t<div class=\"elementor-column elementor-col-100 elementor-top-column elementor-element elementor-element-7c69093\" data-id=\"7c69093\" data-element_type=\"column\">\n\t\t\t<div class=\"elementor-widget-wrap elementor-element-populated\">\n\t\t\t\t\t\t<div class=\"elementor-element elementor-element-15ee6d4 elementor--h-position-center elementor--v-position-middle elementor-arrows-position-inside elementor-pagination-position-inside elementor-widget elementor-widget-slides\" data-id=\"15ee6d4\" data-element_type=\"widget\" data-settings=\"{&quot;navigation&quot;:&quot;both&quot;,&quot;autoplay&quot;:&quot;yes&quot;,&quot;pause_on_hover&quot;:&quot;yes&quot;,&quot;pause_on_interaction&quot;:&quot;yes&quot;,&quot;autoplay_speed&quot;:5000,&quot;infinite&quot;:&quot;yes&quot;,&quot;transition&quot;:&quot;slide&quot;,&quot;transition_speed&quot;:500}\" data-widget_type=\"slides.default\">\n\t\t\t\t<div class=\"elementor-widget-container\">\n\t\t\t\t\t\t\t\t\t<div class=\"elementor-swiper\">\n\t\t\t\t\t<div class=\"elementor-slides-wrapper elementor-main-swiper swiper\" role=\"region\" aria-roledescription=\"carousel\" aria-label=\"Erasmus \u00d6\u011frenci Staj Hareketlilikleri\" dir=\"ltr\" data-animation=\"fadeInUp\">\n\t\t\t\t<div class=\"swiper-wrapper elementor-slides\">\n\t\t\t\t\t\t\t\t\t\t<div class=\"elementor-repeater-item-88921ab swiper-slide\" role=\"group\" aria-roledescription=\"slide\"><div class=\"swiper-slide-bg\" role=\"img\" aria-label=\"WhatsApp Image 2025-08-11 at 23.10.02\"><\/div><a class=\"swiper-slide-inner\" href=\"https:\/\/birimler.atauni.edu.tr\/sanat-tarihi\/2025\/08\/18\/erasmus-staj-hareketlilikleri\/\"><div class=\"swiper-slide-contents\"><div class=\"elementor-slide-heading\">Erasmus \u00d6\u011frenci Staj <\/div><div class=\"elementor-slide-description\">2025<\/div><div  class=\"elementor-button elementor-slide-button elementor-size-xl\">T\u0131klay\u0131n\u0131z<\/div><\/div><\/a><\/div><div class=\"elementor-repeater-item-0b2fdac swiper-slide\" role=\"group\" aria-roledescription=\"slide\"><div class=\"swiper-slide-bg\" role=\"img\" aria-label=\"WhatsApp Image 2025-08-11 at 23.10.02 (1)\"><\/div><a class=\"swiper-slide-inner\" href=\"https:\/\/birimler.atauni.edu.tr\/sanat-tarihi\/2025\/08\/18\/erasmus-staj-hareketlilikleri\/\"><div class=\"swiper-slide-contents\"><div class=\"elementor-slide-heading\">Erasmus \u00d6\u011frenci Staj <\/div><div class=\"elementor-slide-description\">2025<\/div><div  class=\"elementor-button elementor-slide-button elementor-size-xl\">T\u0131klay\u0131n\u0131z<\/div><\/div><\/a><\/div><div class=\"elementor-repeater-item-f0aa4d2 swiper-slide\" role=\"group\" aria-roledescription=\"slide\"><div class=\"swiper-slide-bg\" role=\"img\" aria-label=\"IMG_4181\"><\/div><a class=\"swiper-slide-inner\" href=\"https:\/\/birimler.atauni.edu.tr\/sanat-tarihi\/2025\/08\/18\/erasmus-staj-hareketlilikleri\/\"><div class=\"swiper-slide-contents\"><div class=\"elementor-slide-heading\">Erasmus \u00d6\u011frenci Staj <\/div><div class=\"elementor-slide-description\">2025<\/div><div  class=\"elementor-button elementor-slide-button elementor-size-xl\">T\u0131klay\u0131n\u0131z<\/div><\/div><\/a><\/div><div class=\"elementor-repeater-item-f7045a1 swiper-slide\" role=\"group\" aria-roledescription=\"slide\"><div class=\"swiper-slide-bg\" role=\"img\" aria-label=\"IMG_4176\"><\/div><a class=\"swiper-slide-inner\" href=\"https:\/\/birimler.atauni.edu.tr\/sanat-tarihi\/2025\/08\/18\/erasmus-staj-hareketlilikleri\/\"><div class=\"swiper-slide-contents\"><div class=\"elementor-slide-heading\">Erasmus \u00d6\u011frenci Staj <\/div><div class=\"elementor-slide-description\">2025<\/div><div  class=\"elementor-button elementor-slide-button elementor-size-xl\">T\u0131klay\u0131n\u0131z<\/div><\/div><\/a><\/div><div class=\"elementor-repeater-item-08bb106 swiper-slide\" role=\"group\" aria-roledescription=\"slide\"><div class=\"swiper-slide-bg\" role=\"img\" aria-label=\"IMG_4212\"><\/div><a class=\"swiper-slide-inner\" href=\"https:\/\/birimler.atauni.edu.tr\/sanat-tarihi\/2025\/08\/18\/erasmus-staj-hareketlilikleri\/\"><div class=\"swiper-slide-contents\"><div class=\"elementor-slide-heading\">Erasmus \u00d6\u011frenci Staj <\/div><div class=\"elementor-slide-description\">2025<\/div><div  class=\"elementor-button elementor-slide-button elementor-size-xl\">T\u0131klay\u0131n\u0131z<\/div><\/div><\/a><\/div><div class=\"elementor-repeater-item-b16516c swiper-slide\" role=\"group\" aria-roledescription=\"slide\"><div class=\"swiper-slide-bg\" role=\"img\" aria-label=\"WhatsApp Image 2025-08-11 at 19.55.02 (1)\"><\/div><a class=\"swiper-slide-inner\" href=\"https:\/\/birimler.atauni.edu.tr\/sanat-tarihi\/2025\/08\/18\/erasmus-staj-hareketlilikleri\/\"><div class=\"swiper-slide-contents\"><div class=\"elementor-slide-heading\">Erasmus \u00d6\u011frenci Staj <\/div><div class=\"elementor-slide-description\">2025<\/div><div  class=\"elementor-button elementor-slide-button elementor-size-xl\">T\u0131klay\u0131n\u0131z<\/div><\/div><\/a><\/div><div class=\"elementor-repeater-item-2f1648c swiper-slide\" role=\"group\" aria-roledescription=\"slide\"><div class=\"swiper-slide-bg\" role=\"img\" aria-label=\"WhatsApp Image 2025-08-11 at 19.54.12\"><\/div><a class=\"swiper-slide-inner\" href=\"https:\/\/birimler.atauni.edu.tr\/sanat-tarihi\/2025\/08\/18\/erasmus-staj-hareketlilikleri\/\"><div class=\"swiper-slide-contents\"><div class=\"elementor-slide-heading\">Erasmus \u00d6\u011frenci Staj <\/div><div class=\"elementor-slide-description\">2025<\/div><div  class=\"elementor-button elementor-slide-button elementor-size-xl\">T\u0131klay\u0131n\u0131z<\/div><\/div><\/a><\/div>\t\t\t\t<\/div>\n\t\t\t\t\t\t\t\t\t\t\t\t\t\t\t<div class=\"elementor-swiper-button elementor-swiper-button-prev\" role=\"button\" tabindex=\"0\" aria-label=\"Previous slide\">\n\t\t\t\t\t\t\t<i aria-hidden=\"true\" class=\"eicon-chevron-left\"><\/i>\t\t\t\t\t\t<\/div>\n\t\t\t\t\t\t<div class=\"elementor-swiper-button elementor-swiper-button-next\" role=\"button\" tabindex=\"0\" aria-label=\"Next slide\">\n\t\t\t\t\t\t\t<i aria-hidden=\"true\" class=\"eicon-chevron-right\"><\/i>\t\t\t\t\t\t<\/div>\n\t\t\t\t\t\t\t\t\t\t\t\t\t\t\t\t<div class=\"swiper-pagination\"><\/div>\n\t\t\t\t\t\t\t\t\t\t\t\t<\/div>\n\t\t\t\t<\/div>\n\t\t\t\t\t\t\t\t<\/div>\n\t\t\t\t<\/div>\n\t\t\t\t\t<\/div>\n\t\t<\/div>\n\t\t\t\t\t<\/div>\n\t\t<\/section>\n\t\t\t\t<\/div>\n\t\t","protected":false},"excerpt":{"rendered":"<p>Erasmus Personel Ders Verme2025T\u0131klay\u0131n\u0131zErasmus Personel Ders Verme2025T\u0131klay\u0131n\u0131zErasmus Personel Ders Verme2025T\u0131klay\u0131n\u0131zErasmus Personel Ders Verme2025T\u0131klay\u0131n\u0131zErasmus Personel Ders Verme2025T\u0131klay\u0131n\u0131zErasmus Personel Ders Verme2025T\u0131klay\u0131n\u0131zErasmus Personel Ders Verme2025T\u0131klay\u0131n\u0131zErasmus Personel Ders Verme2025T\u0131klay\u0131n\u0131zErasmus Personel Ders Verme2025T\u0131klay\u0131n\u0131zErasmus Personel Ders Verme2025T\u0131klay\u0131n\u0131zErasmus Personel Ders Verme2025T\u0131klay\u0131n\u0131zErasmus Personel Ders Verme2025T\u0131klay\u0131n\u0131zErasmus Personel Ders Verme2025T\u0131klay\u0131n\u0131z Erasmus Personel E\u011fitim Alma2025T\u0131klay\u0131n\u0131zErasmus Personel E\u011fitim Alma2025T\u0131klay\u0131n\u0131zErasmus Personel E\u011fitim Alma2025T\u0131klay\u0131n\u0131zErasmus Personel E\u011fitim Alma2025T\u0131klay\u0131n\u0131zErasmus Personel E\u011fitim [&hellip;]<\/p>\n","protected":false},"author":617,"featured_media":8492,"parent":0,"menu_order":0,"comment_status":"closed","ping_status":"closed","template":"","meta":{"footnotes":""},"class_list":["post-10438","page","type-page","status-publish","has-post-thumbnail","hentry"],"_links":{"self":[{"href":"https:\/\/atauni.edu.tr\/sanat-tarihi\/wp-json\/wp\/v2\/pages\/10438","targetHints":{"allow":["GET"]}}],"collection":[{"href":"https:\/\/atauni.edu.tr\/sanat-tarihi\/wp-json\/wp\/v2\/pages"}],"about":[{"href":"https:\/\/atauni.edu.tr\/sanat-tarihi\/wp-json\/wp\/v2\/types\/page"}],"author":[{"embeddable":true,"href":"https:\/\/atauni.edu.tr\/sanat-tarihi\/wp-json\/wp\/v2\/users\/617"}],"replies":[{"embeddable":true,"href":"https:\/\/atauni.edu.tr\/sanat-tarihi\/wp-json\/wp\/v2\/comments?post=10438"}],"version-history":[{"count":16,"href":"https:\/\/atauni.edu.tr\/sanat-tarihi\/wp-json\/wp\/v2\/pages\/10438\/revisions"}],"predecessor-version":[{"id":10455,"href":"https:\/\/atauni.edu.tr\/sanat-tarihi\/wp-json\/wp\/v2\/pages\/10438\/revisions\/10455"}],"wp:featuredmedia":[{"embeddable":true,"href":"https:\/\/atauni.edu.tr\/sanat-tarihi\/wp-json\/wp\/v2\/media\/8492"}],"wp:attachment":[{"href":"https:\/\/atauni.edu.tr\/sanat-tarihi\/wp-json\/wp\/v2\/media?parent=10438"}],"curies":[{"name":"wp","href":"https:\/\/api.w.org\/{rel}","templated":true}]}}