{"id":5728,"date":"2021-07-13T11:33:38","date_gmt":"2021-07-13T08:33:38","guid":{"rendered":"https:\/\/portaltest.atauni.edu.tr\/bilgisayar-muhendisligi\/?page_id=5728"},"modified":"2024-10-03T09:24:06","modified_gmt":"2024-10-03T06:24:06","slug":"bolum-tanitimi","status":"publish","type":"page","link":"https:\/\/atauni.edu.tr\/sanat-tarihi\/bolum-tanitimi\/","title":{"rendered":"B\u00f6l\u00fcm Tan\u0131t\u0131m\u0131"},"content":{"rendered":"\t\t<div data-elementor-type=\"wp-page\" data-elementor-id=\"5728\" class=\"elementor elementor-5728\" data-elementor-post-type=\"page\">\n\t\t\t\t\t\t<section class=\"elementor-section elementor-top-section elementor-element elementor-element-6224345 elementor-section-boxed elementor-section-height-default elementor-section-height-default\" data-id=\"6224345\" data-element_type=\"section\">\n\t\t\t\t\t\t<div class=\"elementor-container elementor-column-gap-default\">\n\t\t\t\t\t<div class=\"elementor-column elementor-col-100 elementor-top-column elementor-element elementor-element-6aeef25\" data-id=\"6aeef25\" data-element_type=\"column\">\n\t\t\t<div class=\"elementor-widget-wrap elementor-element-populated\">\n\t\t\t\t\t\t<div class=\"elementor-element elementor-element-6e98100 elementor-widget elementor-widget-text-editor\" data-id=\"6e98100\" data-element_type=\"widget\" data-widget_type=\"text-editor.default\">\n\t\t\t\t<div class=\"elementor-widget-container\">\n\t\t\t\t\t\t\t\t\t<p><strong>TAR\u0130H\u00c7E<\/strong><\/p><p>1975-76 \u00f6\u011fretim y\u0131l\u0131nda 65 \u00f6\u011frenci ve 5 ki\u015filik \u00f6\u011fretim eleman\u0131 kadrosu (Dr. Fahri I\u015f\u0131k, Dr. Tomris Bak\u0131r, Dr. Abdullah Yaylal\u0131, Dr. Hayat Erkanal ve Dr. G\u00fcven Bak\u0131r) Edebiyat Fak\u00fcltesi b\u00fcnyesinde Arkeoloji B\u00f6l\u00fcm\u00fc ad\u0131yla kurulmu\u015ftur. 1976 y\u0131l\u0131nda Do\u00e7. Dr. Rahmi H\u00fcseyin \u00dcnal\u2019\u0131n \u00f6nerisi \u00fczerine Sanat Tarihi B\u00f6l\u00fcm\u00fc, 1977-78 \u00f6\u011fretim y\u0131l\u0131nda Prof. Dr. Rahmi H\u00fcseyin \u00dcnal, Dr. Zafer Bayburtluo\u011flu ve Ar\u015f. G\u00f6r. Sel\u00e7uk M\u00fclayim \u2019den olu\u015fan \u00f6\u011fretim kadrosu ile e\u011fitim ve \u00f6\u011fretime ge\u00e7mi\u015ftir. 1978\u2019de Prof. Dr. Rahmi H\u00fcseyin \u00dcnal \u2019\u0131n fak\u00fcltemizden ayr\u0131lmas\u0131ndan sonra b\u00f6l\u00fcm ba\u015fkanl\u0131\u011f\u0131 Do\u00e7. Dr. Fahri I\u015f\u0131k taraf\u0131ndan devam ettirilmi\u015ftir. 2547 say\u0131l\u0131 Y\u00f6k yasas\u0131 ile ayr\u0131 ayr\u0131 \u00e7al\u0131\u015fma sahalar\u0131nda faaliyet g\u00f6steren bu iki b\u00f6l\u00fcm, \u201cArkeoloji ve Sanat Tarihi B\u00f6l\u00fcm\u00fc\u201d ad\u0131 alt\u0131nda birle\u015ftirilmi\u015ftir. 23.12.1982 tarihinde Fen Edebiyat Fak\u00fcltesi Arkeoloji ve Sanat Tarihi B\u00f6l\u00fcm\u00fc b\u00fcnyesinde, Klasik Arkeoloji Anabilim Dal\u0131 ile Sanat Tarihi Anabilim Dal\u0131 olarak a\u00e7\u0131lm\u0131\u015ft\u0131r. 1999 y\u0131l\u0131na kadar \u201cArkeoloji ve Sanat Tarihi B\u00f6l\u00fcm\u00fc\u201d i\u00e7erisinde Anabilim Dal\u0131, bu tarihten sonra da, \u00a0Sanat Tarihi B\u00f6l\u00fcm\u00fc olarak e\u011fitim ve \u00f6\u011fretim faaliyetlerine devam etmektedir.<\/p><p>2022 y\u0131l\u0131nda 2 y\u0131ll\u0131\u011f\u0131na FEDEK taraf\u0131ndan akredite edilen b\u00f6l\u00fcm\u00fcm\u00fcz i\u00e7erisindeki e\u011fitim, \u00f6\u011fretim ve bilimsel ara\u015ft\u0131rma s\u00fcre\u00e7leri \u201cYeni Nesil \u00dcniversite Tasar\u0131m ve D\u00f6n\u00fc\u015f\u00fcm Projesi\u201d hedefleri ve \u201cFEDEK\u201d \u00e7\u0131kt\u0131lar\u0131 do\u011frultusunda titizlikle y\u00fcr\u00fct\u00fclmektedir.<\/p><p>B\u00f6l\u00fcm\u00fcm\u00fczde; Prof. Dr. Rahmi H\u00fcseyin \u00dcnal, Prof. Dr. Sel\u00e7uk M\u00fclayim, Prof. Dr. Zafer Bayburtluo\u011flu, Prof. Dr. Hamza G\u00fcndo\u011fdu, Prof. Dr. Abd\u00fcsselam Ulu\u00e7am, Ar\u015f. G\u00f6r. Hasan Kartal, \u00d6\u011fr. G\u00f6r. Mimar Sebahat \u00c7evik, Do\u00e7. Dr. Mustafa Kemal \u015eahin, Prof. Dr. Kas\u0131m \u0130nce, Prof. Dr. Ahmet Ali Bayhan, Prof. Dr. Mehmet Yavuz, Do\u00e7. Dr. Sami Bayraktar, Do\u00e7. Dr. Hatice \u00d6zyurt \u00d6zcan, Prof. Dr. \u015eerife Tali, Do\u00e7. Dr. Sahure \u00c7\u0131nar, Do\u00e7. Dr. Ahmet Yavuz Y\u0131lmaz, Do\u00e7. Dr. Rah\u015fan Topta\u015f, Dr. \u00d6\u011fr \u00dcyesi Raziye \u00c7i\u011fdem \u00dcnal, Do\u00e7. Dr. Muhammet L\u00fctf\u00fc K\u0131nd\u0131\u011f\u0131l\u0131, Prof. Dr. H\u00fcseyin Yurtta\u015f kurulu\u015f tarihten itibaren farkl\u0131 zaman dilimlerinde g\u00f6rev yapm\u0131\u015f, akademik a\u00e7\u0131dan g\u00fc\u00e7l\u00fc ve yetkin olmas\u0131na katk\u0131 sa\u011flam\u0131\u015flard\u0131r.<\/p><p>Ba\u015flang\u0131\u00e7tan beri B\u00f6l\u00fcm mezunlar\u0131 \u00f6zellikle Sanat Tarihi\u2019nin kurumsalla\u015fmas\u0131nda farkl\u0131 birimlerde g\u00f6rev alarak \u00dclkemizin k\u00fclt\u00fcr Varl\u0131klar\u0131n\u0131n korunmas\u0131 ve tan\u0131t\u0131lmas\u0131nda g\u00f6rev alm\u0131\u015f ve almaya devam etmektedirler. Bu s\u00fcrecin sonucu olarak bu g\u00fcn \u00fclkemizin bir\u00e7ok m\u00fczesinde, K\u00fclt\u00fcr ve Turizm Bakanl\u0131\u011f\u0131\u2019nda, K\u00fclt\u00fcr Varl\u0131klar\u0131 ve M\u00fczeler Genel M\u00fcd\u00fcrl\u00fc\u011f\u00fc\u2019n\u00fcn birimlerinde, K\u00fclt\u00fcr Varl\u0131klar\u0131n\u0131 Koruma Kurullar\u0131nda, Vak\u0131flar Genel M\u00fcd\u00fcrl\u00fc\u011f\u00fc b\u00fcnyesinde Sanat Tarihi uzmanlar\u0131 olarak g\u00f6rev yapmaktad\u0131rlar.<\/p><p><strong>M\u0130SYON<\/strong><\/p><p>Ba\u015fta T\u00fcrk-\u0130slam sanatlar\u0131 olmak \u00fczere, \u0130slam \u00d6ncesi T\u00fcrk Sanat\u0131, Erken ve Orta\u00e7a\u011f \u0130slam Sanatlar\u0131, Anadolu Sel\u00e7uklu Sanat\u0131, Osmanl\u0131 Sanat\u0131, Avrupa ve Bizans Sanat\u0131 alanlar\u0131nda ge\u00e7mi\u015ften bug\u00fcne kadar ortaya konulmu\u015f k\u00fclt\u00fcr varl\u0131klar\u0131n\u0131 ge\u00e7mi\u015f ile yeni nesiller aras\u0131nda bir k\u00f6pr\u00fc vazifesi g\u00f6rmek \u00fczere tan\u0131mlamak ve de\u011ferlendirmek b\u00f6l\u00fcm\u00fcm\u00fcz\u00fcn temel misyonunu te\u015fkil etmektedir.<\/p><p>Sanat Tarihi B\u00f6l\u00fcm\u00fc; evrensel insanl\u0131k de\u011ferlerini ve anlay\u0131\u015flar\u0131n\u0131 benimsemi\u015f, donan\u0131ml\u0131,\u00a0 \u00fcretken, kat\u0131l\u0131mc\u0131, ara\u015ft\u0131rma ve problem \u00e7\u00f6zme yetene\u011fine sahip, kendisi ve \u00e7evresiyle uyumlu, \u00a0ahlaki de\u011ferlere sayg\u0131l\u0131, devleti, \u00fclkesi ve milletiyle b\u00f6l\u00fcnmez b\u00fct\u00fcnl\u00fc\u011f\u00fcn\u00fc her \u015feyin \u00fcst\u00fcnde tutan bir gen\u00e7li\u011fin yeti\u015fmesini, ama\u00e7 edinmi\u015f bir b\u00f6l\u00fcmd\u00fcr.\u00a0 Sanatsal ve k\u00fclt\u00fcrel bilgi ve de\u011ferler ile donanm\u0131\u015f duyarl\u0131 ve yetkin \u00f6\u011frenciler yeti\u015ftirmek, bunu yaparken T\u00fcrk k\u00fclt\u00fcr\u00fcn\u00fcn kaynaklar\u0131n\u0131 ara\u015ft\u0131rmak; \u00a0k\u00fclt\u00fcr varl\u0131klar\u0131n\u0131 ba\u011flant\u0131lar\u0131 i\u00e7inde ele alarak, bunlar\u0131n inceleme y\u00f6ntemlerini geli\u015ftirmek; yap\u0131lan inceleme sonu\u00e7lar\u0131n\u0131 Sanat Tarihi Metodolojisi i\u00e7inde de\u011ferlendirebilmektir.\u00a0<\/p><p>Lisans\u00fcst\u00fc misyonumuz, Y\u00fcksek Lisans ve Doktora program\u0131na devam edebilecek nitelikte ve say\u0131da bilim uzman\u0131 \u00f6\u011frenciler yeti\u015ftirmek, nitelikli \u00f6\u011fretim elemanlar\u0131 ile bilim \u00fcreten, \u00fcretti\u011fi bilimi ve birikimi insanl\u0131k yarar\u0131na kullanan, uluslararas\u0131 standartlar\u0131 yakalama gayreti i\u00e7inde evrensel \u00e7al\u0131\u015fmalara katk\u0131da bulunabilmektir. T\u00fcrkiye\u2019de Sanat Tarihi ara\u015ft\u0131rmalar\u0131n\u0131, disiplinini uluslararas\u0131 ortama ta\u015f\u0131mak ve bilimsel geli\u015fmelere a\u00e7\u0131k ara\u015ft\u0131rmac\u0131 yeti\u015ftirerek, bilgi birikimi ve tecr\u00fcbelerini gelecek nesillere objektif bir \u015fekilde aktarmay\u0131 ama\u00e7 edinmi\u015ftir.<\/p><p><strong>V\u0130ZYON<\/strong><\/p><p>B\u00f6l\u00fcm\u00fcm\u00fcz\u00fcn uluslararas\u0131 d\u00fczeyde \u00f6zde\u015fleri ile payda\u015f duruma gelmesi, e\u011fitim kalitesinin \u00e7a\u011fda\u015f bilgi teknolojileri ile g\u00fcncellenerek y\u00fckseltilmesi ba\u015fl\u0131ca hedefler aras\u0131ndad\u0131r.\u00a0 Bu hedefler do\u011frultusunda, Uluslararas\u0131 \u00f6l\u00e7\u00fctlerde bilgi \u00fcretilmesi, T\u00fcrk k\u00fclt\u00fcr\u00fcn\u00fcn evrensel k\u00fclt\u00fcr i\u00e7indeki yerini belirleyen ve \u00f6n plana \u00e7\u0131kmas\u0131n\u0131 sa\u011flayan, bilgi \u00fcreten, akademik anlamda, tarihi bug\u00fcnle bulu\u015fturup toplumsal geli\u015fme s\u00fcrecini inceleyen; dinamik hedefleri olan, Sanat Tarihi misyonunu yerine getirmede t\u00fcm sosyal bilimlerden ve kaynaklardan yararlanabilen bir b\u00f6l\u00fcm olmakt\u0131r.<\/p><p><strong>E\u011e\u0130T\u0130M AMA\u00c7LARI<\/strong><\/p><p>K\u00fclt\u00fcr ve Turizm Bakanl\u0131\u011f\u0131\u2019nda, K\u00fclt\u00fcr Varl\u0131klar\u0131 ve M\u00fczeler Genel M\u00fcd\u00fcrl\u00fc\u011f\u00fc\u2019n\u00fcn birimlerinde, Milli Saraylarlar\u2019da, K\u00fclt\u00fcr Varl\u0131klar\u0131n\u0131 Koruma Kurullar\u0131nda, Vak\u0131flar Genel M\u00fcd\u00fcrl\u00fc\u011f\u00fc\u2019nde, Ayr\u0131ca Belediyeler b\u00fcnyesinde KUDEB (Koruma Uygulama ve Denetim B\u00fcrolar\u0131) Sanat Tarih\u00e7isi olarak g\u00f6rev yapabilirler. Bununla birlikte kamu veya \u00f6zel kurulu\u015flarda; Sanat Tarihi\u00e7isi, Bilir Ki\u015fi ve Turizm Rehberi olarak\u00a0 da \u00e7al\u0131\u015fabilmektedirler.<\/p>\t\t\t\t\t\t\t\t<\/div>\n\t\t\t\t<\/div>\n\t\t\t\t\t<\/div>\n\t\t<\/div>\n\t\t\t\t\t<\/div>\n\t\t<\/section>\n\t\t\t\t<\/div>\n\t\t","protected":false},"excerpt":{"rendered":"<p>TAR\u0130H\u00c7E 1975-76 \u00f6\u011fretim y\u0131l\u0131nda 65 \u00f6\u011frenci ve 5 ki\u015filik \u00f6\u011fretim eleman\u0131 kadrosu (Dr. Fahri I\u015f\u0131k, Dr. Tomris Bak\u0131r, Dr. Abdullah Yaylal\u0131, Dr. Hayat Erkanal ve Dr. G\u00fcven Bak\u0131r) Edebiyat Fak\u00fcltesi b\u00fcnyesinde Arkeoloji B\u00f6l\u00fcm\u00fc ad\u0131yla kurulmu\u015ftur. 1976 y\u0131l\u0131nda Do\u00e7. Dr. Rahmi H\u00fcseyin \u00dcnal\u2019\u0131n \u00f6nerisi \u00fczerine Sanat Tarihi B\u00f6l\u00fcm\u00fc, 1977-78 \u00f6\u011fretim y\u0131l\u0131nda Prof. Dr. Rahmi H\u00fcseyin \u00dcnal, [&hellip;]<\/p>\n","protected":false},"author":1,"featured_media":0,"parent":0,"menu_order":0,"comment_status":"closed","ping_status":"closed","template":"elementor_header_footer","meta":{"footnotes":""},"class_list":["post-5728","page","type-page","status-publish","hentry"],"_links":{"self":[{"href":"https:\/\/atauni.edu.tr\/sanat-tarihi\/wp-json\/wp\/v2\/pages\/5728","targetHints":{"allow":["GET"]}}],"collection":[{"href":"https:\/\/atauni.edu.tr\/sanat-tarihi\/wp-json\/wp\/v2\/pages"}],"about":[{"href":"https:\/\/atauni.edu.tr\/sanat-tarihi\/wp-json\/wp\/v2\/types\/page"}],"author":[{"embeddable":true,"href":"https:\/\/atauni.edu.tr\/sanat-tarihi\/wp-json\/wp\/v2\/users\/1"}],"replies":[{"embeddable":true,"href":"https:\/\/atauni.edu.tr\/sanat-tarihi\/wp-json\/wp\/v2\/comments?post=5728"}],"version-history":[{"count":23,"href":"https:\/\/atauni.edu.tr\/sanat-tarihi\/wp-json\/wp\/v2\/pages\/5728\/revisions"}],"predecessor-version":[{"id":8265,"href":"https:\/\/atauni.edu.tr\/sanat-tarihi\/wp-json\/wp\/v2\/pages\/5728\/revisions\/8265"}],"wp:attachment":[{"href":"https:\/\/atauni.edu.tr\/sanat-tarihi\/wp-json\/wp\/v2\/media?parent=5728"}],"curies":[{"name":"wp","href":"https:\/\/api.w.org\/{rel}","templated":true}]}}