{"id":6299,"date":"2021-11-27T14:52:36","date_gmt":"2021-11-27T11:52:36","guid":{"rendered":"https:\/\/birimler.atauni.edu.tr\/sanat-tarihi\/?page_id=6299"},"modified":"2025-03-26T18:10:03","modified_gmt":"2025-03-26T15:10:03","slug":"formlar","status":"publish","type":"page","link":"https:\/\/atauni.edu.tr\/sanat-tarihi\/anasayfa\/formlar\/","title":{"rendered":"Dilek\u00e7eler"},"content":{"rendered":"\t\t<div data-elementor-type=\"wp-page\" data-elementor-id=\"6299\" class=\"elementor elementor-6299\" data-elementor-post-type=\"page\">\n\t\t\t\t\t\t<section class=\"elementor-section elementor-top-section elementor-element elementor-element-852916e elementor-section-boxed elementor-section-height-default elementor-section-height-default\" data-id=\"852916e\" data-element_type=\"section\">\n\t\t\t\t\t\t<div class=\"elementor-container elementor-column-gap-default\">\n\t\t\t\t\t<div class=\"elementor-column elementor-col-100 elementor-top-column elementor-element elementor-element-a0990d3\" data-id=\"a0990d3\" data-element_type=\"column\">\n\t\t\t<div class=\"elementor-widget-wrap elementor-element-populated\">\n\t\t\t\t\t\t<div class=\"elementor-element elementor-element-19aa98c elementor-drop-cap-yes elementor-drop-cap-view-default elementor-widget elementor-widget-text-editor\" data-id=\"19aa98c\" data-element_type=\"widget\" data-settings=\"{&quot;drop_cap&quot;:&quot;yes&quot;}\" data-widget_type=\"text-editor.default\">\n\t\t\t\t<div class=\"elementor-widget-container\">\n\t\t\t\t\t\t\t\t\t<p><strong><a href=\"http:\/\/birimler.atauni.edu.tr\/sanat-tarihi\/wp-content\/uploads\/sites\/151\/2020\/07\/Mezuniyet-Tek-Ders-Sinav-formu.pdf\">Mezuniyet Tek Ders S\u0131nav\u0131 Ba\u015fvuru Dilek\u00e7esi<\/a><\/strong><\/p><p><strong><a href=\"http:\/\/birimler.atauni.edu.tr\/sanat-tarihi\/wp-content\/uploads\/sites\/151\/2020\/07\/Yaz-Okulu-Dilekcesi.pdf\">Yaz Okulu Ba\u015fvuru Dilek\u00e7esi<\/a><\/strong><\/p><p><strong><a href=\"http:\/\/birimler.atauni.edu.tr\/sanat-tarihi\/wp-content\/uploads\/sites\/151\/2020\/07\/Ders-Muafiyet-Basvuru-Dilekcesi.pdf\">Ders Muafiyet Ba\u015fvuru Dilek\u00e7esi<\/a><\/strong><\/p><p><strong><a href=\"http:\/\/birimler.atauni.edu.tr\/sanat-tarihi\/wp-content\/uploads\/sites\/151\/2020\/07\/Mazeret-Sinavi-Basvuru-Dilekcesi.pdf\">Mazeret S\u0131nav\u0131 Ba\u015fvuru Dilek\u00e7esi<\/a><\/strong><\/p><p><strong><a href=\"http:\/\/birimler.atauni.edu.tr\/sanat-tarihi\/wp-content\/uploads\/sites\/151\/2020\/07\/Kayit-Dondurma-Dilekcesi.pdf\">Kay\u0131t Dondurma Ba\u015fvuru Dilek\u00e7esi<\/a><\/strong><\/p><p><strong><a href=\"https:\/\/birimler.atauni.edu.tr\/sanat-tarihi\/wp-content\/uploads\/sites\/151\/2020\/07\/Sinav-Itiraz-Dilekce-Formu.pdf\" rel=\"attachment wp-att-6740\">S\u0131nav Notu \u0130tiraz Dilek\u00e7esi<\/a><\/strong><\/p><p><strong><a href=\"http:\/\/birimler.atauni.edu.tr\/sanat-tarihi\/wp-content\/uploads\/sites\/151\/2020\/07\/lisans-tez-dilekce.docx\">Lisans Tez Ba\u015fvuru Dilek\u00e7esi Word<\/a><\/strong><\/p><p><strong><a href=\"http:\/\/birimler.atauni.edu.tr\/sanat-tarihi\/wp-content\/uploads\/sites\/151\/2025\/03\/Lisans-Tez-Dilekce.pdf\">Lisans Tez Ba\u015fvuru Dilek\u00e7esi PDF<\/a><\/strong><\/p>\t\t\t\t\t\t\t\t<\/div>\n\t\t\t\t<\/div>\n\t\t\t\t\t<\/div>\n\t\t<\/div>\n\t\t\t\t\t<\/div>\n\t\t<\/section>\n\t\t\t\t<\/div>\n\t\t","protected":false},"excerpt":{"rendered":"<p>Mezuniyet Tek Ders S\u0131nav\u0131 Ba\u015fvuru Dilek\u00e7esi Yaz Okulu Ba\u015fvuru Dilek\u00e7esi Ders Muafiyet Ba\u015fvuru Dilek\u00e7esi Mazeret S\u0131nav\u0131 Ba\u015fvuru Dilek\u00e7esi Kay\u0131t Dondurma Ba\u015fvuru Dilek\u00e7esi S\u0131nav Notu \u0130tiraz Dilek\u00e7esi Lisans Tez Ba\u015fvuru Dilek\u00e7esi Word Lisans Tez Ba\u015fvuru Dilek\u00e7esi PDF<\/p>\n","protected":false},"author":136,"featured_media":0,"parent":68,"menu_order":0,"comment_status":"closed","ping_status":"closed","template":"","meta":{"footnotes":""},"class_list":["post-6299","page","type-page","status-publish","hentry"],"_links":{"self":[{"href":"https:\/\/atauni.edu.tr\/sanat-tarihi\/wp-json\/wp\/v2\/pages\/6299","targetHints":{"allow":["GET"]}}],"collection":[{"href":"https:\/\/atauni.edu.tr\/sanat-tarihi\/wp-json\/wp\/v2\/pages"}],"about":[{"href":"https:\/\/atauni.edu.tr\/sanat-tarihi\/wp-json\/wp\/v2\/types\/page"}],"author":[{"embeddable":true,"href":"https:\/\/atauni.edu.tr\/sanat-tarihi\/wp-json\/wp\/v2\/users\/136"}],"replies":[{"embeddable":true,"href":"https:\/\/atauni.edu.tr\/sanat-tarihi\/wp-json\/wp\/v2\/comments?post=6299"}],"version-history":[{"count":26,"href":"https:\/\/atauni.edu.tr\/sanat-tarihi\/wp-json\/wp\/v2\/pages\/6299\/revisions"}],"predecessor-version":[{"id":8970,"href":"https:\/\/atauni.edu.tr\/sanat-tarihi\/wp-json\/wp\/v2\/pages\/6299\/revisions\/8970"}],"up":[{"embeddable":true,"href":"https:\/\/atauni.edu.tr\/sanat-tarihi\/wp-json\/wp\/v2\/pages\/68"}],"wp:attachment":[{"href":"https:\/\/atauni.edu.tr\/sanat-tarihi\/wp-json\/wp\/v2\/media?parent=6299"}],"curies":[{"name":"wp","href":"https:\/\/api.w.org\/{rel}","templated":true}]}}