{"id":7167,"date":"2022-05-05T14:24:19","date_gmt":"2022-05-05T11:24:19","guid":{"rendered":"https:\/\/birimler.atauni.edu.tr\/sanat-tarihi\/?page_id=7167"},"modified":"2022-05-05T14:29:50","modified_gmt":"2022-05-05T11:29:50","slug":"yuksek-lisans-3","status":"publish","type":"page","link":"https:\/\/atauni.edu.tr\/sanat-tarihi\/yuksek-lisans-3\/","title":{"rendered":"Y\u00fcksek Lisans"},"content":{"rendered":"\t\t<div data-elementor-type=\"wp-page\" data-elementor-id=\"7167\" class=\"elementor elementor-7167\" data-elementor-post-type=\"page\">\n\t\t\t\t\t\t<section class=\"elementor-section elementor-top-section elementor-element elementor-element-928cf28 elementor-section-boxed elementor-section-height-default elementor-section-height-default\" data-id=\"928cf28\" data-element_type=\"section\">\n\t\t\t\t\t\t<div class=\"elementor-container elementor-column-gap-default\">\n\t\t\t\t\t<div class=\"elementor-column elementor-col-100 elementor-top-column elementor-element elementor-element-4a8d411\" data-id=\"4a8d411\" data-element_type=\"column\">\n\t\t\t<div class=\"elementor-widget-wrap elementor-element-populated\">\n\t\t\t\t\t\t<div class=\"elementor-element elementor-element-aad879c elementor-widget elementor-widget-text-editor\" data-id=\"aad879c\" data-element_type=\"widget\" data-widget_type=\"text-editor.default\">\n\t\t\t\t<div class=\"elementor-widget-container\">\n\t\t\t\t\t\t\t\t\t<table width=\"100%\"><tbody><tr><td><table width=\"100%\"><tbody><tr><td><p>Y\u00dcKSEK L\u0130SANS DERS L\u0130STES\u0130<\/p><p><strong>1. Yar\u0131y\u0131l Ders Plan\u0131<\/strong><\/p><table width=\"100%\"><tbody><tr><td><p><strong>OBS Aktarim Kodu<\/strong><\/p><\/td><td><p><strong>Dersin kodu<\/strong><\/p><\/td><td><p><strong>Dersin ad\u0131<\/strong><\/p><\/td><td><p><strong>Dersin tipi<\/strong><\/p><\/td><td><p><strong>Teorik + Uygulama<\/strong><\/p><\/td><td><p><strong>Yerel kredi<\/strong><\/p><\/td><td><p><strong>AKTS kredisi<\/strong><\/p><\/td><\/tr><tr><td width=\"100\"><p>9167<\/p><\/td><td width=\"100\"><p>STR-525<\/p><\/td><td><p><a href=\"http:\/\/eobs.atauni.edu.tr\/Courses\/Course.aspx?Course=q6sRnNxE\/es=\">Estetik ve De\u011ferlendirme<\/a><\/p><\/td><td width=\"70\"><p>Zorunlu<\/p><\/td><td width=\"50\"><p>3 +0<\/p><\/td><td width=\"50\"><p>3<\/p><\/td><td width=\"50\"><p>6<\/p><\/td><\/tr><tr><td width=\"100\"><p>9170<\/p><\/td><td width=\"100\"><p>STR-529<\/p><\/td><td><p><a href=\"http:\/\/eobs.atauni.edu.tr\/Courses\/Course.aspx?Course=60L7K1tzi2Y=\">Sanat Tarihi Metodu<\/a><\/p><\/td><td width=\"70\"><p>Zorunlu<\/p><\/td><td width=\"50\"><p>3 +0<\/p><\/td><td width=\"50\"><p>3<\/p><\/td><td width=\"50\"><p>6<\/p><\/td><\/tr><tr><td width=\"100\"><p>15223<\/p><\/td><td width=\"100\"><p>SOB-501<\/p><\/td><td><p><a href=\"http:\/\/eobs.atauni.edu.tr\/Courses\/Course.aspx?Course=CFXSGv0LTBA=\">Uzmanl\u0131k Alan Dersi<\/a><\/p><\/td><td width=\"70\"><p>Zorunlu<\/p><\/td><td width=\"50\"><p>5 +0<\/p><\/td><td width=\"50\"><p>0<\/p><\/td><td width=\"50\"><p>6<\/p><\/td><\/tr><tr><td width=\"100\"><p>15852<\/p><\/td><td width=\"100\"><p>STR-517<\/p><\/td><td><p><a href=\"http:\/\/eobs.atauni.edu.tr\/Courses\/Course.aspx?Course=K00v1KbL35w=\">Yap\u0131 Malzemesi ve Elemanlar\u0131<\/a><\/p><\/td><td width=\"70\"><p>Zorunlu<\/p><\/td><td width=\"50\"><p>3 +0<\/p><\/td><td width=\"50\"><p>3<\/p><\/td><td width=\"50\"><p>6<\/p><\/td><\/tr><tr><td width=\"100\"><p>25010<\/p><\/td><td width=\"100\"><p>STR-533<\/p><\/td><td><p><a href=\"http:\/\/eobs.atauni.edu.tr\/Courses\/Course.aspx?Course=0SP9TBZFoMY=\">Bilim,e\u011fitim ve Etik<\/a><\/p><\/td><td width=\"70\"><p>Zorunlu<\/p><\/td><td width=\"50\"><p>3 +0<\/p><\/td><td width=\"50\"><p>3<\/p><\/td><td width=\"50\">\u00a0<\/td><\/tr><tr><td width=\"100\"><p>9622<\/p><\/td><td width=\"100\"><p>STR-519<\/p><\/td><td><p><a href=\"http:\/\/eobs.atauni.edu.tr\/Courses\/Course.aspx?Course=UEBgsanrx0o=\">Avrupa Mimarisinin Kaynak ve K\u00f6keni<\/a><\/p><\/td><td width=\"70\"><p>Se\u00e7meli<\/p><\/td><td width=\"50\"><p>3 +0<\/p><\/td><td width=\"50\"><p>3<\/p><\/td><td width=\"50\"><p>6<\/p><\/td><\/tr><tr><td width=\"100\"><p>9173<\/p><\/td><td width=\"100\"><p>STR-507<\/p><\/td><td><p><a href=\"http:\/\/eobs.atauni.edu.tr\/Courses\/Course.aspx?Course=hr9FTNPc6sg=\">Bat\u0131 Anadolu Beyliklerinde Sanat<\/a><\/p><\/td><td width=\"70\"><p>Se\u00e7meli<\/p><\/td><td width=\"50\"><p>3 +0<\/p><\/td><td width=\"50\"><p>3<\/p><\/td><td width=\"50\"><p>6<\/p><\/td><\/tr><tr><td width=\"100\"><p>10318<\/p><\/td><td width=\"100\"><p>STR-521<\/p><\/td><td><p><a href=\"http:\/\/eobs.atauni.edu.tr\/Courses\/Course.aspx?Course=|mtdmAFMFXI=\">Bat\u0131l\u0131 \u00dcsluplar\u0131n Osmanl\u0131 Sanat\u0131na Etkisi<\/a><\/p><\/td><td width=\"70\"><p>Se\u00e7meli<\/p><\/td><td width=\"50\"><p>3 +0<\/p><\/td><td width=\"50\"><p>3<\/p><\/td><td width=\"50\"><p>6<\/p><\/td><\/tr><tr><td width=\"100\"><p>9166<\/p><\/td><td width=\"100\"><p>STR-501<\/p><\/td><td><p><a href=\"http:\/\/eobs.atauni.edu.tr\/Courses\/Course.aspx?Course=pGFQrvYYNJw=\">Bat\u0131l\u0131la\u015fma D\u00f6nemi Osmanl\u0131 Sanat\u0131<\/a><\/p><\/td><td width=\"70\"><p>Se\u00e7meli<\/p><\/td><td width=\"50\"><p>3 +0<\/p><\/td><td width=\"50\"><p>3<\/p><\/td><td width=\"50\"><p>6<\/p><\/td><\/tr><tr><td width=\"100\"><p>15862<\/p><\/td><td width=\"100\"><p>STR-505<\/p><\/td><td><p><a href=\"http:\/\/eobs.atauni.edu.tr\/Courses\/Course.aspx?Course=jwFZOa1R7gA=\">Bizans El Sanatlar\u0131<\/a><\/p><\/td><td width=\"70\"><p>Se\u00e7meli<\/p><\/td><td width=\"50\"><p>3 +0<\/p><\/td><td width=\"50\"><p>3<\/p><\/td><td width=\"50\"><p>6<\/p><\/td><\/tr><tr><td width=\"100\"><p>15855<\/p><\/td><td width=\"100\"><p>STR-509<\/p><\/td><td><p><a href=\"http:\/\/eobs.atauni.edu.tr\/Courses\/Course.aspx?Course=snhj\/abskng=\">Do\u011fu Anadolu Kalelerinin Yap\u0131sal De\u011ferlendirmesi<\/a><\/p><\/td><td width=\"70\"><p>Se\u00e7meli<\/p><\/td><td width=\"50\"><p>3 +0<\/p><\/td><td width=\"50\"><p>3<\/p><\/td><td width=\"50\"><p>6<\/p><\/td><\/tr><tr><td width=\"100\"><p>15866<\/p><\/td><td width=\"100\"><p>STR-511<\/p><\/td><td><p><a href=\"http:\/\/eobs.atauni.edu.tr\/Courses\/Course.aspx?Course=gYBdRUxqEBA=\">Do\u011fu Anadolu\u2019da Hristiyan Mimarisi<\/a><\/p><\/td><td width=\"70\"><p>Se\u00e7meli<\/p><\/td><td width=\"50\"><p>3 +0<\/p><\/td><td width=\"50\"><p>3<\/p><\/td><td width=\"50\"><p>6<\/p><\/td><\/tr><tr><td width=\"100\"><p>9174<\/p><\/td><td width=\"100\"><p>STR-523<\/p><\/td><td><p><a href=\"http:\/\/eobs.atauni.edu.tr\/Courses\/Course.aspx?Course=3PSXy19CUjk=\">Epigrafi<\/a><\/p><\/td><td width=\"70\"><p>Se\u00e7meli<\/p><\/td><td width=\"50\"><p>3 +0<\/p><\/td><td width=\"50\"><p>3<\/p><\/td><td width=\"50\"><p>6<\/p><\/td><\/tr><tr><td width=\"100\"><p>9619<\/p><\/td><td width=\"100\"><p>STR-513<\/p><\/td><td><p><a href=\"http:\/\/eobs.atauni.edu.tr\/Courses\/Course.aspx?Course=MaDGTIeCdds=\">Erken H\u0131ristiyan Sanat\u0131<\/a><\/p><\/td><td width=\"70\"><p>Se\u00e7meli<\/p><\/td><td width=\"50\"><p>3 +0<\/p><\/td><td width=\"50\"><p>3<\/p><\/td><td width=\"50\"><p>6<\/p><\/td><\/tr><tr><td width=\"100\"><p>9167<\/p><\/td><td width=\"100\"><p>STR-525<\/p><\/td><td><p><a href=\"http:\/\/eobs.atauni.edu.tr\/Courses\/Course.aspx?Course=q6sRnNxE\/es=\">Estetik ve De\u011ferlendirme<\/a><\/p><\/td><td width=\"70\"><p>Se\u00e7meli<\/p><\/td><td width=\"50\"><p>3 +0<\/p><\/td><td width=\"50\"><p>3<\/p><\/td><td width=\"50\"><p>6<\/p><\/td><\/tr><tr><td width=\"100\"><p>9621<\/p><\/td><td width=\"100\"><p>STR-527<\/p><\/td><td><p><a href=\"http:\/\/eobs.atauni.edu.tr\/Courses\/Course.aspx?Course=TKcNG8rCykk=\">G\u00fcney Avrupa\u2019da X\u0131x. Y\u00fczy\u0131l Resim Sanat\u0131<\/a><\/p><\/td><td width=\"70\"><p>Se\u00e7meli<\/p><\/td><td width=\"50\"><p>3 +0<\/p><\/td><td width=\"50\"><p>3<\/p><\/td><td width=\"50\"><p>6<\/p><\/td><\/tr><tr><td width=\"100\"><p>9169<\/p><\/td><td width=\"100\"><p>STR-503<\/p><\/td><td><p><a href=\"http:\/\/eobs.atauni.edu.tr\/Courses\/Course.aspx?Course=lpQJUqQ1AKc=\">Klasik D\u00f6nem Osmanl\u0131 Mimarisi<\/a><\/p><\/td><td width=\"70\"><p>Se\u00e7meli<\/p><\/td><td width=\"50\"><p>3 +0<\/p><\/td><td width=\"50\"><p>3<\/p><\/td><td width=\"50\"><p>6<\/p><\/td><\/tr><tr><td width=\"100\"><p>15868<\/p><\/td><td width=\"100\"><p>STR-515<\/p><\/td><td><p><a href=\"http:\/\/eobs.atauni.edu.tr\/Courses\/Course.aspx?Course=Dt4QAx||Ceo=\">X\u0131\u0131\u0131. Y\u00fczy\u0131lda Anadolu\u2019da Sosyal Ya\u015fam<\/a><\/p><\/td><td width=\"70\"><p>Se\u00e7meli<\/p><\/td><td width=\"50\"><p>3 +0<\/p><\/td><td width=\"50\"><p>3<\/p><\/td><td width=\"50\"><p>6<\/p><\/td><\/tr><tr><td width=\"100\"><p>9620<\/p><\/td><td width=\"100\"><p>STR-531<\/p><\/td><td><p><a href=\"http:\/\/eobs.atauni.edu.tr\/Courses\/Course.aspx?Course=10LigDy88FQ=\">X\u0131x. Y\u00fczy\u0131l Avrupa Mimarisinde \u00dcslup Analizi<\/a><\/p><\/td><td width=\"70\"><p>Se\u00e7meli<\/p><\/td><td width=\"50\"><p>3 +0<\/p><\/td><td width=\"50\"><p>3<\/p><\/td><td width=\"50\"><p>6<\/p><\/td><\/tr><\/tbody><\/table><table width=\"100%\"><tbody><tr><td>\u00a0<\/td><\/tr><\/tbody><\/table><\/td><\/tr><tr><td><p>\u00d6\u011frenciler, zorunlu dersleri \u00f6ncelikli almak \u00fczere her yar\u0131y\u0131l alaca\u011f\u0131 dersleri 30 AKTS\u2019ye tamamlar.<\/p><\/td><\/tr><\/tbody><\/table><\/td><\/tr><\/tbody><\/table><table width=\"100%\"><tbody><tr><td><table width=\"100%\"><tbody><tr><td><p><strong>\u00a02. Yar\u0131y\u0131l Ders Plan\u0131<\/strong><\/p><table width=\"100%\"><tbody><tr><td><p><strong>OBS Aktarim Kodu<\/strong><\/p><\/td><td><p><strong>Dersin kodu<\/strong><\/p><\/td><td><p><strong>Dersin ad\u0131<\/strong><\/p><\/td><td><p><strong>Dersin tipi<\/strong><\/p><\/td><td><p><strong>Teorik + Uygulama<\/strong><\/p><\/td><td><p><strong>Yerel kredi<\/strong><\/p><\/td><td><p><strong>AKTS kredisi<\/strong><\/p><\/td><\/tr><tr><td width=\"100\"><p>9624<\/p><\/td><td width=\"100\"><p>STR-502<\/p><\/td><td><p><a href=\"http:\/\/eobs.atauni.edu.tr\/Courses\/Course.aspx?Course=xGzR46eUBKQ=\">Sanat ve Estetik<\/a><\/p><\/td><td width=\"70\"><p>Zorunlu<\/p><\/td><td width=\"50\"><p>3 +0<\/p><\/td><td width=\"50\"><p>3<\/p><\/td><td width=\"50\"><p>6<\/p><\/td><\/tr><tr><td width=\"100\"><p>9626<\/p><\/td><td width=\"100\"><p>STR-504<\/p><\/td><td><p><a href=\"http:\/\/eobs.atauni.edu.tr\/Courses\/Course.aspx?Course=bK5V2XErMwA=\">Uygulamal\u0131 Sanat Tarihi<\/a><\/p><\/td><td width=\"70\"><p>Zorunlu<\/p><\/td><td width=\"50\"><p>3 +0<\/p><\/td><td width=\"50\"><p>3<\/p><\/td><td width=\"50\"><p>6<\/p><\/td><\/tr><tr><td width=\"100\"><p>18716<\/p><\/td><td width=\"100\"><p>SOB-502<\/p><\/td><td><p><a href=\"http:\/\/eobs.atauni.edu.tr\/Courses\/Course.aspx?Course=wqJj\/n3qYuk=\">Uzmanl\u0131k Alan Dersi<\/a><\/p><\/td><td width=\"70\"><p>Zorunlu<\/p><\/td><td width=\"50\"><p>5 +0<\/p><\/td><td width=\"50\"><p>0<\/p><\/td><td width=\"50\"><p>6<\/p><\/td><\/tr><tr><td width=\"100\"><p>9633<\/p><\/td><td width=\"100\"><p>STR-518<\/p><\/td><td><p><a href=\"http:\/\/eobs.atauni.edu.tr\/Courses\/Course.aspx?Course=0h5rmf\/G6lY=\">Avrupa Mimarisinin \u00dcslup \u00d6zellikleri<\/a><\/p><\/td><td width=\"70\"><p>Se\u00e7meli<\/p><\/td><td width=\"50\"><p>3 +0<\/p><\/td><td width=\"50\"><p>3<\/p><\/td><td width=\"50\"><p>6<\/p><\/td><\/tr><tr><td width=\"100\"><p>15867<\/p><\/td><td width=\"100\"><p>STR-506<\/p><\/td><td><p><a href=\"http:\/\/eobs.atauni.edu.tr\/Courses\/Course.aspx?Course=KrtgsR|9IkE=\">Bizans Kiliselerinde Fig\u00fcratif S\u00fcsleme<\/a><\/p><\/td><td width=\"70\"><p>Se\u00e7meli<\/p><\/td><td width=\"50\"><p>3 +0<\/p><\/td><td width=\"50\"><p>3<\/p><\/td><td width=\"50\"><p>6<\/p><\/td><\/tr><tr><td width=\"100\"><p>15867<\/p><\/td><td width=\"100\"><p>STR-506<\/p><\/td><td><p><a href=\"http:\/\/eobs.atauni.edu.tr\/Courses\/Course.aspx?Course=KrtgsR|9IkE=\">Bizans Kiliselerinde Fig\u00fcratif S\u00fcsleme<\/a><\/p><\/td><td width=\"70\"><p>Se\u00e7meli<\/p><\/td><td width=\"50\"><p>3 +0<\/p><\/td><td width=\"50\"><p>3<\/p><\/td><td width=\"50\"><p>6<\/p><\/td><\/tr><tr><td width=\"100\"><p>15863<\/p><\/td><td width=\"100\"><p>STR-510<\/p><\/td><td><p><a href=\"http:\/\/eobs.atauni.edu.tr\/Courses\/Course.aspx?Course=1EBvL5W|9RU=\">Bizans Maden Sanat\u0131<\/a><\/p><\/td><td width=\"70\"><p>Se\u00e7meli<\/p><\/td><td width=\"50\"><p>3 +0<\/p><\/td><td width=\"50\"><p>3<\/p><\/td><td width=\"50\"><p>6<\/p><\/td><\/tr><tr><td width=\"100\"><p>9630<\/p><\/td><td width=\"100\"><p>STR-520<\/p><\/td><td><p><a href=\"http:\/\/eobs.atauni.edu.tr\/Courses\/Course.aspx?Course=6IiJ0XOQz6A=\">Bizans Su Mimarisi<\/a><\/p><\/td><td width=\"70\"><p>Se\u00e7meli<\/p><\/td><td width=\"50\"><p>3 +0<\/p><\/td><td width=\"50\"><p>3<\/p><\/td><td width=\"50\"><p>6<\/p><\/td><\/tr><tr><td width=\"100\"><p>15856<\/p><\/td><td width=\"100\"><p>STR-512<\/p><\/td><td><p><a href=\"http:\/\/eobs.atauni.edu.tr\/Courses\/Course.aspx?Course=Q\/TIk27qABk=\">Do\u011fu Anadolu X-x\u0131v. Y\u00fczy\u0131l Yerle\u015fimleri<\/a><\/p><\/td><td width=\"70\"><p>Se\u00e7meli<\/p><\/td><td width=\"50\"><p>3 +0<\/p><\/td><td width=\"50\"><p>3<\/p><\/td><td width=\"50\"><p>6<\/p><\/td><\/tr><tr><td width=\"100\"><p>15853<\/p><\/td><td width=\"100\"><p>STR-514<\/p><\/td><td><p><a href=\"http:\/\/eobs.atauni.edu.tr\/Courses\/Course.aspx?Course=x9u8DqWuuUs=\">Do\u011fu Anadolu\u2019nun Tarihi Co\u011frafyas\u0131<\/a><\/p><\/td><td width=\"70\"><p>Se\u00e7meli<\/p><\/td><td width=\"50\"><p>3 +0<\/p><\/td><td width=\"50\"><p>3<\/p><\/td><td width=\"50\"><p>6<\/p><\/td><\/tr><tr><td width=\"100\"><p>9625<\/p><\/td><td width=\"100\"><p>STR-522<\/p><\/td><td><p><a href=\"http:\/\/eobs.atauni.edu.tr\/Courses\/Course.aspx?Course=hvAgL45SCSE=\">Klasik D\u00f6nem Osmanl\u0131 S\u00fcsleme Sanat\u0131<\/a><\/p><\/td><td width=\"70\"><p>Se\u00e7meli<\/p><\/td><td width=\"50\"><p>3 +0<\/p><\/td><td width=\"50\"><p>3<\/p><\/td><td width=\"50\"><p>6<\/p><\/td><\/tr><tr><td width=\"100\"><p>9632<\/p><\/td><td width=\"100\"><p>STR-524<\/p><\/td><td><p><a href=\"http:\/\/eobs.atauni.edu.tr\/Courses\/Course.aspx?Course=nu4E1SONqLE=\">Kuzey Avrupa\u2019da X\u0131x. Y\u00fczy\u0131l Resim Sanat\u0131<\/a><\/p><\/td><td width=\"70\"><p>Se\u00e7meli<\/p><\/td><td width=\"50\"><p>3 +0<\/p><\/td><td width=\"50\"><p>3<\/p><\/td><td width=\"50\"><p>6<\/p><\/td><\/tr><tr><td width=\"100\"><p>9628<\/p><\/td><td width=\"100\"><p>STR-526<\/p><\/td><td><p><a href=\"http:\/\/eobs.atauni.edu.tr\/Courses\/Course.aspx?Course=U4rANSGFxP8=\">Orta ve Do\u011fu Anadolu Beyliklerinde Sanat<\/a><\/p><\/td><td width=\"70\"><p>Se\u00e7meli<\/p><\/td><td width=\"50\"><p>3 +0<\/p><\/td><td width=\"50\"><p>3<\/p><\/td><td width=\"50\"><p>6<\/p><\/td><\/tr><tr><td width=\"100\"><p>10319<\/p><\/td><td width=\"100\"><p>STR-528<\/p><\/td><td><p><a href=\"http:\/\/eobs.atauni.edu.tr\/Courses\/Course.aspx?Course=b1t8|81tnvk=\">Osmanl\u0131 Saray Mimarisi<\/a><\/p><\/td><td width=\"70\"><p>Se\u00e7meli<\/p><\/td><td width=\"50\"><p>3 +0<\/p><\/td><td width=\"50\"><p>3<\/p><\/td><td width=\"50\"><p>6<\/p><\/td><\/tr><tr><td width=\"100\"><p>9629<\/p><\/td><td width=\"100\"><p>STR-508<\/p><\/td><td><p><a href=\"http:\/\/eobs.atauni.edu.tr\/Courses\/Course.aspx?Course=GpV0j\/H0iLA=\">Osmanl\u0131\u2019da Divani Yaz\u0131s\u0131<\/a><\/p><\/td><td width=\"70\"><p>Se\u00e7meli<\/p><\/td><td width=\"50\"><p>3 +0<\/p><\/td><td width=\"50\"><p>3<\/p><\/td><td width=\"50\"><p>6<\/p><\/td><\/tr><tr><td width=\"100\"><p>9626<\/p><\/td><td width=\"100\"><p>STR-504<\/p><\/td><td><p><a href=\"http:\/\/eobs.atauni.edu.tr\/Courses\/Course.aspx?Course=bK5V2XErMwA=\">Uygulamal\u0131 Sanat Tarihi<\/a><\/p><\/td><td width=\"70\"><p>Se\u00e7meli<\/p><\/td><td width=\"50\"><p>3 +0<\/p><\/td><td width=\"50\"><p>3<\/p><\/td><td width=\"50\"><p>6<\/p><\/td><\/tr><tr><td width=\"100\"><p>15869<\/p><\/td><td width=\"100\"><p>STR-516<\/p><\/td><td><p><a href=\"http:\/\/eobs.atauni.edu.tr\/Courses\/Course.aspx?Course=MJXDdFWalBw=\">X\u0131\u0131\u0131. Y\u00fczy\u0131lda Anadolu\u2019da Ticari Ya\u015fant\u0131 ve Kervan Yollar\u0131<\/a><\/p><\/td><td width=\"70\"><p>Se\u00e7meli<\/p><\/td><td width=\"50\"><p>3 +0<\/p><\/td><td width=\"50\"><p>3<\/p><\/td><td width=\"50\"><p>6<\/p><\/td><\/tr><tr><td width=\"100\"><p>9631<\/p><\/td><td width=\"100\"><p>STR-530<\/p><\/td><td><p><a href=\"http:\/\/eobs.atauni.edu.tr\/Courses\/Course.aspx?Course=dYRVeUy1SJA=\">X\u0131x. Y\u00fczy\u0131l Avrupa Mimarisinde \u0130\u015flev \u00d6ncelikli Yap\u0131la\u015fma<\/a><\/p><\/td><td width=\"70\"><p>Se\u00e7meli<\/p><\/td><td width=\"50\"><p>3 +0<\/p><\/td><td width=\"50\"><p>3<\/p><\/td><td width=\"50\"><p>6<\/p><\/td><\/tr><tr><td width=\"100\"><p>9623<\/p><\/td><td width=\"100\"><p>STR-532<\/p><\/td><td><p><a href=\"http:\/\/eobs.atauni.edu.tr\/Courses\/Course.aspx?Course=uL2QNmvE9Aw=\">X\u0131x. Y\u00fczy\u0131l Osmanl\u0131 Mimarisinin De\u011ferlendirilmesi<\/a><\/p><\/td><td width=\"70\"><p>Se\u00e7meli<\/p><\/td><td width=\"50\"><p>3 +0<\/p><\/td><td width=\"50\"><p>3<\/p><\/td><td width=\"50\"><p>6<\/p><\/td><\/tr><\/tbody><\/table><table width=\"100%\"><tbody><tr><td>\u00a0<\/td><\/tr><\/tbody><\/table><\/td><\/tr><tr><td><p>\u00d6\u011frenciler, zorunlu dersleri \u00f6ncelikli almak \u00fczere her yar\u0131y\u0131l alaca\u011f\u0131 dersleri 30 AKTS\u2019ye tamamlar.<\/p><\/td><\/tr><\/tbody><\/table><\/td><\/tr><\/tbody><\/table><table width=\"100%\"><tbody><tr><td><table width=\"100%\"><tbody><tr><td><p><strong>\u00a03. Yar\u0131y\u0131l Ders Plan\u0131<\/strong><\/p><table width=\"100%\"><tbody><tr><td><p><strong>OBS Aktarim Kodu<\/strong><\/p><\/td><td><p><strong>Dersin kodu<\/strong><\/p><\/td><td><p><strong>Dersin ad\u0131<\/strong><\/p><\/td><td><p><strong>Dersin tipi<\/strong><\/p><\/td><td><p><strong>Teorik + Uygulama<\/strong><\/p><\/td><td><p><strong>Yerel kredi<\/strong><\/p><\/td><td><p><strong>AKTS kredisi<\/strong><\/p><\/td><\/tr><tr><td width=\"100\"><p>15224<\/p><\/td><td width=\"100\"><p>SOB-603<\/p><\/td><td><p><a href=\"http:\/\/eobs.atauni.edu.tr\/Courses\/Course.aspx?Course=qV5|Mo5A8UE=\">Y\u00fcksek Lisans Tez \u00d6nerisi<\/a><\/p><\/td><td width=\"70\"><p>Zorunlu<\/p><\/td><td width=\"50\"><p>0 +0<\/p><\/td><td width=\"50\"><p>0<\/p><\/td><td width=\"50\"><p>18<\/p><\/td><\/tr><tr><td width=\"100\"><p>15222<\/p><\/td><td width=\"100\"><p>SOB-605<\/p><\/td><td><p><a href=\"http:\/\/eobs.atauni.edu.tr\/Courses\/Course.aspx?Course=vAn55bR0iNg=\">Seminer<\/a><\/p><\/td><td width=\"70\"><p>Zorunlu<\/p><\/td><td width=\"50\"><p>0 +0<\/p><\/td><td width=\"50\"><p>0<\/p><\/td><td width=\"50\"><p>6<\/p><\/td><\/tr><tr><td width=\"100\"><p>18717<\/p><\/td><td width=\"100\"><p>SOB-601<\/p><\/td><td><p><a href=\"http:\/\/eobs.atauni.edu.tr\/Courses\/Course.aspx?Course=WmQHN\/FjYxk=\">Uzmanl\u0131k Alan Dersi<\/a><\/p><\/td><td width=\"70\"><p>Zorunlu<\/p><\/td><td width=\"50\"><p>5 +0<\/p><\/td><td width=\"50\"><p>0<\/p><\/td><td width=\"50\"><p>6<\/p><\/td><\/tr><\/tbody><\/table><table width=\"100%\"><tbody><tr><td>\u00a0<\/td><\/tr><\/tbody><\/table><\/td><\/tr><tr><td><p>\u00d6\u011frenciler, zorunlu dersleri \u00f6ncelikli almak \u00fczere her yar\u0131y\u0131l alaca\u011f\u0131 dersleri 30 AKTS\u2019ye tamamlar.<\/p><\/td><\/tr><\/tbody><\/table><\/td><\/tr><\/tbody><\/table><table width=\"100%\"><tbody><tr><td><table width=\"100%\"><tbody><tr><td><p><strong>\u00a04. Yar\u0131y\u0131l Ders Plan\u0131<\/strong><\/p><table width=\"100%\"><tbody><tr><td><p><strong>OBS Aktarim Kodu<\/strong><\/p><\/td><td><p><strong>Dersin kodu<\/strong><\/p><\/td><td><p><strong>Dersin ad\u0131<\/strong><\/p><\/td><td><p><strong>Dersin tipi<\/strong><\/p><\/td><td><p><strong>Teorik + Uygulama<\/strong><\/p><\/td><td><p><strong>Yerel kredi<\/strong><\/p><\/td><td><p><strong>AKTS kredisi<\/strong><\/p><\/td><\/tr><tr><td width=\"100\"><p>15225<\/p><\/td><td width=\"100\"><p>SOB-604<\/p><\/td><td><p><a href=\"http:\/\/eobs.atauni.edu.tr\/Courses\/Course.aspx?Course=Dl|SxkPJW5k=\">Y\u00fcksek Lisans Tezi<\/a><\/p><\/td><td width=\"70\"><p>Zorunlu<\/p><\/td><td width=\"50\"><p>0 +0<\/p><\/td><td width=\"50\"><p>0<\/p><\/td><td width=\"50\"><p>24<\/p><\/td><\/tr><tr><td width=\"100\"><p>18718<\/p><\/td><td width=\"100\"><p>SOB-602<\/p><\/td><td><p><a href=\"http:\/\/eobs.atauni.edu.tr\/Courses\/Course.aspx?Course=QpKVgQ1OF\/s=\">Uzmanl\u0131k Alan Dersi<\/a><\/p><\/td><td width=\"70\"><p>Zorunlu<\/p><\/td><td width=\"50\"><p>5 +0<\/p><\/td><td width=\"50\"><p>0<\/p><\/td><td width=\"50\"><p>6<\/p><\/td><\/tr><\/tbody><\/table><table width=\"100%\"><tbody><tr><td>\u00a0<\/td><\/tr><\/tbody><\/table><\/td><\/tr><tr><td><p>\u00d6\u011frenciler, zorunlu dersleri \u00f6ncelikli almak \u00fczere her yar\u0131y\u0131l alaca\u011f\u0131 dersleri 30 AKTS\u2019ye tamamlar.<\/p><\/td><\/tr><\/tbody><\/table><\/td><\/tr><\/tbody><\/table>\t\t\t\t\t\t\t\t<\/div>\n\t\t\t\t<\/div>\n\t\t\t\t\t<\/div>\n\t\t<\/div>\n\t\t\t\t\t<\/div>\n\t\t<\/section>\n\t\t\t\t<\/div>\n\t\t","protected":false},"excerpt":{"rendered":"<p>Y\u00dcKSEK L\u0130SANS DERS L\u0130STES\u0130 1. Yar\u0131y\u0131l Ders Plan\u0131 OBS Aktarim Kodu Dersin kodu Dersin ad\u0131 Dersin tipi Teorik + Uygulama Yerel kredi AKTS kredisi 9167 STR-525 Estetik ve De\u011ferlendirme Zorunlu 3 +0 3 6 9170 STR-529 Sanat Tarihi Metodu Zorunlu 3 +0 3 6 15223 SOB-501 Uzmanl\u0131k Alan Dersi Zorunlu 5 +0 0 6 15852 [&hellip;]<\/p>\n","protected":false},"author":136,"featured_media":0,"parent":0,"menu_order":0,"comment_status":"closed","ping_status":"closed","template":"","meta":{"footnotes":""},"class_list":["post-7167","page","type-page","status-publish","hentry"],"_links":{"self":[{"href":"https:\/\/atauni.edu.tr\/sanat-tarihi\/wp-json\/wp\/v2\/pages\/7167","targetHints":{"allow":["GET"]}}],"collection":[{"href":"https:\/\/atauni.edu.tr\/sanat-tarihi\/wp-json\/wp\/v2\/pages"}],"about":[{"href":"https:\/\/atauni.edu.tr\/sanat-tarihi\/wp-json\/wp\/v2\/types\/page"}],"author":[{"embeddable":true,"href":"https:\/\/atauni.edu.tr\/sanat-tarihi\/wp-json\/wp\/v2\/users\/136"}],"replies":[{"embeddable":true,"href":"https:\/\/atauni.edu.tr\/sanat-tarihi\/wp-json\/wp\/v2\/comments?post=7167"}],"version-history":[{"count":7,"href":"https:\/\/atauni.edu.tr\/sanat-tarihi\/wp-json\/wp\/v2\/pages\/7167\/revisions"}],"predecessor-version":[{"id":7175,"href":"https:\/\/atauni.edu.tr\/sanat-tarihi\/wp-json\/wp\/v2\/pages\/7167\/revisions\/7175"}],"wp:attachment":[{"href":"https:\/\/atauni.edu.tr\/sanat-tarihi\/wp-json\/wp\/v2\/media?parent=7167"}],"curies":[{"name":"wp","href":"https:\/\/api.w.org\/{rel}","templated":true}]}}