{"id":7781,"date":"2024-01-12T16:38:01","date_gmt":"2024-01-12T13:38:01","guid":{"rendered":"https:\/\/birimler.atauni.edu.tr\/sanat-tarihi\/?page_id=7781"},"modified":"2025-11-23T16:53:27","modified_gmt":"2025-11-23T13:53:27","slug":"anabilim-dali-baskanlari","status":"publish","type":"page","link":"https:\/\/atauni.edu.tr\/sanat-tarihi\/anabilim-dali-baskanlari\/","title":{"rendered":"Anabilim Dal\u0131 Ba\u015fkanlar\u0131"},"content":{"rendered":"\t\t<div data-elementor-type=\"wp-page\" data-elementor-id=\"7781\" class=\"elementor elementor-7781\" data-elementor-post-type=\"page\">\n\t\t\t\t\t\t<section class=\"elementor-section elementor-top-section elementor-element elementor-element-518c0d2 elementor-section-boxed elementor-section-height-default elementor-section-height-default\" data-id=\"518c0d2\" data-element_type=\"section\">\n\t\t\t\t\t\t<div class=\"elementor-container elementor-column-gap-default\">\n\t\t\t\t\t<div class=\"elementor-column elementor-col-100 elementor-top-column elementor-element elementor-element-063bbfd\" data-id=\"063bbfd\" data-element_type=\"column\">\n\t\t\t<div class=\"elementor-widget-wrap elementor-element-populated\">\n\t\t\t\t\t\t<div class=\"elementor-element elementor-element-7960241 elementor-widget elementor-widget-accordion\" data-id=\"7960241\" data-element_type=\"widget\" data-widget_type=\"accordion.default\">\n\t\t\t\t<div class=\"elementor-widget-container\">\n\t\t\t\t\t\t\t<div class=\"elementor-accordion\">\n\t\t\t\t\t\t\t<div class=\"elementor-accordion-item\">\n\t\t\t\t\t<div id=\"elementor-tab-title-1271\" class=\"elementor-tab-title\" data-tab=\"1\" role=\"button\" aria-controls=\"elementor-tab-content-1271\" aria-expanded=\"false\">\n\t\t\t\t\t\t\t\t\t\t\t\t\t<span class=\"elementor-accordion-icon elementor-accordion-icon-left\" aria-hidden=\"true\">\n\t\t\t\t\t\t\t\t\t\t\t\t\t\t\t<span class=\"elementor-accordion-icon-closed\"><i class=\"fas fa-plus\"><\/i><\/span>\n\t\t\t\t\t\t\t\t<span class=\"elementor-accordion-icon-opened\"><i class=\"fas fa-minus\"><\/i><\/span>\n\t\t\t\t\t\t\t\t\t\t\t\t\t\t<\/span>\n\t\t\t\t\t\t\t\t\t\t\t\t<a class=\"elementor-accordion-title\" tabindex=\"0\">T\u00fcrk \u0130slam Sanatlar\u0131 Anabilim Dal\u0131<\/a>\n\t\t\t\t\t<\/div>\n\t\t\t\t\t<div id=\"elementor-tab-content-1271\" class=\"elementor-tab-content elementor-clearfix\" data-tab=\"1\" role=\"region\" aria-labelledby=\"elementor-tab-title-1271\"><p><a href=\"https:\/\/avesis.atauni.edu.tr\/hozkan\">Prof. Dr. Haldun \u00d6ZKAN (Ba\u015fkan)<\/a><\/p><p><a href=\"https:\/\/avesis.atauni.edu.tr\/burak.gokler\">Do\u00e7. Dr. Burak Muhammet G\u00d6KLER<\/a><\/p><p><a href=\"https:\/\/avesis.atauni.edu.tr\/gul.geyik\">Do\u00e7. Dr. G\u00fcl GEY\u0130K<\/a><\/p><p><a href=\"https:\/\/avesis.atauni.edu.tr\/zkosklu\">Dr. \u00d6\u011fr. \u00dcyesi Zerrin K\u00d6\u015eKL\u00dc<\/a><\/p><p><a href=\"https:\/\/avesis.atauni.edu.tr\/emin.dogan\">Ar\u015f. G\u00f6r. Dr. Muhammed Emin DO\u011eAN<\/a><\/p><p><a href=\"https:\/\/avesis.atauni.edu.tr\/nihatkomesli\">Ar\u015f. G\u00f6r. Nihat Sefa KOMESL\u0130<\/a><\/p><p><a href=\"https:\/\/avesis.atauni.edu.tr\/ahmet.aydin\">Ar\u015f. G\u00f6r. Ahmet Yasin AYDIN<\/a><\/p><\/div>\n\t\t\t\t<\/div>\n\t\t\t\t\t\t\t<div class=\"elementor-accordion-item\">\n\t\t\t\t\t<div id=\"elementor-tab-title-1272\" class=\"elementor-tab-title\" data-tab=\"2\" role=\"button\" aria-controls=\"elementor-tab-content-1272\" aria-expanded=\"false\">\n\t\t\t\t\t\t\t\t\t\t\t\t\t<span class=\"elementor-accordion-icon elementor-accordion-icon-left\" aria-hidden=\"true\">\n\t\t\t\t\t\t\t\t\t\t\t\t\t\t\t<span class=\"elementor-accordion-icon-closed\"><i class=\"fas fa-plus\"><\/i><\/span>\n\t\t\t\t\t\t\t\t<span class=\"elementor-accordion-icon-opened\"><i class=\"fas fa-minus\"><\/i><\/span>\n\t\t\t\t\t\t\t\t\t\t\t\t\t\t<\/span>\n\t\t\t\t\t\t\t\t\t\t\t\t<a class=\"elementor-accordion-title\" tabindex=\"0\">Bat\u0131 ve \u00c7a\u011fda\u015f Sanatlar Anabilim Dal\u0131<\/a>\n\t\t\t\t\t<\/div>\n\t\t\t\t\t<div id=\"elementor-tab-content-1272\" class=\"elementor-tab-content elementor-clearfix\" data-tab=\"2\" role=\"region\" aria-labelledby=\"elementor-tab-title-1272\"><p><a href=\"https:\/\/avesis.atauni.edu.tr\/esra.halici\">Dr. \u00d6\u011fr. \u00dcyesi Esra HALICI (Ba\u015fkan)<\/a><\/p><\/div>\n\t\t\t\t<\/div>\n\t\t\t\t\t\t\t<div class=\"elementor-accordion-item\">\n\t\t\t\t\t<div id=\"elementor-tab-title-1273\" class=\"elementor-tab-title\" data-tab=\"3\" role=\"button\" aria-controls=\"elementor-tab-content-1273\" aria-expanded=\"false\">\n\t\t\t\t\t\t\t\t\t\t\t\t\t<span class=\"elementor-accordion-icon elementor-accordion-icon-left\" aria-hidden=\"true\">\n\t\t\t\t\t\t\t\t\t\t\t\t\t\t\t<span class=\"elementor-accordion-icon-closed\"><i class=\"fas fa-plus\"><\/i><\/span>\n\t\t\t\t\t\t\t\t<span class=\"elementor-accordion-icon-opened\"><i class=\"fas fa-minus\"><\/i><\/span>\n\t\t\t\t\t\t\t\t\t\t\t\t\t\t<\/span>\n\t\t\t\t\t\t\t\t\t\t\t\t<a class=\"elementor-accordion-title\" tabindex=\"0\">Bizans Sanatlar\u0131 Anabilim Dal\u0131<\/a>\n\t\t\t\t\t<\/div>\n\t\t\t\t\t<div id=\"elementor-tab-content-1273\" class=\"elementor-tab-content elementor-clearfix\" data-tab=\"3\" role=\"region\" aria-labelledby=\"elementor-tab-title-1273\"><p><a href=\"https:\/\/avesis.atauni.edu.tr\/demet\">Do\u00e7. Dr. Demet OKUYUCU (Ba\u015fkan)<\/a><\/p><\/div>\n\t\t\t\t<\/div>\n\t\t\t\t\t\t\t\t<\/div>\n\t\t\t\t\t\t<\/div>\n\t\t\t\t<\/div>\n\t\t\t\t\t<\/div>\n\t\t<\/div>\n\t\t\t\t\t<\/div>\n\t\t<\/section>\n\t\t\t\t<\/div>\n\t\t","protected":false},"excerpt":{"rendered":"<p>T\u00fcrk \u0130slam Sanatlar\u0131 Anabilim Dal\u0131 Prof. Dr. Haldun \u00d6ZKAN (Ba\u015fkan) Do\u00e7. Dr. Burak Muhammet G\u00d6KLER Do\u00e7. Dr. G\u00fcl GEY\u0130K Dr. \u00d6\u011fr. \u00dcyesi Zerrin K\u00d6\u015eKL\u00dc Ar\u015f. G\u00f6r. Dr. Muhammed Emin DO\u011eAN Ar\u015f. G\u00f6r. Nihat Sefa KOMESL\u0130 Ar\u015f. G\u00f6r. Ahmet Yasin AYDIN Bat\u0131 ve \u00c7a\u011fda\u015f Sanatlar Anabilim Dal\u0131 Dr. \u00d6\u011fr. \u00dcyesi Esra HALICI (Ba\u015fkan) Bizans Sanatlar\u0131 Anabilim [&hellip;]<\/p>\n","protected":false},"author":517,"featured_media":0,"parent":0,"menu_order":0,"comment_status":"closed","ping_status":"closed","template":"","meta":{"footnotes":""},"class_list":["post-7781","page","type-page","status-publish","hentry"],"_links":{"self":[{"href":"https:\/\/atauni.edu.tr\/sanat-tarihi\/wp-json\/wp\/v2\/pages\/7781","targetHints":{"allow":["GET"]}}],"collection":[{"href":"https:\/\/atauni.edu.tr\/sanat-tarihi\/wp-json\/wp\/v2\/pages"}],"about":[{"href":"https:\/\/atauni.edu.tr\/sanat-tarihi\/wp-json\/wp\/v2\/types\/page"}],"author":[{"embeddable":true,"href":"https:\/\/atauni.edu.tr\/sanat-tarihi\/wp-json\/wp\/v2\/users\/517"}],"replies":[{"embeddable":true,"href":"https:\/\/atauni.edu.tr\/sanat-tarihi\/wp-json\/wp\/v2\/comments?post=7781"}],"version-history":[{"count":22,"href":"https:\/\/atauni.edu.tr\/sanat-tarihi\/wp-json\/wp\/v2\/pages\/7781\/revisions"}],"predecessor-version":[{"id":10134,"href":"https:\/\/atauni.edu.tr\/sanat-tarihi\/wp-json\/wp\/v2\/pages\/7781\/revisions\/10134"}],"wp:attachment":[{"href":"https:\/\/atauni.edu.tr\/sanat-tarihi\/wp-json\/wp\/v2\/media?parent=7781"}],"curies":[{"name":"wp","href":"https:\/\/api.w.org\/{rel}","templated":true}]}}