{"id":9372,"date":"2025-06-26T13:45:38","date_gmt":"2025-06-26T10:45:38","guid":{"rendered":"https:\/\/birimler.atauni.edu.tr\/sanat-tarihi\/?page_id=9372"},"modified":"2025-08-03T13:51:31","modified_gmt":"2025-08-03T10:51:31","slug":"haberler","status":"publish","type":"page","link":"https:\/\/atauni.edu.tr\/sanat-tarihi\/haberler\/","title":{"rendered":"Haberler"},"content":{"rendered":"<form method=\"get\" class=\"row g-3\" style=\"margin-bottom: 20px;\"><div class=\"col-md-3\"><input type=\"text\" name=\"haber_ara\" class=\"form-control\" placeholder=\"Haber ara...\" value=\"\"><\/div><div class=\"col-md-3\"><input type=\"date\" name=\"baslangic_tarihi\" class=\"form-control\" value=\"\"><\/div><div class=\"col-md-3\"><input type=\"date\" name=\"bitis_tarihi\" class=\"form-control\" value=\"\"><\/div><div class=\"col-md-3\"><button type=\"submit\" class=\"btn btn-secondary w-50\">Filtrele<\/button><\/div><\/form><ul class=\"kategori-yazilari-liste\"><li style=\"display: flex; margin-bottom: 10px; align-items: center;\"><div class=\"post-content\" style=\"flex-grow: 1;\"><span class=\"post-date habertarih\" style=\"display: block; font-weight: bold; margin-bottom: 5px;\">18 \u015eubat 2026<\/span><a class=\"haberbaslik\" href=\"https:\/\/atauni.edu.tr\/sanat-tarihi\/2026\/02\/18\/erzurum-restorasyon-ve-konservasyon-bolge-laboratuvari-mudurlugu-dis-paydas-toplantisi\/\">Erzurum Restorasyon ve Konservasyon B\u00f6lge Laboratuvar\u0131 M\u00fcd\u00fcrl\u00fc\u011f\u00fc D\u0131\u015f Payda\u015f Toplant\u0131s\u0131<\/a><\/div><\/li><li style=\"display: flex; margin-bottom: 10px; align-items: center;\"><div class=\"post-thumbnail\" style=\"margin-right: 15px;\"><a href=\"https:\/\/atauni.edu.tr\/sanat-tarihi\/2026\/02\/06\/erzurum-vakiflar-bolge-mudurlugu-dis-paydas-toplantisi\/\"><img decoding=\"async\" width=\"150\" height=\"150\" src=\"https:\/\/atauni.edu.tr\/sanat-tarihi\/wp-content\/uploads\/sites\/151\/2025\/05\/Toplanti-Yeni-150x150.jpg\" class=\"attachment-thumbnail size-thumbnail wp-post-image\" alt=\"\" \/><\/a><\/div><div class=\"post-content\" style=\"flex-grow: 1;\"><span class=\"post-date habertarih\" style=\"display: block; font-weight: bold; margin-bottom: 5px;\">6 \u015eubat 2026<\/span><a class=\"haberbaslik\" href=\"https:\/\/atauni.edu.tr\/sanat-tarihi\/2026\/02\/06\/erzurum-vakiflar-bolge-mudurlugu-dis-paydas-toplantisi\/\">Erzurum Vak\u0131flar B\u00f6lge M\u00fcd\u00fcrl\u00fc\u011f\u00fc D\u0131\u015f Payda\u015f Toplant\u0131s\u0131<\/a><\/div><\/li><li style=\"display: flex; margin-bottom: 10px; align-items: center;\"><div class=\"post-thumbnail\" style=\"margin-right: 15px;\"><a href=\"https:\/\/atauni.edu.tr\/sanat-tarihi\/2025\/12\/18\/yuksek-lisans-ogrencimiz-seymanur-aksunun-tez-savunmasi-gerceklestirildi\/\"><img decoding=\"async\" width=\"150\" height=\"150\" src=\"https:\/\/atauni.edu.tr\/sanat-tarihi\/wp-content\/uploads\/sites\/151\/2024\/12\/Mezuniyet-150x150.jpg\" class=\"attachment-thumbnail size-thumbnail wp-post-image\" alt=\"\" \/><\/a><\/div><div class=\"post-content\" style=\"flex-grow: 1;\"><span class=\"post-date habertarih\" style=\"display: block; font-weight: bold; margin-bottom: 5px;\">18 Aral\u0131k 2025<\/span><a class=\"haberbaslik\" href=\"https:\/\/atauni.edu.tr\/sanat-tarihi\/2025\/12\/18\/yuksek-lisans-ogrencimiz-seymanur-aksunun-tez-savunmasi-gerceklestirildi\/\">Y\u00fcksek Lisans \u00d6\u011frencimiz \u015eeymanur AKSU&#8217;nun Tez Savunmas\u0131 Ger\u00e7ekle\u015ftirildi<\/a><\/div><\/li><li style=\"display: flex; margin-bottom: 10px; align-items: center;\"><div class=\"post-thumbnail\" style=\"margin-right: 15px;\"><a href=\"https:\/\/atauni.edu.tr\/sanat-tarihi\/2025\/12\/16\/lisans-ogrencilerine-erzurum-sehir-merkezinde-sanat-tarihine-giris-dersi\/\"><img decoding=\"async\" width=\"150\" height=\"150\" src=\"https:\/\/atauni.edu.tr\/sanat-tarihi\/wp-content\/uploads\/sites\/151\/2024\/11\/Ulu-Cami-150x150.jpg\" class=\"attachment-thumbnail size-thumbnail wp-post-image\" alt=\"\" \/><\/a><\/div><div class=\"post-content\" style=\"flex-grow: 1;\"><span class=\"post-date habertarih\" style=\"display: block; font-weight: bold; margin-bottom: 5px;\">16 Aral\u0131k 2025<\/span><a class=\"haberbaslik\" href=\"https:\/\/atauni.edu.tr\/sanat-tarihi\/2025\/12\/16\/lisans-ogrencilerine-erzurum-sehir-merkezinde-sanat-tarihine-giris-dersi\/\">Lisans \u00d6\u011frencilerine Erzurum \u015eehir Merkezinde Sanat Tarihine Giri\u015f Dersi<\/a><\/div><\/li><li style=\"display: flex; margin-bottom: 10px; align-items: center;\"><div class=\"post-thumbnail\" style=\"margin-right: 15px;\"><a href=\"https:\/\/atauni.edu.tr\/sanat-tarihi\/2025\/12\/15\/erasmus-personel-ders-verme-hareketlilikleri\/\"><img loading=\"lazy\" decoding=\"async\" width=\"150\" height=\"150\" src=\"https:\/\/atauni.edu.tr\/sanat-tarihi\/wp-content\/uploads\/sites\/151\/2024\/11\/avrupa-birligi-erasmus3277-150x150.jpg\" class=\"attachment-thumbnail size-thumbnail wp-post-image\" alt=\"\" \/><\/a><\/div><div class=\"post-content\" style=\"flex-grow: 1;\"><span class=\"post-date habertarih\" style=\"display: block; font-weight: bold; margin-bottom: 5px;\">15 Aral\u0131k 2025<\/span><a class=\"haberbaslik\" href=\"https:\/\/atauni.edu.tr\/sanat-tarihi\/2025\/12\/15\/erasmus-personel-ders-verme-hareketlilikleri\/\">Erasmus Personel Ders Verme Hareketlilikleri<\/a><\/div><\/li><li style=\"display: flex; margin-bottom: 10px; align-items: center;\"><div class=\"post-thumbnail\" style=\"margin-right: 15px;\"><a href=\"https:\/\/atauni.edu.tr\/sanat-tarihi\/2025\/12\/08\/erzurum-restorasyon-ve-konservasyon-bolge-laboratuvari-mudurlugu-ziyaretimiz\/\"><img loading=\"lazy\" decoding=\"async\" width=\"150\" height=\"150\" src=\"https:\/\/atauni.edu.tr\/sanat-tarihi\/wp-content\/uploads\/sites\/151\/2024\/10\/ziyaret-yeni-150x150.jpg\" class=\"attachment-thumbnail size-thumbnail wp-post-image\" alt=\"\" \/><\/a><\/div><div class=\"post-content\" style=\"flex-grow: 1;\"><span class=\"post-date habertarih\" style=\"display: block; font-weight: bold; margin-bottom: 5px;\">8 Aral\u0131k 2025<\/span><a class=\"haberbaslik\" href=\"https:\/\/atauni.edu.tr\/sanat-tarihi\/2025\/12\/08\/erzurum-restorasyon-ve-konservasyon-bolge-laboratuvari-mudurlugu-ziyaretimiz\/\">Erzurum Restorasyon ve Konservasyon B\u00f6lge Laboratuvar\u0131 M\u00fcd\u00fcrl\u00fc\u011f\u00fc Ziyaretimiz<\/a><\/div><\/li><li style=\"display: flex; margin-bottom: 10px; align-items: center;\"><div class=\"post-thumbnail\" style=\"margin-right: 15px;\"><a href=\"https:\/\/atauni.edu.tr\/sanat-tarihi\/2025\/11\/26\/erzurum-restorasyon-ve-konservasyon-bolge-laboratuvari-mudurlugu-ve-sanat-tarihi-bolumu-dis-paydas-toplantisi\/\"><img decoding=\"async\" width=\"150\" height=\"150\" src=\"https:\/\/atauni.edu.tr\/sanat-tarihi\/wp-content\/uploads\/sites\/151\/2025\/05\/Toplanti-Yeni-150x150.jpg\" class=\"attachment-thumbnail size-thumbnail wp-post-image\" alt=\"\" \/><\/a><\/div><div class=\"post-content\" style=\"flex-grow: 1;\"><span class=\"post-date habertarih\" style=\"display: block; font-weight: bold; margin-bottom: 5px;\">26 Kas\u0131m 2025<\/span><a class=\"haberbaslik\" href=\"https:\/\/atauni.edu.tr\/sanat-tarihi\/2025\/11\/26\/erzurum-restorasyon-ve-konservasyon-bolge-laboratuvari-mudurlugu-ve-sanat-tarihi-bolumu-dis-paydas-toplantisi\/\">Erzurum Restorasyon ve Konservasyon B\u00f6lge Laboratuvar\u0131 M\u00fcd\u00fcrl\u00fc\u011f\u00fc ve Sanat Tarihi B\u00f6l\u00fcm\u00fc D\u0131\u015f Payda\u015f Toplant\u0131s\u0131<\/a><\/div><\/li><li style=\"display: flex; margin-bottom: 10px; align-items: center;\"><div class=\"post-thumbnail\" style=\"margin-right: 15px;\"><a href=\"https:\/\/atauni.edu.tr\/sanat-tarihi\/2025\/11\/25\/sanat-tarihi-bolumu-fedek-akreditasyon-ziyareti\/\"><img loading=\"lazy\" decoding=\"async\" width=\"150\" height=\"150\" src=\"https:\/\/atauni.edu.tr\/sanat-tarihi\/wp-content\/uploads\/sites\/151\/2025\/11\/Fedek-Logo-150x150.jpg\" class=\"attachment-thumbnail size-thumbnail wp-post-image\" alt=\"\" \/><\/a><\/div><div class=\"post-content\" style=\"flex-grow: 1;\"><span class=\"post-date habertarih\" style=\"display: block; font-weight: bold; margin-bottom: 5px;\">25 Kas\u0131m 2025<\/span><a class=\"haberbaslik\" href=\"https:\/\/atauni.edu.tr\/sanat-tarihi\/2025\/11\/25\/sanat-tarihi-bolumu-fedek-akreditasyon-ziyareti\/\">Sanat Tarihi B\u00f6l\u00fcm\u00fc FEDEK Akreditasyon Ziyareti<\/a><\/div><\/li><li style=\"display: flex; margin-bottom: 10px; align-items: center;\"><div class=\"post-thumbnail\" style=\"margin-right: 15px;\"><a href=\"https:\/\/atauni.edu.tr\/sanat-tarihi\/2025\/11\/24\/lisansustu-ogrencilere-erzurum-sehir-merkezinde-yer-alan-yakutiye-medresesinde-uygulamali-sanat-tarihi-tackapilar-dersi-2\/\"><img loading=\"lazy\" decoding=\"async\" width=\"150\" height=\"150\" src=\"https:\/\/atauni.edu.tr\/sanat-tarihi\/wp-content\/uploads\/sites\/151\/2025\/03\/Yakutiye-150x150.jpg\" class=\"attachment-thumbnail size-thumbnail wp-post-image\" alt=\"\" \/><\/a><\/div><div class=\"post-content\" style=\"flex-grow: 1;\"><span class=\"post-date habertarih\" style=\"display: block; font-weight: bold; margin-bottom: 5px;\">24 Kas\u0131m 2025<\/span><a class=\"haberbaslik\" href=\"https:\/\/atauni.edu.tr\/sanat-tarihi\/2025\/11\/24\/lisansustu-ogrencilere-erzurum-sehir-merkezinde-yer-alan-yakutiye-medresesinde-uygulamali-sanat-tarihi-tackapilar-dersi-2\/\">Lisans\u00fcst\u00fc \u00d6\u011frencilere Erzurum \u015eehir Merkezinde Yer Alan Yakutiye Medresesinde Uygulamal\u0131 Sanat Tarihi \u201cTa\u00e7kap\u0131lar\u201d Dersi<\/a><\/div><\/li><li style=\"display: flex; margin-bottom: 10px; align-items: center;\"><div class=\"post-thumbnail\" style=\"margin-right: 15px;\"><a href=\"https:\/\/atauni.edu.tr\/sanat-tarihi\/2025\/11\/21\/2025-2026-egitim-ogretim-yili-erasmus-bilgilendirme-toplantisi\/\"><img loading=\"lazy\" decoding=\"async\" width=\"150\" height=\"150\" src=\"https:\/\/atauni.edu.tr\/sanat-tarihi\/wp-content\/uploads\/sites\/151\/2024\/09\/Oyantasyon-Sunum-Logo-150x150.jpg\" class=\"attachment-thumbnail size-thumbnail wp-post-image\" alt=\"\" \/><\/a><\/div><div class=\"post-content\" style=\"flex-grow: 1;\"><span class=\"post-date habertarih\" style=\"display: block; font-weight: bold; margin-bottom: 5px;\">21 Kas\u0131m 2025<\/span><a class=\"haberbaslik\" href=\"https:\/\/atauni.edu.tr\/sanat-tarihi\/2025\/11\/21\/2025-2026-egitim-ogretim-yili-erasmus-bilgilendirme-toplantisi\/\">2025-2026 E\u011fitim \u00d6\u011fretim Y\u0131l\u0131 Erasmus Bilgilendirme Toplant\u0131s\u0131\u00a0<\/a><\/div><\/li><\/ul><nav class=\"pagination\" style=\"margin-top: 20px;\"><ul class='page-numbers'>\n\t<li><span aria-current=\"page\" class=\"page-numbers current\">1<\/span><\/li>\n\t<li><a class=\"page-numbers\" href=\"https:\/\/atauni.edu.tr\/sanat-tarihi\/wp-json\/wp\/v2\/pages\/9372\/page\/2\/\">2<\/a><\/li>\n\t<li><a class=\"page-numbers\" href=\"https:\/\/atauni.edu.tr\/sanat-tarihi\/wp-json\/wp\/v2\/pages\/9372\/page\/3\/\">3<\/a><\/li>\n\t<li><span class=\"page-numbers dots\">&hellip;<\/span><\/li>\n\t<li><a class=\"page-numbers\" href=\"https:\/\/atauni.edu.tr\/sanat-tarihi\/wp-json\/wp\/v2\/pages\/9372\/page\/9\/\">9<\/a><\/li>\n\t<li><a class=\"next page-numbers\" href=\"https:\/\/atauni.edu.tr\/sanat-tarihi\/wp-json\/wp\/v2\/pages\/9372\/page\/2\/\">Sonraki &raquo;<\/a><\/li>\n<\/ul>\n<\/nav>\n\n\n\n<p><\/p>\n","protected":false},"excerpt":{"rendered":"","protected":false},"author":8,"featured_media":0,"parent":0,"menu_order":0,"comment_status":"closed","ping_status":"closed","template":"","meta":{"footnotes":""},"class_list":["post-9372","page","type-page","status-publish","hentry"],"_links":{"self":[{"href":"https:\/\/atauni.edu.tr\/sanat-tarihi\/wp-json\/wp\/v2\/pages\/9372","targetHints":{"allow":["GET"]}}],"collection":[{"href":"https:\/\/atauni.edu.tr\/sanat-tarihi\/wp-json\/wp\/v2\/pages"}],"about":[{"href":"https:\/\/atauni.edu.tr\/sanat-tarihi\/wp-json\/wp\/v2\/types\/page"}],"author":[{"embeddable":true,"href":"https:\/\/atauni.edu.tr\/sanat-tarihi\/wp-json\/wp\/v2\/users\/8"}],"replies":[{"embeddable":true,"href":"https:\/\/atauni.edu.tr\/sanat-tarihi\/wp-json\/wp\/v2\/comments?post=9372"}],"version-history":[{"count":2,"href":"https:\/\/atauni.edu.tr\/sanat-tarihi\/wp-json\/wp\/v2\/pages\/9372\/revisions"}],"predecessor-version":[{"id":9440,"href":"https:\/\/atauni.edu.tr\/sanat-tarihi\/wp-json\/wp\/v2\/pages\/9372\/revisions\/9440"}],"wp:attachment":[{"href":"https:\/\/atauni.edu.tr\/sanat-tarihi\/wp-json\/wp\/v2\/media?parent=9372"}],"curies":[{"name":"wp","href":"https:\/\/api.w.org\/{rel}","templated":true}]}}