{"id":9374,"date":"2025-06-26T13:46:24","date_gmt":"2025-06-26T10:46:24","guid":{"rendered":"https:\/\/birimler.atauni.edu.tr\/sanat-tarihi\/?page_id=9374"},"modified":"2025-08-03T13:51:08","modified_gmt":"2025-08-03T10:51:08","slug":"duyurular","status":"publish","type":"page","link":"https:\/\/atauni.edu.tr\/sanat-tarihi\/duyurular\/","title":{"rendered":"Duyurular"},"content":{"rendered":"<form method=\"get\" class=\"row g-3\" style=\"margin-bottom: 20px;\"><div class=\"col-md-3\"><input type=\"text\" name=\"Duyuru_ara\" class=\"form-control\" placeholder=\"Duyuru ara...\" value=\"\"><\/div><div class=\"col-md-3\"><input type=\"date\" name=\"baslangic_tarihi\" class=\"form-control\" value=\"\"><\/div><div class=\"col-md-3\"><input type=\"date\" name=\"bitis_tarihi\" class=\"form-control\" value=\"\"><\/div><div class=\"col-md-3\"><button type=\"submit\" class=\"btn btn-secondary w-50\">Filtrele<\/button><\/div><\/form><ul class=\"kategori-yazilari-liste\"><li style=\"display: flex; margin-bottom: 10px; align-items: center;\"><div class=\"post-content\" style=\"flex-grow: 1;\"><span class=\"post-date Duyurutarih\" style=\"display: block; font-weight: bold; margin-bottom: 5px;\">2 Nisan 2026<\/span><a class=\"Duyurubaslik\" href=\"https:\/\/atauni.edu.tr\/sanat-tarihi\/2026\/04\/02\/yeni-erasmus-anlasmasi-ljubljana-universitesi\/\">Yeni Erasmus Anla\u015fmas\u0131 Ljubljana \u00dcniversitesi<\/a><\/div><\/li><li style=\"display: flex; margin-bottom: 10px; align-items: center;\"><div class=\"post-content\" style=\"flex-grow: 1;\"><span class=\"post-date Duyurutarih\" style=\"display: block; font-weight: bold; margin-bottom: 5px;\">2 Nisan 2026<\/span><a class=\"Duyurubaslik\" href=\"https:\/\/atauni.edu.tr\/sanat-tarihi\/2026\/04\/02\/yeni-erasmus-anlasmasi-university-college-cork\/\">Yeni Erasmus Anla\u015fmas\u0131 University College Cork<\/a><\/div><\/li><li style=\"display: flex; margin-bottom: 10px; align-items: center;\"><div class=\"post-content\" style=\"flex-grow: 1;\"><span class=\"post-date Duyurutarih\" style=\"display: block; font-weight: bold; margin-bottom: 5px;\">30 Mart 2026<\/span><a class=\"Duyurubaslik\" href=\"https:\/\/atauni.edu.tr\/sanat-tarihi\/2026\/03\/30\/kudakaf-2026-kayitlari\/\">KUDAKAF 2026 Kay\u0131tlar\u0131<\/a><\/div><\/li><li style=\"display: flex; margin-bottom: 10px; align-items: center;\"><div class=\"post-content\" style=\"flex-grow: 1;\"><span class=\"post-date Duyurutarih\" style=\"display: block; font-weight: bold; margin-bottom: 5px;\">30 Mart 2026<\/span><a class=\"Duyurubaslik\" href=\"https:\/\/atauni.edu.tr\/sanat-tarihi\/2026\/03\/30\/2026-yili-ulusal-staj-programi-basvurulari\/\">2026 Y\u0131l\u0131 Ulusal Staj Program\u0131 Ba\u015fvurular\u0131<\/a><\/div><\/li><li style=\"display: flex; margin-bottom: 10px; align-items: center;\"><div class=\"post-content\" style=\"flex-grow: 1;\"><span class=\"post-date Duyurutarih\" style=\"display: block; font-weight: bold; margin-bottom: 5px;\">16 Mart 2026<\/span><a class=\"Duyurubaslik\" href=\"https:\/\/atauni.edu.tr\/sanat-tarihi\/2026\/03\/16\/2025-2026-egitim-ogretim-yili-bahar-yariyili-vize-sinavlari-programlari\/\">2025-2026 E\u011fitim-\u00d6\u011fretim Y\u0131l\u0131 Bahar Yar\u0131y\u0131l\u0131 Vize S\u0131navlar\u0131 Programlar\u0131<\/a><\/div><\/li><li style=\"display: flex; margin-bottom: 10px; align-items: center;\"><div class=\"post-content\" style=\"flex-grow: 1;\"><span class=\"post-date Duyurutarih\" style=\"display: block; font-weight: bold; margin-bottom: 5px;\">12 Mart 2026<\/span><a class=\"Duyurubaslik\" href=\"https:\/\/atauni.edu.tr\/sanat-tarihi\/2026\/03\/12\/erasmus-programi-yabanci-dil-sinavlari\/\">Erasmus+ Program\u0131 Yabanc\u0131 Dil S\u0131navlar\u0131<\/a><\/div><\/li><li style=\"display: flex; margin-bottom: 10px; align-items: center;\"><div class=\"post-content\" style=\"flex-grow: 1;\"><span class=\"post-date Duyurutarih\" style=\"display: block; font-weight: bold; margin-bottom: 5px;\">25 \u015eubat 2026<\/span><a class=\"Duyurubaslik\" href=\"https:\/\/atauni.edu.tr\/sanat-tarihi\/2026\/02\/25\/erasmus-programi-2025-2026-ka131-ve-2024-2025-ka171-projeleri-2026-2027-akademik-yili-basvuru-takvimi-belirlendi\/\">Erasmus+ Program\u0131 2025-2026 KA131 ve 2024-2025 KA171 Projeleri 2026-2027 Akademik Y\u0131l\u0131 Ba\u015fvuru Takvimi Belirlendi!<\/a><\/div><\/li><li style=\"display: flex; margin-bottom: 10px; align-items: center;\"><div class=\"post-content\" style=\"flex-grow: 1;\"><span class=\"post-date Duyurutarih\" style=\"display: block; font-weight: bold; margin-bottom: 5px;\">12 \u015eubat 2026<\/span><a class=\"Duyurubaslik\" href=\"https:\/\/atauni.edu.tr\/sanat-tarihi\/2026\/02\/12\/osman-sahin-oyku-odulu\/\">Osman \u015eahin \u00d6yk\u00fc \u00d6d\u00fcl\u00fc<\/a><\/div><\/li><li style=\"display: flex; margin-bottom: 10px; align-items: center;\"><div class=\"post-content\" style=\"flex-grow: 1;\"><span class=\"post-date Duyurutarih\" style=\"display: block; font-weight: bold; margin-bottom: 5px;\">9 \u015eubat 2026<\/span><a class=\"Duyurubaslik\" href=\"https:\/\/atauni.edu.tr\/sanat-tarihi\/2026\/02\/09\/tubitak-2223-yurt-ici-bilimsel-etkinlikleri-destekleme-programlari-ve-2224-2224-bilimsel-etkinliklere-katilimi-destekleme-programlari-2026-yili-1-donem-cagrilari-acildi\/\">T\u00dcB\u0130TAK 2223-Yurt \u0130\u00e7i Bilimsel Etkinlikleri Destekleme Programlar\u0131 ve 2224-2224-Bilimsel Etkinliklere Kat\u0131l\u0131m\u0131 Destekleme Programlar\u0131 2026 Y\u0131l\u0131 1. D\u00f6nem \u00c7a\u011fr\u0131lar\u0131 A\u00e7\u0131ld\u0131<\/a><\/div><\/li><li style=\"display: flex; margin-bottom: 10px; align-items: center;\"><div class=\"post-content\" style=\"flex-grow: 1;\"><span class=\"post-date Duyurutarih\" style=\"display: block; font-weight: bold; margin-bottom: 5px;\">6 \u015eubat 2026<\/span><a class=\"Duyurubaslik\" href=\"https:\/\/atauni.edu.tr\/sanat-tarihi\/2026\/02\/06\/fulbright-lisansustu-burslari-ve-arastirma-burslari-seminerleri\/\">Fulbright Lisans\u00fcst\u00fc Burslar\u0131 ve Ara\u015ft\u0131rma Burslar\u0131 Seminerleri<\/a><\/div><\/li><\/ul><nav class=\"pagination\" style=\"margin-top: 20px;\"><ul class='page-numbers'>\n\t<li><span aria-current=\"page\" class=\"page-numbers current\">1<\/span><\/li>\n\t<li><a class=\"page-numbers\" href=\"https:\/\/atauni.edu.tr\/sanat-tarihi\/wp-json\/wp\/v2\/pages\/9374\/page\/2\/\">2<\/a><\/li>\n\t<li><a class=\"page-numbers\" href=\"https:\/\/atauni.edu.tr\/sanat-tarihi\/wp-json\/wp\/v2\/pages\/9374\/page\/3\/\">3<\/a><\/li>\n\t<li><span class=\"page-numbers dots\">&hellip;<\/span><\/li>\n\t<li><a class=\"page-numbers\" href=\"https:\/\/atauni.edu.tr\/sanat-tarihi\/wp-json\/wp\/v2\/pages\/9374\/page\/20\/\">20<\/a><\/li>\n\t<li><a class=\"next page-numbers\" href=\"https:\/\/atauni.edu.tr\/sanat-tarihi\/wp-json\/wp\/v2\/pages\/9374\/page\/2\/\">Sonraki &raquo;<\/a><\/li>\n<\/ul>\n<\/nav>\n\n\n\n<p><\/p>\n","protected":false},"excerpt":{"rendered":"","protected":false},"author":8,"featured_media":0,"parent":0,"menu_order":0,"comment_status":"closed","ping_status":"closed","template":"","meta":{"footnotes":""},"class_list":["post-9374","page","type-page","status-publish","hentry"],"_links":{"self":[{"href":"https:\/\/atauni.edu.tr\/sanat-tarihi\/wp-json\/wp\/v2\/pages\/9374","targetHints":{"allow":["GET"]}}],"collection":[{"href":"https:\/\/atauni.edu.tr\/sanat-tarihi\/wp-json\/wp\/v2\/pages"}],"about":[{"href":"https:\/\/atauni.edu.tr\/sanat-tarihi\/wp-json\/wp\/v2\/types\/page"}],"author":[{"embeddable":true,"href":"https:\/\/atauni.edu.tr\/sanat-tarihi\/wp-json\/wp\/v2\/users\/8"}],"replies":[{"embeddable":true,"href":"https:\/\/atauni.edu.tr\/sanat-tarihi\/wp-json\/wp\/v2\/comments?post=9374"}],"version-history":[{"count":2,"href":"https:\/\/atauni.edu.tr\/sanat-tarihi\/wp-json\/wp\/v2\/pages\/9374\/revisions"}],"predecessor-version":[{"id":9438,"href":"https:\/\/atauni.edu.tr\/sanat-tarihi\/wp-json\/wp\/v2\/pages\/9374\/revisions\/9438"}],"wp:attachment":[{"href":"https:\/\/atauni.edu.tr\/sanat-tarihi\/wp-json\/wp\/v2\/media?parent=9374"}],"curies":[{"name":"wp","href":"https:\/\/api.w.org\/{rel}","templated":true}]}}