{"id":9775,"date":"2025-11-10T18:01:52","date_gmt":"2025-11-10T15:01:52","guid":{"rendered":"https:\/\/birimler.atauni.edu.tr\/sanat-tarihi\/?page_id=9775"},"modified":"2025-11-10T18:01:52","modified_gmt":"2025-11-10T15:01:52","slug":"program-ciktilari-pc","status":"publish","type":"page","link":"https:\/\/atauni.edu.tr\/sanat-tarihi\/program-ciktilari-pc\/","title":{"rendered":"Program \u00c7\u0131kt\u0131lar\u0131 (P\u00c7)"},"content":{"rendered":"\n<p><strong>P\u00c7-1. <\/strong>Sanat Tarihi alan\u0131ndaki g\u00fcncel bilgileri i\u00e7eren ders kitaplar\u0131, uygulama ara\u00e7 gere\u00e7leri ve di\u011fer kaynaklarla desteklenen ileri d\u00fczeydeki kuramsal ve uygulamal\u0131 bilgilere sahip olma.<\/p>\n\n\n\n<p><strong>P\u00c7-2.<\/strong> Sanat Tarihi alan\u0131nda edindi\u011fi ileri d\u00fczeydeki kuramsal ve uygulamal\u0131 bilgileri kullanabilme.<\/p>\n\n\n\n<p><strong>P\u00c7-3. <\/strong>Sanat Tarihi alan\u0131nda edindi\u011fi ileri d\u00fczeydeki bilgi ve becerileri kullanarak verileri yorumlayabilme ve de\u011ferlendirebilme, sorunlar\u0131 tan\u0131mlayabilme, analiz edebilme, ara\u015ft\u0131rmalara ve kan\u0131tlara dayal\u0131 \u00e7\u00f6z\u00fcm \u00f6nerileri geli\u015ftirebilme.<\/p>\n\n\n\n<p><strong>P\u00c7-4.<\/strong> Sanat Tarihi alan\u0131 ile ilgili ileri d\u00fczeydeki bir \u00e7al\u0131\u015fmay\u0131 ba\u011f\u0131ms\u0131z olarak y\u00fcr\u00fctebilme.<\/p>\n\n\n\n<p><strong>P\u00c7-5.<\/strong> Sanat Tarihi alan\u0131 ile ilgili uygulamalarda kar\u015f\u0131la\u015f\u0131lan ve \u00f6ng\u00f6r\u00fclemeyen karma\u015f\u0131k sorunlar\u0131 \u00e7\u00f6zmek i\u00e7in bireysel ve ekip \u00fcyesi olarak sorumluluk alabilme.<\/p>\n\n\n\n<p><strong>P\u00c7-6.<\/strong> Sorumlulu\u011fu alt\u0131nda \u00e7al\u0131\u015fanlar\u0131n bir proje \u00e7er\u00e7evesinde geli\u015fimlerine y\u00f6nelik etkinlikleri planlayabilme ve y\u00f6netebilme.<\/p>\n\n\n\n<p><strong>P\u00c7-7.<\/strong> Sanat Tarihi alan\u0131nda edindi\u011fi ileri d\u00fczeydeki bilgi ve becerileri ele\u015ftirel bir yakla\u015f\u0131mla de\u011ferlendirebilme.<\/p>\n\n\n\n<p><strong>P\u00c7-8.<\/strong> \u00d6\u011frenme gereksinimlerini belirleyebilme ve \u00f6\u011frenmesini y\u00f6nlendirebilme.<\/p>\n\n\n\n<p><strong>P\u00c7-9. <\/strong>Ya\u015fam boyu \u00f6\u011frenmeye ili\u015fkin olumlu tutum geli\u015ftirebilme.<\/p>\n\n\n\n<p><strong>P\u00c7-10. <\/strong>Sanat Tarihi alan\u0131 ile ilgili konularda ilgili ki\u015fi ve kurumlar\u0131 bilgilendirebilme; d\u00fc\u015f\u00fcncelerini ve sorunlara ili\u015fkin \u00e7\u00f6z\u00fcm \u00f6nerilerini yaz\u0131l\u0131 ve s\u00f6zl\u00fc olarak aktarabilme.<\/p>\n\n\n\n<p><strong>P\u00c7-11. <\/strong>Sanat Tarihi alan\u0131 ile ilgili konularda d\u00fc\u015f\u00fcncelerini ve sorunlara ili\u015fkin \u00e7\u00f6z\u00fcm \u00f6nerilerini nicel ve nitel verilerle destekleyerek uzman olan ve olmayan ki\u015filerle payla\u015fabilme.<\/p>\n\n\n\n<p><strong>P\u00c7-12.<\/strong> Toplumsal sorumluluk bilinci ile ya\u015fad\u0131\u011f\u0131 sosyal \u00e7evre i\u00e7in proje ve etkinlikler d\u00fczenleyebilme ve bunlar\u0131 uygulayabilme.<\/p>\n\n\n\n<p><strong>P\u00c7-13. <\/strong>Bir yabanc\u0131 dili en az Avrupa Dil Portf\u00f6y\u00fc B1 Genel D\u00fczeyi&#8217;nde kullanarak Sanat Tarihi alan\u0131ndaki bilgileri izleyebilme ve meslekta\u015flar\u0131 ile ileti\u015fim kurabilme.<\/p>\n\n\n\n<p><strong>P\u00c7-14.<\/strong> Sanat Tarihi alan\u0131n\u0131n gerektirdi\u011fi en az Avrupa Bilgisayar Kullanma Lisans\u0131 \u0130leri D\u00fczeyinde bilgisayar yaz\u0131l\u0131m\u0131 ile birlikte bili\u015fim ve ileti\u015fim teknolojilerini kullanabilme.<\/p>\n\n\n\n<p><strong>P\u00c7-15.<\/strong> Sanat Tarihi alan\u0131 ile ilgili verilerin toplanmas\u0131, yorumlanmas\u0131, uygulanmas\u0131 ve sonu\u00e7lar\u0131n\u0131n duyurulmas\u0131 a\u015famalar\u0131nda toplumsal, bilimsel, k\u00fclt\u00fcrel ve etik de\u011ferlere uygun hareket etme.<\/p>\n\n\n\n<p><strong>P\u00c7-16. <\/strong>Sosyal haklar\u0131n evrenselli\u011fi, sosyal adalet, kalite k\u00fclt\u00fcr\u00fc ve k\u00fclt\u00fcrel de\u011ferlerin korunmas\u0131 ile \u00e7evre koruma, i\u015f sa\u011fl\u0131\u011f\u0131 ve g\u00fcvenli\u011fi konular\u0131nda yeterli bilince sahip olma.<\/p>\n","protected":false},"excerpt":{"rendered":"<p>P\u00c7-1. Sanat Tarihi alan\u0131ndaki g\u00fcncel bilgileri i\u00e7eren ders kitaplar\u0131, uygulama ara\u00e7 gere\u00e7leri ve di\u011fer kaynaklarla desteklenen ileri d\u00fczeydeki kuramsal ve uygulamal\u0131 bilgilere sahip olma. P\u00c7-2. Sanat Tarihi alan\u0131nda edindi\u011fi ileri d\u00fczeydeki kuramsal ve uygulamal\u0131 bilgileri kullanabilme. P\u00c7-3. Sanat Tarihi alan\u0131nda edindi\u011fi ileri d\u00fczeydeki bilgi ve becerileri kullanarak verileri yorumlayabilme ve de\u011ferlendirebilme, sorunlar\u0131 tan\u0131mlayabilme, analiz edebilme, [&hellip;]<\/p>\n","protected":false},"author":617,"featured_media":0,"parent":0,"menu_order":0,"comment_status":"closed","ping_status":"closed","template":"","meta":{"footnotes":""},"class_list":["post-9775","page","type-page","status-publish","hentry"],"_links":{"self":[{"href":"https:\/\/atauni.edu.tr\/sanat-tarihi\/wp-json\/wp\/v2\/pages\/9775","targetHints":{"allow":["GET"]}}],"collection":[{"href":"https:\/\/atauni.edu.tr\/sanat-tarihi\/wp-json\/wp\/v2\/pages"}],"about":[{"href":"https:\/\/atauni.edu.tr\/sanat-tarihi\/wp-json\/wp\/v2\/types\/page"}],"author":[{"embeddable":true,"href":"https:\/\/atauni.edu.tr\/sanat-tarihi\/wp-json\/wp\/v2\/users\/617"}],"replies":[{"embeddable":true,"href":"https:\/\/atauni.edu.tr\/sanat-tarihi\/wp-json\/wp\/v2\/comments?post=9775"}],"version-history":[{"count":1,"href":"https:\/\/atauni.edu.tr\/sanat-tarihi\/wp-json\/wp\/v2\/pages\/9775\/revisions"}],"predecessor-version":[{"id":9776,"href":"https:\/\/atauni.edu.tr\/sanat-tarihi\/wp-json\/wp\/v2\/pages\/9775\/revisions\/9776"}],"wp:attachment":[{"href":"https:\/\/atauni.edu.tr\/sanat-tarihi\/wp-json\/wp\/v2\/media?parent=9775"}],"curies":[{"name":"wp","href":"https:\/\/api.w.org\/{rel}","templated":true}]}}