{"id":5662,"date":"2021-07-13T10:01:45","date_gmt":"2021-07-13T07:01:45","guid":{"rendered":"https:\/\/portaltest.atauni.edu.tr\/bilgisayar-muhendisligi\/?page_id=5662"},"modified":"2025-03-18T18:31:16","modified_gmt":"2025-03-18T15:31:16","slug":"yonetim","status":"publish","type":"page","link":"https:\/\/atauni.edu.tr\/sehir-ve-bolge-planlama-bolumu-4\/?page_id=5662","title":{"rendered":"Y\u00f6netim"},"content":{"rendered":"\t\t<div data-elementor-type=\"wp-page\" data-elementor-id=\"5662\" class=\"elementor elementor-5662\" data-elementor-post-type=\"page\">\n\t\t\t\t\t\t<section class=\"elementor-section elementor-top-section elementor-element elementor-element-22b96024 elementor-section-boxed elementor-section-height-default elementor-section-height-default\" data-id=\"22b96024\" data-element_type=\"section\">\n\t\t\t\t\t\t<div class=\"elementor-container elementor-column-gap-default\">\n\t\t\t\t\t<div class=\"elementor-column elementor-col-100 elementor-top-column elementor-element elementor-element-5a1f7769\" data-id=\"5a1f7769\" data-element_type=\"column\">\n\t\t\t<div class=\"elementor-widget-wrap elementor-element-populated\">\n\t\t\t\t\t\t<div class=\"elementor-element elementor-element-3b3e2d4a elementor-widget elementor-widget-heading\" data-id=\"3b3e2d4a\" data-element_type=\"widget\" data-widget_type=\"heading.default\">\n\t\t\t\t<div class=\"elementor-widget-container\">\n\t\t\t\t\t<h2 class=\"elementor-heading-title elementor-size-default\">Y\u00f6netim<\/h2>\t\t\t\t<\/div>\n\t\t\t\t<\/div>\n\t\t\t\t<div class=\"elementor-element elementor-element-35223868 elementor-widget-divider--view-line elementor-widget elementor-widget-divider\" data-id=\"35223868\" data-element_type=\"widget\" data-widget_type=\"divider.default\">\n\t\t\t\t<div class=\"elementor-widget-container\">\n\t\t\t\t\t\t\t<div class=\"elementor-divider\">\n\t\t\t<span class=\"elementor-divider-separator\">\n\t\t\t\t\t\t<\/span>\n\t\t<\/div>\n\t\t\t\t\t\t<\/div>\n\t\t\t\t<\/div>\n\t\t\t\t\t<\/div>\n\t\t<\/div>\n\t\t\t\t\t<\/div>\n\t\t<\/section>\n\t\t\t\t<section class=\"elementor-section elementor-top-section elementor-element elementor-element-9cf1db2 elementor-section-boxed elementor-section-height-default elementor-section-height-default\" data-id=\"9cf1db2\" data-element_type=\"section\">\n\t\t\t\t\t\t<div class=\"elementor-container elementor-column-gap-default\">\n\t\t\t\t\t<div class=\"elementor-column elementor-col-50 elementor-top-column elementor-element elementor-element-c1ed7b3\" data-id=\"c1ed7b3\" data-element_type=\"column\">\n\t\t\t<div class=\"elementor-widget-wrap elementor-element-populated\">\n\t\t\t\t\t\t<div class=\"elementor-element elementor-element-f1bf32b elementor-widget elementor-widget-shortcode\" data-id=\"f1bf32b\" data-element_type=\"widget\" data-widget_type=\"shortcode.default\">\n\t\t\t\t<div class=\"elementor-widget-container\">\n\t\t\t\t\t\t\t<div class=\"elementor-shortcode\">B\u00f6l\u00fcm Ba\u015fkan\u0131<\/div>\n\t\t\t\t\t\t<\/div>\n\t\t\t\t<\/div>\n\t\t\t\t\t<\/div>\n\t\t<\/div>\n\t\t\t\t<div class=\"elementor-column elementor-col-50 elementor-top-column elementor-element elementor-element-ed9fa2a\" data-id=\"ed9fa2a\" data-element_type=\"column\">\n\t\t\t<div class=\"elementor-widget-wrap elementor-element-populated\">\n\t\t\t\t\t\t<div class=\"elementor-element elementor-element-2d2eb9e elementor-widget elementor-widget-shortcode\" data-id=\"2d2eb9e\" data-element_type=\"widget\" data-widget_type=\"shortcode.default\">\n\t\t\t\t<div class=\"elementor-widget-container\">\n\t\t\t\t\t\t\t<div class=\"elementor-shortcode\">Prof .Dr. Do\u011fan Dursun<\/div>\n\t\t\t\t\t\t<\/div>\n\t\t\t\t<\/div>\n\t\t\t\t\t<\/div>\n\t\t<\/div>\n\t\t\t\t\t<\/div>\n\t\t<\/section>\n\t\t\t\t<section class=\"elementor-section elementor-top-section elementor-element elementor-element-f14eb0f elementor-section-boxed elementor-section-height-default elementor-section-height-default\" data-id=\"f14eb0f\" data-element_type=\"section\">\n\t\t\t\t\t\t<div class=\"elementor-container elementor-column-gap-default\">\n\t\t\t\t\t<div class=\"elementor-column elementor-col-33 elementor-top-column elementor-element elementor-element-7dce790\" data-id=\"7dce790\" data-element_type=\"column\">\n\t\t\t<div class=\"elementor-widget-wrap elementor-element-populated\">\n\t\t\t\t\t\t<div class=\"elementor-element elementor-element-067f692 elementor-widget elementor-widget-image\" data-id=\"067f692\" data-element_type=\"widget\" data-widget_type=\"image.default\">\n\t\t\t\t<div class=\"elementor-widget-container\">\n\t\t\t\t\t\t\t\t\t\t\t\t\t\t\t<img decoding=\"async\" width=\"189\" height=\"228\" src=\"https:\/\/atauni.edu.tr\/sehir-ve-bolge-planlama-bolumu-4\/wp-content\/uploads\/sites\/662\/2023\/07\/1.png\" class=\"attachment-2048x2048 size-2048x2048 wp-image-6575\" alt=\"\" \/>\t\t\t\t\t\t\t\t\t\t\t\t\t\t\t<\/div>\n\t\t\t\t<\/div>\n\t\t\t\t\t<\/div>\n\t\t<\/div>\n\t\t\t\t<div class=\"elementor-column elementor-col-66 elementor-top-column elementor-element elementor-element-28d7720\" data-id=\"28d7720\" data-element_type=\"column\">\n\t\t\t<div class=\"elementor-widget-wrap elementor-element-populated\">\n\t\t\t\t\t\t<div class=\"elementor-element elementor-element-ed29fa9 elementor-widget elementor-widget-text-editor\" data-id=\"ed29fa9\" data-element_type=\"widget\" data-widget_type=\"text-editor.default\">\n\t\t\t\t<div class=\"elementor-widget-container\">\n\t\t\t\t\t\t\t\t\t<div class=\"bilgiler\"><strong>E-Posta: <\/strong>ddursun@atauni.edu.tr<\/div><div class=\"bilgiler\"><strong>Profil:\u00a0<\/strong> <a href=\"http:\/\/avesis.atauni.edu.tr\/ddursun\" target=\"_blank\" rel=\"noopener\">https:\/\/avesis.atauni.edu.tr\/ddursun<\/a><\/div><div class=\"bilgiler\"><strong>Telefon:<\/strong>\u00a0+90 442 231 (6160)\u00a0<\/div><div class=\"bilgiler\"><strong>Posta Adresi:<\/strong> <span class=\"posta\">Atat\u00fcrk \u00dcniversitesi, Merkez Yerle\u015fkesi, Erzurum<\/span><\/div>\t\t\t\t\t\t\t\t<\/div>\n\t\t\t\t<\/div>\n\t\t\t\t\t<\/div>\n\t\t<\/div>\n\t\t\t\t\t<\/div>\n\t\t<\/section>\n\t\t\t\t<section class=\"elementor-section elementor-top-section elementor-element elementor-element-792e103 elementor-section-boxed elementor-section-height-default elementor-section-height-default\" data-id=\"792e103\" data-element_type=\"section\">\n\t\t\t\t\t\t<div class=\"elementor-container elementor-column-gap-default\">\n\t\t\t\t\t<div class=\"elementor-column elementor-col-50 elementor-top-column elementor-element elementor-element-1522c6f\" data-id=\"1522c6f\" data-element_type=\"column\">\n\t\t\t<div class=\"elementor-widget-wrap elementor-element-populated\">\n\t\t\t\t\t\t<div class=\"elementor-element elementor-element-0174bd1 elementor-widget elementor-widget-text-editor\" data-id=\"0174bd1\" data-element_type=\"widget\" data-widget_type=\"text-editor.default\">\n\t\t\t\t<div class=\"elementor-widget-container\">\n\t\t\t\t\t\t\t\t\t<p>B\u00f6l\u00fcm Ba\u015fkan Yard\u0131mc\u0131s\u0131<\/p>\t\t\t\t\t\t\t\t<\/div>\n\t\t\t\t<\/div>\n\t\t\t\t\t<\/div>\n\t\t<\/div>\n\t\t\t\t<div class=\"elementor-column elementor-col-50 elementor-top-column elementor-element elementor-element-1737907\" data-id=\"1737907\" data-element_type=\"column\">\n\t\t\t<div class=\"elementor-widget-wrap elementor-element-populated\">\n\t\t\t\t\t\t<div class=\"elementor-element elementor-element-2738b97 elementor-widget elementor-widget-text-editor\" data-id=\"2738b97\" data-element_type=\"widget\" data-widget_type=\"text-editor.default\">\n\t\t\t\t<div class=\"elementor-widget-container\">\n\t\t\t\t\t\t\t\t\t<p>Do\u00e7. Dr. Merve Yava\u015f<\/p>\t\t\t\t\t\t\t\t<\/div>\n\t\t\t\t<\/div>\n\t\t\t\t\t<\/div>\n\t\t<\/div>\n\t\t\t\t\t<\/div>\n\t\t<\/section>\n\t\t\t\t<section class=\"elementor-section elementor-top-section elementor-element elementor-element-73b91d2 elementor-section-boxed elementor-section-height-default elementor-section-height-default\" data-id=\"73b91d2\" data-element_type=\"section\">\n\t\t\t\t\t\t<div class=\"elementor-container elementor-column-gap-default\">\n\t\t\t\t\t<div class=\"elementor-column elementor-col-33 elementor-top-column elementor-element elementor-element-87cec9e\" data-id=\"87cec9e\" data-element_type=\"column\">\n\t\t\t<div class=\"elementor-widget-wrap elementor-element-populated\">\n\t\t\t\t\t\t<div class=\"elementor-element elementor-element-30e7cb5 elementor-widget elementor-widget-image\" data-id=\"30e7cb5\" data-element_type=\"widget\" data-widget_type=\"image.default\">\n\t\t\t\t<div class=\"elementor-widget-container\">\n\t\t\t\t\t\t\t\t\t\t\t\t\t\t\t<img decoding=\"async\" width=\"189\" height=\"228\" src=\"https:\/\/atauni.edu.tr\/sehir-ve-bolge-planlama-bolumu-4\/wp-content\/uploads\/sites\/662\/2025\/03\/merve-yavas\u0327.png\" class=\"attachment-large size-large wp-image-6710\" alt=\"\" \/>\t\t\t\t\t\t\t\t\t\t\t\t\t\t\t<\/div>\n\t\t\t\t<\/div>\n\t\t\t\t\t<\/div>\n\t\t<\/div>\n\t\t\t\t<div class=\"elementor-column elementor-col-66 elementor-top-column elementor-element elementor-element-5aa71fe\" data-id=\"5aa71fe\" data-element_type=\"column\">\n\t\t\t<div class=\"elementor-widget-wrap elementor-element-populated\">\n\t\t\t\t\t\t<div class=\"elementor-element elementor-element-73408c9 elementor-widget elementor-widget-text-editor\" data-id=\"73408c9\" data-element_type=\"widget\" data-widget_type=\"text-editor.default\">\n\t\t\t\t<div class=\"elementor-widget-container\">\n\t\t\t\t\t\t\t\t\t<div><span style=\"font-weight: bolder\">E-Posta:&nbsp;<\/span>merve.yavas@atauni.edu.tr<\/div>\n<div><span style=\"font-weight: bolder\">Profil:&nbsp;<\/span>&nbsp;<a href=\"https:\/\/avesis.atauni.edu.tr\/merve.yavas\" target=\"_blank\" style=\"font-family: var( --e-global-typography-text-font-family ), Sans-serif;font-weight: var( --e-global-typography-text-font-weight );font-size: 1rem;letter-spacing: 0px\">https:\/\/avesis.atauni.edu.tr\/merve.yavas<\/a><\/div>\n<div><span style=\"font-weight: bolder\">Telefon:<\/span>&nbsp;+90 442 231 (6148)&nbsp;<\/div>\n<div><span style=\"font-weight: bolder\">Posta Adresi:<\/span>&nbsp;Atat\u00fcrk \u00dcniversitesi, Merkez Yerle\u015fkesi, Erzurum<\/div>\t\t\t\t\t\t\t\t<\/div>\n\t\t\t\t<\/div>\n\t\t\t\t\t<\/div>\n\t\t<\/div>\n\t\t\t\t\t<\/div>\n\t\t<\/section>\n\t\t\t\t<section class=\"elementor-section elementor-top-section elementor-element elementor-element-12f3344 elementor-section-boxed elementor-section-height-default elementor-section-height-default\" data-id=\"12f3344\" data-element_type=\"section\">\n\t\t\t\t\t\t<div class=\"elementor-container elementor-column-gap-default\">\n\t\t\t\t\t<div class=\"elementor-column elementor-col-50 elementor-top-column elementor-element elementor-element-1948845\" data-id=\"1948845\" data-element_type=\"column\">\n\t\t\t<div class=\"elementor-widget-wrap elementor-element-populated\">\n\t\t\t\t\t\t<div class=\"elementor-element elementor-element-27c3df9 elementor-widget elementor-widget-text-editor\" data-id=\"27c3df9\" data-element_type=\"widget\" data-widget_type=\"text-editor.default\">\n\t\t\t\t<div class=\"elementor-widget-container\">\n\t\t\t\t\t\t\t\t\t<p>B\u00f6l\u00fcm Ba\u015fkan Yard\u0131mc\u0131s\u0131<\/p>\t\t\t\t\t\t\t\t<\/div>\n\t\t\t\t<\/div>\n\t\t\t\t\t<\/div>\n\t\t<\/div>\n\t\t\t\t<div class=\"elementor-column elementor-col-50 elementor-top-column elementor-element elementor-element-e629fef\" data-id=\"e629fef\" data-element_type=\"column\">\n\t\t\t<div class=\"elementor-widget-wrap elementor-element-populated\">\n\t\t\t\t\t\t<div class=\"elementor-element elementor-element-af7f6f2 elementor-widget elementor-widget-text-editor\" data-id=\"af7f6f2\" data-element_type=\"widget\" data-widget_type=\"text-editor.default\">\n\t\t\t\t<div class=\"elementor-widget-container\">\n\t\t\t\t\t\t\t\t\t<p>Dr. \u00d6\u011fr. \u00dcyesi Cansu G\u00fcller Yanar<\/p>\t\t\t\t\t\t\t\t<\/div>\n\t\t\t\t<\/div>\n\t\t\t\t\t<\/div>\n\t\t<\/div>\n\t\t\t\t\t<\/div>\n\t\t<\/section>\n\t\t\t\t<section class=\"elementor-section elementor-top-section elementor-element elementor-element-9043dcc elementor-section-boxed elementor-section-height-default elementor-section-height-default\" data-id=\"9043dcc\" data-element_type=\"section\">\n\t\t\t\t\t\t<div class=\"elementor-container elementor-column-gap-default\">\n\t\t\t\t\t<div class=\"elementor-column elementor-col-33 elementor-top-column elementor-element elementor-element-fb1b69f\" data-id=\"fb1b69f\" data-element_type=\"column\">\n\t\t\t<div class=\"elementor-widget-wrap elementor-element-populated\">\n\t\t\t\t\t\t<div class=\"elementor-element elementor-element-cf4df02 elementor-widget elementor-widget-image\" data-id=\"cf4df02\" data-element_type=\"widget\" data-widget_type=\"image.default\">\n\t\t\t\t<div class=\"elementor-widget-container\">\n\t\t\t\t\t\t\t\t\t\t\t\t\t\t\t<img decoding=\"async\" width=\"189\" height=\"228\" src=\"https:\/\/atauni.edu.tr\/sehir-ve-bolge-planlama-bolumu-4\/wp-content\/uploads\/sites\/662\/2025\/03\/resizer12.png\" class=\"attachment-large size-large wp-image-6711\" alt=\"\" \/>\t\t\t\t\t\t\t\t\t\t\t\t\t\t\t<\/div>\n\t\t\t\t<\/div>\n\t\t\t\t\t<\/div>\n\t\t<\/div>\n\t\t\t\t<div class=\"elementor-column elementor-col-66 elementor-top-column elementor-element elementor-element-3685acd\" data-id=\"3685acd\" data-element_type=\"column\">\n\t\t\t<div class=\"elementor-widget-wrap elementor-element-populated\">\n\t\t\t\t\t\t<div class=\"elementor-element elementor-element-0729339 elementor-widget elementor-widget-text-editor\" data-id=\"0729339\" data-element_type=\"widget\" data-widget_type=\"text-editor.default\">\n\t\t\t\t<div class=\"elementor-widget-container\">\n\t\t\t\t\t\t\t\t\t<div><span style=\"font-weight: bolder\">E-Posta:\u00a0<\/span><span style=\"color: var( --e-global-color-text );font-family: var( --e-global-typography-text-font-family ), Sans-serif;font-weight: var( --e-global-typography-text-font-weight );font-size: 1rem;letter-spacing: 0px\">cansu.guller@atauni.edu.tr<\/span><\/div><div><span style=\"font-weight: bolder\">Profil:\u00a0<\/span>\u00a0<a style=\"font-family: var( --e-global-typography-text-font-family ), Sans-serif;font-weight: var( --e-global-typography-text-font-weight );background-color: #ffffff;font-size: 1rem;letter-spacing: 0px\" href=\"https:\/\/avesis.atauni.edu.tr\/cansu.guller\" target=\"_blank\" rel=\"noopener\">https:\/\/avesis.atauni.edu.tr\/cansu.guller<\/a><\/div><div><span style=\"font-weight: bolder\">Telefon:<\/span>\u00a0+90 442 231 (6152)\u00a0<\/div><div><span style=\"font-weight: bolder\">Posta Adresi:<\/span>\u00a0Atat\u00fcrk \u00dcniversitesi, Merkez Yerle\u015fkesi, Erzurum<\/div>\t\t\t\t\t\t\t\t<\/div>\n\t\t\t\t<\/div>\n\t\t\t\t\t<\/div>\n\t\t<\/div>\n\t\t\t\t\t<\/div>\n\t\t<\/section>\n\t\t\t\t<\/div>\n\t\t","protected":false},"excerpt":{"rendered":"<p>Y\u00f6netim B\u00f6l\u00fcm Ba\u015fkan\u0131Prof .Dr. Do\u011fan Dursun E-Posta: ddursun@atauni.edu.trProfil:\u00a0 https:\/\/avesis.atauni.edu.tr\/ddursunTelefon:\u00a0+90 442 231 (6160)\u00a0Posta Adresi: Atat\u00fcrk \u00dcniversitesi, Merkez Yerle\u015fkesi, Erzurum B\u00f6l\u00fcm Ba\u015fkan Yard\u0131mc\u0131s\u0131 Do\u00e7. Dr. Merve Yava\u015f E-Posta:&nbsp;merve.yavas@atauni.edu.tr Profil:&nbsp;&nbsp;https:\/\/avesis.atauni.edu.tr\/merve.yavas Telefon:&nbsp;+90 442 231 (6148)&nbsp; Posta Adresi:&nbsp;Atat\u00fcrk \u00dcniversitesi, Merkez Yerle\u015fkesi, Erzurum B\u00f6l\u00fcm Ba\u015fkan Yard\u0131mc\u0131s\u0131 Dr. \u00d6\u011fr. \u00dcyesi Cansu G\u00fcller Yanar E-Posta:\u00a0cansu.guller@atauni.edu.trProfil:\u00a0\u00a0https:\/\/avesis.atauni.edu.tr\/cansu.gullerTelefon:\u00a0+90 442 231 (6152)\u00a0Posta Adresi:\u00a0Atat\u00fcrk \u00dcniversitesi, Merkez Yerle\u015fkesi, Erzurum<\/p>\n","protected":false},"author":1,"featured_media":0,"parent":0,"menu_order":0,"comment_status":"closed","ping_status":"closed","template":"elementor_header_footer","meta":{"footnotes":""},"class_list":["post-5662","page","type-page","status-publish","hentry"],"_links":{"self":[{"href":"https:\/\/atauni.edu.tr\/sehir-ve-bolge-planlama-bolumu-4\/index.php?rest_route=\/wp\/v2\/pages\/5662","targetHints":{"allow":["GET"]}}],"collection":[{"href":"https:\/\/atauni.edu.tr\/sehir-ve-bolge-planlama-bolumu-4\/index.php?rest_route=\/wp\/v2\/pages"}],"about":[{"href":"https:\/\/atauni.edu.tr\/sehir-ve-bolge-planlama-bolumu-4\/index.php?rest_route=\/wp\/v2\/types\/page"}],"author":[{"embeddable":true,"href":"https:\/\/atauni.edu.tr\/sehir-ve-bolge-planlama-bolumu-4\/index.php?rest_route=\/wp\/v2\/users\/1"}],"replies":[{"embeddable":true,"href":"https:\/\/atauni.edu.tr\/sehir-ve-bolge-planlama-bolumu-4\/index.php?rest_route=%2Fwp%2Fv2%2Fcomments&post=5662"}],"version-history":[{"count":53,"href":"https:\/\/atauni.edu.tr\/sehir-ve-bolge-planlama-bolumu-4\/index.php?rest_route=\/wp\/v2\/pages\/5662\/revisions"}],"predecessor-version":[{"id":6726,"href":"https:\/\/atauni.edu.tr\/sehir-ve-bolge-planlama-bolumu-4\/index.php?rest_route=\/wp\/v2\/pages\/5662\/revisions\/6726"}],"wp:attachment":[{"href":"https:\/\/atauni.edu.tr\/sehir-ve-bolge-planlama-bolumu-4\/index.php?rest_route=%2Fwp%2Fv2%2Fmedia&parent=5662"}],"curies":[{"name":"wp","href":"https:\/\/api.w.org\/{rel}","templated":true}]}}