{"id":5728,"date":"2021-07-13T11:33:38","date_gmt":"2021-07-13T08:33:38","guid":{"rendered":"https:\/\/portaltest.atauni.edu.tr\/bilgisayar-muhendisligi\/?page_id=5728"},"modified":"2022-09-15T11:14:34","modified_gmt":"2022-09-15T08:14:34","slug":"bolum-tanitimi","status":"publish","type":"page","link":"https:\/\/atauni.edu.tr\/sehir-ve-bolge-planlama-bolumu-4\/?page_id=5728","title":{"rendered":"B\u00f6l\u00fcm Tan\u0131t\u0131m\u0131"},"content":{"rendered":"\t\t<div data-elementor-type=\"wp-page\" data-elementor-id=\"5728\" class=\"elementor elementor-5728\" data-elementor-post-type=\"page\">\n\t\t\t\t\t\t<section class=\"elementor-section elementor-top-section elementor-element elementor-element-730d320 elementor-section-boxed elementor-section-height-default elementor-section-height-default\" data-id=\"730d320\" data-element_type=\"section\">\n\t\t\t\t\t\t<div class=\"elementor-container elementor-column-gap-default\">\n\t\t\t\t\t<div class=\"elementor-column elementor-col-100 elementor-top-column elementor-element elementor-element-753d0860\" data-id=\"753d0860\" data-element_type=\"column\">\n\t\t\t<div class=\"elementor-widget-wrap\">\n\t\t\t\t\t\t\t<\/div>\n\t\t<\/div>\n\t\t\t\t\t<\/div>\n\t\t<\/section>\n\t\t\t\t<section class=\"elementor-section elementor-top-section elementor-element elementor-element-9be811a elementor-section-boxed elementor-section-height-default elementor-section-height-default\" data-id=\"9be811a\" data-element_type=\"section\">\n\t\t\t\t\t\t<div class=\"elementor-container elementor-column-gap-default\">\n\t\t\t\t\t<div class=\"elementor-column elementor-col-100 elementor-top-column elementor-element elementor-element-1ed847b7\" data-id=\"1ed847b7\" data-element_type=\"column\">\n\t\t\t<div class=\"elementor-widget-wrap elementor-element-populated\">\n\t\t\t\t\t\t<div class=\"elementor-element elementor-element-4ce0d07f elementor-widget elementor-widget-heading\" data-id=\"4ce0d07f\" data-element_type=\"widget\" data-widget_type=\"heading.default\">\n\t\t\t\t<div class=\"elementor-widget-container\">\n\t\t\t\t\t<h2 class=\"elementor-heading-title elementor-size-default\">B\u00f6l\u00fcm Tan\u0131t\u0131m\u0131<\/h2>\t\t\t\t<\/div>\n\t\t\t\t<\/div>\n\t\t\t\t<div class=\"elementor-element elementor-element-63260862 elementor-widget-divider--view-line elementor-widget elementor-widget-divider\" data-id=\"63260862\" data-element_type=\"widget\" data-widget_type=\"divider.default\">\n\t\t\t\t<div class=\"elementor-widget-container\">\n\t\t\t\t\t\t\t<div class=\"elementor-divider\">\n\t\t\t<span class=\"elementor-divider-separator\">\n\t\t\t\t\t\t<\/span>\n\t\t<\/div>\n\t\t\t\t\t\t<\/div>\n\t\t\t\t<\/div>\n\t\t\t\t\t<\/div>\n\t\t<\/div>\n\t\t\t\t\t<\/div>\n\t\t<\/section>\n\t\t\t\t<section class=\"elementor-section elementor-top-section elementor-element elementor-element-681db8b elementor-section-boxed elementor-section-height-default elementor-section-height-default\" data-id=\"681db8b\" data-element_type=\"section\">\n\t\t\t\t\t\t<div class=\"elementor-container elementor-column-gap-default\">\n\t\t\t\t\t<div class=\"elementor-column elementor-col-100 elementor-top-column elementor-element elementor-element-ad4dac5\" data-id=\"ad4dac5\" data-element_type=\"column\">\n\t\t\t<div class=\"elementor-widget-wrap elementor-element-populated\">\n\t\t\t\t\t\t<div class=\"elementor-element elementor-element-2f96b3d elementor-widget elementor-widget-text-editor\" data-id=\"2f96b3d\" data-element_type=\"widget\" data-widget_type=\"text-editor.default\">\n\t\t\t\t<div class=\"elementor-widget-container\">\n\t\t\t\t\t\t\t\t\t<div><h2>Hakk\u0131m\u0131zda<\/h2><p><b>B\u00f6l\u00fcm\u00fcm\u00fcz, do\u011fal \u00e7evre, sosyo-ekonomik yap\u0131 ve mek\u00e2nsal kalitenin artt\u0131r\u0131lmas\u0131 y\u00f6n\u00fcnde mekan\u0131 ve ya\u015fam\u0131 kavrayabilen, \u015fehircilik ilkeleri, planlama esaslar\u0131 ve kamu yarar\u0131 kavramlar\u0131n\u0131 g\u00f6z \u00f6n\u00fcnde bulundurarak, analiz ve planlama s\u00fcre\u00e7lerinde karar verebilen, inisiyatif alabilen ve ekip \u00e7al\u0131\u015fmas\u0131 y\u00fcr\u00fctebilen meslek eti\u011fine sahip bireyler ve kent planc\u0131lar\u0131 yeti\u015ftirmeyi ama\u00e7lamaktad\u0131r. Kuramsal derslerin yan\u0131nda uygulama a\u011f\u0131rl\u0131kl\u0131 olan 4 y\u0131ll\u0131k Lisans e\u011fitimi,\u00a0 8 planlama st\u00fcdyosu dersinin ana omurgas\u0131nda \u015fekillenmektedir.<\/b><\/p><p><b>Planlama ve analiz \u00e7al\u0131\u015fmalar\u0131 T\u00fcrkiye\u2019nin \u00e7e\u015fitli yerle\u015fimlerinde ger\u00e7ekle\u015ftirilmektedir. Bir nevi b\u00f6l\u00fcm\u00fcn laboratuvar\u0131 olan kentlerde yap\u0131lan alan \u00e7al\u0131\u015fmalar\u0131 \u00f6\u011frencilerin deneyimini artt\u0131rmaktad\u0131r. \u015eehir ve B\u00f6lge Planlama B\u00f6l\u00fcm\u00fc mezunlar\u0131 kamu sekt\u00f6r\u00fcnde ve \u00f6zel sekt\u00f6rde \u00e7al\u0131\u015fabilmektedirler. Ayr\u0131ca mezunlar planlama disiplini gerektiren veya meslek alan\u0131n\u0131n disiplinler aras\u0131 yap\u0131s\u0131 nedeniyle bir\u00e7ok alanda is\u0327 imkan\u0131 bulabilmektedir. B\u00f6l\u00fcm\u00fcm\u00fcz taraf\u0131ndan geleneksel olarak her y\u0131l tan\u0131\u015fma etkinlikleri ve \u00f6\u011frenci kolokyumu d\u00fczenlenerek \u00f6\u011frencilerin e\u011fitim s\u00fcrecinde aktif bir \u015fekilde rol almalar\u0131 sa\u011flanmaktad\u0131r.<\/b><\/p><\/div>\t\t\t\t\t\t\t\t<\/div>\n\t\t\t\t<\/div>\n\t\t\t\t\t<\/div>\n\t\t<\/div>\n\t\t\t\t\t<\/div>\n\t\t<\/section>\n\t\t\t\t<section class=\"elementor-section elementor-top-section elementor-element elementor-element-6e85b1a elementor-section-boxed elementor-section-height-default elementor-section-height-default\" data-id=\"6e85b1a\" data-element_type=\"section\">\n\t\t\t\t\t\t<div class=\"elementor-container elementor-column-gap-default\">\n\t\t\t\t\t<div class=\"elementor-column elementor-col-100 elementor-top-column elementor-element elementor-element-ebfc98c\" data-id=\"ebfc98c\" data-element_type=\"column\">\n\t\t\t<div class=\"elementor-widget-wrap elementor-element-populated\">\n\t\t\t\t\t\t<div class=\"elementor-element elementor-element-96abac5 elementor-widget elementor-widget-video\" data-id=\"96abac5\" data-element_type=\"widget\" data-settings=\"{&quot;youtube_url&quot;:&quot;https:\\\/\\\/www.youtube.com\\\/watch?v=RZPBNtTb1CQ&quot;,&quot;video_type&quot;:&quot;youtube&quot;,&quot;controls&quot;:&quot;yes&quot;}\" data-widget_type=\"video.default\">\n\t\t\t\t<div class=\"elementor-widget-container\">\n\t\t\t\t\t\t\t<div class=\"elementor-wrapper elementor-open-inline\">\n\t\t\t<div class=\"elementor-video\"><\/div>\t\t<\/div>\n\t\t\t\t\t\t<\/div>\n\t\t\t\t<\/div>\n\t\t\t\t\t<\/div>\n\t\t<\/div>\n\t\t\t\t\t<\/div>\n\t\t<\/section>\n\t\t\t\t<\/div>\n\t\t","protected":false},"excerpt":{"rendered":"<p>B\u00f6l\u00fcm Tan\u0131t\u0131m\u0131 Hakk\u0131m\u0131zda B\u00f6l\u00fcm\u00fcm\u00fcz, do\u011fal \u00e7evre, sosyo-ekonomik yap\u0131 ve mek\u00e2nsal kalitenin artt\u0131r\u0131lmas\u0131 y\u00f6n\u00fcnde mekan\u0131 ve ya\u015fam\u0131 kavrayabilen, \u015fehircilik ilkeleri, planlama esaslar\u0131 ve kamu yarar\u0131 kavramlar\u0131n\u0131 g\u00f6z \u00f6n\u00fcnde bulundurarak, analiz ve planlama s\u00fcre\u00e7lerinde karar verebilen, inisiyatif alabilen ve ekip \u00e7al\u0131\u015fmas\u0131 y\u00fcr\u00fctebilen meslek eti\u011fine sahip bireyler ve kent planc\u0131lar\u0131 yeti\u015ftirmeyi ama\u00e7lamaktad\u0131r. Kuramsal derslerin yan\u0131nda uygulama a\u011f\u0131rl\u0131kl\u0131 olan [&hellip;]<\/p>\n","protected":false},"author":1,"featured_media":0,"parent":0,"menu_order":0,"comment_status":"closed","ping_status":"closed","template":"elementor_header_footer","meta":{"footnotes":""},"class_list":["post-5728","page","type-page","status-publish","hentry"],"_links":{"self":[{"href":"https:\/\/atauni.edu.tr\/sehir-ve-bolge-planlama-bolumu-4\/index.php?rest_route=\/wp\/v2\/pages\/5728","targetHints":{"allow":["GET"]}}],"collection":[{"href":"https:\/\/atauni.edu.tr\/sehir-ve-bolge-planlama-bolumu-4\/index.php?rest_route=\/wp\/v2\/pages"}],"about":[{"href":"https:\/\/atauni.edu.tr\/sehir-ve-bolge-planlama-bolumu-4\/index.php?rest_route=\/wp\/v2\/types\/page"}],"author":[{"embeddable":true,"href":"https:\/\/atauni.edu.tr\/sehir-ve-bolge-planlama-bolumu-4\/index.php?rest_route=\/wp\/v2\/users\/1"}],"replies":[{"embeddable":true,"href":"https:\/\/atauni.edu.tr\/sehir-ve-bolge-planlama-bolumu-4\/index.php?rest_route=%2Fwp%2Fv2%2Fcomments&post=5728"}],"version-history":[{"count":17,"href":"https:\/\/atauni.edu.tr\/sehir-ve-bolge-planlama-bolumu-4\/index.php?rest_route=\/wp\/v2\/pages\/5728\/revisions"}],"predecessor-version":[{"id":6306,"href":"https:\/\/atauni.edu.tr\/sehir-ve-bolge-planlama-bolumu-4\/index.php?rest_route=\/wp\/v2\/pages\/5728\/revisions\/6306"}],"wp:attachment":[{"href":"https:\/\/atauni.edu.tr\/sehir-ve-bolge-planlama-bolumu-4\/index.php?rest_route=%2Fwp%2Fv2%2Fmedia&parent=5728"}],"curies":[{"name":"wp","href":"https:\/\/api.w.org\/{rel}","templated":true}]}}