{"id":5765,"date":"2021-07-13T12:56:51","date_gmt":"2021-07-13T09:56:51","guid":{"rendered":"https:\/\/portaltest.atauni.edu.tr\/bilgisayar-muhendisligi\/?page_id=5765"},"modified":"2022-09-15T10:58:56","modified_gmt":"2022-09-15T07:58:56","slug":"anabilim-dallari","status":"publish","type":"page","link":"https:\/\/atauni.edu.tr\/sehir-ve-bolge-planlama-bolumu-4\/?page_id=5765","title":{"rendered":"Anabilim Dallar\u0131"},"content":{"rendered":"\t\t<div data-elementor-type=\"wp-page\" data-elementor-id=\"5765\" class=\"elementor elementor-5765\" data-elementor-post-type=\"page\">\n\t\t\t\t\t\t<section class=\"elementor-section elementor-top-section elementor-element elementor-element-730d320 elementor-section-boxed elementor-section-height-default elementor-section-height-default\" data-id=\"730d320\" data-element_type=\"section\">\n\t\t\t\t\t\t<div class=\"elementor-container elementor-column-gap-default\">\n\t\t\t\t\t<div class=\"elementor-column elementor-col-100 elementor-top-column elementor-element elementor-element-753d0860\" data-id=\"753d0860\" data-element_type=\"column\">\n\t\t\t<div class=\"elementor-widget-wrap\">\n\t\t\t\t\t\t\t<\/div>\n\t\t<\/div>\n\t\t\t\t\t<\/div>\n\t\t<\/section>\n\t\t\t\t<section class=\"elementor-section elementor-top-section elementor-element elementor-element-9be811a elementor-section-boxed elementor-section-height-default elementor-section-height-default\" data-id=\"9be811a\" data-element_type=\"section\">\n\t\t\t\t\t\t<div class=\"elementor-container elementor-column-gap-default\">\n\t\t\t\t\t<div class=\"elementor-column elementor-col-100 elementor-top-column elementor-element elementor-element-1ed847b7\" data-id=\"1ed847b7\" data-element_type=\"column\">\n\t\t\t<div class=\"elementor-widget-wrap elementor-element-populated\">\n\t\t\t\t\t\t<div class=\"elementor-element elementor-element-4ce0d07f elementor-widget elementor-widget-heading\" data-id=\"4ce0d07f\" data-element_type=\"widget\" data-widget_type=\"heading.default\">\n\t\t\t\t<div class=\"elementor-widget-container\">\n\t\t\t\t\t<h2 class=\"elementor-heading-title elementor-size-default\">Anabilim Dallar\u0131<\/h2>\t\t\t\t<\/div>\n\t\t\t\t<\/div>\n\t\t\t\t<div class=\"elementor-element elementor-element-63260862 elementor-widget-divider--view-line elementor-widget elementor-widget-divider\" data-id=\"63260862\" data-element_type=\"widget\" data-widget_type=\"divider.default\">\n\t\t\t\t<div class=\"elementor-widget-container\">\n\t\t\t\t\t\t\t<div class=\"elementor-divider\">\n\t\t\t<span class=\"elementor-divider-separator\">\n\t\t\t\t\t\t<\/span>\n\t\t<\/div>\n\t\t\t\t\t\t<\/div>\n\t\t\t\t<\/div>\n\t\t\t\t\t<\/div>\n\t\t<\/div>\n\t\t\t\t\t<\/div>\n\t\t<\/section>\n\t\t\t\t<section class=\"elementor-section elementor-top-section elementor-element elementor-element-681db8b elementor-section-boxed elementor-section-height-default elementor-section-height-default\" data-id=\"681db8b\" data-element_type=\"section\">\n\t\t\t\t\t\t<div class=\"elementor-container elementor-column-gap-default\">\n\t\t\t\t\t<div class=\"elementor-column elementor-col-100 elementor-top-column elementor-element elementor-element-ad4dac5\" data-id=\"ad4dac5\" data-element_type=\"column\">\n\t\t\t<div class=\"elementor-widget-wrap elementor-element-populated\">\n\t\t\t\t\t\t<div class=\"elementor-element elementor-element-2f96b3d elementor-widget elementor-widget-text-editor\" data-id=\"2f96b3d\" data-element_type=\"widget\" data-widget_type=\"text-editor.default\">\n\t\t\t\t<div class=\"elementor-widget-container\">\n\t\t\t\t\t\t\t\t\t<div>\n<h2>\u015eehircilik Anabilim Dal\u0131&nbsp;<\/h2>\n<p><b>\u015eehircilik Anabilim Dal\u0131, farkl\u0131 \u00f6l\u00e7eklerde ve kapsamlarda y\u00fcr\u00fct\u00fclen st\u00fcdyo \u00e7al\u0131\u015fmalar\u0131 ba\u015fta olmak \u00fczere b\u00fcnyesinde yer alan zorunlu + se\u00e7meli derslerle planlama e\u011fitimimizde \u00f6nemi yads\u0131namaz bir rol oynamaktad\u0131r. \u015eehircilik Anabilim Dal\u0131 b\u00fcnyesinde, disiplinler aras\u0131 etkile\u015fimin gereklili\u011finin fark\u0131nda olarak, planlama ve \u015fehircilik alan\u0131na dair mevcut ve g\u00fcncel konularla ilgili kuramsal ve uygulamal\u0131 \u00e7al\u0131\u015fmalar\/ara\u015ft\u0131rmalar y\u00fcr\u00fct\u00fclmektedir. Analiz etme ve yorumlama d\u00fczeyleri y\u00fcksek, ifade teknikleri geli\u015fmi\u015f planc\u0131lar yeti\u015ftirmenin \u00f6neminin fark\u0131nda olan \u015eehircilik Anabilim Dal\u0131, st\u00fcdyo \u00e7al\u0131\u015fmalar\u0131n\u0131 ve ders i\u00e7eriklerini bu amac\u0131 ger\u00e7ekle\u015ftirmeye y\u00f6nelik d\u00fczenlemektedir.<\/b><\/p>\n<\/div>\n<div>\n<h2>B\u00f6lge Planlama Anabilim Dal\u0131&nbsp;<\/h2>\n<p><b>B\u00f6lge Planlama Anabilim Dal\u0131 \u00e7a\u011fda\u015f planlaman\u0131n gere\u011fi olan \u00e7ok-disiplinli yap\u0131s\u0131n\u0131 bug\u00fcn de ba\u015far\u0131yla s\u00fcrd\u00fcrmektedir. Co\u011frafyadan sosyolojiye,&nbsp; ekolojiden k\u0131rsal planlamaya ve afet y\u00f6netimine uzanan bir yelpaze i\u00e7inde uzmanla\u015fm\u0131\u015f olan \u00f6\u011fretim elemanlar\u0131 lisans ve y\u00fcksek lisans e\u011fitimine kent ekonomisi, kent sosyolojisi, sosyoloji, sosyal sermaye, ara\u015ft\u0131rma y\u00f6ntemleri, analiz y\u00f6ntem ve teknikleri, y\u00f6ntembilim ve \u00fclke\/b\u00f6lge planlama gibi derslerle katk\u0131da bulunmaktad\u0131r.<\/b><\/p>\n<\/div>\t\t\t\t\t\t\t\t<\/div>\n\t\t\t\t<\/div>\n\t\t\t\t\t<\/div>\n\t\t<\/div>\n\t\t\t\t\t<\/div>\n\t\t<\/section>\n\t\t\t\t<\/div>\n\t\t","protected":false},"excerpt":{"rendered":"<p>Anabilim Dallar\u0131 \u015eehircilik Anabilim Dal\u0131&nbsp; \u015eehircilik Anabilim Dal\u0131, farkl\u0131 \u00f6l\u00e7eklerde ve kapsamlarda y\u00fcr\u00fct\u00fclen st\u00fcdyo \u00e7al\u0131\u015fmalar\u0131 ba\u015fta olmak \u00fczere b\u00fcnyesinde yer alan zorunlu + se\u00e7meli derslerle planlama e\u011fitimimizde \u00f6nemi yads\u0131namaz bir rol oynamaktad\u0131r. \u015eehircilik Anabilim Dal\u0131 b\u00fcnyesinde, disiplinler aras\u0131 etkile\u015fimin gereklili\u011finin fark\u0131nda olarak, planlama ve \u015fehircilik alan\u0131na dair mevcut ve g\u00fcncel konularla ilgili kuramsal ve uygulamal\u0131 [&hellip;]<\/p>\n","protected":false},"author":1,"featured_media":0,"parent":0,"menu_order":0,"comment_status":"closed","ping_status":"closed","template":"elementor_header_footer","meta":{"footnotes":""},"class_list":["post-5765","page","type-page","status-publish","hentry"],"_links":{"self":[{"href":"https:\/\/atauni.edu.tr\/sehir-ve-bolge-planlama-bolumu-4\/index.php?rest_route=\/wp\/v2\/pages\/5765","targetHints":{"allow":["GET"]}}],"collection":[{"href":"https:\/\/atauni.edu.tr\/sehir-ve-bolge-planlama-bolumu-4\/index.php?rest_route=\/wp\/v2\/pages"}],"about":[{"href":"https:\/\/atauni.edu.tr\/sehir-ve-bolge-planlama-bolumu-4\/index.php?rest_route=\/wp\/v2\/types\/page"}],"author":[{"embeddable":true,"href":"https:\/\/atauni.edu.tr\/sehir-ve-bolge-planlama-bolumu-4\/index.php?rest_route=\/wp\/v2\/users\/1"}],"replies":[{"embeddable":true,"href":"https:\/\/atauni.edu.tr\/sehir-ve-bolge-planlama-bolumu-4\/index.php?rest_route=%2Fwp%2Fv2%2Fcomments&post=5765"}],"version-history":[{"count":11,"href":"https:\/\/atauni.edu.tr\/sehir-ve-bolge-planlama-bolumu-4\/index.php?rest_route=\/wp\/v2\/pages\/5765\/revisions"}],"predecessor-version":[{"id":6281,"href":"https:\/\/atauni.edu.tr\/sehir-ve-bolge-planlama-bolumu-4\/index.php?rest_route=\/wp\/v2\/pages\/5765\/revisions\/6281"}],"wp:attachment":[{"href":"https:\/\/atauni.edu.tr\/sehir-ve-bolge-planlama-bolumu-4\/index.php?rest_route=%2Fwp%2Fv2%2Fmedia&parent=5765"}],"curies":[{"name":"wp","href":"https:\/\/api.w.org\/{rel}","templated":true}]}}