{"id":5688,"date":"2021-07-13T10:13:48","date_gmt":"2021-07-13T07:13:48","guid":{"rendered":"https:\/\/portaltest.atauni.edu.tr\/bilgisayar-muhendisligi\/?page_id=5688"},"modified":"2022-07-04T17:01:50","modified_gmt":"2022-07-04T14:01:50","slug":"akademik-personel","status":"publish","type":"page","link":"https:\/\/atauni.edu.tr\/sehir-ve-bolge-planlama-bolumu\/akademik-personel\/","title":{"rendered":"Akademik Personel"},"content":{"rendered":"\t\t<div data-elementor-type=\"wp-page\" data-elementor-id=\"5688\" class=\"elementor elementor-5688\" data-elementor-post-type=\"page\">\n\t\t\t\t\t\t<section class=\"elementor-section elementor-top-section elementor-element elementor-element-22b96024 elementor-section-boxed elementor-section-height-default elementor-section-height-default\" data-id=\"22b96024\" data-element_type=\"section\">\n\t\t\t\t\t\t<div class=\"elementor-container elementor-column-gap-default\">\n\t\t\t\t\t<div class=\"elementor-column elementor-col-100 elementor-top-column elementor-element elementor-element-5a1f7769\" data-id=\"5a1f7769\" data-element_type=\"column\">\n\t\t\t<div class=\"elementor-widget-wrap elementor-element-populated\">\n\t\t\t\t\t\t<div class=\"elementor-element elementor-element-3b3e2d4a elementor-widget elementor-widget-heading\" data-id=\"3b3e2d4a\" data-element_type=\"widget\" data-widget_type=\"heading.default\">\n\t\t\t\t<div class=\"elementor-widget-container\">\n\t\t\t\t\t<h2 class=\"elementor-heading-title elementor-size-default\">Akademik Personel<\/h2>\t\t\t\t<\/div>\n\t\t\t\t<\/div>\n\t\t\t\t<div class=\"elementor-element elementor-element-35223868 elementor-widget-divider--view-line elementor-widget elementor-widget-divider\" data-id=\"35223868\" data-element_type=\"widget\" data-widget_type=\"divider.default\">\n\t\t\t\t<div class=\"elementor-widget-container\">\n\t\t\t\t\t\t\t<div class=\"elementor-divider\">\n\t\t\t<span class=\"elementor-divider-separator\">\n\t\t\t\t\t\t<\/span>\n\t\t<\/div>\n\t\t\t\t\t\t<\/div>\n\t\t\t\t<\/div>\n\t\t\t\t\t<\/div>\n\t\t<\/div>\n\t\t\t\t\t<\/div>\n\t\t<\/section>\n\t\t\t\t<section class=\"elementor-section elementor-top-section elementor-element elementor-element-b9726fb elementor-section-boxed elementor-section-height-default elementor-section-height-default\" data-id=\"b9726fb\" data-element_type=\"section\">\n\t\t\t\t\t\t<div class=\"elementor-container elementor-column-gap-default\">\n\t\t\t\t\t<div class=\"elementor-column elementor-col-100 elementor-top-column elementor-element elementor-element-db5efd7\" data-id=\"db5efd7\" data-element_type=\"column\">\n\t\t\t<div class=\"elementor-widget-wrap elementor-element-populated\">\n\t\t\t\t\t\t<div class=\"elementor-element elementor-element-6684834 elementor-widget elementor-widget-image\" data-id=\"6684834\" data-element_type=\"widget\" data-widget_type=\"image.default\">\n\t\t\t\t<div class=\"elementor-widget-container\">\n\t\t\t\t\t\t\t\t\t\t\t\t\t\t\t<img decoding=\"async\" width=\"150\" height=\"150\" src=\"https:\/\/atauni.edu.tr\/sehir-ve-bolge-planlama-bolumu\/wp-content\/uploads\/sites\/158\/2022\/02\/toy-150x150.png\" class=\"attachment-thumbnail size-thumbnail wp-image-6298\" alt=\"\" \/>\t\t\t\t\t\t\t\t\t\t\t\t\t\t\t<\/div>\n\t\t\t\t<\/div>\n\t\t\t\t<div class=\"elementor-element elementor-element-adaf09f elementor-widget elementor-widget-heading\" data-id=\"adaf09f\" data-element_type=\"widget\" data-widget_type=\"heading.default\">\n\t\t\t\t<div class=\"elementor-widget-container\">\n\t\t\t\t\t<h2 class=\"elementor-heading-title elementor-size-default\"><a href=\"https:\/\/avesis.atauni.edu.tr\/suleyman.toy\"><span style=\"font-size: 19px\">Prof.Dr.S\u00fcleyman TOY<\/span><\/a><\/h2>\t\t\t\t<\/div>\n\t\t\t\t<\/div>\n\t\t\t\t<div class=\"elementor-element elementor-element-2fa9af6 elementor-widget elementor-widget-image\" data-id=\"2fa9af6\" data-element_type=\"widget\" data-widget_type=\"image.default\">\n\t\t\t\t<div class=\"elementor-widget-container\">\n\t\t\t\t\t\t\t\t\t\t\t\t\t\t\t<img decoding=\"async\" width=\"150\" height=\"150\" src=\"https:\/\/atauni.edu.tr\/sehir-ve-bolge-planlama-bolumu\/wp-content\/uploads\/sites\/158\/2022\/02\/dogan-150x150.png\" class=\"attachment-thumbnail size-thumbnail wp-image-6303\" alt=\"\" \/>\t\t\t\t\t\t\t\t\t\t\t\t\t\t\t<\/div>\n\t\t\t\t<\/div>\n\t\t\t\t<div class=\"elementor-element elementor-element-e19af28 elementor-widget elementor-widget-heading\" data-id=\"e19af28\" data-element_type=\"widget\" data-widget_type=\"heading.default\">\n\t\t\t\t<div class=\"elementor-widget-container\">\n\t\t\t\t\t<h6 class=\"elementor-heading-title elementor-size-default\"><a href=\"https:\/\/avesis.atauni.edu.tr\/ddursun\">Do\u00e7.Dr.Do\u011fan DURSUN<\/a><\/h6>\t\t\t\t<\/div>\n\t\t\t\t<\/div>\n\t\t\t\t<div class=\"elementor-element elementor-element-78da5ad elementor-widget elementor-widget-image\" data-id=\"78da5ad\" data-element_type=\"widget\" data-widget_type=\"image.default\">\n\t\t\t\t<div class=\"elementor-widget-container\">\n\t\t\t\t\t\t\t\t\t\t\t\t\t\t\t<img decoding=\"async\" width=\"189\" height=\"228\" src=\"https:\/\/atauni.edu.tr\/sehir-ve-bolge-planlama-bolumu\/wp-content\/uploads\/sites\/158\/2022\/02\/neslihan.png\" class=\"attachment-large size-large wp-image-6308\" alt=\"\" \/>\t\t\t\t\t\t\t\t\t\t\t\t\t\t\t<\/div>\n\t\t\t\t<\/div>\n\t\t\t\t<div class=\"elementor-element elementor-element-15ac507 elementor-widget elementor-widget-heading\" data-id=\"15ac507\" data-element_type=\"widget\" data-widget_type=\"heading.default\">\n\t\t\t\t<div class=\"elementor-widget-container\">\n\t\t\t\t\t<h6 class=\"elementor-heading-title elementor-size-default\"><a href=\"https:\/\/avesis.atauni.edu.tr\/nkulozu\">Do\u00e7.Dr.Neslihan Kul\u00f6z\u00fc UZUNBOY<\/a><\/h6>\t\t\t\t<\/div>\n\t\t\t\t<\/div>\n\t\t\t\t<div class=\"elementor-element elementor-element-2722808 elementor-widget elementor-widget-image\" data-id=\"2722808\" data-element_type=\"widget\" data-widget_type=\"image.default\">\n\t\t\t\t<div class=\"elementor-widget-container\">\n\t\t\t\t\t\t\t\t\t\t\t\t\t\t\t<img loading=\"lazy\" decoding=\"async\" width=\"228\" height=\"304\" src=\"https:\/\/atauni.edu.tr\/sehir-ve-bolge-planlama-bolumu\/wp-content\/uploads\/sites\/158\/2022\/02\/gul-2.png\" class=\"attachment-large size-large wp-image-6386\" alt=\"\" srcset=\"https:\/\/atauni.edu.tr\/sehir-ve-bolge-planlama-bolumu\/wp-content\/uploads\/sites\/158\/2022\/02\/gul-2.png 228w, https:\/\/atauni.edu.tr\/sehir-ve-bolge-planlama-bolumu\/wp-content\/uploads\/sites\/158\/2022\/02\/gul-2-225x300.png 225w\" sizes=\"(max-width: 228px) 100vw, 228px\" \/>\t\t\t\t\t\t\t\t\t\t\t\t\t\t\t<\/div>\n\t\t\t\t<\/div>\n\t\t\t\t<div class=\"elementor-element elementor-element-1cf0362 elementor-widget elementor-widget-heading\" data-id=\"1cf0362\" data-element_type=\"widget\" data-widget_type=\"heading.default\">\n\t\t\t\t<div class=\"elementor-widget-container\">\n\t\t\t\t\t<h6 class=\"elementor-heading-title elementor-size-default\"><a href=\"https:\/\/avesis.atauni.edu.tr\/gulsimsek\">Dr.\u00d6\u011fr.\u00dcyesi G\u00fcl \u015e\u0130M\u015eEK<\/a><\/h6>\t\t\t\t<\/div>\n\t\t\t\t<\/div>\n\t\t\t\t<div class=\"elementor-element elementor-element-98485d5 elementor-widget elementor-widget-image\" data-id=\"98485d5\" data-element_type=\"widget\" data-widget_type=\"image.default\">\n\t\t\t\t<div class=\"elementor-widget-container\">\n\t\t\t\t\t\t\t\t\t\t\t\t\t\t\t<img loading=\"lazy\" decoding=\"async\" width=\"189\" height=\"228\" src=\"https:\/\/atauni.edu.tr\/sehir-ve-bolge-planlama-bolumu\/wp-content\/uploads\/sites\/158\/2022\/02\/defne.png\" class=\"attachment-large size-large wp-image-6321\" alt=\"\" \/>\t\t\t\t\t\t\t\t\t\t\t\t\t\t\t<\/div>\n\t\t\t\t<\/div>\n\t\t\t\t<div class=\"elementor-element elementor-element-164da8b elementor-widget elementor-widget-heading\" data-id=\"164da8b\" data-element_type=\"widget\" data-widget_type=\"heading.default\">\n\t\t\t\t<div class=\"elementor-widget-container\">\n\t\t\t\t\t<h6 class=\"elementor-heading-title elementor-size-default\"><a href=\"https:\/\/avesis.atauni.edu.tr\/defne.dursun\">Dr.\u00d6\u011fr.\u00dcyesi Defne DURSUN<\/a><\/h6>\t\t\t\t<\/div>\n\t\t\t\t<\/div>\n\t\t\t\t<div class=\"elementor-element elementor-element-08ef156 elementor-widget elementor-widget-image\" data-id=\"08ef156\" data-element_type=\"widget\" data-widget_type=\"image.default\">\n\t\t\t\t<div class=\"elementor-widget-container\">\n\t\t\t\t\t\t\t\t\t\t\t\t\t\t\t<img loading=\"lazy\" decoding=\"async\" width=\"189\" height=\"228\" src=\"https:\/\/atauni.edu.tr\/sehir-ve-bolge-planlama-bolumu\/wp-content\/uploads\/sites\/158\/2022\/02\/merve.png\" class=\"attachment-large size-large wp-image-6324\" alt=\"\" \/>\t\t\t\t\t\t\t\t\t\t\t\t\t\t\t<\/div>\n\t\t\t\t<\/div>\n\t\t\t\t<div class=\"elementor-element elementor-element-17d441d elementor-widget elementor-widget-heading\" data-id=\"17d441d\" data-element_type=\"widget\" data-widget_type=\"heading.default\">\n\t\t\t\t<div class=\"elementor-widget-container\">\n\t\t\t\t\t<h6 class=\"elementor-heading-title elementor-size-default\"><a href=\"https:\/\/avesis.atauni.edu.tr\/merve.yavas\">Dr.\u00d6\u011fr.\u00dcyesi Merve YAVA\u015e<\/a><\/h6>\t\t\t\t<\/div>\n\t\t\t\t<\/div>\n\t\t\t\t<div class=\"elementor-element elementor-element-b1ea3d3 elementor-widget elementor-widget-image\" data-id=\"b1ea3d3\" data-element_type=\"widget\" data-widget_type=\"image.default\">\n\t\t\t\t<div class=\"elementor-widget-container\">\n\t\t\t\t\t\t\t\t\t\t\t\t\t\t\t<img loading=\"lazy\" decoding=\"async\" width=\"268\" height=\"268\" src=\"https:\/\/atauni.edu.tr\/sehir-ve-bolge-planlama-bolumu\/wp-content\/uploads\/sites\/158\/2022\/02\/ismail.png\" class=\"attachment-large size-large wp-image-6383\" alt=\"\" srcset=\"https:\/\/atauni.edu.tr\/sehir-ve-bolge-planlama-bolumu\/wp-content\/uploads\/sites\/158\/2022\/02\/ismail.png 268w, https:\/\/atauni.edu.tr\/sehir-ve-bolge-planlama-bolumu\/wp-content\/uploads\/sites\/158\/2022\/02\/ismail-150x150.png 150w\" sizes=\"(max-width: 268px) 100vw, 268px\" \/>\t\t\t\t\t\t\t\t\t\t\t\t\t\t\t<\/div>\n\t\t\t\t<\/div>\n\t\t\t\t<div class=\"elementor-element elementor-element-b73aef9 elementor-widget elementor-widget-heading\" data-id=\"b73aef9\" data-element_type=\"widget\" data-widget_type=\"heading.default\">\n\t\t\t\t<div class=\"elementor-widget-container\">\n\t\t\t\t\t<h6 class=\"elementor-heading-title elementor-size-default\"><a href=\"https:\/\/avesis.atauni.edu.tr\/idemirdag\">Ar\u015f.G\u00f6r.Dr. \u0130smail DEM\u0130RDA\u011e<\/a><\/h6>\t\t\t\t<\/div>\n\t\t\t\t<\/div>\n\t\t\t\t<div class=\"elementor-element elementor-element-bf5ca40 elementor-widget elementor-widget-image\" data-id=\"bf5ca40\" data-element_type=\"widget\" data-widget_type=\"image.default\">\n\t\t\t\t<div class=\"elementor-widget-container\">\n\t\t\t\t\t\t\t\t\t\t\t\t\t\t\t<img loading=\"lazy\" decoding=\"async\" width=\"341\" height=\"341\" src=\"https:\/\/atauni.edu.tr\/sehir-ve-bolge-planlama-bolumu\/wp-content\/uploads\/sites\/158\/2022\/02\/yasar.png\" class=\"attachment-large size-large wp-image-6364\" alt=\"\" srcset=\"https:\/\/atauni.edu.tr\/sehir-ve-bolge-planlama-bolumu\/wp-content\/uploads\/sites\/158\/2022\/02\/yasar.png 341w, https:\/\/atauni.edu.tr\/sehir-ve-bolge-planlama-bolumu\/wp-content\/uploads\/sites\/158\/2022\/02\/yasar-300x300.png 300w, https:\/\/atauni.edu.tr\/sehir-ve-bolge-planlama-bolumu\/wp-content\/uploads\/sites\/158\/2022\/02\/yasar-150x150.png 150w\" sizes=\"(max-width: 341px) 100vw, 341px\" \/>\t\t\t\t\t\t\t\t\t\t\t\t\t\t\t<\/div>\n\t\t\t\t<\/div>\n\t\t\t\t<div class=\"elementor-element elementor-element-786c1bf elementor-widget elementor-widget-heading\" data-id=\"786c1bf\" data-element_type=\"widget\" data-widget_type=\"heading.default\">\n\t\t\t\t<div class=\"elementor-widget-container\">\n\t\t\t\t\t<h6 class=\"elementor-heading-title elementor-size-default\"><a href=\"https:\/\/avesis.atauni.edu.tr\/yasar.okudan\">Ara\u015f.G\u00f6r.Ya\u015far OKUDAN<\/a><\/h6>\t\t\t\t<\/div>\n\t\t\t\t<\/div>\n\t\t\t\t<div class=\"elementor-element elementor-element-ef02c97 elementor-widget elementor-widget-image\" data-id=\"ef02c97\" data-element_type=\"widget\" data-widget_type=\"image.default\">\n\t\t\t\t<div class=\"elementor-widget-container\">\n\t\t\t\t\t\t\t\t\t\t\t\t\t\t\t<img loading=\"lazy\" decoding=\"async\" width=\"189\" height=\"228\" src=\"https:\/\/atauni.edu.tr\/sehir-ve-bolge-planlama-bolumu\/wp-content\/uploads\/sites\/158\/2022\/02\/cansu.png\" class=\"attachment-large size-large wp-image-6320\" alt=\"\" \/>\t\t\t\t\t\t\t\t\t\t\t\t\t\t\t<\/div>\n\t\t\t\t<\/div>\n\t\t\t\t<div class=\"elementor-element elementor-element-f1eafd3 elementor-widget elementor-widget-heading\" data-id=\"f1eafd3\" data-element_type=\"widget\" data-widget_type=\"heading.default\">\n\t\t\t\t<div class=\"elementor-widget-container\">\n\t\t\t\t\t<h6 class=\"elementor-heading-title elementor-size-default\"><a href=\"https:\/\/avesis.atauni.edu.tr\/cansu.guller\">Ara\u015f.G\u00f6r.Cansu G\u00fcller YANAR<\/a><\/h6>\t\t\t\t<\/div>\n\t\t\t\t<\/div>\n\t\t\t\t<div class=\"elementor-element elementor-element-49a31ee elementor-widget elementor-widget-image\" data-id=\"49a31ee\" data-element_type=\"widget\" data-widget_type=\"image.default\">\n\t\t\t\t<div class=\"elementor-widget-container\">\n\t\t\t\t\t\t\t\t\t\t\t\t\t\t\t<img loading=\"lazy\" decoding=\"async\" width=\"189\" height=\"228\" src=\"https:\/\/atauni.edu.tr\/sehir-ve-bolge-planlama-bolumu\/wp-content\/uploads\/sites\/158\/2022\/02\/selcan.png\" class=\"attachment-large size-large wp-image-6326\" alt=\"\" \/>\t\t\t\t\t\t\t\t\t\t\t\t\t\t\t<\/div>\n\t\t\t\t<\/div>\n\t\t\t\t<div class=\"elementor-element elementor-element-a2d7202 elementor-widget elementor-widget-heading\" data-id=\"a2d7202\" data-element_type=\"widget\" data-widget_type=\"heading.default\">\n\t\t\t\t<div class=\"elementor-widget-container\">\n\t\t\t\t\t<h6 class=\"elementor-heading-title elementor-size-default\"><a href=\"https:\/\/avesis.atauni.edu.tr\/selcan.bayram\">Ara\u015f.G\u00f6r.Selcan AKKU\u015e<\/a><\/h6>\t\t\t\t<\/div>\n\t\t\t\t<\/div>\n\t\t\t\t<div class=\"elementor-element elementor-element-3fef1a1 elementor-widget elementor-widget-image\" data-id=\"3fef1a1\" data-element_type=\"widget\" data-widget_type=\"image.default\">\n\t\t\t\t<div class=\"elementor-widget-container\">\n\t\t\t\t\t\t\t\t\t\t\t\t\t\t\t<img loading=\"lazy\" decoding=\"async\" width=\"189\" height=\"228\" src=\"https:\/\/atauni.edu.tr\/sehir-ve-bolge-planlama-bolumu\/wp-content\/uploads\/sites\/158\/2022\/02\/burak.png\" class=\"attachment-large size-large wp-image-6319\" alt=\"\" \/>\t\t\t\t\t\t\t\t\t\t\t\t\t\t\t<\/div>\n\t\t\t\t<\/div>\n\t\t\t\t<div class=\"elementor-element elementor-element-2ce93aa elementor-widget elementor-widget-heading\" data-id=\"2ce93aa\" data-element_type=\"widget\" data-widget_type=\"heading.default\">\n\t\t\t\t<div class=\"elementor-widget-container\">\n\t\t\t\t\t<h6 class=\"elementor-heading-title elementor-size-default\"><a href=\"https:\/\/avesis.atauni.edu.tr\/burak.kaya\">Ara\u015f.G\u00f6r.Ahmet Burak KAYA<\/a><\/h6>\t\t\t\t<\/div>\n\t\t\t\t<\/div>\n\t\t\t\t<div class=\"elementor-element elementor-element-7f7647b elementor-widget elementor-widget-image\" data-id=\"7f7647b\" data-element_type=\"widget\" data-widget_type=\"image.default\">\n\t\t\t\t<div class=\"elementor-widget-container\">\n\t\t\t\t\t\t\t\t\t\t\t\t\t\t\t<img loading=\"lazy\" decoding=\"async\" width=\"189\" height=\"228\" src=\"https:\/\/atauni.edu.tr\/sehir-ve-bolge-planlama-bolumu\/wp-content\/uploads\/sites\/158\/2022\/02\/doguscan.png\" class=\"attachment-large size-large wp-image-6322\" alt=\"\" \/>\t\t\t\t\t\t\t\t\t\t\t\t\t\t\t<\/div>\n\t\t\t\t<\/div>\n\t\t\t\t<div class=\"elementor-element elementor-element-a3434f1 elementor-widget elementor-widget-heading\" data-id=\"a3434f1\" data-element_type=\"widget\" data-widget_type=\"heading.default\">\n\t\t\t\t<div class=\"elementor-widget-container\">\n\t\t\t\t\t<h6 class=\"elementor-heading-title elementor-size-default\"><a href=\"https:\/\/avesis.atauni.edu.tr\/doguscan.oztas\">Ara\u015f.G\u00f6r.Do\u011fu\u015fcan \u00d6ZTA\u015e<\/a><\/h6>\t\t\t\t<\/div>\n\t\t\t\t<\/div>\n\t\t\t\t<div class=\"elementor-element elementor-element-eb8dfd5 elementor-widget elementor-widget-image\" data-id=\"eb8dfd5\" data-element_type=\"widget\" data-widget_type=\"image.default\">\n\t\t\t\t<div class=\"elementor-widget-container\">\n\t\t\t\t\t\t\t\t\t\t\t\t\t\t\t<img loading=\"lazy\" decoding=\"async\" width=\"189\" height=\"228\" src=\"https:\/\/atauni.edu.tr\/sehir-ve-bolge-planlama-bolumu\/wp-content\/uploads\/sites\/158\/2022\/02\/abdullah.png\" class=\"attachment-large size-large wp-image-6327\" alt=\"\" \/>\t\t\t\t\t\t\t\t\t\t\t\t\t\t\t<\/div>\n\t\t\t\t<\/div>\n\t\t\t\t<div class=\"elementor-element elementor-element-e447c35 elementor-widget elementor-widget-heading\" data-id=\"e447c35\" data-element_type=\"widget\" data-widget_type=\"heading.default\">\n\t\t\t\t<div class=\"elementor-widget-container\">\n\t\t\t\t\t<h6 class=\"elementor-heading-title elementor-size-default\"><a href=\"https:\/\/avesis.atauni.edu.tr\/a.kirmizibiber\">Ara\u015f.G\u00f6r.Abdullah KIRMIZIB\u0130BER<\/a><\/h6>\t\t\t\t<\/div>\n\t\t\t\t<\/div>\n\t\t\t\t\t<\/div>\n\t\t<\/div>\n\t\t\t\t\t<\/div>\n\t\t<\/section>\n\t\t\t\t<\/div>\n\t\t","protected":false},"excerpt":{"rendered":"<p>Akademik Personel Prof.Dr.S\u00fcleyman TOY Do\u00e7.Dr.Do\u011fan DURSUN Do\u00e7.Dr.Neslihan Kul\u00f6z\u00fc UZUNBOY Dr.\u00d6\u011fr.\u00dcyesi G\u00fcl \u015e\u0130M\u015eEK Dr.\u00d6\u011fr.\u00dcyesi Defne DURSUN Dr.\u00d6\u011fr.\u00dcyesi Merve YAVA\u015e Ar\u015f.G\u00f6r.Dr. \u0130smail DEM\u0130RDA\u011e Ara\u015f.G\u00f6r.Ya\u015far OKUDAN Ara\u015f.G\u00f6r.Cansu G\u00fcller YANAR Ara\u015f.G\u00f6r.Selcan AKKU\u015e Ara\u015f.G\u00f6r.Ahmet Burak KAYA Ara\u015f.G\u00f6r.Do\u011fu\u015fcan \u00d6ZTA\u015e Ara\u015f.G\u00f6r.Abdullah KIRMIZIB\u0130BER<\/p>\n","protected":false},"author":1,"featured_media":0,"parent":0,"menu_order":0,"comment_status":"closed","ping_status":"closed","template":"elementor_header_footer","meta":{"footnotes":""},"class_list":["post-5688","page","type-page","status-publish","hentry"],"_links":{"self":[{"href":"https:\/\/atauni.edu.tr\/sehir-ve-bolge-planlama-bolumu\/wp-json\/wp\/v2\/pages\/5688","targetHints":{"allow":["GET"]}}],"collection":[{"href":"https:\/\/atauni.edu.tr\/sehir-ve-bolge-planlama-bolumu\/wp-json\/wp\/v2\/pages"}],"about":[{"href":"https:\/\/atauni.edu.tr\/sehir-ve-bolge-planlama-bolumu\/wp-json\/wp\/v2\/types\/page"}],"author":[{"embeddable":true,"href":"https:\/\/atauni.edu.tr\/sehir-ve-bolge-planlama-bolumu\/wp-json\/wp\/v2\/users\/1"}],"replies":[{"embeddable":true,"href":"https:\/\/atauni.edu.tr\/sehir-ve-bolge-planlama-bolumu\/wp-json\/wp\/v2\/comments?post=5688"}],"version-history":[{"count":95,"href":"https:\/\/atauni.edu.tr\/sehir-ve-bolge-planlama-bolumu\/wp-json\/wp\/v2\/pages\/5688\/revisions"}],"predecessor-version":[{"id":6466,"href":"https:\/\/atauni.edu.tr\/sehir-ve-bolge-planlama-bolumu\/wp-json\/wp\/v2\/pages\/5688\/revisions\/6466"}],"wp:attachment":[{"href":"https:\/\/atauni.edu.tr\/sehir-ve-bolge-planlama-bolumu\/wp-json\/wp\/v2\/media?parent=5688"}],"curies":[{"name":"wp","href":"https:\/\/api.w.org\/{rel}","templated":true}]}}