{"id":5762,"date":"2021-07-13T12:55:48","date_gmt":"2021-07-13T09:55:48","guid":{"rendered":"https:\/\/portaltest.atauni.edu.tr\/bilgisayar-muhendisligi\/?page_id=5762"},"modified":"2022-01-02T22:00:35","modified_gmt":"2022-01-02T19:00:35","slug":"lisans-ders-listesi","status":"publish","type":"page","link":"https:\/\/atauni.edu.tr\/sehir-ve-bolge-planlama-bolumu\/lisans-ders-listesi\/","title":{"rendered":"Ders Listesi"},"content":{"rendered":"\t\t<div data-elementor-type=\"wp-page\" data-elementor-id=\"5762\" class=\"elementor elementor-5762\" data-elementor-post-type=\"page\">\n\t\t\t\t\t\t<section class=\"elementor-section elementor-top-section elementor-element elementor-element-730d320 elementor-section-boxed elementor-section-height-default elementor-section-height-default\" data-id=\"730d320\" data-element_type=\"section\">\n\t\t\t\t\t\t<div class=\"elementor-container elementor-column-gap-default\">\n\t\t\t\t\t<div class=\"elementor-column elementor-col-100 elementor-top-column elementor-element elementor-element-753d0860\" data-id=\"753d0860\" data-element_type=\"column\">\n\t\t\t<div class=\"elementor-widget-wrap\">\n\t\t\t\t\t\t\t<\/div>\n\t\t<\/div>\n\t\t\t\t\t<\/div>\n\t\t<\/section>\n\t\t\t\t<section class=\"elementor-section elementor-top-section elementor-element elementor-element-9be811a elementor-section-boxed elementor-section-height-default elementor-section-height-default\" data-id=\"9be811a\" data-element_type=\"section\">\n\t\t\t\t\t\t<div class=\"elementor-container elementor-column-gap-default\">\n\t\t\t\t\t<div class=\"elementor-column elementor-col-100 elementor-top-column elementor-element elementor-element-1ed847b7\" data-id=\"1ed847b7\" data-element_type=\"column\">\n\t\t\t<div class=\"elementor-widget-wrap elementor-element-populated\">\n\t\t\t\t\t\t<div class=\"elementor-element elementor-element-4ce0d07f elementor-widget elementor-widget-heading\" data-id=\"4ce0d07f\" data-element_type=\"widget\" data-widget_type=\"heading.default\">\n\t\t\t\t<div class=\"elementor-widget-container\">\n\t\t\t\t\t<h2 class=\"elementor-heading-title elementor-size-default\">Lisans Ders Listesi<\/h2>\t\t\t\t<\/div>\n\t\t\t\t<\/div>\n\t\t\t\t<div class=\"elementor-element elementor-element-63260862 elementor-widget-divider--view-line elementor-widget elementor-widget-divider\" data-id=\"63260862\" data-element_type=\"widget\" data-widget_type=\"divider.default\">\n\t\t\t\t<div class=\"elementor-widget-container\">\n\t\t\t\t\t\t\t<div class=\"elementor-divider\">\n\t\t\t<span class=\"elementor-divider-separator\">\n\t\t\t\t\t\t<\/span>\n\t\t<\/div>\n\t\t\t\t\t\t<\/div>\n\t\t\t\t<\/div>\n\t\t\t\t\t<\/div>\n\t\t<\/div>\n\t\t\t\t\t<\/div>\n\t\t<\/section>\n\t\t\t\t<section class=\"elementor-section elementor-top-section elementor-element elementor-element-ff12562 elementor-section-boxed elementor-section-height-default elementor-section-height-default\" data-id=\"ff12562\" data-element_type=\"section\">\n\t\t\t\t\t\t<div class=\"elementor-container elementor-column-gap-default\">\n\t\t\t\t\t<div class=\"elementor-column elementor-col-100 elementor-top-column elementor-element elementor-element-2aa5f38\" data-id=\"2aa5f38\" data-element_type=\"column\">\n\t\t\t<div class=\"elementor-widget-wrap elementor-element-populated\">\n\t\t\t\t\t\t<div class=\"elementor-element elementor-element-3f6c81d elementor-widget elementor-widget-text-editor\" data-id=\"3f6c81d\" data-element_type=\"widget\" data-widget_type=\"text-editor.default\">\n\t\t\t\t<div class=\"elementor-widget-container\">\n\t\t\t\t\t\t\t\t\t<html>\n<body>\n<h2>Ders Listesi<\/h2>\n<p>\u015eehir ve B\u00f6lge Planlama B\u00f6l\u00fcm\u00fcn\u00fcn ders i\u00e7eri\u011fi, \u00f6\u011frencilerin \u015fehir ve b\u00f6lge planlamas\u0131 alan\u0131ndaki teorik ve pratik bilgilerini geli\u015ftirmek \u00fczere tasarlanm\u0131\u015ft\u0131r. Dersler, b\u00f6l\u00fcm\u00fcn misyonu ve vizyonuna uygun olarak haz\u0131rlanm\u0131\u015ft\u0131r.<\/p>\n<p>Ders listesinde yer alan baz\u0131 ba\u015fl\u0131ca dersler \u015funlard\u0131r:<\/p>\n<ul>\n  <li>\u015eehir Planlamas\u0131 Temelleri<\/li>\n  <li>B\u00f6lge Planlamas\u0131 \u0130lkeleri<\/li>\n  <li>Kentsel Tasar\u0131m<\/li>\n  <li>Co\u011frafi Bilgi Sistemleri<\/li>\n  <li>\u0130mar Hukuku<\/li>\n  <li>Ula\u015ft\u0131rma Planlamas\u0131<\/li>\n  <li>\u00c7evre ve S\u00fcrd\u00fcr\u00fclebilirlik<\/li>\n  <li>Kent Ekonomisi<\/li>\n  <li>Sosyal Bilimlerde Ara\u015ft\u0131rma Y\u00f6ntemleri<\/li>\n<\/ul>\n<p>Bu derslerin yan\u0131 s\u0131ra, \u00f6\u011frencilere b\u00f6l\u00fcm\u00fcn uzmanl\u0131k alanlar\u0131na g\u00f6re \u00e7e\u015fitli se\u00e7meli dersler de sunulur. \u00d6\u011frenciler, ilgi ve yeteneklerine uygun olan dersleri se\u00e7erek kendi akademik yol haritalar\u0131n\u0131 olu\u015fturabilirler.<\/p>\n<p>Ders listesi, \u015fehir ve b\u00f6lge planlamas\u0131 disiplininin gerektirdi\u011fi geni\u015f yelpazeyi kapsayarak \u00f6\u011frencilere detayl\u0131 bir e\u011fitim sa\u011flar. B\u00f6l\u00fcm\u00fcn amac\u0131, mezunlar\u0131n\u0131n bu alanda ba\u015far\u0131l\u0131 ve donan\u0131ml\u0131 uzmanlar olarak yeti\u015fmelerini sa\u011flamakt\u0131r.<\/p>\n<\/body>\n<\/html>\t\t\t\t\t\t\t\t<\/div>\n\t\t\t\t<\/div>\n\t\t\t\t\t<\/div>\n\t\t<\/div>\n\t\t\t\t\t<\/div>\n\t\t<\/section>\n\t\t\t\t<\/div>\n\t\t","protected":false},"excerpt":{"rendered":"<p>Lisans Ders Listesi Lorem Ipsum Nedir? https:\/\/obs.atauni.edu.tr\/moduller\/dbp\/eobs\/birimDetay\/1969\/%C5%9Eehir%20ve%20B%C3%B6lge%20Planlama%20Program%C4%B1%20(1969) adresinden ula\u015fabilirsiniz.<\/p>\n","protected":false},"author":1,"featured_media":0,"parent":0,"menu_order":0,"comment_status":"closed","ping_status":"closed","template":"elementor_header_footer","meta":{"footnotes":""},"class_list":["post-5762","page","type-page","status-publish","hentry"],"_links":{"self":[{"href":"https:\/\/atauni.edu.tr\/sehir-ve-bolge-planlama-bolumu\/wp-json\/wp\/v2\/pages\/5762","targetHints":{"allow":["GET"]}}],"collection":[{"href":"https:\/\/atauni.edu.tr\/sehir-ve-bolge-planlama-bolumu\/wp-json\/wp\/v2\/pages"}],"about":[{"href":"https:\/\/atauni.edu.tr\/sehir-ve-bolge-planlama-bolumu\/wp-json\/wp\/v2\/types\/page"}],"author":[{"embeddable":true,"href":"https:\/\/atauni.edu.tr\/sehir-ve-bolge-planlama-bolumu\/wp-json\/wp\/v2\/users\/1"}],"replies":[{"embeddable":true,"href":"https:\/\/atauni.edu.tr\/sehir-ve-bolge-planlama-bolumu\/wp-json\/wp\/v2\/comments?post=5762"}],"version-history":[{"count":17,"href":"https:\/\/atauni.edu.tr\/sehir-ve-bolge-planlama-bolumu\/wp-json\/wp\/v2\/pages\/5762\/revisions"}],"predecessor-version":[{"id":6219,"href":"https:\/\/atauni.edu.tr\/sehir-ve-bolge-planlama-bolumu\/wp-json\/wp\/v2\/pages\/5762\/revisions\/6219"}],"wp:attachment":[{"href":"https:\/\/atauni.edu.tr\/sehir-ve-bolge-planlama-bolumu\/wp-json\/wp\/v2\/media?parent=5762"}],"curies":[{"name":"wp","href":"https:\/\/api.w.org\/{rel}","templated":true}]}}