{"id":5791,"date":"2021-07-13T13:07:15","date_gmt":"2021-07-13T10:07:15","guid":{"rendered":"https:\/\/portaltest.atauni.edu.tr\/bilgisayar-muhendisligi\/?page_id=5791"},"modified":"2022-02-15T12:43:32","modified_gmt":"2022-02-15T09:43:32","slug":"staj","status":"publish","type":"page","link":"https:\/\/atauni.edu.tr\/sehir-ve-bolge-planlama-bolumu\/staj\/","title":{"rendered":"Staj"},"content":{"rendered":"\t\t<div data-elementor-type=\"wp-page\" data-elementor-id=\"5791\" class=\"elementor elementor-5791\" data-elementor-post-type=\"page\">\n\t\t\t\t\t\t<section class=\"elementor-section elementor-top-section elementor-element elementor-element-730d320 elementor-section-boxed elementor-section-height-default elementor-section-height-default\" data-id=\"730d320\" data-element_type=\"section\">\n\t\t\t\t\t\t<div class=\"elementor-container elementor-column-gap-default\">\n\t\t\t\t\t<div class=\"elementor-column elementor-col-100 elementor-top-column elementor-element elementor-element-753d0860\" data-id=\"753d0860\" data-element_type=\"column\">\n\t\t\t<div class=\"elementor-widget-wrap\">\n\t\t\t\t\t\t\t<\/div>\n\t\t<\/div>\n\t\t\t\t\t<\/div>\n\t\t<\/section>\n\t\t\t\t<section class=\"elementor-section elementor-top-section elementor-element elementor-element-9be811a elementor-section-boxed elementor-section-height-default elementor-section-height-default\" data-id=\"9be811a\" data-element_type=\"section\">\n\t\t\t\t\t\t<div class=\"elementor-container elementor-column-gap-default\">\n\t\t\t\t\t<div class=\"elementor-column elementor-col-100 elementor-top-column elementor-element elementor-element-1ed847b7\" data-id=\"1ed847b7\" data-element_type=\"column\">\n\t\t\t<div class=\"elementor-widget-wrap elementor-element-populated\">\n\t\t\t\t\t\t<div class=\"elementor-element elementor-element-4ce0d07f elementor-widget elementor-widget-heading\" data-id=\"4ce0d07f\" data-element_type=\"widget\" data-widget_type=\"heading.default\">\n\t\t\t\t<div class=\"elementor-widget-container\">\n\t\t\t\t\t<h2 class=\"elementor-heading-title elementor-size-default\">Staj<\/h2>\t\t\t\t<\/div>\n\t\t\t\t<\/div>\n\t\t\t\t<div class=\"elementor-element elementor-element-63260862 elementor-widget-divider--view-line elementor-widget elementor-widget-divider\" data-id=\"63260862\" data-element_type=\"widget\" data-widget_type=\"divider.default\">\n\t\t\t\t<div class=\"elementor-widget-container\">\n\t\t\t\t\t\t\t<div class=\"elementor-divider\">\n\t\t\t<span class=\"elementor-divider-separator\">\n\t\t\t\t\t\t<\/span>\n\t\t<\/div>\n\t\t\t\t\t\t<\/div>\n\t\t\t\t<\/div>\n\t\t\t\t\t<\/div>\n\t\t<\/div>\n\t\t\t\t\t<\/div>\n\t\t<\/section>\n\t\t\t\t<section class=\"elementor-section elementor-top-section elementor-element elementor-element-10e8347 elementor-section-boxed elementor-section-height-default elementor-section-height-default\" data-id=\"10e8347\" data-element_type=\"section\">\n\t\t\t\t\t\t<div class=\"elementor-container elementor-column-gap-default\">\n\t\t\t\t\t<div class=\"elementor-column elementor-col-100 elementor-top-column elementor-element elementor-element-795ab05\" data-id=\"795ab05\" data-element_type=\"column\">\n\t\t\t<div class=\"elementor-widget-wrap elementor-element-populated\">\n\t\t\t\t\t\t<div class=\"elementor-element elementor-element-4524745 elementor-widget elementor-widget-text-editor\" data-id=\"4524745\" data-element_type=\"widget\" data-widget_type=\"text-editor.default\">\n\t\t\t\t<div class=\"elementor-widget-container\">\n\t\t\t\t\t\t\t\t\t<div><p style=\"text-align: justify\">2022 Yaz d\u00f6nemi staj ba\u015fvurular\u0131 i\u00e7in\u00a0Ulusal Staj Program\u0131 (USP) d\u0131\u015f\u0131nda kendi ba\u015fvurusunu yapacak \u00f6\u011frencilerimizin, 21 Mart 2022 Pazartesi g\u00fcn\u00fcne kadar, a\u015fa\u011f\u0131da linki verilen adreste yer alan\u00a0MTF-05 Staj Ba\u015fvuru Kabul Belgesi adl\u0131\u00a0formu indirerek ka\u015feli ve imzal\u0131 olarak doldurup Dr.\u00d6\u011fr.\u00dcyesi Merve Yava\u015f&#8217;a elden teslim etmeniz gerekmektedir.<\/p><\/div>\t\t\t\t\t\t\t\t<\/div>\n\t\t\t\t<\/div>\n\t\t\t\t\t<\/div>\n\t\t<\/div>\n\t\t\t\t\t<\/div>\n\t\t<\/section>\n\t\t\t\t<section class=\"elementor-section elementor-top-section elementor-element elementor-element-5cfe51c elementor-section-boxed elementor-section-height-default elementor-section-height-default\" data-id=\"5cfe51c\" data-element_type=\"section\">\n\t\t\t\t\t\t<div class=\"elementor-container elementor-column-gap-default\">\n\t\t\t\t\t<div class=\"elementor-column elementor-col-100 elementor-top-column elementor-element elementor-element-c530d6c\" data-id=\"c530d6c\" data-element_type=\"column\">\n\t\t\t<div class=\"elementor-widget-wrap elementor-element-populated\">\n\t\t\t\t\t\t<div class=\"elementor-element elementor-element-2a06816 elementor-widget elementor-widget-text-editor\" data-id=\"2a06816\" data-element_type=\"widget\" data-widget_type=\"text-editor.default\">\n\t\t\t\t<div class=\"elementor-widget-container\">\n\t\t\t\t\t\t\t\t\t<div><p style=\"text-align: justify\">2022 Yaz d\u00f6nemi staj tarihleri<\/p><\/div>\t\t\t\t\t\t\t\t<\/div>\n\t\t\t\t<\/div>\n\t\t\t\t\t<\/div>\n\t\t<\/div>\n\t\t\t\t\t<\/div>\n\t\t<\/section>\n\t\t\t\t<section class=\"elementor-section elementor-top-section elementor-element elementor-element-4c03d2e elementor-section-boxed elementor-section-height-default elementor-section-height-default\" data-id=\"4c03d2e\" data-element_type=\"section\">\n\t\t\t\t\t\t<div class=\"elementor-container elementor-column-gap-default\">\n\t\t\t\t\t<div class=\"elementor-column elementor-col-100 elementor-top-column elementor-element elementor-element-603cd67\" data-id=\"603cd67\" data-element_type=\"column\">\n\t\t\t<div class=\"elementor-widget-wrap elementor-element-populated\">\n\t\t\t\t\t\t<div class=\"elementor-element elementor-element-9f07e36 elementor-widget elementor-widget-text-editor\" data-id=\"9f07e36\" data-element_type=\"widget\" data-widget_type=\"text-editor.default\">\n\t\t\t\t<div class=\"elementor-widget-container\">\n\t\t\t\t\t\t\t\t\t<table class=\"MsoNormalTable\" style=\"border-width: 1pt;border-color: windowtext\" border=\"1\" width=\"100%\" cellpadding=\"0\"><tbody><tr><td style=\"width: 349.7pt;border-width: 1pt;border-color: windowtext;padding: 3.75pt 7.5pt\" width=\"466\"><p class=\"MsoNormal\"><b>STAJ<\/b> <b>\u00d6ZEL<\/b> (I. Alternatif)<\/p><p class=\"MsoNormal\"><b>20 Haziran \u2013 21 Temmuz 2022<\/b> (15 Temmuz\u00a0 (1 G\u00fcn) ve Kurban Bayram\u0131 (4,5 g\u00fcn) Resmi Tatil)<\/p><\/td><td style=\"width: 98.6pt;border-width: 1pt;border-color: windowtext;padding: 3.75pt 7.5pt\" width=\"131\"><p class=\"MsoNormal\"><b>20 \u0130\u015f G\u00fcn\u00fc<\/b><\/p><\/td><\/tr><tr><td style=\"width: 349.7pt;border-width: 1pt;border-color: windowtext;padding: 3.75pt 7.5pt\" width=\"466\"><p class=\"MsoNormal\"><b>STAJ<\/b> <b>\u00d6ZEL<\/b> (II. Alternatif)<\/p><p class=\"MsoNormal\"><b>25 Temmuz \u2013 19 A\u011fustos 2022 <\/b><\/p><\/td><td style=\"width: 98.6pt;border-width: 1pt;border-color: windowtext;padding: 3.75pt 7.5pt\" width=\"131\"><p class=\"MsoNormal\"><b>20 \u0130\u015f G\u00fcn\u00fc<\/b><\/p><\/td><\/tr><tr><td style=\"width: 349.7pt;border-width: 1pt;border-color: windowtext;padding: 3.75pt 7.5pt\" width=\"466\"><p class=\"MsoNormal\"><b>STAJ KAMU<\/b><\/p><p class=\"MsoNormal\"><b>20 Haziran \u2013 4 A\u011fustos<\/b> <b>2022 <\/b>(15 Temmuz\u00a0 (1 G\u00fcn) ve Kurban Bayram\u0131 (4,5 G\u00fcn)\u00a0 Resmi Tatil)<\/p><\/td><td style=\"width: 98.6pt;border-width: 1pt;border-color: windowtext;padding: 3.75pt 7.5pt\" width=\"131\"><p class=\"MsoNormal\"><b>30 \u0130\u015f G\u00fcn\u00fc<\/b><\/p><\/td><\/tr><\/tbody><\/table>\t\t\t\t\t\t\t\t<\/div>\n\t\t\t\t<\/div>\n\t\t\t\t\t<\/div>\n\t\t<\/div>\n\t\t\t\t\t<\/div>\n\t\t<\/section>\n\t\t\t\t<\/div>\n\t\t","protected":false},"excerpt":{"rendered":"<p>Staj 2022 Yaz d\u00f6nemi staj ba\u015fvurular\u0131 i\u00e7in\u00a0Ulusal Staj Program\u0131 (USP) d\u0131\u015f\u0131nda kendi ba\u015fvurusunu yapacak \u00f6\u011frencilerimizin, 21 Mart 2022 Pazartesi g\u00fcn\u00fcne kadar, a\u015fa\u011f\u0131da linki verilen adreste yer alan\u00a0MTF-05 Staj Ba\u015fvuru Kabul Belgesi adl\u0131\u00a0formu indirerek ka\u015feli ve imzal\u0131 olarak doldurup Dr.\u00d6\u011fr.\u00dcyesi Merve Yava\u015f&#8217;a elden teslim etmeniz gerekmektedir. 2022 Yaz d\u00f6nemi staj tarihleri STAJ \u00d6ZEL (I. Alternatif) 20 [&hellip;]<\/p>\n","protected":false},"author":1,"featured_media":0,"parent":0,"menu_order":0,"comment_status":"closed","ping_status":"closed","template":"elementor_header_footer","meta":{"footnotes":""},"class_list":["post-5791","page","type-page","status-publish","hentry"],"_links":{"self":[{"href":"https:\/\/atauni.edu.tr\/sehir-ve-bolge-planlama-bolumu\/wp-json\/wp\/v2\/pages\/5791","targetHints":{"allow":["GET"]}}],"collection":[{"href":"https:\/\/atauni.edu.tr\/sehir-ve-bolge-planlama-bolumu\/wp-json\/wp\/v2\/pages"}],"about":[{"href":"https:\/\/atauni.edu.tr\/sehir-ve-bolge-planlama-bolumu\/wp-json\/wp\/v2\/types\/page"}],"author":[{"embeddable":true,"href":"https:\/\/atauni.edu.tr\/sehir-ve-bolge-planlama-bolumu\/wp-json\/wp\/v2\/users\/1"}],"replies":[{"embeddable":true,"href":"https:\/\/atauni.edu.tr\/sehir-ve-bolge-planlama-bolumu\/wp-json\/wp\/v2\/comments?post=5791"}],"version-history":[{"count":11,"href":"https:\/\/atauni.edu.tr\/sehir-ve-bolge-planlama-bolumu\/wp-json\/wp\/v2\/pages\/5791\/revisions"}],"predecessor-version":[{"id":6432,"href":"https:\/\/atauni.edu.tr\/sehir-ve-bolge-planlama-bolumu\/wp-json\/wp\/v2\/pages\/5791\/revisions\/6432"}],"wp:attachment":[{"href":"https:\/\/atauni.edu.tr\/sehir-ve-bolge-planlama-bolumu\/wp-json\/wp\/v2\/media?parent=5791"}],"curies":[{"name":"wp","href":"https:\/\/api.w.org\/{rel}","templated":true}]}}