{"id":5762,"date":"2021-07-13T12:55:48","date_gmt":"2021-07-13T09:55:48","guid":{"rendered":"https:\/\/portaltest.atauni.edu.tr\/bilgisayar-muhendisligi\/?page_id=5762"},"modified":"2021-09-13T10:11:19","modified_gmt":"2021-09-13T07:11:19","slug":"lisans-ders-listesi","status":"publish","type":"page","link":"https:\/\/atauni.edu.tr\/senkaya-meslek-yuksekokulu\/lisans-ders-listesi\/","title":{"rendered":"Ders Listesi"},"content":{"rendered":"\t\t<div data-elementor-type=\"wp-page\" data-elementor-id=\"5762\" class=\"elementor elementor-5762\" data-elementor-post-type=\"page\">\n\t\t\t\t\t\t<section class=\"elementor-section elementor-top-section elementor-element elementor-element-730d320 elementor-section-boxed elementor-section-height-default elementor-section-height-default\" data-id=\"730d320\" data-element_type=\"section\">\n\t\t\t\t\t\t<div class=\"elementor-container elementor-column-gap-default\">\n\t\t\t\t\t<div class=\"elementor-column elementor-col-100 elementor-top-column elementor-element elementor-element-753d0860\" data-id=\"753d0860\" data-element_type=\"column\">\n\t\t\t<div class=\"elementor-widget-wrap\">\n\t\t\t\t\t\t\t<\/div>\n\t\t<\/div>\n\t\t\t\t\t<\/div>\n\t\t<\/section>\n\t\t\t\t<section class=\"elementor-section elementor-top-section elementor-element elementor-element-9be811a elementor-section-boxed elementor-section-height-default elementor-section-height-default\" data-id=\"9be811a\" data-element_type=\"section\">\n\t\t\t\t\t\t<div class=\"elementor-container elementor-column-gap-default\">\n\t\t\t\t\t<div class=\"elementor-column elementor-col-100 elementor-top-column elementor-element elementor-element-1ed847b7\" data-id=\"1ed847b7\" data-element_type=\"column\">\n\t\t\t<div class=\"elementor-widget-wrap elementor-element-populated\">\n\t\t\t\t\t\t<div class=\"elementor-element elementor-element-4ce0d07f elementor-widget elementor-widget-heading\" data-id=\"4ce0d07f\" data-element_type=\"widget\" data-widget_type=\"heading.default\">\n\t\t\t\t<div class=\"elementor-widget-container\">\n\t\t\t\t\t<h2 class=\"elementor-heading-title elementor-size-default\">Ders Listesi<\/h2>\t\t\t\t<\/div>\n\t\t\t\t<\/div>\n\t\t\t\t<div class=\"elementor-element elementor-element-63260862 elementor-widget-divider--view-line elementor-widget elementor-widget-divider\" data-id=\"63260862\" data-element_type=\"widget\" data-widget_type=\"divider.default\">\n\t\t\t\t<div class=\"elementor-widget-container\">\n\t\t\t\t\t\t\t<div class=\"elementor-divider\">\n\t\t\t<span class=\"elementor-divider-separator\">\n\t\t\t\t\t\t<\/span>\n\t\t<\/div>\n\t\t\t\t\t\t<\/div>\n\t\t\t\t<\/div>\n\t\t\t\t\t<\/div>\n\t\t<\/div>\n\t\t\t\t\t<\/div>\n\t\t<\/section>\n\t\t\t\t<section class=\"elementor-section elementor-top-section elementor-element elementor-element-ff12562 elementor-section-boxed elementor-section-height-default elementor-section-height-default\" data-id=\"ff12562\" data-element_type=\"section\">\n\t\t\t\t\t\t<div class=\"elementor-container elementor-column-gap-default\">\n\t\t\t\t\t<div class=\"elementor-column elementor-col-100 elementor-top-column elementor-element elementor-element-2aa5f38\" data-id=\"2aa5f38\" data-element_type=\"column\">\n\t\t\t<div class=\"elementor-widget-wrap elementor-element-populated\">\n\t\t\t\t\t\t<div class=\"elementor-element elementor-element-3f6c81d elementor-widget elementor-widget-text-editor\" data-id=\"3f6c81d\" data-element_type=\"widget\" data-widget_type=\"text-editor.default\">\n\t\t\t\t<div class=\"elementor-widget-container\">\n\t\t\t\t\t\t\t\t\t<html>\n<p>Atat\u00fcrk \u00dcniversitesi \u015eenkaya Meslek Y\u00fcksekokulu&#8217;nun sundu\u011fu geni\u015f yelpazede meslek e\u011fitimleri, \u00f6\u011frencilerin \u00e7e\u015fitli alanlarda uzmanla\u015fmalar\u0131na imk\u00e2n tan\u0131r. Ders listesi, y\u00fcksekokulun misyonuna uygun olarak s\u00fcrekli g\u00fcncellenerek \u00f6\u011frencilere g\u00fcncel ve sekt\u00f6rel gereksinimlere cevap veren bir e\u011fitim deneyimi sa\u011flar.<\/p>\n<p>Dersler, teorik ve pratik bilgilerin entegrasyonu ile tasarlan\u0131r; b\u00f6ylece \u00f6\u011frenciler hem akademik olarak g\u00fc\u00e7l\u00fc olur hem de i\u015f d\u00fcnyas\u0131na ad\u0131m att\u0131klar\u0131nda gereken beceri ve uygulamalar\u0131 edinebilirler. Y\u00fcksekokulun ders i\u00e7eri\u011fi, \u00f6\u011frencilerin gelecekteki meslek ya\u015famlar\u0131 boyunca ihtiya\u00e7 duyacaklar\u0131 temel bilgilerle birlikte sekt\u00f6r\u00fcn geli\u015fimini de dikkate al\u0131r.<\/p>\n<p>\u015eenkaya Meslek Y\u00fcksekokulu&#8217;nun programlar\u0131na dahil edilen dersler aras\u0131nda genel k\u00fclt\u00fcr dersleri ile beraber meslek spesifik alan dersleri bulunur. Bu yakla\u015f\u0131m, \u00f6\u011frencilerin hem kendi alanlar\u0131nda uzmanla\u015fmalar\u0131n\u0131 sa\u011flar hem de geni\u015f bir perspektife sahip olmas\u0131n\u0131 te\u015fvik eder.<\/p>\n<p>Y\u00fcksekokulun e\u011fitim anlay\u0131\u015f\u0131, yaln\u0131zca teorik bilgileri vermekle kalmaz; ayn\u0131 zamanda \u00f6\u011frencilere problem \u00e7\u00f6zme becerisi, ileti\u015fim yetene\u011fi ve tak\u0131m \u00e7al\u0131\u015fmas\u0131 gibi de\u011ferli becerileri kazand\u0131rarak onlar\u0131 i\u015f d\u00fcnyas\u0131na haz\u0131rlar. Ders listesinin \u00e7e\u015fitlili\u011fi ve zenginli\u011fi, \u00f6\u011frencilerin ilgi ve yeteneklerine g\u00f6re \u00e7e\u015fitli dallarda uzmanla\u015fabilme f\u0131rsat\u0131n\u0131 sunar.<\/p>\n<\/html>\t\t\t\t\t\t\t\t<\/div>\n\t\t\t\t<\/div>\n\t\t\t\t\t<\/div>\n\t\t<\/div>\n\t\t\t\t\t<\/div>\n\t\t<\/section>\n\t\t\t\t<\/div>\n\t\t","protected":false},"excerpt":{"rendered":"<p>Ders Listesi Lorem Ipsum Nedir? Lorem Ipsum, dizgi ve bask\u0131 end\u00fcstrisinde kullan\u0131lan m\u0131g\u0131r metinlerdir. Lorem Ipsum, ad\u0131 bilinmeyen bir matbaac\u0131n\u0131n bir hurufat numune kitab\u0131 olu\u015fturmak \u00fczere bir yaz\u0131 galerisini alarak kar\u0131\u015ft\u0131rd\u0131\u011f\u0131 1500&#8217;lerden beri end\u00fcstri standard\u0131 sahte metinler olarak kullan\u0131lm\u0131\u015ft\u0131r. Be\u015fy\u00fcz y\u0131l boyunca varl\u0131\u011f\u0131n\u0131 s\u00fcrd\u00fcrmekle kalmam\u0131\u015f, ayn\u0131 zamanda pek de\u011fi\u015fmeden elektronik dizgiye de s\u0131\u00e7ram\u0131\u015ft\u0131r. 1960&#8217;larda Lorem [&hellip;]<\/p>\n","protected":false},"author":1,"featured_media":0,"parent":0,"menu_order":0,"comment_status":"closed","ping_status":"closed","template":"elementor_header_footer","meta":{"footnotes":""},"class_list":["post-5762","page","type-page","status-publish","hentry"],"_links":{"self":[{"href":"https:\/\/atauni.edu.tr\/senkaya-meslek-yuksekokulu\/wp-json\/wp\/v2\/pages\/5762","targetHints":{"allow":["GET"]}}],"collection":[{"href":"https:\/\/atauni.edu.tr\/senkaya-meslek-yuksekokulu\/wp-json\/wp\/v2\/pages"}],"about":[{"href":"https:\/\/atauni.edu.tr\/senkaya-meslek-yuksekokulu\/wp-json\/wp\/v2\/types\/page"}],"author":[{"embeddable":true,"href":"https:\/\/atauni.edu.tr\/senkaya-meslek-yuksekokulu\/wp-json\/wp\/v2\/users\/1"}],"replies":[{"embeddable":true,"href":"https:\/\/atauni.edu.tr\/senkaya-meslek-yuksekokulu\/wp-json\/wp\/v2\/comments?post=5762"}],"version-history":[{"count":11,"href":"https:\/\/atauni.edu.tr\/senkaya-meslek-yuksekokulu\/wp-json\/wp\/v2\/pages\/5762\/revisions"}],"predecessor-version":[{"id":6116,"href":"https:\/\/atauni.edu.tr\/senkaya-meslek-yuksekokulu\/wp-json\/wp\/v2\/pages\/5762\/revisions\/6116"}],"wp:attachment":[{"href":"https:\/\/atauni.edu.tr\/senkaya-meslek-yuksekokulu\/wp-json\/wp\/v2\/media?parent=5762"}],"curies":[{"name":"wp","href":"https:\/\/api.w.org\/{rel}","templated":true}]}}