{"id":5638,"date":"2021-07-13T09:49:25","date_gmt":"2021-07-13T06:49:25","guid":{"rendered":"https:\/\/portaltest.atauni.edu.tr\/bilgisayar-muhendisligi\/?page_id=5638"},"modified":"2022-05-06T11:23:47","modified_gmt":"2022-05-06T08:23:47","slug":"tarihce","status":"publish","type":"page","link":"https:\/\/atauni.edu.tr\/sinif-ogretmenligi\/tarihce\/","title":{"rendered":"Tarih\u00e7e"},"content":{"rendered":"\t\t<div data-elementor-type=\"wp-page\" data-elementor-id=\"5638\" class=\"elementor elementor-5638\" data-elementor-post-type=\"page\">\n\t\t\t\t\t\t<section class=\"elementor-section elementor-top-section elementor-element elementor-element-730d320 elementor-section-boxed elementor-section-height-default elementor-section-height-default\" data-id=\"730d320\" data-element_type=\"section\">\n\t\t\t\t\t\t<div class=\"elementor-container elementor-column-gap-default\">\n\t\t\t\t\t<div class=\"elementor-column elementor-col-100 elementor-top-column elementor-element elementor-element-753d0860\" data-id=\"753d0860\" data-element_type=\"column\">\n\t\t\t<div class=\"elementor-widget-wrap\">\n\t\t\t\t\t\t\t<\/div>\n\t\t<\/div>\n\t\t\t\t\t<\/div>\n\t\t<\/section>\n\t\t\t\t<section class=\"elementor-section elementor-top-section elementor-element elementor-element-9be811a elementor-section-boxed elementor-section-height-default elementor-section-height-default\" data-id=\"9be811a\" data-element_type=\"section\">\n\t\t\t\t\t\t<div class=\"elementor-container elementor-column-gap-default\">\n\t\t\t\t\t<div class=\"elementor-column elementor-col-100 elementor-top-column elementor-element elementor-element-1ed847b7\" data-id=\"1ed847b7\" data-element_type=\"column\">\n\t\t\t<div class=\"elementor-widget-wrap elementor-element-populated\">\n\t\t\t\t\t\t<div class=\"elementor-element elementor-element-4ce0d07f elementor-widget elementor-widget-heading\" data-id=\"4ce0d07f\" data-element_type=\"widget\" data-widget_type=\"heading.default\">\n\t\t\t\t<div class=\"elementor-widget-container\">\n\t\t\t\t\t<h2 class=\"elementor-heading-title elementor-size-default\">Tarih\u00e7e<\/h2>\t\t\t\t<\/div>\n\t\t\t\t<\/div>\n\t\t\t\t<div class=\"elementor-element elementor-element-63260862 elementor-widget-divider--view-line elementor-widget elementor-widget-divider\" data-id=\"63260862\" data-element_type=\"widget\" data-widget_type=\"divider.default\">\n\t\t\t\t<div class=\"elementor-widget-container\">\n\t\t\t\t\t\t\t<div class=\"elementor-divider\">\n\t\t\t<span class=\"elementor-divider-separator\">\n\t\t\t\t\t\t<\/span>\n\t\t<\/div>\n\t\t\t\t\t\t<\/div>\n\t\t\t\t<\/div>\n\t\t\t\t\t<\/div>\n\t\t<\/div>\n\t\t\t\t\t<\/div>\n\t\t<\/section>\n\t\t\t\t<section class=\"elementor-section elementor-top-section elementor-element elementor-element-681db8b elementor-section-boxed elementor-section-height-default elementor-section-height-default\" data-id=\"681db8b\" data-element_type=\"section\">\n\t\t\t\t\t\t<div class=\"elementor-container elementor-column-gap-default\">\n\t\t\t\t\t<div class=\"elementor-column elementor-col-100 elementor-top-column elementor-element elementor-element-ad4dac5\" data-id=\"ad4dac5\" data-element_type=\"column\">\n\t\t\t<div class=\"elementor-widget-wrap elementor-element-populated\">\n\t\t\t\t\t\t<div class=\"elementor-element elementor-element-2f96b3d elementor-widget elementor-widget-text-editor\" data-id=\"2f96b3d\" data-element_type=\"widget\" data-widget_type=\"text-editor.default\">\n\t\t\t\t<div class=\"elementor-widget-container\">\n\t\t\t\t\t\t\t\t\t<p>S\u0131n\u0131f E\u011fitimi Ana Bilim Dal\u0131, Atat\u00fcrk \u00dcniversitesi Kaz\u0131m Karabekir E\u011fitim Fak\u00fcltesi b\u00fcnyesinde 1992 y\u0131l\u0131nda kurulmu\u015ftur. 1994 y\u0131l\u0131nda e\u011fitim ve \u00f6\u011fretime ba\u015flayan ana bilim dal\u0131, ilk mezunlar\u0131n\u0131 1998 y\u0131l\u0131nda 97 s\u0131n\u0131f \u00f6\u011fretmeni ile vermi\u015ftir. Kuruldu\u011fu y\u0131llarda g\u00fcnd\u00fcz ve gece gruplar\u0131 olarak ikili \u00f6\u011fretim yapan ana bilim dal\u0131, g\u00fcn\u00fcm\u00fczde yaln\u0131zca g\u00fcnd\u00fcz gruplar\u0131yla tekli \u00f6\u011fretim s\u00fcrd\u00fcrmektedir. Ana bilim dal\u0131nda 3 profes\u00f6r, 4 do\u00e7ent, 2 doktor \u00f6\u011fretim \u00fcyesi, 3 ara\u015ft\u0131rma g\u00f6revlisi ve 1 \u00f6\u011fretim g\u00f6revlisi olmak \u00fczere 13 \u00f6\u011fretim eleman\u0131 g\u00f6rev yapmaktad\u0131r.<\/p><p>\u00a0<\/p>\t\t\t\t\t\t\t\t<\/div>\n\t\t\t\t<\/div>\n\t\t\t\t\t<\/div>\n\t\t<\/div>\n\t\t\t\t\t<\/div>\n\t\t<\/section>\n\t\t\t\t<\/div>\n\t\t","protected":false},"excerpt":{"rendered":"<p>Tarih\u00e7e S\u0131n\u0131f E\u011fitimi Ana Bilim Dal\u0131, Atat\u00fcrk \u00dcniversitesi Kaz\u0131m Karabekir E\u011fitim Fak\u00fcltesi b\u00fcnyesinde 1992 y\u0131l\u0131nda kurulmu\u015ftur. 1994 y\u0131l\u0131nda e\u011fitim ve \u00f6\u011fretime ba\u015flayan ana bilim dal\u0131, ilk mezunlar\u0131n\u0131 1998 y\u0131l\u0131nda 97 s\u0131n\u0131f \u00f6\u011fretmeni ile vermi\u015ftir. Kuruldu\u011fu y\u0131llarda g\u00fcnd\u00fcz ve gece gruplar\u0131 olarak ikili \u00f6\u011fretim yapan ana bilim dal\u0131, g\u00fcn\u00fcm\u00fczde yaln\u0131zca g\u00fcnd\u00fcz gruplar\u0131yla tekli \u00f6\u011fretim s\u00fcrd\u00fcrmektedir. Ana [&hellip;]<\/p>\n","protected":false},"author":1,"featured_media":0,"parent":0,"menu_order":0,"comment_status":"closed","ping_status":"closed","template":"","meta":{"footnotes":""},"class_list":["post-5638","page","type-page","status-publish","hentry"],"_links":{"self":[{"href":"https:\/\/atauni.edu.tr\/sinif-ogretmenligi\/wp-json\/wp\/v2\/pages\/5638","targetHints":{"allow":["GET"]}}],"collection":[{"href":"https:\/\/atauni.edu.tr\/sinif-ogretmenligi\/wp-json\/wp\/v2\/pages"}],"about":[{"href":"https:\/\/atauni.edu.tr\/sinif-ogretmenligi\/wp-json\/wp\/v2\/types\/page"}],"author":[{"embeddable":true,"href":"https:\/\/atauni.edu.tr\/sinif-ogretmenligi\/wp-json\/wp\/v2\/users\/1"}],"replies":[{"embeddable":true,"href":"https:\/\/atauni.edu.tr\/sinif-ogretmenligi\/wp-json\/wp\/v2\/comments?post=5638"}],"version-history":[{"count":49,"href":"https:\/\/atauni.edu.tr\/sinif-ogretmenligi\/wp-json\/wp\/v2\/pages\/5638\/revisions"}],"predecessor-version":[{"id":6232,"href":"https:\/\/atauni.edu.tr\/sinif-ogretmenligi\/wp-json\/wp\/v2\/pages\/5638\/revisions\/6232"}],"wp:attachment":[{"href":"https:\/\/atauni.edu.tr\/sinif-ogretmenligi\/wp-json\/wp\/v2\/media?parent=5638"}],"curies":[{"name":"wp","href":"https:\/\/api.w.org\/{rel}","templated":true}]}}