{"id":5682,"date":"2021-07-13T10:10:01","date_gmt":"2021-07-13T07:10:01","guid":{"rendered":"https:\/\/portaltest.atauni.edu.tr\/bilgisayar-muhendisligi\/?page_id=5682"},"modified":"2022-06-01T11:42:24","modified_gmt":"2022-06-01T08:42:24","slug":"misyon-vizyon-ve-temel-degerler","status":"publish","type":"page","link":"https:\/\/atauni.edu.tr\/sinif-ogretmenligi\/misyon-vizyon-ve-temel-degerler\/","title":{"rendered":"Misyon, Vizyon ve Temel De\u011ferler"},"content":{"rendered":"\t\t<div data-elementor-type=\"wp-page\" data-elementor-id=\"5682\" class=\"elementor elementor-5682\" data-elementor-post-type=\"page\">\n\t\t\t\t\t\t<section class=\"elementor-section elementor-top-section elementor-element elementor-element-730d320 elementor-section-boxed elementor-section-height-default elementor-section-height-default\" data-id=\"730d320\" data-element_type=\"section\">\n\t\t\t\t\t\t<div class=\"elementor-container elementor-column-gap-default\">\n\t\t\t\t\t<div class=\"elementor-column elementor-col-100 elementor-top-column elementor-element elementor-element-753d0860\" data-id=\"753d0860\" data-element_type=\"column\">\n\t\t\t<div class=\"elementor-widget-wrap\">\n\t\t\t\t\t\t\t<\/div>\n\t\t<\/div>\n\t\t\t\t\t<\/div>\n\t\t<\/section>\n\t\t\t\t<section class=\"elementor-section elementor-top-section elementor-element elementor-element-9be811a elementor-section-boxed elementor-section-height-default elementor-section-height-default\" data-id=\"9be811a\" data-element_type=\"section\">\n\t\t\t\t\t\t<div class=\"elementor-container elementor-column-gap-default\">\n\t\t\t\t\t<div class=\"elementor-column elementor-col-100 elementor-top-column elementor-element elementor-element-1ed847b7\" data-id=\"1ed847b7\" data-element_type=\"column\">\n\t\t\t<div class=\"elementor-widget-wrap elementor-element-populated\">\n\t\t\t\t\t\t<div class=\"elementor-element elementor-element-4ce0d07f elementor-widget elementor-widget-heading\" data-id=\"4ce0d07f\" data-element_type=\"widget\" data-widget_type=\"heading.default\">\n\t\t\t\t<div class=\"elementor-widget-container\">\n\t\t\t\t\t<h2 class=\"elementor-heading-title elementor-size-default\">Misyon, Vizyon ve Temel De\u011ferler<\/h2>\t\t\t\t<\/div>\n\t\t\t\t<\/div>\n\t\t\t\t<div class=\"elementor-element elementor-element-63260862 elementor-widget-divider--view-line elementor-widget elementor-widget-divider\" data-id=\"63260862\" data-element_type=\"widget\" data-widget_type=\"divider.default\">\n\t\t\t\t<div class=\"elementor-widget-container\">\n\t\t\t\t\t\t\t<div class=\"elementor-divider\">\n\t\t\t<span class=\"elementor-divider-separator\">\n\t\t\t\t\t\t<\/span>\n\t\t<\/div>\n\t\t\t\t\t\t<\/div>\n\t\t\t\t<\/div>\n\t\t\t\t\t<\/div>\n\t\t<\/div>\n\t\t\t\t\t<\/div>\n\t\t<\/section>\n\t\t\t\t<section class=\"elementor-section elementor-top-section elementor-element elementor-element-681db8b elementor-section-boxed elementor-section-height-default elementor-section-height-default\" data-id=\"681db8b\" data-element_type=\"section\">\n\t\t\t\t\t\t<div class=\"elementor-container elementor-column-gap-default\">\n\t\t\t\t\t<div class=\"elementor-column elementor-col-100 elementor-top-column elementor-element elementor-element-ad4dac5\" data-id=\"ad4dac5\" data-element_type=\"column\">\n\t\t\t<div class=\"elementor-widget-wrap elementor-element-populated\">\n\t\t\t\t\t\t<div class=\"elementor-element elementor-element-2f96b3d elementor-widget elementor-widget-text-editor\" data-id=\"2f96b3d\" data-element_type=\"widget\" data-widget_type=\"text-editor.default\">\n\t\t\t\t<div class=\"elementor-widget-container\">\n\t\t\t\t\t\t\t\t\t<p style=\"margin-bottom: 6pt;line-height: normal;background-image: initial;background-position: initial;background-size: initial;background-attachment: initial\"><strong><span lang=\"EN-US\" style=\"font-size: 12pt;font-family: 'Times New Roman', serif\">S\u0131n\u0131f E\u011fitimi Anabilim Dal\u0131n\u0131n Misyonu;<\/span><\/strong><\/p><p style=\"margin-bottom: 6pt;line-height: normal;background-image: initial;background-position: initial;background-size: initial;background-attachment: initial\"><span lang=\"EN-US\" style=\"font-size: 12pt;font-family: 'Times New Roman', serif\">S\u00fcrekli de\u011fi\u015fen d\u00fcnyada bilimsel anlay\u0131\u015fl\u0131, \u00e7a\u011fda\u015f, demokrat, \u00fcretken, \u00fclke ve d\u00fcnya sorunlar\u0131na duyarl\u0131, \u00e7\u00f6z\u00fcm \u00fcreten, de\u011fi\u015fen ko\u015fullara ayak uyduran, gelece\u011fe y\u00f6nelik hedefleri olan, farkl\u0131 disiplinleri sentez edebilen, k\u00fclt\u00fcre ve sanata duyarl\u0131, \u00e7e\u015fitlili\u011fi bir zenginlik olarak alg\u0131layan, ekip \u00e7al\u0131\u015fmas\u0131, liderlik ve ileti\u015fim becerilerine sahip, ileti\u015fim ve e\u011fitim becerilerini kullanabilen, ya\u015fam boyu \u00f6\u011frenmeyi ve kendini yenilemeyi ilke edinmi\u015f, kendisiyle ve \u00e7evresiyle bar\u0131\u015f\u0131k, d\u00fc\u015f\u00fcncelerini a\u00e7\u0131k\u00e7a ifade edebilen, sorumluluk ve mesle\u011fine adanm\u0131\u015fl\u0131k duygusuna sahip insan merkezli ve \u00f6zg\u00fcr d\u00fc\u015f\u00fcnen \u00f6\u011fretmenler yeti\u015ftirmektir.<\/span><\/p><p style=\"margin-bottom: 6pt;line-height: normal;background-image: initial;background-position: initial;background-size: initial;background-attachment: initial\"><span lang=\"EN-US\" style=\"font-size: 12pt;font-family: 'Times New Roman', serif\">\u00a0<\/span><\/p><p style=\"margin-bottom: 6pt;line-height: normal;background-image: initial;background-position: initial;background-size: initial;background-attachment: initial\"><strong><span lang=\"EN-US\" style=\"font-size: 12pt;font-family: 'Times New Roman', serif\">S\u0131n\u0131f E\u011fitimi Anabilim Dal\u0131n\u0131n Vizyonu;<\/span><\/strong><\/p><p style=\"margin-bottom: 6pt;line-height: normal;background-image: initial;background-position: initial;background-size: initial;background-attachment: initial\"><span lang=\"EN-US\" style=\"font-size: 12pt;font-family: 'Times New Roman', serif\">Geli\u015fen ve de\u011fi\u015fen d\u00fcnyadaki bilimsel ve teknolojik de\u011fi\u015fimlere ayak uydurabilen, toplumsal de\u011ferlere duyarl\u0131, becerileri geli\u015fmi\u015f, teknolojileri etkin kullanabilen, ileti\u015fim becerilerine sahip, sorgulay\u0131c\u0131, ara\u015ft\u0131ran, problem \u00e7\u00f6zen, tart\u0131\u015fan, dinleyen, i\u015fbirlikli \u00e7al\u0131\u015fmaktan zevk alan, sorumluluk sahibi s\u0131n\u0131f \u00f6\u011fretmenleri yeti\u015ftirmektir. Ayr\u0131ca \u00f6\u011frencinin \u00f6\u011frenme ihtiyac\u0131n\u0131 merkeze alan \u201cbireyselle\u015ftirilmi\u015f bir \u00f6\u011frenmeyi\u201d program\u0131n temel vizyonu olarak ortaya koymakt\u0131r. Bunun sa\u011flanabilmesi i\u00e7in s\u0131n\u0131fta problem ba\u015flatma, varsay\u0131mda bulunma, do\u011frulama, ili\u015fkilendirme, genelleme d\u00f6ng\u00fcs\u00fc olu\u015fturmada \u00f6\u011frenci merkezli \u00f6\u011fretim y\u00f6ntemlerinin kullan\u0131lmas\u0131 esas al\u0131nmaktad\u0131r.<\/span><\/p><p style=\"margin-bottom: 6pt;line-height: normal;background-image: initial;background-position: initial;background-size: initial;background-attachment: initial\"><span lang=\"EN-US\" style=\"font-size: 12pt;font-family: 'Times New Roman', serif\">\u00a0<\/span><\/p><p style=\"margin-bottom: 6pt;line-height: normal;background-image: initial;background-position: initial;background-size: initial;background-attachment: initial\"><strong><span lang=\"EN-US\" style=\"font-size: 12pt;font-family: 'Times New Roman', serif\">S\u0131n\u0131f \u00d6\u011fretmenli\u011fi Lisans Program\u0131n\u0131n Amac\u0131<\/span><\/strong><\/p><p style=\"margin-bottom: 6pt;line-height: normal;background-image: initial;background-position: initial;background-size: initial;background-attachment: initial\"><span lang=\"EN-US\" style=\"font-size: 12pt;font-family: 'Times New Roman', serif\">21. Y\u00fczy\u0131l\u0131n \u00e7a\u011fda\u015f, Atat\u00fcrk ilke ve \u0130nk\u0131laplar\u0131n\u0131 benimsemi\u015f, temel demokratik de\u011ferlerle donanm\u0131\u015f ve insan haklar\u0131na sayg\u0131l\u0131, ya\u015fad\u0131\u011f\u0131 \u00e7evreye duyarl\u0131, bilgi ve deneyimlerine g\u00f6re yorumlay\u0131p sosyal ve k\u00fclt\u00fcrel ba\u011flam i\u00e7inde olu\u015fturan, ele\u015ftiren, d\u00fc\u015f\u00fcnen, yarat\u0131c\u0131, do\u011fru karar veren, sosyal kat\u0131l\u0131m becerileri geli\u015fmi\u015f, bilimsel bilgiyi \u00fcretme y\u00f6ntemlerini kazanm\u0131\u015f, sosyal ya\u015famda etkin, \u00fcretken, hak ve sorumluluklar\u0131n\u0131 bilen s\u0131n\u0131f \u00f6\u011fretmenleri yeti\u015ftirmektir.<\/span><\/p>\t\t\t\t\t\t\t\t<\/div>\n\t\t\t\t<\/div>\n\t\t\t\t\t<\/div>\n\t\t<\/div>\n\t\t\t\t\t<\/div>\n\t\t<\/section>\n\t\t\t\t<\/div>\n\t\t","protected":false},"excerpt":{"rendered":"<p>Misyon, Vizyon ve Temel De\u011ferler S\u0131n\u0131f E\u011fitimi Anabilim Dal\u0131n\u0131n Misyonu; S\u00fcrekli de\u011fi\u015fen d\u00fcnyada bilimsel anlay\u0131\u015fl\u0131, \u00e7a\u011fda\u015f, demokrat, \u00fcretken, \u00fclke ve d\u00fcnya sorunlar\u0131na duyarl\u0131, \u00e7\u00f6z\u00fcm \u00fcreten, de\u011fi\u015fen ko\u015fullara ayak uyduran, gelece\u011fe y\u00f6nelik hedefleri olan, farkl\u0131 disiplinleri sentez edebilen, k\u00fclt\u00fcre ve sanata duyarl\u0131, \u00e7e\u015fitlili\u011fi bir zenginlik olarak alg\u0131layan, ekip \u00e7al\u0131\u015fmas\u0131, liderlik ve ileti\u015fim becerilerine sahip, ileti\u015fim ve [&hellip;]<\/p>\n","protected":false},"author":1,"featured_media":0,"parent":0,"menu_order":0,"comment_status":"closed","ping_status":"closed","template":"elementor_header_footer","meta":{"footnotes":""},"class_list":["post-5682","page","type-page","status-publish","hentry"],"_links":{"self":[{"href":"https:\/\/atauni.edu.tr\/sinif-ogretmenligi\/wp-json\/wp\/v2\/pages\/5682","targetHints":{"allow":["GET"]}}],"collection":[{"href":"https:\/\/atauni.edu.tr\/sinif-ogretmenligi\/wp-json\/wp\/v2\/pages"}],"about":[{"href":"https:\/\/atauni.edu.tr\/sinif-ogretmenligi\/wp-json\/wp\/v2\/types\/page"}],"author":[{"embeddable":true,"href":"https:\/\/atauni.edu.tr\/sinif-ogretmenligi\/wp-json\/wp\/v2\/users\/1"}],"replies":[{"embeddable":true,"href":"https:\/\/atauni.edu.tr\/sinif-ogretmenligi\/wp-json\/wp\/v2\/comments?post=5682"}],"version-history":[{"count":34,"href":"https:\/\/atauni.edu.tr\/sinif-ogretmenligi\/wp-json\/wp\/v2\/pages\/5682\/revisions"}],"predecessor-version":[{"id":6480,"href":"https:\/\/atauni.edu.tr\/sinif-ogretmenligi\/wp-json\/wp\/v2\/pages\/5682\/revisions\/6480"}],"wp:attachment":[{"href":"https:\/\/atauni.edu.tr\/sinif-ogretmenligi\/wp-json\/wp\/v2\/media?parent=5682"}],"curies":[{"name":"wp","href":"https:\/\/api.w.org\/{rel}","templated":true}]}}