{"id":5751,"date":"2021-07-13T12:50:27","date_gmt":"2021-07-13T09:50:27","guid":{"rendered":"https:\/\/portaltest.atauni.edu.tr\/bilgisayar-muhendisligi\/?page_id=5751"},"modified":"2022-05-06T13:43:59","modified_gmt":"2022-05-06T10:43:59","slug":"lisansustu-ders-listesi","status":"publish","type":"page","link":"https:\/\/atauni.edu.tr\/sinif-ogretmenligi\/lisansustu-ders-listesi\/","title":{"rendered":"Ders Listesi"},"content":{"rendered":"\t\t<div data-elementor-type=\"wp-page\" data-elementor-id=\"5751\" class=\"elementor elementor-5751\" data-elementor-post-type=\"page\">\n\t\t\t\t\t\t<section class=\"elementor-section elementor-top-section elementor-element elementor-element-730d320 elementor-section-boxed elementor-section-height-default elementor-section-height-default\" data-id=\"730d320\" data-element_type=\"section\">\n\t\t\t\t\t\t<div class=\"elementor-container elementor-column-gap-default\">\n\t\t\t\t\t<div class=\"elementor-column elementor-col-100 elementor-top-column elementor-element elementor-element-753d0860\" data-id=\"753d0860\" data-element_type=\"column\">\n\t\t\t<div class=\"elementor-widget-wrap\">\n\t\t\t\t\t\t\t<\/div>\n\t\t<\/div>\n\t\t\t\t\t<\/div>\n\t\t<\/section>\n\t\t\t\t<section class=\"elementor-section elementor-top-section elementor-element elementor-element-9be811a elementor-section-boxed elementor-section-height-default elementor-section-height-default\" data-id=\"9be811a\" data-element_type=\"section\">\n\t\t\t\t\t\t<div class=\"elementor-container elementor-column-gap-default\">\n\t\t\t\t\t<div class=\"elementor-column elementor-col-100 elementor-top-column elementor-element elementor-element-1ed847b7\" data-id=\"1ed847b7\" data-element_type=\"column\">\n\t\t\t<div class=\"elementor-widget-wrap elementor-element-populated\">\n\t\t\t\t\t\t<div class=\"elementor-element elementor-element-4ce0d07f elementor-widget elementor-widget-heading\" data-id=\"4ce0d07f\" data-element_type=\"widget\" data-widget_type=\"heading.default\">\n\t\t\t\t<div class=\"elementor-widget-container\">\n\t\t\t\t\t<h2 class=\"elementor-heading-title elementor-size-default\">Lisans\u00fcst\u00fc Ders Listesi<\/h2>\t\t\t\t<\/div>\n\t\t\t\t<\/div>\n\t\t\t\t<div class=\"elementor-element elementor-element-63260862 elementor-widget-divider--view-line elementor-widget elementor-widget-divider\" data-id=\"63260862\" data-element_type=\"widget\" data-widget_type=\"divider.default\">\n\t\t\t\t<div class=\"elementor-widget-container\">\n\t\t\t\t\t\t\t<div class=\"elementor-divider\">\n\t\t\t<span class=\"elementor-divider-separator\">\n\t\t\t\t\t\t<\/span>\n\t\t<\/div>\n\t\t\t\t\t\t<\/div>\n\t\t\t\t<\/div>\n\t\t\t\t\t<\/div>\n\t\t<\/div>\n\t\t\t\t\t<\/div>\n\t\t<\/section>\n\t\t\t\t<section class=\"elementor-section elementor-top-section elementor-element elementor-element-6a5b7ef elementor-section-boxed elementor-section-height-default elementor-section-height-default\" data-id=\"6a5b7ef\" data-element_type=\"section\">\n\t\t\t\t\t\t<div class=\"elementor-container elementor-column-gap-default\">\n\t\t\t\t\t<div class=\"elementor-column elementor-col-100 elementor-top-column elementor-element elementor-element-ce70762\" data-id=\"ce70762\" data-element_type=\"column\">\n\t\t\t<div class=\"elementor-widget-wrap elementor-element-populated\">\n\t\t\t\t\t\t<div class=\"elementor-element elementor-element-b780842 elementor-widget elementor-widget-text-editor\" data-id=\"b780842\" data-element_type=\"widget\" data-widget_type=\"text-editor.default\">\n\t\t\t\t<div class=\"elementor-widget-container\">\n\t\t\t\t\t\t\t\t\t<p><strong>2021-2022 Bahar Yar\u0131y\u0131l\u0131nda E\u011fitim Bilimleri Enstit\u00fcs\u00fc B\u00fcnyesinde A\u00e7\u0131lan Lisans\u00fcst\u00fc Dersleri<\/strong><\/p>\n<p><span style=\"text-decoration: underline\">Y\u00fcksek Lisans Dersleri<\/span><\/p>\n<ul>\n<li>Bilimin \u00d6nc\u00fcleri (SNO-520) &#8211; Prof. Dr. Ali YILDIZ<\/li>\n<li>T\u00fcrk ve Bat\u0131 E\u011fitim Tarihi (SNO-506) &#8211; Prof. Dr. Durmu\u015f KILI\u00c7<\/li>\n<li>Hayat Bilgisi ve Sosyal Bilgiler \u00d6\u011fretimi Alanyaz\u0131n \u0130ncelemesi (SNO-509) &#8211; Prof. Dr. Osman SAMANCI<\/li>\n<li>E\u011fitimde S\u00f6zs\u00fcz \u0130leti\u015fim ve Beden Dili II (SNO-508) &#8211; Do\u00e7. Dr. \u00d6mer YILAR<\/li>\n<li>\u00d6zel E\u011fitimde Fen \u00d6\u011fretimi (SNO-530) &#8211; Do\u00e7. Dr. Pelin METE<\/li>\n<li>Sosyal Bilgiler Dersinde De\u011ferler E\u011fitimi (SNO-533) &#8211; Dr. \u00d6\u011fr. \u00dcyesi Zeynep BA\u015eCI NAMLI<\/li>\n<li>\u0130lkokulda Kavram \u00d6\u011fretimi (SNO-528)&nbsp;<span style=\"text-align: -webkit-match-parent;letter-spacing: 0px\">&#8211;&nbsp;<\/span>Dr. \u00d6\u011fr. \u00dcyesi Zeynep BA\u015eCI NAMLI<\/li>\n<\/ul>\n<p><span style=\"text-decoration: underline\"><span style=\"letter-spacing: 0px;text-decoration: underline\">Doktora Dersleri<\/span><\/span><\/p>\n<ul>\n<li>Ara\u015ft\u0131rma Temelli \u00d6\u011fretim Y\u00f6ntemleri (SNO-710)<span style=\"letter-spacing: 0px\">&nbsp;<\/span><span style=\"letter-spacing: 0px\">&#8211;&nbsp;<\/span>Prof. Dr. Durmu\u015f KILI\u00c7<\/li>\n<li>Halk Bilimi ve E\u011fitimi II (SNO-714) &#8211; Do\u00e7. Dr. \u00d6mer YILAR<\/li>\n<li>E\u011fitim Politikalar\u0131 (SNO-706) &#8211; Do\u00e7. Dr. M. Hanifi ERCO\u015eKUN<\/li>\n<\/ul><div><br><\/div>\t\t\t\t\t\t\t\t<\/div>\n\t\t\t\t<\/div>\n\t\t\t\t\t<\/div>\n\t\t<\/div>\n\t\t\t\t\t<\/div>\n\t\t<\/section>\n\t\t\t\t<\/div>\n\t\t","protected":false},"excerpt":{"rendered":"<p>Lisans\u00fcst\u00fc Ders Listesi 2021-2022 Bahar Yar\u0131y\u0131l\u0131nda E\u011fitim Bilimleri Enstit\u00fcs\u00fc B\u00fcnyesinde A\u00e7\u0131lan Lisans\u00fcst\u00fc Dersleri Y\u00fcksek Lisans Dersleri Bilimin \u00d6nc\u00fcleri (SNO-520) &#8211; Prof. Dr. Ali YILDIZ T\u00fcrk ve Bat\u0131 E\u011fitim Tarihi (SNO-506) &#8211; Prof. Dr. Durmu\u015f KILI\u00c7 Hayat Bilgisi ve Sosyal Bilgiler \u00d6\u011fretimi Alanyaz\u0131n \u0130ncelemesi (SNO-509) &#8211; Prof. Dr. Osman SAMANCI E\u011fitimde S\u00f6zs\u00fcz \u0130leti\u015fim ve Beden Dili [&hellip;]<\/p>\n","protected":false},"author":1,"featured_media":0,"parent":0,"menu_order":0,"comment_status":"closed","ping_status":"closed","template":"elementor_header_footer","meta":{"footnotes":""},"class_list":["post-5751","page","type-page","status-publish","hentry"],"_links":{"self":[{"href":"https:\/\/atauni.edu.tr\/sinif-ogretmenligi\/wp-json\/wp\/v2\/pages\/5751","targetHints":{"allow":["GET"]}}],"collection":[{"href":"https:\/\/atauni.edu.tr\/sinif-ogretmenligi\/wp-json\/wp\/v2\/pages"}],"about":[{"href":"https:\/\/atauni.edu.tr\/sinif-ogretmenligi\/wp-json\/wp\/v2\/types\/page"}],"author":[{"embeddable":true,"href":"https:\/\/atauni.edu.tr\/sinif-ogretmenligi\/wp-json\/wp\/v2\/users\/1"}],"replies":[{"embeddable":true,"href":"https:\/\/atauni.edu.tr\/sinif-ogretmenligi\/wp-json\/wp\/v2\/comments?post=5751"}],"version-history":[{"count":23,"href":"https:\/\/atauni.edu.tr\/sinif-ogretmenligi\/wp-json\/wp\/v2\/pages\/5751\/revisions"}],"predecessor-version":[{"id":6245,"href":"https:\/\/atauni.edu.tr\/sinif-ogretmenligi\/wp-json\/wp\/v2\/pages\/5751\/revisions\/6245"}],"wp:attachment":[{"href":"https:\/\/atauni.edu.tr\/sinif-ogretmenligi\/wp-json\/wp\/v2\/media?parent=5751"}],"curies":[{"name":"wp","href":"https:\/\/api.w.org\/{rel}","templated":true}]}}