{"id":6910,"date":"2024-04-02T10:25:17","date_gmt":"2024-04-02T07:25:17","guid":{"rendered":"https:\/\/birimler.atauni.edu.tr\/sinif-ogretmenligi\/?page_id=6910"},"modified":"2024-04-02T10:25:17","modified_gmt":"2024-04-02T07:25:17","slug":"ogretim-uyelerine-ait-projeler","status":"publish","type":"page","link":"https:\/\/atauni.edu.tr\/sinif-ogretmenligi\/ogretim-uyelerine-ait-projeler\/","title":{"rendered":"\u00d6\u011fretim \u00dcyelerine Ait Projeler"},"content":{"rendered":"","protected":false},"excerpt":{"rendered":"","protected":false},"author":484,"featured_media":0,"parent":0,"menu_order":0,"comment_status":"closed","ping_status":"closed","template":"","meta":{"footnotes":""},"class_list":["post-6910","page","type-page","status-publish","hentry"],"_links":{"self":[{"href":"https:\/\/atauni.edu.tr\/sinif-ogretmenligi\/wp-json\/wp\/v2\/pages\/6910","targetHints":{"allow":["GET"]}}],"collection":[{"href":"https:\/\/atauni.edu.tr\/sinif-ogretmenligi\/wp-json\/wp\/v2\/pages"}],"about":[{"href":"https:\/\/atauni.edu.tr\/sinif-ogretmenligi\/wp-json\/wp\/v2\/types\/page"}],"author":[{"embeddable":true,"href":"https:\/\/atauni.edu.tr\/sinif-ogretmenligi\/wp-json\/wp\/v2\/users\/484"}],"replies":[{"embeddable":true,"href":"https:\/\/atauni.edu.tr\/sinif-ogretmenligi\/wp-json\/wp\/v2\/comments?post=6910"}],"version-history":[{"count":1,"href":"https:\/\/atauni.edu.tr\/sinif-ogretmenligi\/wp-json\/wp\/v2\/pages\/6910\/revisions"}],"predecessor-version":[{"id":6913,"href":"https:\/\/atauni.edu.tr\/sinif-ogretmenligi\/wp-json\/wp\/v2\/pages\/6910\/revisions\/6913"}],"wp:attachment":[{"href":"https:\/\/atauni.edu.tr\/sinif-ogretmenligi\/wp-json\/wp\/v2\/media?parent=6910"}],"curies":[{"name":"wp","href":"https:\/\/api.w.org\/{rel}","templated":true}]}}