{"id":7258,"date":"2025-08-08T18:11:00","date_gmt":"2025-08-08T15:11:00","guid":{"rendered":"https:\/\/birimler.atauni.edu.tr\/sinif-ogretmenligi\/?page_id=7258"},"modified":"2025-08-08T18:11:00","modified_gmt":"2025-08-08T15:11:00","slug":"duyurular","status":"publish","type":"page","link":"https:\/\/atauni.edu.tr\/sinif-ogretmenligi\/duyurular\/","title":{"rendered":"Duyurular"},"content":{"rendered":"<form method=\"get\" class=\"row g-3\" style=\"margin-bottom: 20px;\"><div class=\"col-md-3\"><input type=\"text\" name=\"Duyuru_ara\" class=\"form-control\" placeholder=\"Duyuru ara...\" value=\"\"><\/div><div class=\"col-md-3\"><input type=\"date\" name=\"baslangic_tarihi\" class=\"form-control\" value=\"\"><\/div><div class=\"col-md-3\"><input type=\"date\" name=\"bitis_tarihi\" class=\"form-control\" value=\"\"><\/div><div class=\"col-md-3\"><button type=\"submit\" class=\"btn btn-secondary w-50\">Filtrele<\/button><\/div><\/form><ul class=\"kategori-yazilari-liste\"><li style=\"display: flex; margin-bottom: 10px; align-items: center;\"><div class=\"post-content\" style=\"flex-grow: 1;\"><span class=\"post-date Duyurutarih\" style=\"display: block; font-weight: bold; margin-bottom: 5px;\">16 Mart 2026<\/span><a class=\"Duyurubaslik\" href=\"https:\/\/atauni.edu.tr\/sinif-ogretmenligi\/2026\/03\/16\/vize-programi-2025-2026-bahar-yariyili\/\">Vize Program\u0131\/2025-2026 Bahar Yar\u0131y\u0131l\u0131<\/a><\/div><\/li><li style=\"display: flex; margin-bottom: 10px; align-items: center;\"><div class=\"post-content\" style=\"flex-grow: 1;\"><span class=\"post-date Duyurutarih\" style=\"display: block; font-weight: bold; margin-bottom: 5px;\">10 Mart 2026<\/span><a class=\"Duyurubaslik\" href=\"https:\/\/atauni.edu.tr\/sinif-ogretmenligi\/2026\/03\/10\/ogretmenlik-uygulamasi-ii-dersi-ogrenci-listesi\/\">\u00d6\u011fretmenlik Uygulamas\u0131-II Dersi \u00d6\u011frenci Listesi<\/a><\/div><\/li><li style=\"display: flex; margin-bottom: 10px; align-items: center;\"><div class=\"post-content\" style=\"flex-grow: 1;\"><span class=\"post-date Duyurutarih\" style=\"display: block; font-weight: bold; margin-bottom: 5px;\">25 Aral\u0131k 2025<\/span><a class=\"Duyurubaslik\" href=\"https:\/\/atauni.edu.tr\/sinif-ogretmenligi\/2025\/12\/25\/final-ve-butunleme-programi-2025-2026-guz-yariyili\/\">Final ve B\u00fct\u00fcnleme Program\u0131\/2025-2026 G\u00fcz Yar\u0131y\u0131l\u0131<\/a><\/div><\/li><li style=\"display: flex; margin-bottom: 10px; align-items: center;\"><div class=\"post-content\" style=\"flex-grow: 1;\"><span class=\"post-date Duyurutarih\" style=\"display: block; font-weight: bold; margin-bottom: 5px;\">6 Kas\u0131m 2025<\/span><a class=\"Duyurubaslik\" href=\"https:\/\/atauni.edu.tr\/sinif-ogretmenligi\/2025\/11\/06\/vize-programi-2025-2026-guz-yariyili\/\">Vize Program\u0131\/2025-2026 G\u00fcz Yar\u0131y\u0131l\u0131<\/a><\/div><\/li><li style=\"display: flex; margin-bottom: 10px; align-items: center;\"><div class=\"post-content\" style=\"flex-grow: 1;\"><span class=\"post-date Duyurutarih\" style=\"display: block; font-weight: bold; margin-bottom: 5px;\">23 Eyl\u00fcl 2025<\/span><a class=\"Duyurubaslik\" href=\"https:\/\/atauni.edu.tr\/sinif-ogretmenligi\/2025\/09\/23\/topluma-hizmet-uygulamalari-dersi-ogrenci-listesi\/\">Topluma Hizmet Uygulamalar\u0131 Dersi \u00d6\u011frenci Listesi<\/a><\/div><\/li><li style=\"display: flex; margin-bottom: 10px; align-items: center;\"><div class=\"post-content\" style=\"flex-grow: 1;\"><span class=\"post-date Duyurutarih\" style=\"display: block; font-weight: bold; margin-bottom: 5px;\">23 Eyl\u00fcl 2025<\/span><a class=\"Duyurubaslik\" href=\"https:\/\/atauni.edu.tr\/sinif-ogretmenligi\/2025\/09\/23\/ogretmenlik-uygulamasi-i-dersi-ogrenci-listesi-3\/\">\u00d6\u011fretmenlik Uygulamas\u0131-I Dersi \u00d6\u011frenci Listesi<\/a><\/div><\/li><li style=\"display: flex; margin-bottom: 10px; align-items: center;\"><div class=\"post-content\" style=\"flex-grow: 1;\"><span class=\"post-date Duyurutarih\" style=\"display: block; font-weight: bold; margin-bottom: 5px;\">23 Eyl\u00fcl 2025<\/span><a class=\"Duyurubaslik\" href=\"https:\/\/atauni.edu.tr\/sinif-ogretmenligi\/2025\/09\/23\/ders-programi-2025-2026-guz-yariyili\/\">Ders Program\u0131 2025-2026 G\u00fcz Yar\u0131y\u0131l\u0131<\/a><\/div><\/li><li style=\"display: flex; margin-bottom: 10px; align-items: center;\"><div class=\"post-content\" style=\"flex-grow: 1;\"><span class=\"post-date Duyurutarih\" style=\"display: block; font-weight: bold; margin-bottom: 5px;\">5 Haziran 2025<\/span><a class=\"Duyurubaslik\" href=\"https:\/\/atauni.edu.tr\/sinif-ogretmenligi\/2025\/06\/05\/butunleme-programi-2024-2025-bahar-yariyili\/\">B\u00fct\u00fcnleme Program\u0131\/2024-2025 Bahar Yar\u0131y\u0131l\u0131<\/a><\/div><\/li><li style=\"display: flex; margin-bottom: 10px; align-items: center;\"><div class=\"post-content\" style=\"flex-grow: 1;\"><span class=\"post-date Duyurutarih\" style=\"display: block; font-weight: bold; margin-bottom: 5px;\">5 Haziran 2025<\/span><a class=\"Duyurubaslik\" href=\"https:\/\/atauni.edu.tr\/sinif-ogretmenligi\/2025\/06\/05\/final-programi-2024-2025-bahar-yariyili\/\">Final Program\u0131\/2024-2025 Bahar Yar\u0131y\u0131l\u0131<\/a><\/div><\/li><li style=\"display: flex; margin-bottom: 10px; align-items: center;\"><div class=\"post-content\" style=\"flex-grow: 1;\"><span class=\"post-date Duyurutarih\" style=\"display: block; font-weight: bold; margin-bottom: 5px;\">7 Nisan 2025<\/span><a class=\"Duyurubaslik\" href=\"https:\/\/atauni.edu.tr\/sinif-ogretmenligi\/2025\/04\/07\/vize-programi-2024-2025-bahar-yariyili\/\">Vize Program\u0131\/2024-2025 Bahar Yar\u0131y\u0131l\u0131<\/a><\/div><\/li><\/ul><nav class=\"pagination\" style=\"margin-top: 20px;\"><ul class='page-numbers'>\n\t<li><span aria-current=\"page\" class=\"page-numbers current\">1<\/span><\/li>\n\t<li><a class=\"page-numbers\" href=\"https:\/\/atauni.edu.tr\/sinif-ogretmenligi\/wp-json\/wp\/v2\/pages\/7258\/page\/2\/\">2<\/a><\/li>\n\t<li><a class=\"page-numbers\" href=\"https:\/\/atauni.edu.tr\/sinif-ogretmenligi\/wp-json\/wp\/v2\/pages\/7258\/page\/3\/\">3<\/a><\/li>\n\t<li><span class=\"page-numbers dots\">&hellip;<\/span><\/li>\n\t<li><a class=\"page-numbers\" href=\"https:\/\/atauni.edu.tr\/sinif-ogretmenligi\/wp-json\/wp\/v2\/pages\/7258\/page\/6\/\">6<\/a><\/li>\n\t<li><a class=\"next page-numbers\" href=\"https:\/\/atauni.edu.tr\/sinif-ogretmenligi\/wp-json\/wp\/v2\/pages\/7258\/page\/2\/\">Sonraki &raquo;<\/a><\/li>\n<\/ul>\n<\/nav>\n\n\n\n<p><\/p>\n","protected":false},"excerpt":{"rendered":"","protected":false},"author":1,"featured_media":0,"parent":0,"menu_order":0,"comment_status":"closed","ping_status":"closed","template":"","meta":{"footnotes":""},"class_list":["post-7258","page","type-page","status-publish","hentry"],"_links":{"self":[{"href":"https:\/\/atauni.edu.tr\/sinif-ogretmenligi\/wp-json\/wp\/v2\/pages\/7258","targetHints":{"allow":["GET"]}}],"collection":[{"href":"https:\/\/atauni.edu.tr\/sinif-ogretmenligi\/wp-json\/wp\/v2\/pages"}],"about":[{"href":"https:\/\/atauni.edu.tr\/sinif-ogretmenligi\/wp-json\/wp\/v2\/types\/page"}],"author":[{"embeddable":true,"href":"https:\/\/atauni.edu.tr\/sinif-ogretmenligi\/wp-json\/wp\/v2\/users\/1"}],"replies":[{"embeddable":true,"href":"https:\/\/atauni.edu.tr\/sinif-ogretmenligi\/wp-json\/wp\/v2\/comments?post=7258"}],"version-history":[{"count":1,"href":"https:\/\/atauni.edu.tr\/sinif-ogretmenligi\/wp-json\/wp\/v2\/pages\/7258\/revisions"}],"predecessor-version":[{"id":7262,"href":"https:\/\/atauni.edu.tr\/sinif-ogretmenligi\/wp-json\/wp\/v2\/pages\/7258\/revisions\/7262"}],"wp:attachment":[{"href":"https:\/\/atauni.edu.tr\/sinif-ogretmenligi\/wp-json\/wp\/v2\/media?parent=7258"}],"curies":[{"name":"wp","href":"https:\/\/api.w.org\/{rel}","templated":true}]}}