{"id":5638,"date":"2021-07-13T09:49:25","date_gmt":"2021-07-13T06:49:25","guid":{"rendered":"https:\/\/portaltest.atauni.edu.tr\/bilgisayar-muhendisligi\/?page_id=5638"},"modified":"2022-05-17T22:12:59","modified_gmt":"2022-05-17T19:12:59","slug":"tarihce","status":"publish","type":"page","link":"https:\/\/atauni.edu.tr\/sosyal-bilgiler-egitimi-anabilim-dali\/tarihce\/","title":{"rendered":"Tarih\u00e7e"},"content":{"rendered":"\t\t<div data-elementor-type=\"wp-page\" data-elementor-id=\"5638\" class=\"elementor elementor-5638\" data-elementor-post-type=\"page\">\n\t\t\t\t\t\t<section class=\"elementor-section elementor-top-section elementor-element elementor-element-730d320 elementor-section-boxed elementor-section-height-default elementor-section-height-default\" data-id=\"730d320\" data-element_type=\"section\">\n\t\t\t\t\t\t<div class=\"elementor-container elementor-column-gap-default\">\n\t\t\t\t\t<div class=\"elementor-column elementor-col-100 elementor-top-column elementor-element elementor-element-753d0860\" data-id=\"753d0860\" data-element_type=\"column\">\n\t\t\t<div class=\"elementor-widget-wrap\">\n\t\t\t\t\t\t\t<\/div>\n\t\t<\/div>\n\t\t\t\t\t<\/div>\n\t\t<\/section>\n\t\t\t\t<section class=\"elementor-section elementor-top-section elementor-element elementor-element-9be811a elementor-section-boxed elementor-section-height-default elementor-section-height-default\" data-id=\"9be811a\" data-element_type=\"section\">\n\t\t\t\t\t\t<div class=\"elementor-container elementor-column-gap-default\">\n\t\t\t\t\t<div class=\"elementor-column elementor-col-100 elementor-top-column elementor-element elementor-element-1ed847b7\" data-id=\"1ed847b7\" data-element_type=\"column\">\n\t\t\t<div class=\"elementor-widget-wrap elementor-element-populated\">\n\t\t\t\t\t\t<div class=\"elementor-element elementor-element-4ce0d07f elementor-widget elementor-widget-heading\" data-id=\"4ce0d07f\" data-element_type=\"widget\" data-widget_type=\"heading.default\">\n\t\t\t\t<div class=\"elementor-widget-container\">\n\t\t\t\t\t<h2 class=\"elementor-heading-title elementor-size-default\">Tarih\u00e7e<\/h2>\t\t\t\t<\/div>\n\t\t\t\t<\/div>\n\t\t\t\t<div class=\"elementor-element elementor-element-63260862 elementor-widget-divider--view-line elementor-widget elementor-widget-divider\" data-id=\"63260862\" data-element_type=\"widget\" data-widget_type=\"divider.default\">\n\t\t\t\t<div class=\"elementor-widget-container\">\n\t\t\t\t\t\t\t<div class=\"elementor-divider\">\n\t\t\t<span class=\"elementor-divider-separator\">\n\t\t\t\t\t\t<\/span>\n\t\t<\/div>\n\t\t\t\t\t\t<\/div>\n\t\t\t\t<\/div>\n\t\t\t\t\t<\/div>\n\t\t<\/div>\n\t\t\t\t\t<\/div>\n\t\t<\/section>\n\t\t\t\t<section class=\"elementor-section elementor-top-section elementor-element elementor-element-681db8b elementor-section-boxed elementor-section-height-default elementor-section-height-default\" data-id=\"681db8b\" data-element_type=\"section\">\n\t\t\t\t\t\t<div class=\"elementor-container elementor-column-gap-default\">\n\t\t\t\t\t<div class=\"elementor-column elementor-col-100 elementor-top-column elementor-element elementor-element-ad4dac5\" data-id=\"ad4dac5\" data-element_type=\"column\">\n\t\t\t<div class=\"elementor-widget-wrap elementor-element-populated\">\n\t\t\t\t\t\t<div class=\"elementor-element elementor-element-2f96b3d elementor-widget elementor-widget-text-editor\" data-id=\"2f96b3d\" data-element_type=\"widget\" data-widget_type=\"text-editor.default\">\n\t\t\t\t<div class=\"elementor-widget-container\">\n\t\t\t\t\t\t\t\t\t<p style=\"font-weight: 400\"><strong>Anabilim Dal\u0131 Tarih\u00e7esi<\/strong><\/p><p style=\"font-weight: 400\"><strong>\u00a0<\/strong><\/p><p style=\"font-weight: 400\">Y\u00fcksek\u00f6\u011fretim Y\u00fcr\u00fctme Kurulunun 04.11.1997 tarih ve 97.39.2761 say\u0131l\u0131 karar\u0131 ile E\u011fitim Fak\u00fcltelerinde yeniden yap\u0131lanma sureci ba\u015flat\u0131lm\u0131\u015ft\u0131r. Bu \u00e7er\u00e7evede Sosyal Bilgiler E\u011fitimi Anabilim Dal\u0131, Kaz\u0131m Karabekir E\u011fitim Fak\u00fcltesi \u0130lk\u00f6\u011fretim B\u00f6l\u00fcm\u00fc b\u00fcnyesinde a\u00e7\u0131lm\u0131\u015ft\u0131r. 1998-1999 e\u011fitim-\u00f6\u011fretim y\u0131l\u0131ndan itibaren \u00f6\u011frenci alan ve ikili e\u011fitim \u00f6\u011fretime (I ve II. \u00d6\u011fretim) ba\u015flayan anabilim dal\u0131m\u0131z ilk mezunlar\u0131n\u0131 2002 y\u0131l\u0131nda vermi\u015ftir. 2016 A\u011fustos ay\u0131nda yap\u0131lan de\u011fi\u015fiklikle T\u00fcrk\u00e7e ve Sosyal Bilimler E\u011fitimi B\u00f6l\u00fcm\u00fc b\u00fcnyesine al\u0131nan Sosyal Bilgiler E\u011fitimi Anabilim Dal\u0131 e\u011fitim \u00f6\u011fretim faaliyetlerine bu b\u00f6l\u00fcm \u00e7at\u0131s\u0131 alt\u0131nda devam etmektedir.<\/p><p style=\"font-weight: 400\">2018 y\u0131l\u0131nda Y\u00d6K Genel Kurulu karar\u0131 ile \u00d6\u011fretmen Yeti\u015ftirme Lisans Programlar\u0131 yenilenmi\u015ftir. Anabilim dal\u0131m\u0131zda ilgili kurul taraf\u0131ndan haz\u0131rlanan paket program uygulanmakla birlikte anabilim dal\u0131 kurul karar\u0131 ile belirlenen ve Y\u00d6K taraf\u0131ndan onaylanan se\u00e7meli dersler de okutulmaktad\u0131r.<\/p><p style=\"font-weight: 400\">Sosyal Bilgiler E\u011fitimi Lisans Program\u0131na kay\u0131tl\u0131 \u00f6\u011frencilere; uygulama olana\u011f\u0131yla birlikte, fak\u00fcltede ve uygulama okullar\u0131nda nitelikli \u00f6\u011fretim ve s\u0131n\u0131f y\u00f6netimini g\u00f6zleyebilme, ger\u00e7ek ortamlarda \u00f6\u011fretme ve s\u0131n\u0131f y\u00f6netimi becerilerini uygulama, performanslar\u0131 hakk\u0131nda s\u00fcrekli ve nitelikli d\u00f6n\u00fct alma f\u0131rsat\u0131 sa\u011flanmaktad\u0131r. Sosyal Bilgiler E\u011fitimi Lisans Program\u0131n\u0131n ama\u00e7lar\u0131 do\u011frultusunda program\u0131n i\u00e7eri\u011finde yer alan dersler kuramsal, uygulama ve mesleki yeterlilikler boyutlar\u0131nda ele al\u0131nm\u0131\u015ft\u0131r. Program\u0131m\u0131z oransal olarak % 34 meslek bilgisi, % 18 genel k\u00fclt\u00fcr ve % 48 alan bilgisi derslerini i\u00e7ermektedir. \u00d6SYM\u2019nin yapm\u0131\u015f oldu\u011fu LYS TS-1 puan\u0131na g\u00f6re \u00f6\u011frenci alan anabilim dal\u0131m\u0131zda birinci \u00f6\u011fretim yap\u0131lmaktad\u0131r. \u00d6\u011frenim suresi d\u00f6rt akademik y\u0131l ve \u00f6\u011fretim dili T\u00fcrk\u00e7e olan anabilim dal\u0131m\u0131z\u0131n 2021-2022 e\u011fitim \u00f6\u011fretim y\u0131l\u0131ndaki \u00f6\u011frenci kontenjan\u0131 60 \u00f6\u011frencidir. Program\u0131m\u0131zdan mezun olan \u00f6\u011fretmen adaylar\u0131 Milli E\u011fitim Bakanl\u0131\u011f\u0131\u2019na ba\u011fl\u0131 ortaokul d\u00fczeyindeki t\u00fcm kamu ve \u00f6zel e\u011fitim kurumlar\u0131nda istihdam edilmektedir. \u00d6\u011frencilerimize ERASMUS, MEVLANA ve FARAB\u0130 programlar\u0131 kapsam\u0131nda yurti\u00e7i ve yurt d\u0131\u015f\u0131 \u00f6\u011frenci de\u011fi\u015fimi olana\u011f\u0131 sunulmaktad\u0131r.<\/p><p style=\"font-weight: 400\">Her bir \u00f6\u011frencinin \u00f6\u011fretim elemanlar\u0131 aras\u0131ndan g\u00f6revlendirilmi\u015f bir dan\u0131\u015fman\u0131 vard\u0131r. \u00d6\u011frenciler ders se\u00e7imi, kariyer planlama, sosyal aktiviteler vb. konularda dan\u0131\u015fmanlar\u0131yla ileti\u015fim kurmaktad\u0131r.<\/p><p style=\"font-weight: 400\">Teorik dersler Anabilim Dal\u0131na ait dersliklerde yap\u0131lmakta, konuyla ilgili gezi ve g\u00f6zlemlerle desteklenmektedir. Uygulamal\u0131 derslerin yap\u0131laca\u011f\u0131 yerler ise dersin amac\u0131na ve sorumlu \u00f6\u011fretim \u00fcyesinin tercihine ba\u011fl\u0131 olarak de\u011fi\u015fmektedir. \u00d6rne\u011fin, Topluma Hizmet Uygulamalar\u0131 dersi Erzurum&#8217;da\u00a0g\u00f6rev yapan \u00e7e\u015fitli sosyal kurum ve kurulu\u015flarda yap\u0131l\u0131rken, \u00d6\u011fretmenlik Uygulamas\u0131 ve Okul Deneyimi dersleri \u015fehir merkezindeki ortaokullarda yap\u0131lmaktad\u0131r. Program\u0131n gerekli \u015fartlar\u0131n\u0131 yerine getiren \u00f6\u011frenciler, bir \u00fcst s\u0131n\u0131ftan ders alabilirler. Sosyal Bilgiler E\u011fitimi Anabilim Dal\u0131, Kaz\u0131m Karabekir E\u011fitim Fak\u00fcltesi Kamp\u00fcs Binas\u0131nda hizmet vermektedir. S\u0131n\u0131flarda ak\u0131ll\u0131 tahta, uzaktan e\u011fitimde canl\u0131 dersler yapabilmek i\u00e7in kamera ve mikrofon sistemleri gibi multimedya ara\u00e7lar bulunmaktad\u0131r. Merkez k\u00fct\u00fcphane d\u0131\u015f\u0131nda\u00a0fak\u00fclte i\u00e7inde anabilim dal\u0131 \u00f6\u011frencilerinin yaralanabilecekleri bir de k\u00fct\u00fcphane bulunmaktad\u0131r.<\/p><p style=\"font-weight: 400\">Anabilim dal\u0131m\u0131z kuruldu\u011fu andan itibaren ilk \u00f6nce Atat\u00fcrk \u00dcniversitesi Sosyal Bilimler Enstit\u00fcs\u00fc\u0308 sonra da E\u011fitim Bilimleri Enstit\u00fcs\u00fc\u0308 ile i\u015fbirli\u011fi halinde lisans\u00fcst\u00fc\u0308 d\u00fczeyde (y\u00fcksek lisans ve doktora) \u00f6\u011frenci de yeti\u015ftirmektedir.<\/p><p style=\"font-weight: 400\">Sosyal Bilgiler E\u011fitimi Anabilim Dal\u0131\u2019nda 5 Profes\u00f6r, 2 Do\u00e7ent, 2 Doktor \u00d6\u011fretim \u00dcyesi, 1 \u00d6\u011fretim G\u00f6revlisi ve 3 Ara\u015ft\u0131rma g\u00f6revlisi olmak \u00fczere toplam 13 \u00f6\u011fretim elaman\u0131 ile e\u011fitim \u00f6\u011fretim faaliyetlerini s\u00fcrd\u00fcrmektedir.<\/p>\t\t\t\t\t\t\t\t<\/div>\n\t\t\t\t<\/div>\n\t\t\t\t\t<\/div>\n\t\t<\/div>\n\t\t\t\t\t<\/div>\n\t\t<\/section>\n\t\t\t\t<\/div>\n\t\t","protected":false},"excerpt":{"rendered":"<p>Tarih\u00e7e Anabilim Dal\u0131 Tarih\u00e7esi \u00a0 Y\u00fcksek\u00f6\u011fretim Y\u00fcr\u00fctme Kurulunun 04.11.1997 tarih ve 97.39.2761 say\u0131l\u0131 karar\u0131 ile E\u011fitim Fak\u00fcltelerinde yeniden yap\u0131lanma sureci ba\u015flat\u0131lm\u0131\u015ft\u0131r. Bu \u00e7er\u00e7evede Sosyal Bilgiler E\u011fitimi Anabilim Dal\u0131, Kaz\u0131m Karabekir E\u011fitim Fak\u00fcltesi \u0130lk\u00f6\u011fretim B\u00f6l\u00fcm\u00fc b\u00fcnyesinde a\u00e7\u0131lm\u0131\u015ft\u0131r. 1998-1999 e\u011fitim-\u00f6\u011fretim y\u0131l\u0131ndan itibaren \u00f6\u011frenci alan ve ikili e\u011fitim \u00f6\u011fretime (I ve II. \u00d6\u011fretim) ba\u015flayan anabilim dal\u0131m\u0131z ilk mezunlar\u0131n\u0131 [&hellip;]<\/p>\n","protected":false},"author":1,"featured_media":0,"parent":0,"menu_order":0,"comment_status":"closed","ping_status":"closed","template":"","meta":{"footnotes":""},"class_list":["post-5638","page","type-page","status-publish","hentry"],"_links":{"self":[{"href":"https:\/\/atauni.edu.tr\/sosyal-bilgiler-egitimi-anabilim-dali\/wp-json\/wp\/v2\/pages\/5638","targetHints":{"allow":["GET"]}}],"collection":[{"href":"https:\/\/atauni.edu.tr\/sosyal-bilgiler-egitimi-anabilim-dali\/wp-json\/wp\/v2\/pages"}],"about":[{"href":"https:\/\/atauni.edu.tr\/sosyal-bilgiler-egitimi-anabilim-dali\/wp-json\/wp\/v2\/types\/page"}],"author":[{"embeddable":true,"href":"https:\/\/atauni.edu.tr\/sosyal-bilgiler-egitimi-anabilim-dali\/wp-json\/wp\/v2\/users\/1"}],"replies":[{"embeddable":true,"href":"https:\/\/atauni.edu.tr\/sosyal-bilgiler-egitimi-anabilim-dali\/wp-json\/wp\/v2\/comments?post=5638"}],"version-history":[{"count":25,"href":"https:\/\/atauni.edu.tr\/sosyal-bilgiler-egitimi-anabilim-dali\/wp-json\/wp\/v2\/pages\/5638\/revisions"}],"predecessor-version":[{"id":6188,"href":"https:\/\/atauni.edu.tr\/sosyal-bilgiler-egitimi-anabilim-dali\/wp-json\/wp\/v2\/pages\/5638\/revisions\/6188"}],"wp:attachment":[{"href":"https:\/\/atauni.edu.tr\/sosyal-bilgiler-egitimi-anabilim-dali\/wp-json\/wp\/v2\/media?parent=5638"}],"curies":[{"name":"wp","href":"https:\/\/api.w.org\/{rel}","templated":true}]}}