{"id":5682,"date":"2021-07-13T10:10:01","date_gmt":"2021-07-13T07:10:01","guid":{"rendered":"https:\/\/portaltest.atauni.edu.tr\/bilgisayar-muhendisligi\/?page_id=5682"},"modified":"2022-05-17T22:15:15","modified_gmt":"2022-05-17T19:15:15","slug":"misyon-vizyon-ve-temel-degerler","status":"publish","type":"page","link":"https:\/\/atauni.edu.tr\/sosyal-bilgiler-egitimi-anabilim-dali\/misyon-vizyon-ve-temel-degerler\/","title":{"rendered":"Misyon, Vizyon ve Temel De\u011ferler"},"content":{"rendered":"\t\t<div data-elementor-type=\"wp-page\" data-elementor-id=\"5682\" class=\"elementor elementor-5682\" data-elementor-post-type=\"page\">\n\t\t\t\t\t\t<section class=\"elementor-section elementor-top-section elementor-element elementor-element-730d320 elementor-section-boxed elementor-section-height-default elementor-section-height-default\" data-id=\"730d320\" data-element_type=\"section\">\n\t\t\t\t\t\t<div class=\"elementor-container elementor-column-gap-default\">\n\t\t\t\t\t<div class=\"elementor-column elementor-col-100 elementor-top-column elementor-element elementor-element-753d0860\" data-id=\"753d0860\" data-element_type=\"column\">\n\t\t\t<div class=\"elementor-widget-wrap\">\n\t\t\t\t\t\t\t<\/div>\n\t\t<\/div>\n\t\t\t\t\t<\/div>\n\t\t<\/section>\n\t\t\t\t<section class=\"elementor-section elementor-top-section elementor-element elementor-element-9be811a elementor-section-boxed elementor-section-height-default elementor-section-height-default\" data-id=\"9be811a\" data-element_type=\"section\">\n\t\t\t\t\t\t<div class=\"elementor-container elementor-column-gap-default\">\n\t\t\t\t\t<div class=\"elementor-column elementor-col-100 elementor-top-column elementor-element elementor-element-1ed847b7\" data-id=\"1ed847b7\" data-element_type=\"column\">\n\t\t\t<div class=\"elementor-widget-wrap elementor-element-populated\">\n\t\t\t\t\t\t<div class=\"elementor-element elementor-element-4ce0d07f elementor-widget elementor-widget-heading\" data-id=\"4ce0d07f\" data-element_type=\"widget\" data-widget_type=\"heading.default\">\n\t\t\t\t<div class=\"elementor-widget-container\">\n\t\t\t\t\t<h2 class=\"elementor-heading-title elementor-size-default\">Misyon, Vizyon ve Temel De\u011ferler<\/h2>\t\t\t\t<\/div>\n\t\t\t\t<\/div>\n\t\t\t\t<div class=\"elementor-element elementor-element-63260862 elementor-widget-divider--view-line elementor-widget elementor-widget-divider\" data-id=\"63260862\" data-element_type=\"widget\" data-widget_type=\"divider.default\">\n\t\t\t\t<div class=\"elementor-widget-container\">\n\t\t\t\t\t\t\t<div class=\"elementor-divider\">\n\t\t\t<span class=\"elementor-divider-separator\">\n\t\t\t\t\t\t<\/span>\n\t\t<\/div>\n\t\t\t\t\t\t<\/div>\n\t\t\t\t<\/div>\n\t\t\t\t\t<\/div>\n\t\t<\/div>\n\t\t\t\t\t<\/div>\n\t\t<\/section>\n\t\t\t\t<section class=\"elementor-section elementor-top-section elementor-element elementor-element-681db8b elementor-section-boxed elementor-section-height-default elementor-section-height-default\" data-id=\"681db8b\" data-element_type=\"section\">\n\t\t\t\t\t\t<div class=\"elementor-container elementor-column-gap-default\">\n\t\t\t\t\t<div class=\"elementor-column elementor-col-100 elementor-top-column elementor-element elementor-element-ad4dac5\" data-id=\"ad4dac5\" data-element_type=\"column\">\n\t\t\t<div class=\"elementor-widget-wrap elementor-element-populated\">\n\t\t\t\t\t\t<div class=\"elementor-element elementor-element-2f96b3d elementor-widget elementor-widget-text-editor\" data-id=\"2f96b3d\" data-element_type=\"widget\" data-widget_type=\"text-editor.default\">\n\t\t\t\t<div class=\"elementor-widget-container\">\n\t\t\t\t\t\t\t\t\t<p style=\"font-weight: 400\"><strong>Misyon<\/strong><\/p><p style=\"font-weight: 400\">Atat\u00fcrk \u00dcniversitesi Kaz\u0131m Karabekir E\u011fitim Fak\u00fcltesi, Sosyal Bilgiler E\u011fitimi Anabilim Dal\u0131\u2019n\u0131n <strong>misyonu<\/strong>; Cumhuriyet\u2019in temel de\u011ferlerine benimseyen, T\u00fcrk Milli E\u011fitiminin genel ama\u00e7lar\u0131 ve Atat\u00fcrk \u0130lkelerine ba\u011fl\u0131, \u00f6\u011frenmeyi, \u00f6\u011fretmeyi ve insan geli\u015fimini temel alarak kendisini yenileyen, geli\u015ftiren, ele\u015ftirel d\u00fc\u015f\u00fcnebilen, yeniliklere a\u00e7\u0131k, topluma rehberlik edebilen, kendisi ile bar\u0131\u015f\u0131k, gelecek kayg\u0131s\u0131ndan uzak, sosyal bilgiler e\u011fitimi ve \u00f6\u011fretimi amac\u0131yla gerekli alt yap\u0131y\u0131 sa\u011flamak, alanla ilgili t\u00fcm yenilikleri yak\u0131ndan izlemek, yurt i\u00e7i ve yurt d\u0131\u015f\u0131 yay\u0131nlar\u0131 takip etmek, teknolojiden yararlanmak, sosyal bilgiler \u00e7at\u0131s\u0131 alt\u0131ndaki disiplinler hakk\u0131nda ara\u015ft\u0131rmalar yapmak ve bu disiplinlerin kazan\u0131mlar\u0131n\u0131 sosyal bilgiler dersi i\u00e7erisinde nas\u0131l daha etkili verilebilece\u011fini ara\u015ft\u0131rmak, sosyal bilgiler \u00f6\u011fretimiyle ilgili y\u00f6ntem ve teknikleri \u00e7ok iyi bilen, sorgulay\u0131c\u0131, ara\u015ft\u0131rmac\u0131 ve ileti\u015fim yetene\u011fi g\u00fc\u00e7l\u00fc ve bu yeteneklerini yeti\u015ftirece\u011fi \u00f6\u011frencilere de aktarabilecek sorumlu\u00a0 sosyal bilgiler \u00f6\u011fretmeni adaylar\u0131 yeti\u015ftirmektir<\/p><p style=\"font-weight: 400\"><strong>Vizyon<\/strong><\/p><p style=\"font-weight: 400\">Sosyal Bilgiler e\u011fitimi ve \u00f6\u011fretimi ile ilgili nitelikli bir e\u011fitim vererek \u00fclkenin ihtiyac\u0131na y\u00f6nelik olarak bilimsel d\u00fc\u015f\u00fcnen, yeniliklere a\u00e7\u0131k, bilgi teknolojilerini kullanan sosyal bilgiler \u00f6\u011fretmenleri ve akademisyenler\u00a0 yeti\u015ftirmek; Sosyal Bilgiler e\u011fitimi ve \u00f6\u011fretimi ile ilgili d\u00fcnyadaki geli\u015fmeleri takip ederek, yeni y\u00f6ntem ve tekniklerini T\u00fcrkiye&#8217;ye kazand\u0131rmak, Sosyal Bilgiler e\u011fitimi, Vatanda\u015fl\u0131k e\u011fitimi, \u0130nsan haklar\u0131 gibi projelerde \u00f6nc\u00fc rol\u00fc oynamak; Sosyal Bilgiler \u00f6\u011fretmen adaylar\u0131n\u0131n mesleki geli\u015fimlerine katk\u0131da bulunabilecek yurt i\u00e7i ve d\u0131\u015f\u0131ndaki kurulu\u015f ve kurumlarla i\u015fbirli\u011fi ve ileti\u015fim i\u00e7inde olmak.<\/p><p style=\"font-weight: 400\"><strong>De\u011ferler<\/strong><\/p><p style=\"font-weight: 400\">Anabilim Dal\u0131m\u0131z, Atat\u00fcrk \u00dcniversitesi ve Kaz\u0131m Karabekir E\u011fitim Fak\u00fcltesi misyon ve vizyonu \u00e7er\u00e7evesinde, kendi misyonunu ve vizyonunu ger\u00e7ekle\u015ftirmek i\u00e7in her t\u00fcrl\u00fc etkinliklerde a\u015fa\u011f\u0131daki de\u011ferleri ilke edinir;<\/p><ol style=\"font-weight: 400\"><li>Bilimin evrenselli\u011fi \u00e7er\u00e7evesinde toplumsal ve ulusal de\u011ferleri korumak ve geli\u015ftirmek,<\/li><li>Bilimsel \u00f6zg\u00fcrl\u00fck, yarat\u0131c\u0131l\u0131k ve \u00f6zg\u00fcn d\u00fc\u015f\u00fcnceyi y\u00fcceltmek,<\/li><li>Etik de\u011ferlere ba\u011fl\u0131 olmak,<\/li><li>M\u00fckemmelli\u011fe ula\u015fmaya \u00e7al\u0131\u015fmak,<\/li><li>E\u011fitim yoluyla toplumsal ve bireysel geli\u015fmeye \u00f6nc\u00fcl\u00fck etmek,<\/li><li>Alan\u0131nda yetkin \u00f6\u011fretmen ve akademisyen yeti\u015ftirmek,<\/li><li>Ulusal ve uluslar aras\u0131 kurum ve kurulu\u015flarla i\u015fbirli\u011fi yapmak,<\/li><li>G\u00fcncel teknolojinin t\u00fcm imk\u00e2nlar\u0131n\u0131 e\u011fitim\/\u00f6\u011fretim s\u00fcrecine katmak,<\/li><li>Akademik tutarl\u0131l\u0131k ve d\u00fcr\u00fcstl\u00fc\u011f\u00fc g\u00f6rev edinmek,<\/li><li>Yap\u0131lan i\u015f ve etkinliklerde \u015feffaf ve hesap verebilir olma<p style=\"font-weight: 400\"><strong>A.2.2. Stratejik ama\u00e7 ve hedefler<\/strong><\/p><p style=\"font-weight: 400\"><strong>\u00a0<\/strong><\/p><p style=\"font-weight: 400\">Sosyal Bilgiler \u00d6\u011fretmenli\u011fi Program\u0131\u2019n\u0131n amac\u0131; Milli E\u011fitim Bakanl\u0131\u011f\u0131\u2019na ba\u011fl\u0131 ortaokul d\u00fczeyinde t\u00fcm kamu ve \u00f6zel e\u011fitim kurumlar\u0131nda g\u00f6rev alacak sosyal bilgiler \u00f6\u011fretmeni adaylar\u0131n\u0131n sahip olmalar\u0131 gereken temel bilgi, beceri, davran\u0131\u015f ve al\u0131\u015fkanl\u0131klar\u0131 kazand\u0131rmak, gerekli alt yap\u0131y\u0131 sa\u011flayarak alanla ilgili t\u00fcm yenilikleri yak\u0131ndan izleyen, yurt i\u00e7i ve yurt d\u0131\u015f\u0131 yay\u0131nlar\u0131 takip edebilen, e\u011fitimde teknolojiden yararlanabilen bireyler yeti\u015ftirmektir.<\/p><p style=\"font-weight: 400\">\u00a0<\/p><p style=\"font-weight: 400\">Sosyal bilgiler \u00e7at\u0131s\u0131 alt\u0131ndaki disiplinler hakk\u0131nda ara\u015ft\u0131rmalar yapmak bu disiplinlerin kazan\u0131mlar\u0131n\u0131 sosyal bilgiler dersi i\u00e7erisinde nas\u0131l daha etkili verilebilece\u011fini ara\u015ft\u0131rmak, sosyal bilgiler \u00f6\u011fretimiyle ilgili y\u00f6ntem ve teknikleri bilen, sorgulay\u0131c\u0131, ara\u015ft\u0131rmac\u0131, ileti\u015fim yetene\u011fi g\u00fc\u00e7l\u00fc\u0308 ve bu yeteneklerini yeti\u015ftirece\u011fi \u00f6\u011frencilere de aktarabilecek sorumlu \u00f6\u011fretmen adaylar\u0131 yeti\u015ftirmektir.<\/p><p style=\"font-weight: 400\">\u00a0<\/p><p style=\"font-weight: 400\">Lisans program\u0131; alan bilgisi, genel k\u00fclt\u00fcr ve pedagojik formasyona ili\u015fkin derslerden olu\u015fmaktad\u0131r. E\u011fitim ve \u00f6\u011fretim 4 y\u0131l sureli olup dersler teorik ve uygulamal\u0131 olarak yap\u0131lmaktad\u0131r. Sosyal Bilgiler E\u011fitimi Program\u0131ndan mezun olanlar, bu kademedeki sosyal bilgiler derslerinden ba\u015fka, sosyal bilgiler \u00f6\u011fretiminin kapsam\u0131na giren Vatanda\u015fl\u0131k ve Demokrasi E\u011fitimi ile T\u00fcrkiye Cumhuriyeti \u0130nk\u0131l\u00e2p Tarihi ve Atat\u00fcrk\u00e7\u00fcl\u00fck gibi dersleri de vermektedir. \u0130lk\u00f6\u011fretim okullar\u0131n\u0131n ikinci a\u015famas\u0131nda sosyal bilgiler (Tarih, Co\u011frafya, Vatanda\u015fl\u0131k Bilgileri) derslerini okutacak \u00f6\u011fretmenleri yeti\u015ftirmek amac\u0131yla e\u011fitim veren bir birimdir.<\/p><\/li><\/ol><p>\u00a0<\/p>\t\t\t\t\t\t\t\t<\/div>\n\t\t\t\t<\/div>\n\t\t\t\t\t<\/div>\n\t\t<\/div>\n\t\t\t\t\t<\/div>\n\t\t<\/section>\n\t\t\t\t<\/div>\n\t\t","protected":false},"excerpt":{"rendered":"<p>Misyon, Vizyon ve Temel De\u011ferler Misyon Atat\u00fcrk \u00dcniversitesi Kaz\u0131m Karabekir E\u011fitim Fak\u00fcltesi, Sosyal Bilgiler E\u011fitimi Anabilim Dal\u0131\u2019n\u0131n misyonu; Cumhuriyet\u2019in temel de\u011ferlerine benimseyen, T\u00fcrk Milli E\u011fitiminin genel ama\u00e7lar\u0131 ve Atat\u00fcrk \u0130lkelerine ba\u011fl\u0131, \u00f6\u011frenmeyi, \u00f6\u011fretmeyi ve insan geli\u015fimini temel alarak kendisini yenileyen, geli\u015ftiren, ele\u015ftirel d\u00fc\u015f\u00fcnebilen, yeniliklere a\u00e7\u0131k, topluma rehberlik edebilen, kendisi ile bar\u0131\u015f\u0131k, gelecek kayg\u0131s\u0131ndan uzak, sosyal [&hellip;]<\/p>\n","protected":false},"author":1,"featured_media":0,"parent":0,"menu_order":0,"comment_status":"closed","ping_status":"closed","template":"elementor_header_footer","meta":{"footnotes":""},"class_list":["post-5682","page","type-page","status-publish","hentry"],"_links":{"self":[{"href":"https:\/\/atauni.edu.tr\/sosyal-bilgiler-egitimi-anabilim-dali\/wp-json\/wp\/v2\/pages\/5682","targetHints":{"allow":["GET"]}}],"collection":[{"href":"https:\/\/atauni.edu.tr\/sosyal-bilgiler-egitimi-anabilim-dali\/wp-json\/wp\/v2\/pages"}],"about":[{"href":"https:\/\/atauni.edu.tr\/sosyal-bilgiler-egitimi-anabilim-dali\/wp-json\/wp\/v2\/types\/page"}],"author":[{"embeddable":true,"href":"https:\/\/atauni.edu.tr\/sosyal-bilgiler-egitimi-anabilim-dali\/wp-json\/wp\/v2\/users\/1"}],"replies":[{"embeddable":true,"href":"https:\/\/atauni.edu.tr\/sosyal-bilgiler-egitimi-anabilim-dali\/wp-json\/wp\/v2\/comments?post=5682"}],"version-history":[{"count":11,"href":"https:\/\/atauni.edu.tr\/sosyal-bilgiler-egitimi-anabilim-dali\/wp-json\/wp\/v2\/pages\/5682\/revisions"}],"predecessor-version":[{"id":6191,"href":"https:\/\/atauni.edu.tr\/sosyal-bilgiler-egitimi-anabilim-dali\/wp-json\/wp\/v2\/pages\/5682\/revisions\/6191"}],"wp:attachment":[{"href":"https:\/\/atauni.edu.tr\/sosyal-bilgiler-egitimi-anabilim-dali\/wp-json\/wp\/v2\/media?parent=5682"}],"curies":[{"name":"wp","href":"https:\/\/api.w.org\/{rel}","templated":true}]}}