{"id":5638,"date":"2021-07-13T09:49:25","date_gmt":"2021-07-13T06:49:25","guid":{"rendered":"https:\/\/portaltest.atauni.edu.tr\/sosyal-bilimler-enstitusu\/?page_id=5638"},"modified":"2025-05-22T12:09:53","modified_gmt":"2025-05-22T09:09:53","slug":"tarihce","status":"publish","type":"page","link":"https:\/\/atauni.edu.tr\/sosyal-bilimler-enstitusu\/tarihce\/","title":{"rendered":"Tarih\u00e7e"},"content":{"rendered":"\t\t<div data-elementor-type=\"wp-page\" data-elementor-id=\"5638\" class=\"elementor elementor-5638\" data-elementor-post-type=\"page\">\n\t\t\t\t\t\t<section class=\"elementor-section elementor-top-section elementor-element elementor-element-83722e4 elementor-section-boxed elementor-section-height-default elementor-section-height-default\" data-id=\"83722e4\" data-element_type=\"section\">\n\t\t\t\t\t\t<div class=\"elementor-container elementor-column-gap-default\">\n\t\t\t\t\t<div class=\"elementor-column elementor-col-100 elementor-top-column elementor-element elementor-element-c8defb2\" data-id=\"c8defb2\" data-element_type=\"column\">\n\t\t\t<div class=\"elementor-widget-wrap elementor-element-populated\">\n\t\t\t\t\t\t<div class=\"elementor-element elementor-element-be148f8 elementor-widget elementor-widget-spacer\" data-id=\"be148f8\" data-element_type=\"widget\" data-widget_type=\"spacer.default\">\n\t\t\t\t<div class=\"elementor-widget-container\">\n\t\t\t\t\t\t\t<div class=\"elementor-spacer\">\n\t\t\t<div class=\"elementor-spacer-inner\"><\/div>\n\t\t<\/div>\n\t\t\t\t\t\t<\/div>\n\t\t\t\t<\/div>\n\t\t\t\t\t<\/div>\n\t\t<\/div>\n\t\t\t\t\t<\/div>\n\t\t<\/section>\n\t\t\t\t<section class=\"elementor-section elementor-top-section elementor-element elementor-element-f252515 elementor-section-boxed elementor-section-height-default elementor-section-height-default\" data-id=\"f252515\" data-element_type=\"section\">\n\t\t\t\t\t\t<div class=\"elementor-container elementor-column-gap-default\">\n\t\t\t\t\t<div class=\"elementor-column elementor-col-100 elementor-top-column elementor-element elementor-element-b67366d\" data-id=\"b67366d\" data-element_type=\"column\">\n\t\t\t<div class=\"elementor-widget-wrap elementor-element-populated\">\n\t\t\t\t\t\t<div class=\"elementor-element elementor-element-d0bdd52 elementor-widget elementor-widget-heading\" data-id=\"d0bdd52\" data-element_type=\"widget\" data-widget_type=\"heading.default\">\n\t\t\t\t<div class=\"elementor-widget-container\">\n\t\t\t\t\t<h2 class=\"elementor-heading-title elementor-size-default\">Tarih\u00e7e<\/h2>\t\t\t\t<\/div>\n\t\t\t\t<\/div>\n\t\t\t\t<div class=\"elementor-element elementor-element-e1df410 elementor-widget-divider--view-line elementor-widget elementor-widget-divider\" data-id=\"e1df410\" data-element_type=\"widget\" data-widget_type=\"divider.default\">\n\t\t\t\t<div class=\"elementor-widget-container\">\n\t\t\t\t\t\t\t<div class=\"elementor-divider\">\n\t\t\t<span class=\"elementor-divider-separator\">\n\t\t\t\t\t\t<\/span>\n\t\t<\/div>\n\t\t\t\t\t\t<\/div>\n\t\t\t\t<\/div>\n\t\t\t\t\t<\/div>\n\t\t<\/div>\n\t\t\t\t\t<\/div>\n\t\t<\/section>\n\t\t\t\t<section class=\"elementor-section elementor-top-section elementor-element elementor-element-2eaace3 elementor-section-boxed elementor-section-height-default elementor-section-height-default\" data-id=\"2eaace3\" data-element_type=\"section\">\n\t\t\t\t\t\t<div class=\"elementor-container elementor-column-gap-default\">\n\t\t\t\t\t<div class=\"elementor-column elementor-col-100 elementor-top-column elementor-element elementor-element-ea8a924\" data-id=\"ea8a924\" data-element_type=\"column\">\n\t\t\t<div class=\"elementor-widget-wrap elementor-element-populated\">\n\t\t\t\t\t\t<div class=\"elementor-element elementor-element-a98026f elementor-widget elementor-widget-text-editor\" data-id=\"a98026f\" data-element_type=\"widget\" data-widget_type=\"text-editor.default\">\n\t\t\t\t<div class=\"elementor-widget-container\">\n\t\t\t\t\t\t\t\t\t<p>Sosyal Bilimler Enstit\u00fcs\u00fc, 20 Temmuz 1982 tarih ve 17760 Say\u0131l\u0131 Resmi Gazetede yay\u0131nlanan 41 Say\u0131l\u0131 Kanun H\u00fckm\u00fcnde Kararname ile Atat\u00fcrk \u00dcniversitesi Rekt\u00f6rl\u00fc\u011f\u00fc`ne ba\u011fl\u0131 olarak te\u015fekk\u00fcl etmi\u015f, Y\u00fcksek\u00f6\u011fretim Kurulu`nun 18 Ekim 1982 tarihli toplant\u0131s\u0131nda ald\u0131\u011f\u0131 kararla resmen kurulmu\u015ftur. \u00c7a\u011fda\u015f bilimin gerekliliklerini kar\u015f\u0131layacak bilimsel bilgi ile donanm\u0131\u015f akademisyenleri b\u00fcnyesinde bar\u0131nd\u0131rmakta olan Enstit\u00fcm\u00fcz, 2016-2017 \u00d6\u011fretim Y\u0131l\u0131 itibariyle 31 Anabilim dal\u0131 ve 70\u2019i a\u015fk\u0131n bilim dal\u0131nda Y\u00fcksek Lisans ve Doktora e\u011fitimi ger\u00e7ekle\u015ftirmektedir. Enstit\u00fcm\u00fcz; sahip oldu\u011fu \u00f6\u011fretim \u00fcyesi potansiyeli ile onlar\u0131n bilgi ve birikimlerini gen\u00e7 bilim insanlar\u0131na aktarmalar\u0131n\u0131 sa\u011flamakla g\u00f6revli bir \u00fcst birimdir.<\/p><p>Enstit\u00fcm\u00fczde mevcut programlar i\u00e7in Ana Bilim Dallar\u0131-Lisans\u00fcst\u00fc Programlar men\u00fcs\u00fcn\u00fc inceleyebilirsiniz.\u00a0<\/p><p><strong>GEL\u0130\u015e\u0130M<\/strong><\/p><p>Enstit\u00fc 1982-1983 \u00d6\u011fretim Y\u0131l\u0131nda; Fen-Edebiyat Fak\u00fcltesi: Arkeoloji ve Sanat Tarihi, Bat\u0131 Dilleri ve Edebiyatlar\u0131, Co\u011frafya, Do\u011fu Dilleri ve Edebiyatlar\u0131, Felsefe, Tarih, T\u00fcrk Dili ve Edebiyat\u0131; \u0130lahiyat Fak\u00fcltesi: \u0130slam Medeniyeti ve Sosyal Bilimler, Kelam ve \u0130slam Felsefesi, Tefsir ve Hadis B\u00f6l\u00fcmlerinde 8 doktora \u00f6\u011frencisi ile \u00f6\u011fretime ba\u015flam\u0131\u015ft\u0131r. \u00d6nceki y\u00f6netmeliklere g\u00f6re fak\u00fcltelerde doktora \u00e7al\u0131\u015fmalar\u0131n\u0131 s\u00fcrd\u00fcren 115 doktora \u00f6\u011frencisi Enstit\u00fcye devredilmi\u015ftir.\u00a0\u00a0<\/p><p><strong>ENST\u0130T\u00dcDE BUG\u00dcNE KADAR G\u00d6REV ALMI\u015e M\u00dcD\u00dcRLER<\/strong><\/p><p>Do\u00e7. Dr. Baki DEREL\u0130 \u00a0 \u00a0 \u00a0 \u00a0 \u00a0 \u00a0 \u00a0 \u00a0 \u00a0 \u00a0 31.08.1982 \u00a0 \u00a0 \u00a0 \u00a011.01.1983<\/p><p>Prof. Dr. Haluk \u0130PEKTEN \u00a0 \u00a0\u00a0\u00a0\u00a0\u00a0\u00a0\u00a0\u00a0\u00a0\u00a0\u00a0\u00a0 12.01.1983 \u00a0 \u00a0 \u00a0 \u00a0 16.01.1992<\/p><p>Prof. Dr. Ey\u00fcp KEMERL\u0130O\u011eLU \u00a0 \u00a0 17.01.1992 \u00a0 \u00a0 \u00a0 \u00a0 23.09.1992<\/p><p>Prof. Dr. Bilge SEY\u0130DO\u011eLU \u00a0 \u00a0 \u00a0 \u00a0 \u00a0 24.09.1992 \u00a0 \u00a0 \u00a0 \u00a0 22.10.2001<\/p><p>Prof. Dr. Vahdettin BA\u015eCI \u00a0 \u00a0\u00a0\u00a0\u00a0\u00a0\u00a0\u00a0\u00a0 23.10.2001 \u00a0 \u00a0 \u00a0 \u00a0 19.01.2009<\/p><p>Prof. Dr. Mustafa YILDIRIM \u00a0 \u00a0 \u00a0 \u00a0 20.01.2009 \u00a0 \u00a0 \u00a0 \u00a0 31.08.2016<\/p><p>Prof. Dr. Mehmet T\u00d6RENEK\u00a0\u00a0\u00a0\u00a0\u00a0\u00a0\u00a0 29.08.2016 \u00a0 \u00a0 \u00a0 \u00a0 08.10.2018<\/p><p>Prof. Dr. Sait UYLA\u015e\u00a0\u00a0\u00a0\u00a0\u00a0\u00a0\u00a0\u00a0\u00a0\u00a0\u00a0\u00a0\u00a0\u00a0\u00a0\u00a0\u00a0\u00a0\u00a0\u00a0\u00a0\u00a0\u00a0 08.10.2018 \u00a0 \u00a0 \u00a0 \u00a0 01.11.2024<\/p><p>Prof. Dr. Hanifi \u015eAH\u0130N\u00a0\u00a0\u00a0\u00a0\u00a0\u00a0\u00a0\u00a0\u00a0\u00a0\u00a0\u00a0\u00a0\u00a0\u00a0\u00a0\u00a0\u00a0 01.11.2024<\/p><p><strong><br \/>YER<\/strong><\/p><p>Enstit\u00fc 1982-1989 y\u0131llar\u0131nda Fen-Edebiyat Fak\u00fcltesi`nin Edebiyat Bilimleri binas\u0131nda; 1989 y\u0131l\u0131ndan 2007 y\u0131l\u0131 Kas\u0131m ay\u0131na kadar Bilgi \u0130\u015flem Merkezi Binas\u0131nda faaliyetlerini s\u00fcrd\u00fcrm\u00fc\u015ft\u00fcr. Kas\u0131m 2007 y\u0131l\u0131ndan itibaren halen bulundu\u011fu Yabanc\u0131 Diller Y\u00fcksek Okulu Binas\u0131`n\u0131n \u00fc\u00e7\u00fcnc\u00fc kat\u0131nda faaliyetlerini s\u00fcrd\u00fcrmektedir.<\/p>\t\t\t\t\t\t\t\t<\/div>\n\t\t\t\t<\/div>\n\t\t\t\t\t<\/div>\n\t\t<\/div>\n\t\t\t\t\t<\/div>\n\t\t<\/section>\n\t\t\t\t<section class=\"elementor-section elementor-top-section elementor-element elementor-element-c11013b elementor-section-boxed elementor-section-height-default elementor-section-height-default\" data-id=\"c11013b\" data-element_type=\"section\">\n\t\t\t\t\t\t<div class=\"elementor-container elementor-column-gap-default\">\n\t\t\t\t\t<div class=\"elementor-column elementor-col-100 elementor-top-column elementor-element elementor-element-acab739\" data-id=\"acab739\" data-element_type=\"column\">\n\t\t\t<div class=\"elementor-widget-wrap elementor-element-populated\">\n\t\t\t\t\t\t<div class=\"elementor-element elementor-element-7375a9d elementor-widget elementor-widget-spacer\" data-id=\"7375a9d\" data-element_type=\"widget\" data-widget_type=\"spacer.default\">\n\t\t\t\t<div class=\"elementor-widget-container\">\n\t\t\t\t\t\t\t<div class=\"elementor-spacer\">\n\t\t\t<div class=\"elementor-spacer-inner\"><\/div>\n\t\t<\/div>\n\t\t\t\t\t\t<\/div>\n\t\t\t\t<\/div>\n\t\t\t\t\t<\/div>\n\t\t<\/div>\n\t\t\t\t\t<\/div>\n\t\t<\/section>\n\t\t\t\t<\/div>\n\t\t","protected":false},"excerpt":{"rendered":"<p>Tarih\u00e7e Sosyal Bilimler Enstit\u00fcs\u00fc, 20 Temmuz 1982 tarih ve 17760 Say\u0131l\u0131 Resmi Gazetede yay\u0131nlanan 41 Say\u0131l\u0131 Kanun H\u00fckm\u00fcnde Kararname ile Atat\u00fcrk \u00dcniversitesi Rekt\u00f6rl\u00fc\u011f\u00fc`ne ba\u011fl\u0131 olarak te\u015fekk\u00fcl etmi\u015f, Y\u00fcksek\u00f6\u011fretim Kurulu`nun 18 Ekim 1982 tarihli toplant\u0131s\u0131nda ald\u0131\u011f\u0131 kararla resmen kurulmu\u015ftur. \u00c7a\u011fda\u015f bilimin gerekliliklerini kar\u015f\u0131layacak bilimsel bilgi ile donanm\u0131\u015f akademisyenleri b\u00fcnyesinde bar\u0131nd\u0131rmakta olan Enstit\u00fcm\u00fcz, 2016-2017 \u00d6\u011fretim Y\u0131l\u0131 itibariyle [&hellip;]<\/p>\n","protected":false},"author":1,"featured_media":0,"parent":0,"menu_order":0,"comment_status":"closed","ping_status":"closed","template":"","meta":{"footnotes":""},"class_list":["post-5638","page","type-page","status-publish","hentry"],"_links":{"self":[{"href":"https:\/\/atauni.edu.tr\/sosyal-bilimler-enstitusu\/wp-json\/wp\/v2\/pages\/5638","targetHints":{"allow":["GET"]}}],"collection":[{"href":"https:\/\/atauni.edu.tr\/sosyal-bilimler-enstitusu\/wp-json\/wp\/v2\/pages"}],"about":[{"href":"https:\/\/atauni.edu.tr\/sosyal-bilimler-enstitusu\/wp-json\/wp\/v2\/types\/page"}],"author":[{"embeddable":true,"href":"https:\/\/atauni.edu.tr\/sosyal-bilimler-enstitusu\/wp-json\/wp\/v2\/users\/1"}],"replies":[{"embeddable":true,"href":"https:\/\/atauni.edu.tr\/sosyal-bilimler-enstitusu\/wp-json\/wp\/v2\/comments?post=5638"}],"version-history":[{"count":55,"href":"https:\/\/atauni.edu.tr\/sosyal-bilimler-enstitusu\/wp-json\/wp\/v2\/pages\/5638\/revisions"}],"predecessor-version":[{"id":9129,"href":"https:\/\/atauni.edu.tr\/sosyal-bilimler-enstitusu\/wp-json\/wp\/v2\/pages\/5638\/revisions\/9129"}],"wp:attachment":[{"href":"https:\/\/atauni.edu.tr\/sosyal-bilimler-enstitusu\/wp-json\/wp\/v2\/media?parent=5638"}],"curies":[{"name":"wp","href":"https:\/\/api.w.org\/{rel}","templated":true}]}}