{"id":5719,"date":"2021-07-13T10:45:18","date_gmt":"2021-07-13T07:45:18","guid":{"rendered":"https:\/\/portaltest.atauni.edu.tr\/sosyal-bilimler-enstitusu\/?page_id=5719"},"modified":"2026-03-25T12:20:32","modified_gmt":"2026-03-25T09:20:32","slug":"iletisim","status":"publish","type":"page","link":"https:\/\/atauni.edu.tr\/sosyal-bilimler-enstitusu\/iletisim\/","title":{"rendered":"\u0130leti\u015fim"},"content":{"rendered":"\t\t<div data-elementor-type=\"wp-page\" data-elementor-id=\"5719\" class=\"elementor elementor-5719\" data-elementor-post-type=\"page\">\n\t\t\t\t\t\t<section class=\"elementor-section elementor-top-section elementor-element elementor-element-29bda589 elementor-section-boxed elementor-section-height-default elementor-section-height-default\" data-id=\"29bda589\" data-element_type=\"section\">\n\t\t\t\t\t\t<div class=\"elementor-container elementor-column-gap-default\">\n\t\t\t\t\t<div class=\"elementor-column elementor-col-100 elementor-top-column elementor-element elementor-element-5464b3c4\" data-id=\"5464b3c4\" data-element_type=\"column\">\n\t\t\t<div class=\"elementor-widget-wrap elementor-element-populated\">\n\t\t\t\t\t\t<div class=\"elementor-element elementor-element-6d2e7946 elementor-widget elementor-widget-spacer\" data-id=\"6d2e7946\" data-element_type=\"widget\" data-widget_type=\"spacer.default\">\n\t\t\t\t<div class=\"elementor-widget-container\">\n\t\t\t\t\t\t\t<div class=\"elementor-spacer\">\n\t\t\t<div class=\"elementor-spacer-inner\"><\/div>\n\t\t<\/div>\n\t\t\t\t\t\t<\/div>\n\t\t\t\t<\/div>\n\t\t\t\t<section class=\"elementor-section elementor-inner-section elementor-element elementor-element-5119b5f3 elementor-section-boxed elementor-section-height-default elementor-section-height-default\" data-id=\"5119b5f3\" data-element_type=\"section\">\n\t\t\t\t\t\t<div class=\"elementor-container elementor-column-gap-default\">\n\t\t\t\t\t<div class=\"elementor-column elementor-col-50 elementor-inner-column elementor-element elementor-element-58af8dd4\" data-id=\"58af8dd4\" data-element_type=\"column\">\n\t\t\t<div class=\"elementor-widget-wrap elementor-element-populated\">\n\t\t\t\t\t\t<div class=\"elementor-element elementor-element-89eca5e elementor-widget elementor-widget-heading\" data-id=\"89eca5e\" data-element_type=\"widget\" data-widget_type=\"heading.default\">\n\t\t\t\t<div class=\"elementor-widget-container\">\n\t\t\t\t\t<h2 class=\"elementor-heading-title elementor-size-default\">\u0130leti\u015fim<\/h2>\t\t\t\t<\/div>\n\t\t\t\t<\/div>\n\t\t\t\t<div class=\"elementor-element elementor-element-dff6311 elementor-widget-divider--view-line elementor-widget elementor-widget-divider\" data-id=\"dff6311\" data-element_type=\"widget\" data-widget_type=\"divider.default\">\n\t\t\t\t<div class=\"elementor-widget-container\">\n\t\t\t\t\t\t\t<div class=\"elementor-divider\">\n\t\t\t<span class=\"elementor-divider-separator\">\n\t\t\t\t\t\t<\/span>\n\t\t<\/div>\n\t\t\t\t\t\t<\/div>\n\t\t\t\t<\/div>\n\t\t\t\t<div class=\"elementor-element elementor-element-29463a3 elementor-widget__width-initial elementor-widget elementor-widget-text-editor\" data-id=\"29463a3\" data-element_type=\"widget\" data-widget_type=\"text-editor.default\">\n\t\t\t\t<div class=\"elementor-widget-container\">\n\t\t\t\t\t\t\t\t\t<p><strong>Adres:\u00a0<\/strong>Atat\u00fcrk \u00dcniversitesi Sosyal Bilimleri Enstit\u00fcs\u00fc M\u00fcd\u00fcrl\u00fc\u011f\u00fc 25240 ERZURUM<\/p><p><strong>E-Posta:<\/strong> <a href=\"mailto:sosbil@atauni.edu.tr\">sosbil@atauni.edu.tr<\/a><\/p><p><strong>Telefon\u00a0<\/strong><a href=\"tel:904422314926\">+90 442 231 4926 .:\u00a0<strong>Serap \u00d6NAL<\/strong>-Enstit\u00fc Sekreteri<\/a><\/p><p><strong>Telefon\u00a0<\/strong><a href=\"tel:904422314928\">+90 442 231 4928 .: <strong>Zeynep \u0130LHAN<\/strong>-\u00d6zel Kalem<\/a><\/p><p class=\"contact-links\"><strong>Telefon\u00a0<\/strong><a href=\"tel:904422314950\">+90 442 231 4950 .: <strong>Elif ARICIO\u011eLU<\/strong>&#8211;<\/a><a href=\"tel:904422314952\">\u0130leti\u015fim Fak\u00fcltesi programlar\u0131, Turizm \u0130\u015fletmecili\u011fi ve Otelcilik programlar\u0131<\/a><\/p><p class=\"contact-links\"><strong>Telefon <\/strong><a href=\"tel:904422314927\">+90 442 231 4927 .: <strong>Ne\u015fe LEH\u0130MLER<\/strong>, Edebiyat Fak\u00fcltesi, Hukuk Fak\u00fcltesi<\/a><\/p><p class=\"contact-links\"><strong>Telefon\u00a0<\/strong><a href=\"tel:904422314951\">+90 442 231\u00a04951\u00a0.: <strong>Ebru KARA<\/strong>, \u0130ktisat-Ekonometri-\u00c7al\u0131\u015fma Ekonomisi ve End\u00fcstri \u0130li\u015fkileri-Y\u00f6netim Bili\u015fim Sistemleri programlar\u0131-\u0130\u015fletme-Kamu Y\u00f6netimi-Uluslararas\u0131 Ticaret ve Lojistik-Uluslararas\u0131 \u0130li\u015fkiler<\/a><\/p><p class=\"contact-links\"><strong>Telefon\u00a0<\/strong><a href=\"tel:904422314935\">+90 442 231 4935 .: <strong>Zeynep ARIK<\/strong>, <\/a><a href=\"tel:904422314935\">\u0130lahiyat Fak\u00fcltesi, Uzaktan E\u011fitim\u00a0 Tezsiz <\/a><a style=\"background-color: #ffffff;letter-spacing: 0px\" href=\"tel:904422314935\">Y\u00fcksek Lisans-\u0130kinci \u00d6\u011fretim Tezsiz Y\u00fcksek Lisans programlar\u0131<\/a>\u00a0<\/p><p class=\"contact-links\"><strong>Telefon\u00a0<\/strong><a href=\"tel:904422314739\">+90 442 231\u00a04739\u00a0.: <strong>Nur Hilal ADIG\u00dcZEL<\/strong>, Yaz\u0131 \u0130\u015fleri ve Personel \u0130\u015fleri<\/a><\/p><p class=\"contact-links\"><strong>Telefon\u00a0<\/strong><a href=\"tel:904422314931\">+90 442 231\u00a04931\u00a0.: <strong>Latif TERCANLI<\/strong>, Tahakkuk \u0130\u015fleri ve Ayniyat<\/a><\/p><p class=\"contact-links\"><strong>Telefon\u00a0<\/strong><a href=\"tel:904422314738\">+90 442 231\u00a04738\u00a0.: <strong>Funda Erg\u00fcl<\/strong>, Fotokopi B\u00fcrosu<\/a><\/p><p class=\"contact-links\"><strong>Telefon\u00a0<\/strong><a href=\"tel:904422314738\">+90 442 231\u00a04738\u00a0.: <strong>Kevser KIR<\/strong>, Fotokopi B\u00fcrosu<\/a><\/p><p class=\"contact-links\"><strong>Faks\u00a0 \u00a0 \u00a0 \u00a0<\/strong><a href=\"https:\/\/atauni.edu.tr\/iletisim\/sosyal-bilimler-enstitusu#\">+90 442 231\u00a04911<\/a><\/p>\t\t\t\t\t\t\t\t<\/div>\n\t\t\t\t<\/div>\n\t\t\t\t\t<\/div>\n\t\t<\/div>\n\t\t\t\t<div class=\"elementor-column elementor-col-50 elementor-inner-column elementor-element elementor-element-1fd5ff33\" data-id=\"1fd5ff33\" data-element_type=\"column\">\n\t\t\t<div class=\"elementor-widget-wrap elementor-element-populated\">\n\t\t\t\t\t\t<div class=\"elementor-element elementor-element-b96f609 elementor-widget elementor-widget-heading\" data-id=\"b96f609\" data-element_type=\"widget\" data-widget_type=\"heading.default\">\n\t\t\t\t<div class=\"elementor-widget-container\">\n\t\t\t\t\t<h2 class=\"elementor-heading-title elementor-size-default\">Bilgi Edinme Ba\u015fvuru Formu<\/h2>\t\t\t\t<\/div>\n\t\t\t\t<\/div>\n\t\t\t\t<div class=\"elementor-element elementor-element-c50021f elementor-widget-divider--view-line elementor-widget elementor-widget-divider\" data-id=\"c50021f\" data-element_type=\"widget\" data-widget_type=\"divider.default\">\n\t\t\t\t<div class=\"elementor-widget-container\">\n\t\t\t\t\t\t\t<div class=\"elementor-divider\">\n\t\t\t<span class=\"elementor-divider-separator\">\n\t\t\t\t\t\t<\/span>\n\t\t<\/div>\n\t\t\t\t\t\t<\/div>\n\t\t\t\t<\/div>\n\t\t\t\t<div class=\"elementor-element elementor-element-48fb6674 elementor-button-align-start elementor-widget elementor-widget-form\" data-id=\"48fb6674\" data-element_type=\"widget\" data-settings=\"{&quot;step_next_label&quot;:&quot;Next&quot;,&quot;step_previous_label&quot;:&quot;Previous&quot;,&quot;button_width&quot;:&quot;100&quot;,&quot;step_type&quot;:&quot;number_text&quot;,&quot;step_icon_shape&quot;:&quot;circle&quot;}\" data-widget_type=\"form.default\">\n\t\t\t\t<div class=\"elementor-widget-container\">\n\t\t\t\t\t\t\t<form class=\"elementor-form\" method=\"post\" name=\"New Form\" aria-label=\"New Form\">\n\t\t\t<input type=\"hidden\" name=\"post_id\" value=\"5719\"\/>\n\t\t\t<input type=\"hidden\" name=\"form_id\" value=\"48fb6674\"\/>\n\t\t\t<input type=\"hidden\" name=\"referer_title\" value=\"\u0130leti\u015fim\" \/>\n\n\t\t\t\t\t\t\t<input type=\"hidden\" name=\"queried_id\" value=\"5719\"\/>\n\t\t\t\n\t\t\t<div class=\"elementor-form-fields-wrapper elementor-labels-above\">\n\t\t\t\t\t\t\t\t<div class=\"elementor-field-type-text elementor-field-group elementor-column elementor-field-group-name elementor-col-100\">\n\t\t\t\t\t\t\t\t\t\t\t\t\t<input size=\"1\" type=\"text\" name=\"form_fields[name]\" id=\"form-field-name\" class=\"elementor-field elementor-size-sm  elementor-field-textual\" placeholder=\"Ad Soyad\">\n\t\t\t\t\t\t\t\t\t\t\t<\/div>\n\t\t\t\t\t\t\t\t<div class=\"elementor-field-type-email elementor-field-group elementor-column elementor-field-group-email elementor-col-100 elementor-field-required\">\n\t\t\t\t\t\t\t\t\t\t\t\t\t<input size=\"1\" type=\"email\" name=\"form_fields[email]\" id=\"form-field-email\" class=\"elementor-field elementor-size-sm  elementor-field-textual\" placeholder=\"E-Posta\" required=\"required\">\n\t\t\t\t\t\t\t\t\t\t\t<\/div>\n\t\t\t\t\t\t\t\t<div class=\"elementor-field-type-tel elementor-field-group elementor-column elementor-field-group-field_132ef83 elementor-col-100 elementor-field-required\">\n\t\t\t\t\t\t\t<input size=\"1\" type=\"tel\" name=\"form_fields[field_132ef83]\" id=\"form-field-field_132ef83\" class=\"elementor-field elementor-size-sm  elementor-field-textual\" placeholder=\"Cep Telefonu Numaran\u0131z :\" required=\"required\" pattern=\"[0-9()#&amp;+*-=.]+\" title=\"Only numbers and phone characters (#, -, *, etc) are accepted.\">\n\n\t\t\t\t\t\t<\/div>\n\t\t\t\t\t\t\t\t<div class=\"elementor-field-type-textarea elementor-field-group elementor-column elementor-field-group-message elementor-col-100\">\n\t\t\t\t\t<textarea class=\"elementor-field-textual elementor-field  elementor-size-sm\" name=\"form_fields[message]\" id=\"form-field-message\" rows=\"4\" placeholder=\"Mesaj\u0131n\u0131z\"><\/textarea>\t\t\t\t<\/div>\n\t\t\t\t\t\t\t\t<div class=\"elementor-field-group elementor-column elementor-field-type-submit elementor-col-100 e-form__buttons\">\n\t\t\t\t\t<button class=\"elementor-button elementor-size-sm\" type=\"submit\">\n\t\t\t\t\t\t<span class=\"elementor-button-content-wrapper\">\n\t\t\t\t\t\t\t\t\t\t\t\t\t\t\t\t\t\t\t\t\t\t<span class=\"elementor-button-text\">G\u00d6NDER<\/span>\n\t\t\t\t\t\t\t\t\t\t\t\t\t<\/span>\n\t\t\t\t\t<\/button>\n\t\t\t\t<\/div>\n\t\t\t<\/div>\n\t\t<\/form>\n\t\t\t\t\t\t<\/div>\n\t\t\t\t<\/div>\n\t\t\t\t\t<\/div>\n\t\t<\/div>\n\t\t\t\t\t<\/div>\n\t\t<\/section>\n\t\t\t\t<div class=\"elementor-element elementor-element-1f7e5e51 elementor-widget elementor-widget-spacer\" data-id=\"1f7e5e51\" data-element_type=\"widget\" data-widget_type=\"spacer.default\">\n\t\t\t\t<div class=\"elementor-widget-container\">\n\t\t\t\t\t\t\t<div class=\"elementor-spacer\">\n\t\t\t<div class=\"elementor-spacer-inner\"><\/div>\n\t\t<\/div>\n\t\t\t\t\t\t<\/div>\n\t\t\t\t<\/div>\n\t\t\t\t<div class=\"elementor-element elementor-element-2813e6a elementor-widget elementor-widget-google_maps\" data-id=\"2813e6a\" data-element_type=\"widget\" data-widget_type=\"google_maps.default\">\n\t\t\t\t<div class=\"elementor-widget-container\">\n\t\t\t\t\t\t\t<div class=\"elementor-custom-embed\">\n\t\t\t<iframe loading=\"lazy\"\n\t\t\t\t\tsrc=\"https:\/\/maps.google.com\/maps?q=Sosyal%20Bilimler%20Enstit%C3%BCs%C3%BC&#038;t=m&#038;z=15&#038;output=embed&#038;iwloc=near\"\n\t\t\t\t\ttitle=\"Sosyal Bilimler Enstit\u00fcs\u00fc\"\n\t\t\t\t\taria-label=\"Sosyal Bilimler Enstit\u00fcs\u00fc\"\n\t\t\t><\/iframe>\n\t\t<\/div>\n\t\t\t\t\t\t<\/div>\n\t\t\t\t<\/div>\n\t\t\t\t<div class=\"elementor-element elementor-element-14d20407 elementor-widget elementor-widget-spacer\" data-id=\"14d20407\" data-element_type=\"widget\" data-widget_type=\"spacer.default\">\n\t\t\t\t<div class=\"elementor-widget-container\">\n\t\t\t\t\t\t\t<div class=\"elementor-spacer\">\n\t\t\t<div class=\"elementor-spacer-inner\"><\/div>\n\t\t<\/div>\n\t\t\t\t\t\t<\/div>\n\t\t\t\t<\/div>\n\t\t\t\t\t<\/div>\n\t\t<\/div>\n\t\t\t\t\t<\/div>\n\t\t<\/section>\n\t\t\t\t<\/div>\n\t\t","protected":false},"excerpt":{"rendered":"<p>\u0130leti\u015fim Adres:\u00a0Atat\u00fcrk \u00dcniversitesi Sosyal Bilimleri Enstit\u00fcs\u00fc M\u00fcd\u00fcrl\u00fc\u011f\u00fc 25240 ERZURUM E-Posta: sosbil@atauni.edu.tr Telefon\u00a0+90 442 231 4926 .:\u00a0Serap \u00d6NAL-Enstit\u00fc Sekreteri Telefon\u00a0+90 442 231 4928 .: Zeynep \u0130LHAN-\u00d6zel Kalem Telefon\u00a0+90 442 231 4950 .: Elif ARICIO\u011eLU&#8211;\u0130leti\u015fim Fak\u00fcltesi programlar\u0131, Turizm \u0130\u015fletmecili\u011fi ve Otelcilik programlar\u0131 Telefon +90 442 231 4927 .: Ne\u015fe LEH\u0130MLER, Edebiyat Fak\u00fcltesi, Hukuk Fak\u00fcltesi Telefon\u00a0+90 442 231\u00a04951\u00a0.: [&hellip;]<\/p>\n","protected":false},"author":1,"featured_media":0,"parent":0,"menu_order":0,"comment_status":"closed","ping_status":"closed","template":"elementor_header_footer","meta":{"footnotes":""},"class_list":["post-5719","page","type-page","status-publish","hentry"],"_links":{"self":[{"href":"https:\/\/atauni.edu.tr\/sosyal-bilimler-enstitusu\/wp-json\/wp\/v2\/pages\/5719","targetHints":{"allow":["GET"]}}],"collection":[{"href":"https:\/\/atauni.edu.tr\/sosyal-bilimler-enstitusu\/wp-json\/wp\/v2\/pages"}],"about":[{"href":"https:\/\/atauni.edu.tr\/sosyal-bilimler-enstitusu\/wp-json\/wp\/v2\/types\/page"}],"author":[{"embeddable":true,"href":"https:\/\/atauni.edu.tr\/sosyal-bilimler-enstitusu\/wp-json\/wp\/v2\/users\/1"}],"replies":[{"embeddable":true,"href":"https:\/\/atauni.edu.tr\/sosyal-bilimler-enstitusu\/wp-json\/wp\/v2\/comments?post=5719"}],"version-history":[{"count":122,"href":"https:\/\/atauni.edu.tr\/sosyal-bilimler-enstitusu\/wp-json\/wp\/v2\/pages\/5719\/revisions"}],"predecessor-version":[{"id":9665,"href":"https:\/\/atauni.edu.tr\/sosyal-bilimler-enstitusu\/wp-json\/wp\/v2\/pages\/5719\/revisions\/9665"}],"wp:attachment":[{"href":"https:\/\/atauni.edu.tr\/sosyal-bilimler-enstitusu\/wp-json\/wp\/v2\/media?parent=5719"}],"curies":[{"name":"wp","href":"https:\/\/api.w.org\/{rel}","templated":true}]}}