{"id":6721,"date":"2024-12-17T14:20:06","date_gmt":"2024-12-17T11:20:06","guid":{"rendered":"https:\/\/birimler.atauni.edu.tr\/sosyal-bilimler-enstitusu\/?page_id=6721"},"modified":"2025-09-17T10:44:51","modified_gmt":"2025-09-17T07:44:51","slug":"enstitu-kurulu","status":"publish","type":"page","link":"https:\/\/atauni.edu.tr\/sosyal-bilimler-enstitusu\/enstitu-kurulu\/","title":{"rendered":"Enstit\u00fc Kurulu"},"content":{"rendered":"\t\t<div data-elementor-type=\"wp-page\" data-elementor-id=\"6721\" class=\"elementor elementor-6721\" data-elementor-post-type=\"page\">\n\t\t\t\t\t\t<section class=\"elementor-section elementor-top-section elementor-element elementor-element-98f8209 elementor-section-boxed elementor-section-height-default elementor-section-height-default\" data-id=\"98f8209\" data-element_type=\"section\">\n\t\t\t\t\t\t<div class=\"elementor-container elementor-column-gap-default\">\n\t\t\t\t\t<div class=\"elementor-column elementor-col-100 elementor-top-column elementor-element elementor-element-83a9bfc\" data-id=\"83a9bfc\" data-element_type=\"column\">\n\t\t\t<div class=\"elementor-widget-wrap elementor-element-populated\">\n\t\t\t\t\t\t<div class=\"elementor-element elementor-element-a46625f elementor-widget elementor-widget-spacer\" data-id=\"a46625f\" data-element_type=\"widget\" data-widget_type=\"spacer.default\">\n\t\t\t\t<div class=\"elementor-widget-container\">\n\t\t\t\t\t\t\t<div class=\"elementor-spacer\">\n\t\t\t<div class=\"elementor-spacer-inner\"><\/div>\n\t\t<\/div>\n\t\t\t\t\t\t<\/div>\n\t\t\t\t<\/div>\n\t\t\t\t\t<\/div>\n\t\t<\/div>\n\t\t\t\t\t<\/div>\n\t\t<\/section>\n\t\t\t\t<section class=\"elementor-section elementor-top-section elementor-element elementor-element-81a8dd0 elementor-section-boxed elementor-section-height-default elementor-section-height-default\" data-id=\"81a8dd0\" data-element_type=\"section\">\n\t\t\t\t\t\t<div class=\"elementor-container elementor-column-gap-default\">\n\t\t\t\t\t<div class=\"elementor-column elementor-col-100 elementor-top-column elementor-element elementor-element-ad82924\" data-id=\"ad82924\" data-element_type=\"column\">\n\t\t\t<div class=\"elementor-widget-wrap elementor-element-populated\">\n\t\t\t\t\t\t<div class=\"elementor-element elementor-element-e3f2a99 elementor-widget elementor-widget-heading\" data-id=\"e3f2a99\" data-element_type=\"widget\" data-widget_type=\"heading.default\">\n\t\t\t\t<div class=\"elementor-widget-container\">\n\t\t\t\t\t<h2 class=\"elementor-heading-title elementor-size-default\">Enstit\u00fc Kurulu<\/h2>\t\t\t\t<\/div>\n\t\t\t\t<\/div>\n\t\t\t\t<div class=\"elementor-element elementor-element-3697def elementor-widget-divider--view-line elementor-widget elementor-widget-divider\" data-id=\"3697def\" data-element_type=\"widget\" data-widget_type=\"divider.default\">\n\t\t\t\t<div class=\"elementor-widget-container\">\n\t\t\t\t\t\t\t<div class=\"elementor-divider\">\n\t\t\t<span class=\"elementor-divider-separator\">\n\t\t\t\t\t\t<\/span>\n\t\t<\/div>\n\t\t\t\t\t\t<\/div>\n\t\t\t\t<\/div>\n\t\t\t\t\t<\/div>\n\t\t<\/div>\n\t\t\t\t\t<\/div>\n\t\t<\/section>\n\t\t\t\t<section class=\"elementor-section elementor-top-section elementor-element elementor-element-4ffd790 elementor-section-boxed elementor-section-height-default elementor-section-height-default\" data-id=\"4ffd790\" data-element_type=\"section\">\n\t\t\t\t\t\t<div class=\"elementor-container elementor-column-gap-default\">\n\t\t\t\t\t<div class=\"elementor-column elementor-col-100 elementor-top-column elementor-element elementor-element-67ff27f\" data-id=\"67ff27f\" data-element_type=\"column\">\n\t\t\t<div class=\"elementor-widget-wrap elementor-element-populated\">\n\t\t\t\t\t\t<div class=\"elementor-element elementor-element-e94f20a elementor-widget__width-initial elementor-widget elementor-widget-text-editor\" data-id=\"e94f20a\" data-element_type=\"widget\" data-widget_type=\"text-editor.default\">\n\t\t\t\t<div class=\"elementor-widget-container\">\n\t\t\t\t\t\t\t\t\t<table style=\"height: 3481px\" width=\"294\"><tbody><tr><td width=\"45%\">Prof.Dr. Hanifi \u015eAH\u0130N<\/td><td width=\"54%\">M\u00fcd\u00fcr<\/td><\/tr><tr><td width=\"45%\">Do\u00e7. Dr. Mesut CEYLAN<\/td><td width=\"54%\">M\u00fcd\u00fcr Yard\u0131mc\u0131s\u0131<\/td><\/tr><tr><td width=\"45%\">Do\u00e7. Dr. G\u00fclhan\u0131m KARAO\u011eLU<\/td><td width=\"54%\">M\u00fcd\u00fcr Yard\u0131mc\u0131s\u0131<\/td><\/tr><tr><td width=\"45%\">Serap \u00d6NAL<\/td><td width=\"54%\">Sekreter &#8211; Raport\u00f6r<\/td><\/tr><tr><td colspan=\"2\" width=\"100%\"><strong>EDEB\u0130YAT FAK\u00dcLTES\u0130<\/strong><\/td><\/tr><tr><td width=\"45%\">Prof. Dr. G\u00fcrsel UYANIK<\/td><td width=\"54%\">Alman Dili ve Edebiyat\u0131 Anabilim Dal\u0131 B\u015fk<\/td><\/tr><tr><td width=\"45%\">Prof. Dr. Selami BAKIRCI<\/td><td width=\"54%\">Arap Dili ve Edebiyat\u0131 Anabilim Dal\u0131 B\u015fk.<\/td><\/tr><tr><td width=\"45%\">Prof.Dr. Ali Yal\u00e7\u0131n TAVUK\u00c7U<\/td><td width=\"54%\">Arkeoloji Anabilim Dal\u0131 B\u015fk.<\/td><\/tr><tr><td width=\"45%\">Prof. Dr. D\u00fcndar AL\u0130KILI\u00c7<\/td><td width=\"54%\">Bilgi ve Belge Y\u00f6netimi Anabilim Dal\u0131 B\u015fk.<\/td><\/tr><tr><td width=\"45%\">Prof. Dr. Saliha KODAY<\/td><td width=\"54%\">Co\u011frafya Anabilim Dal\u0131 B\u015fk.<\/td><\/tr><tr><td width=\"45%\">Prof. Dr. Nimet YILDIRIM<\/td><td width=\"54%\">Fars Dili ve Edebiyat\u0131 Anabilim Dal\u0131 B\u015fk.<\/td><\/tr><tr><td width=\"45%\">Prof. Dr. Nevzat CAN<\/td><td width=\"54%\">Felsefe Anabilim Dal\u0131 B\u015fk.<\/td><\/tr><tr><td width=\"45%\">Do\u00e7. Dr. Kamil C\u0130VELEK<\/td><td width=\"54%\">Frans\u0131z Dili ve Edebiyat\u0131 Anabilim Dal\u0131 B\u015fk.<\/td><\/tr><tr><td width=\"45%\">Prof. Dr. Mukadder ERKAN<\/td><td width=\"54%\">\u0130ngiliz Dili ve Edebiyat\u0131 Anabilim Dal\u0131 B\u015fk.<\/td><\/tr><tr><td width=\"45%\">Dr.\u00d6\u011fr. \u00dcyesi Rahman \u00d6ZDEM\u0130R<\/td><td width=\"54%\">Rus Dili ve Edebiyat\u0131 Anabilim Dal\u0131 B\u015fk.<\/td><\/tr><tr><td width=\"45%\">Prof. Dr. Haldun \u00d6ZKAN<\/td><td width=\"54%\">Sanat Tarihi Anabilim Dal\u0131 B\u015fk.<\/td><\/tr><tr><td width=\"45%\">Prof. Dr. Mevl\u00fct \u00d6ZBEN<\/td><td width=\"54%\">Sosyoloji Anabilim Dal\u0131 B\u015fk.<\/td><\/tr><tr><td colspan=\"2\" width=\"100%\"><strong>HUKUK FAK\u00dcLTES\u0130<\/strong><\/td><\/tr><tr><td width=\"45%\">Do\u00e7. Dr. Cem \u015eENOL<\/td><td width=\"54%\">Kamu Hukuku Anabilim Dal\u0131 B\u015fk.<\/td><\/tr><tr><td width=\"45%\">Prof. Dr. Yasin KURBAN<\/td><td width=\"54%\">\u00d6zel Hukuk Anabilim Dal\u0131 B\u015fk.<\/td><\/tr><tr><td colspan=\"2\" width=\"100%\"><strong>\u0130KT\u0130SAD\u0130 VE \u00a0 \u0130DAR\u0130 B\u0130L\u0130MLER FAK\u00dcLTES\u0130<\/strong><\/td><\/tr><tr><td width=\"45%\">Prof. Dr. Yusuf AKAN<\/td><td width=\"54%\">\u0130ktisat Anabilim Dal\u0131 B\u015fk.<\/td><\/tr><tr><td width=\"45%\">Prof.Dr. Fatih Co\u015fkun ERTA\u015e<\/td><td width=\"54%\">\u0130\u015fletme Anabilim Dal\u0131 B\u015fk.<\/td><\/tr><tr><td width=\"45%\">Prof. Dr. Salih B\u00f6rte\u00e7ine AVC\u0130<\/td><td width=\"54%\">Kamu Y\u00f6netimi Anabilim Dal\u0131 B\u015fk.<\/td><\/tr><tr><td width=\"45%\">Prof. Dr. Erkan OKTAY<\/td><td width=\"54%\">Ekonometri Anabilim Dal\u0131 B\u015fk.<\/td><\/tr><tr><td width=\"45%\">Prof. Dr. \u00dcst\u00fcn \u00d6ZEN<\/td><td width=\"54%\">Y\u00f6netim Bili\u015fim Sistemleri Anabilim Dal\u0131 B\u015fk.<\/td><\/tr><tr><td width=\"45%\">Prof. Dr. Fatih KARCIO\u011eLU<\/td><td width=\"54%\">\u00c7al\u0131\u015fma Ekonomisi ve End\u00fcstri \u0130li\u015fkileri Anabilim D. B\u015fk.<\/td><\/tr><tr><td width=\"45%\">Prof. Dr. Abdullah TAKIM<\/td><td width=\"54%\">Uluslararas\u0131 Ticaret ve Lojistik Anabilim Dal\u0131 B\u015fk.<\/td><\/tr><tr><td width=\"255\">Prof.Dr. Mehmet Sait D\u0130LEK<\/td><td width=\"311\">Uluslararas\u0131 \u0130li\u015fkiler Anabilim Dal\u0131 B\u015fk.<\/td><\/tr><tr><td colspan=\"2\" width=\"100%\"><strong>\u0130LAH\u0130YAT \u00a0 FAK\u00dcLTES\u0130<\/strong><\/td><\/tr><tr><td width=\"45%\">Prof. Dr.\u00a0Cengiz G\u00dcNDO\u011eDU<\/td><td width=\"54%\">Temel \u0130slam Bilimleri Anabilim Dal\u0131 B\u015fk.<\/td><\/tr><tr><td width=\"45%\">Prof.Dr. Hac\u0131 \u00d6mer \u00d6ZDEN<\/td><td width=\"54%\">Felsefe ve Din Bilimleri Anabilim D.B\u015fk.<\/td><\/tr><tr><td width=\"45%\">Prof.Dr. \u0130smail ALTUN<\/td><td width=\"54%\">\u0130slam Tarihi ve Sanatlar\u0131 Anabilim D.B\u015fk.<\/td><\/tr><tr><td colspan=\"2\" width=\"100%\"><strong>\u0130LET\u0130\u015e\u0130M FAK\u00dcLTES\u0130<\/strong><\/td><\/tr><tr><td width=\"45%\">Prof. Dr. Naci \u0130SP\u0130R<\/td><td width=\"54%\">Temel \u0130leti\u015fim Bilimleri Anabilim Dal\u0131 B\u015fk.<\/td><\/tr><tr><td width=\"45%\">Pof. Dr.\u00a0Asl\u0131 YURD\u0130G\u00dcL<\/td><td width=\"54%\">Radyo-Tv. ve Sinema Anabilim Dal\u0131 B\u015fk.<\/td><\/tr><tr><td width=\"45%\">Prof. Dr. Raci TA\u015eCIO\u011eLU<\/td><td width=\"54%\">Halkla \u0130li\u015fkiler ve Tan\u0131t\u0131m Anabilim Dal\u0131 B\u015fk.<\/td><\/tr><tr><td width=\"45%\">Prof. Dr.\u00a0Besim YILDIRIM<\/td><td width=\"54%\">Gazetecilik Anabilim Dal\u0131 B\u015fk.<\/td><\/tr><tr><td colspan=\"2\" width=\"100%\"><strong>TURZ\u0130M FAK\u00dcLTES\u0130<\/strong><\/td><\/tr><tr><td width=\"45%\">Prof. Dr. G\u00f6kalp Nuri SEL\u00c7UK<\/td><td width=\"54%\">Turizm \u0130\u015fletme.ve Otelcilik Anabilim Dal\u0131 B\u015fk.<\/td><\/tr><tr><td width=\"45%\">Prof. Dr. Murat TOSUN<\/td><td width=\"54%\">Gastronomi ve Mutfak Sanatlar\u0131 Anabilim Dal\u0131 B\u015fk.<\/td><\/tr><\/tbody><\/table>\t\t\t\t\t\t\t\t<\/div>\n\t\t\t\t<\/div>\n\t\t\t\t\t<\/div>\n\t\t<\/div>\n\t\t\t\t\t<\/div>\n\t\t<\/section>\n\t\t\t\t<section class=\"elementor-section elementor-top-section elementor-element elementor-element-3afe97f elementor-section-boxed elementor-section-height-default elementor-section-height-default\" data-id=\"3afe97f\" data-element_type=\"section\">\n\t\t\t\t\t\t<div class=\"elementor-container elementor-column-gap-default\">\n\t\t\t\t\t<div class=\"elementor-column elementor-col-100 elementor-top-column elementor-element elementor-element-8450bec\" data-id=\"8450bec\" data-element_type=\"column\">\n\t\t\t<div class=\"elementor-widget-wrap elementor-element-populated\">\n\t\t\t\t\t\t<div class=\"elementor-element elementor-element-1a043d5 elementor-widget elementor-widget-spacer\" data-id=\"1a043d5\" data-element_type=\"widget\" data-widget_type=\"spacer.default\">\n\t\t\t\t<div class=\"elementor-widget-container\">\n\t\t\t\t\t\t\t<div class=\"elementor-spacer\">\n\t\t\t<div class=\"elementor-spacer-inner\"><\/div>\n\t\t<\/div>\n\t\t\t\t\t\t<\/div>\n\t\t\t\t<\/div>\n\t\t\t\t\t<\/div>\n\t\t<\/div>\n\t\t\t\t\t<\/div>\n\t\t<\/section>\n\t\t\t\t<\/div>\n\t\t","protected":false},"excerpt":{"rendered":"<p>Enstit\u00fc Kurulu Prof.Dr. Hanifi \u015eAH\u0130N M\u00fcd\u00fcr Do\u00e7. Dr. Mesut CEYLAN M\u00fcd\u00fcr Yard\u0131mc\u0131s\u0131 Do\u00e7. Dr. G\u00fclhan\u0131m KARAO\u011eLU M\u00fcd\u00fcr Yard\u0131mc\u0131s\u0131 Serap \u00d6NAL Sekreter &#8211; Raport\u00f6r EDEB\u0130YAT FAK\u00dcLTES\u0130 Prof. Dr. G\u00fcrsel UYANIK Alman Dili ve Edebiyat\u0131 Anabilim Dal\u0131 B\u015fk Prof. Dr. Selami BAKIRCI Arap Dili ve Edebiyat\u0131 Anabilim Dal\u0131 B\u015fk. Prof.Dr. Ali Yal\u00e7\u0131n TAVUK\u00c7U Arkeoloji Anabilim Dal\u0131 B\u015fk. [&hellip;]<\/p>\n","protected":false},"author":632,"featured_media":0,"parent":0,"menu_order":0,"comment_status":"closed","ping_status":"closed","template":"elementor_header_footer","meta":{"footnotes":""},"class_list":["post-6721","page","type-page","status-publish","hentry"],"_links":{"self":[{"href":"https:\/\/atauni.edu.tr\/sosyal-bilimler-enstitusu\/wp-json\/wp\/v2\/pages\/6721","targetHints":{"allow":["GET"]}}],"collection":[{"href":"https:\/\/atauni.edu.tr\/sosyal-bilimler-enstitusu\/wp-json\/wp\/v2\/pages"}],"about":[{"href":"https:\/\/atauni.edu.tr\/sosyal-bilimler-enstitusu\/wp-json\/wp\/v2\/types\/page"}],"author":[{"embeddable":true,"href":"https:\/\/atauni.edu.tr\/sosyal-bilimler-enstitusu\/wp-json\/wp\/v2\/users\/632"}],"replies":[{"embeddable":true,"href":"https:\/\/atauni.edu.tr\/sosyal-bilimler-enstitusu\/wp-json\/wp\/v2\/comments?post=6721"}],"version-history":[{"count":34,"href":"https:\/\/atauni.edu.tr\/sosyal-bilimler-enstitusu\/wp-json\/wp\/v2\/pages\/6721\/revisions"}],"predecessor-version":[{"id":9336,"href":"https:\/\/atauni.edu.tr\/sosyal-bilimler-enstitusu\/wp-json\/wp\/v2\/pages\/6721\/revisions\/9336"}],"wp:attachment":[{"href":"https:\/\/atauni.edu.tr\/sosyal-bilimler-enstitusu\/wp-json\/wp\/v2\/media?parent=6721"}],"curies":[{"name":"wp","href":"https:\/\/api.w.org\/{rel}","templated":true}]}}