{"id":6731,"date":"2024-12-17T15:43:51","date_gmt":"2024-12-17T12:43:51","guid":{"rendered":"https:\/\/birimler.atauni.edu.tr\/sosyal-bilimler-enstitusu\/?page_id=6731"},"modified":"2026-04-28T15:02:27","modified_gmt":"2026-04-28T12:02:27","slug":"doktora-yeterlik-komiteleri","status":"publish","type":"page","link":"https:\/\/atauni.edu.tr\/sosyal-bilimler-enstitusu\/doktora-yeterlik-komiteleri\/","title":{"rendered":"Doktora Yeterlik Komiteleri"},"content":{"rendered":"\t\t<div data-elementor-type=\"wp-page\" data-elementor-id=\"6731\" class=\"elementor elementor-6731\" data-elementor-post-type=\"page\">\n\t\t\t\t\t\t<section class=\"elementor-section elementor-top-section elementor-element elementor-element-a9e53d3 elementor-section-boxed elementor-section-height-default elementor-section-height-default\" data-id=\"a9e53d3\" data-element_type=\"section\">\n\t\t\t\t\t\t<div class=\"elementor-container elementor-column-gap-default\">\n\t\t\t\t\t<div class=\"elementor-column elementor-col-100 elementor-top-column elementor-element elementor-element-27687c0\" data-id=\"27687c0\" data-element_type=\"column\">\n\t\t\t<div class=\"elementor-widget-wrap elementor-element-populated\">\n\t\t\t\t\t\t<div class=\"elementor-element elementor-element-0bbc0c7 elementor-widget elementor-widget-spacer\" data-id=\"0bbc0c7\" data-element_type=\"widget\" data-widget_type=\"spacer.default\">\n\t\t\t\t<div class=\"elementor-widget-container\">\n\t\t\t\t\t\t\t<div class=\"elementor-spacer\">\n\t\t\t<div class=\"elementor-spacer-inner\"><\/div>\n\t\t<\/div>\n\t\t\t\t\t\t<\/div>\n\t\t\t\t<\/div>\n\t\t\t\t\t<\/div>\n\t\t<\/div>\n\t\t\t\t\t<\/div>\n\t\t<\/section>\n\t\t\t\t<section class=\"elementor-section elementor-top-section elementor-element elementor-element-aca32b0 elementor-section-boxed elementor-section-height-default elementor-section-height-default\" data-id=\"aca32b0\" data-element_type=\"section\">\n\t\t\t\t\t\t<div class=\"elementor-container elementor-column-gap-default\">\n\t\t\t\t\t<div class=\"elementor-column elementor-col-100 elementor-top-column elementor-element elementor-element-9d41522\" data-id=\"9d41522\" data-element_type=\"column\">\n\t\t\t<div class=\"elementor-widget-wrap elementor-element-populated\">\n\t\t\t\t\t\t<div class=\"elementor-element elementor-element-a939873 elementor-widget elementor-widget-heading\" data-id=\"a939873\" data-element_type=\"widget\" data-widget_type=\"heading.default\">\n\t\t\t\t<div class=\"elementor-widget-container\">\n\t\t\t\t\t<h2 class=\"elementor-heading-title elementor-size-default\">Doktora Yeterlik Komiteleri<\/h2>\t\t\t\t<\/div>\n\t\t\t\t<\/div>\n\t\t\t\t<div class=\"elementor-element elementor-element-3e40781 elementor-widget-divider--view-line elementor-widget elementor-widget-divider\" data-id=\"3e40781\" data-element_type=\"widget\" data-widget_type=\"divider.default\">\n\t\t\t\t<div class=\"elementor-widget-container\">\n\t\t\t\t\t\t\t<div class=\"elementor-divider\">\n\t\t\t<span class=\"elementor-divider-separator\">\n\t\t\t\t\t\t<\/span>\n\t\t<\/div>\n\t\t\t\t\t\t<\/div>\n\t\t\t\t<\/div>\n\t\t\t\t\t<\/div>\n\t\t<\/div>\n\t\t\t\t\t<\/div>\n\t\t<\/section>\n\t\t\t\t<section class=\"elementor-section elementor-top-section elementor-element elementor-element-153bb05 elementor-section-boxed elementor-section-height-default elementor-section-height-default\" data-id=\"153bb05\" data-element_type=\"section\">\n\t\t\t\t\t\t<div class=\"elementor-container elementor-column-gap-default\">\n\t\t\t\t\t<div class=\"elementor-column elementor-col-100 elementor-top-column elementor-element elementor-element-bfc087f\" data-id=\"bfc087f\" data-element_type=\"column\">\n\t\t\t<div class=\"elementor-widget-wrap elementor-element-populated\">\n\t\t\t\t\t\t<div class=\"elementor-element elementor-element-300899a elementor-widget elementor-widget-accordion\" data-id=\"300899a\" data-element_type=\"widget\" data-widget_type=\"accordion.default\">\n\t\t\t\t<div class=\"elementor-widget-container\">\n\t\t\t\t\t\t\t<div class=\"elementor-accordion\">\n\t\t\t\t\t\t\t<div class=\"elementor-accordion-item\">\n\t\t\t\t\t<div id=\"elementor-tab-title-5031\" class=\"elementor-tab-title\" data-tab=\"1\" role=\"button\" aria-controls=\"elementor-tab-content-5031\" aria-expanded=\"false\">\n\t\t\t\t\t\t\t\t\t\t\t\t\t<span class=\"elementor-accordion-icon elementor-accordion-icon-left\" aria-hidden=\"true\">\n\t\t\t\t\t\t\t\t\t\t\t\t\t\t\t<span class=\"elementor-accordion-icon-closed\"><i class=\"fas fa-plus\"><\/i><\/span>\n\t\t\t\t\t\t\t\t<span class=\"elementor-accordion-icon-opened\"><i class=\"fas fa-minus\"><\/i><\/span>\n\t\t\t\t\t\t\t\t\t\t\t\t\t\t<\/span>\n\t\t\t\t\t\t\t\t\t\t\t\t<a class=\"elementor-accordion-title\" tabindex=\"0\">Doktora Yeterlik Komiteleri<\/a>\n\t\t\t\t\t<\/div>\n\t\t\t\t\t<div id=\"elementor-tab-content-5031\" class=\"elementor-tab-content elementor-clearfix\" data-tab=\"1\" role=\"region\" aria-labelledby=\"elementor-tab-title-5031\"><table style=\"height: 3064px\" width=\"792\"><tbody><tr><td width=\"262\"><p><strong>Alman Dili ve Edebiyat\u0131 Ana Bilim Dal\u0131<\/strong><\/p><p>Prof.Dr. Ahmet SARI<\/p><p>Prof. Dr. Ahmet U.NALCIO\u011eLU<\/p><p>Prof. Dr. G\u00fcrsel UYANIK<\/p><p>Prof. Dr. Fatma \u00d6.DA\u011eABAKAN<\/p><p>Prof. Dr. Cemile A.ERCAN<\/p><\/td><td width=\"246\"><p><strong>Arap Dili ve Edebiyat\u0131 Ana Bilim Dal\u0131<\/strong><\/p><p>Prof. Dr. Selami BAKIRCI<\/p><p>Prof. Dr. Sait UYLA\u015e<\/p><p>Do\u00e7. Dr. Nurullah YILMAZ<\/p><p>Do\u00e7. Dr. \u0130lknur EMEKL\u0130<\/p><p>Dr. \u00d6\u011fr. \u00dcyesi Hayati \u00d6NCEL<\/p><\/td><td width=\"227\"><p><strong>Arkeoloji Ana Bilim Dal\u0131 <\/strong><\/p><p>Prof. Dr.\u00a0<span style=\"font-family: inherit;font-size: inherit\">Ali Yal\u00e7\u0131n TAVUK\u00c7U<\/span><\/p><p>Prof. Dr.\u00a0<span style=\"font-family: inherit;font-size: inherit\">Mehmet I\u015eIKLI<\/span><\/p><p>Prof. Dr.\u00a0<span style=\"font-family: inherit;font-size: inherit\">Nurettin \u00d6ZT\u00dcRK<\/span><\/p><p>Prof. Dr.\u00a0<span style=\"font-family: inherit;font-size: inherit\">Korkmaz MERAL<\/span><\/p><p>Do\u00e7. Dr. Mesut CEYLAN<\/p><\/td><\/tr><tr><td width=\"262\"><p><strong>Co\u011fraya Ana Bilim Dal\u0131<\/strong><\/p><p>Prof. Dr. Saliha KODAY<\/p><p>Prof. Dr. Mehmet ZAMAN<\/p><p>Prof. Dr. \u0130brahim KOPAR<\/p><p>Prof. Dr. Zeki KODAY<\/p><p>Prof. Dr. Mustafa \u00d6ZDEM\u0130R<\/p><\/td><td width=\"246\"><p><strong>Fars Dili ve Edebiyat\u0131 Ana Bilim Dal\u0131<\/strong><\/p><p>Prof. Dr. Nimet YILDIRIM<\/p><p>Prof. Dr. Veyis DE\u011e\u0130RMEN\u00c7AY<\/p><p><span style=\"font-family: inherit;font-size: inherit\">Prof. Dr. A. Hilal KALKANDELEN<\/span><\/p><p><span style=\"font-family: inherit;font-size: inherit\">Do\u00e7. Dr. Asuman G\u00d6KHAN<\/span><\/p><p><span style=\"font-family: inherit;font-size: inherit\">Do\u00e7. Dr. Yasemin YAYLALI<\/span><\/p><\/td><td width=\"227\"><p><strong>Felsefe Ana Bilim Dal\u0131 <\/strong><\/p><p>Prof. Dr. Nevzat CAN<\/p><p>Prof. Dr. Ali UTKU<\/p><p>Prof. Dr. Mine KAYA KEHA<\/p><p>Prof. Dr. H\u00fcsn\u00fc AYDEN\u0130Z<\/p><p>Dr. \u00d6\u011fr. \u00dcyesi Emine AYDO\u011eAN<\/p><\/td><\/tr><tr><td width=\"262\"><p><strong>\u0130ngiliz Dili ve Edebiyat\u0131 Ana Bilim Dal\u0131<\/strong><\/p><p>Prof. Dr. Mukadder ERKAN<\/p><p><span style=\"font-family: inherit;font-size: inherit\">Prof. Dr. Yeliz B\u0130BER VANG\u00d6L\u00dc<\/span><\/p><p>Prof. Dr. Mehmet Fikret ARARG\u00dc\u00c7<\/p><p>Do\u00e7. Dr. Kubilay GE\u00c7\u0130KL\u0130<\/p><p>Do\u00e7. Dr. \u0130smail AVCU<\/p><\/td><td width=\"246\"><p><strong>Rus Dili ve Edebiyat\u0131 Ana Bilim Dal\u0131<\/strong><\/p><p>Prof. Dr. Salavat AIUPOV<\/p><p>Prof. Dr. Svetlana AIUPOVA<\/p><p>Do\u00e7. Dr. Oksana KRAVCHUK<\/p><p>Dr. \u00d6\u011fr. \u00dcyesi Rahman \u00d6ZDEM\u0130R<\/p><p>Dr.\u00d6\u011fr.\u00dcyesi Muhammed<\/p><p>TA\u015eKESENL\u0130G\u0130L<\/p><\/td><td width=\"227\"><p><strong>Sanat Tarihi Ana Bilim Dal\u0131 <\/strong><\/p><p>Prof. Dr. Haldun \u00d6ZKAN<\/p><p><span style=\"font-family: inherit;font-size: inherit\">Do\u00e7. Dr. Demet OKUYUCU YILMAZ<\/span><\/p><p><span style=\"font-family: inherit;font-size: inherit\">Do\u00e7. Dr. G\u00fcl KARPUZ<\/span><\/p><p>Dr. \u00d6\u011fr. \u00dcyesi Zerrin K\u00d6\u015eKL\u00dc<\/p><p>Dr. \u00d6\u011fr. \u00dcyesi Esra HALICI<\/p><\/td><\/tr><tr><td width=\"262\"><p><strong>Sosyoloji Ana Bilim Dal\u0131 <\/strong><\/p><p>Prof. Dr. Nuray KARACA<\/p><p>Prof. Dr. Mevl\u00fct \u00d6ZBEN<\/p><p>Do\u00e7. Dr. Erem SARIKOCA<\/p><p>Do\u00e7. Dr. Erdi AKSAKAL<\/p><p>Dr. \u00d6\u011fr. \u00dcyesi \u0130smail \u00d6Z<\/p><\/td><td width=\"246\"><p><strong>\u00c7al\u0131\u015f.Eko.End\u00fcstri \u0130li\u015f Ana Bilim Dal\u0131<\/strong><\/p><p>Prof. Dr. Fatih KARCIO\u011eLU<\/p><p>Prof. Dr. Orhan \u00c7INAR<\/p><p>Do\u00e7. Dr. Adnan K\u00dc\u00c7\u00dcKAL\u0130<\/p><p>Do\u00e7. Dr. Serkan NAKT\u0130YOK<\/p><p>Do\u00e7. Dr. Seda KAYAPALI YILDIRIM<\/p><\/td><td width=\"227\"><p><strong>Ekonometri Ana Bilim Dal\u0131 <\/strong><\/p><p><span style=\"font-family: inherit;font-size: inherit\">Prof. Dr. Erkan OKTAY<\/span><\/p><p>Prof. Dr. H\u00fcseyin \u00d6ZER<\/p><p>Prof. Dr. \u00d6mer YILMAZ<\/p><p>Prof. Dr. \u00d6mer ALKAN<\/p><p>Prof. Dr. Abdulkerim KARAASLAN<\/p><\/td><\/tr><tr><td width=\"262\"><p><strong>\u0130ktisat Ana Bilim Dal\u0131<\/strong><\/p><p>Prof. Dr. Yusuf AKAN<\/p><p>Prof. Dr. \u00d6mer Sel\u00e7uk EMSEN<\/p><p>Prof. Dr. Kerem KARABULUT<\/p><p>Prof. Dr. Vedat KAYA<\/p><p>Prof. Dr. Sevda YAPRAKLI<\/p><\/td><td width=\"246\"><p><strong>\u0130\u015fletme Ana Bilim Dal\u0131 <\/strong><\/p><p>Prof. Dr. Fatih Co\u015fkun ERTA\u015e<\/p><p>Prof. Dr. Re\u015fat KARCIO\u011eLU<\/p><p>Prof. Dr. At\u0131lhan NAKT\u0130YOK<\/p><p>Prof. Dr. Tevfik \u015e\u00fckr\u00fc YAPRAKLI<\/p><p>Prof. Dr. Turan \u00d6NDE\u015e<\/p><\/td><td width=\"227\"><p><strong>Kamu Y\u00f6netimi Ana Bilim Dal\u0131 <\/strong><\/p><p>Prof. Dr. \u015e\u00fckr\u00fc N\u0130\u015eANCI<\/p><p>Prof. Dr. Salih B. AVCI<\/p><p>Do\u00e7. Dr. Hasan Emir AKTA\u015e<\/p><p>Do\u00e7. Dr. Cemile Burcu KARTAL<\/p><p>Do\u00e7. Dr. Tuna BATUHAN<\/p><\/td><\/tr><tr><td width=\"262\"><p><strong>Uluslararas\u0131 Ticaret ve Lojistik Ana Bilim Dal\u0131<\/strong><\/p><p>Prof. Dr. H\u00fcseyin Ali KUTLU<\/p><p>Prof. Dr. Fehim BAKIRCI<\/p><p>Prof. Dr. Abdullah TAKIM<\/p><p>Do\u00e7. Dr. Ahmet Fatih AYDEM\u0130R<\/p><p>Do\u00e7. Dr. M. \u0130hsan \u00c7UBUK\u00c7U<\/p><\/td><td width=\"246\"><p><strong>Y\u00f6netim Bili\u015fim Sistem.Ana Bilim Dal\u0131<\/strong><\/p><p>Prof. Dr. U\u011fur YAVUZ<\/p><p>Prof. Dr. \u00dcst\u00fcn \u00d6ZEN<\/p><p>Do\u00e7. Dr. Duygu F\u0131nd\u0131k CO\u015eKUN\u00c7AY<\/p><p>Do\u00e7. Dr. Ahmet Kamil KABAKU\u015e<\/p><p>Do\u00e7. Dr. Mustafa KESK\u0130NKILI\u00c7<\/p><\/td><td width=\"227\"><p><strong>Felsefe ve Din Bilimleri Ana Bilim Dal\u0131<\/strong><\/p><p>Prof. Dr. H. Fatih TOPALO\u011eLU<\/p><p>Prof. Dr. Tuncay \u0130MAMO\u011eLU<\/p><p>Prof. Dr. Muhammed KIZILGE\u00c7\u0130T<\/p><p>Prof. Dr. Eyup \u015e\u0130M\u015eEK<\/p><p>Prof. Dr. Mustafa MAC\u0130T<\/p><\/td><\/tr><tr><td width=\"262\"><p><strong>\u0130slam Tarihi ve Sanatlar\u0131 Ana Bilim Dal\u0131<\/strong><\/p><p>Prof. Dr. \u0130smail ALTUN<\/p><p>Prof. Dr. Mehmet G\u00d6KTA\u015e<\/p><p>Do\u00e7. Dr. A. Hilal KALKANDELEN<\/p><p>Dr. \u00d6\u011fr. \u00dcyesi Fethi YILDIRIM<\/p><p>Dr. \u00d6\u011fr. \u00dcyesi Abdulvahid Yakub S\u0130PAH\u0130O\u011eLU<\/p><\/td><td width=\"246\"><p><strong>Temel \u0130slam Bilimleri Ana Bilim Dal\u0131<\/strong><\/p><p>Prof. Dr. Cengiz G\u00dcNDO\u011eDU<\/p><p>Prof. Dr. Harun \u00d6Z\u00c7EL\u0130K<\/p><p>Prof. Dr. Ali \u0130hsan PALA<\/p><p>Prof. Dr. Mustafa KAYA<\/p><p>Prof. Dr. Mehmet DA\u011e<\/p><\/td><td width=\"227\"><p><strong>Gazetecilik Anabilim Dal\u0131 <\/strong><\/p><p>Prof. Dr. Hakan TEM\u0130ZT\u00dcRK<\/p><p>Prof. Dr. H\u00fcseyin K\u00d6SE<\/p><p>Prof. Dr. Besim YILDIRIM<\/p><p>Prof. Dr. Elif K\u00dc\u00c7\u00dcK DURUR<\/p><p>Do\u00e7. Dr. \u0130brahim Etem Z\u0130NDEREN<\/p><\/td><\/tr><tr><td width=\"262\"><p><strong>Halkla \u0130li\u015fkiler ve Tan\u0131t\u0131m Ana Bilim Dal\u0131<\/strong><\/p><p>Prof. Dr. Raci TA\u015eCIO\u011eLU<\/p><p>Prof. Dr. Fatma GE\u00c7\u0130KL\u0130<\/p><p>Prof. Dr. Derya \u00d6CAL<\/p><p>Prof. Dr. Eyyup AKBULUT<\/p><p>Do\u00e7. Dr. Fatih DE\u011e\u0130RMENC\u0130<\/p><\/td><td width=\"246\"><p><strong>Temel \u0130leti\u015fim Bilimleri Ana Bilim Dal\u0131<\/strong><\/p><p>Prof. Dr. Naci \u0130SP\u0130R<\/p><p>Prof. Dr. Adem YILMAZ<\/p><p>Prof. Dr. Asl\u0131 YURD\u0130G\u00dcL<\/p><p>Do\u00e7. Dr. \u0130rfan HIDIRO\u011eLU<\/p><p>Do\u00e7. Dr. \u00dclhak \u00c7\u0130MEN<\/p><\/td><td width=\"227\"><p><strong>\u00d6zel Hukuk Ana Bilim Dal\u0131 <\/strong><\/p><p>Prof. Dr. Yasin KURBAN<\/p><p>Do\u00e7. Dr. Salimya GANIYEVA<\/p><p>Do\u00e7. Dr. Hatice K\u00fcbra E. \u015eENOL<\/p><p>Dr. \u00d6\u011fr. \u00dcyesi Bahar K\u00dcPE<\/p><p>Dr. \u00d6\u011fr. \u00dcyesi Ahmet KALENDER<\/p><\/td><\/tr><tr><td width=\"262\"><p><strong>Turizm \u0130\u015fletme ve Otelcilik Ana Bilim Dal\u0131<\/strong><\/p><p>Prof. Dr. G\u00f6kalp Nuri SEL\u00c7UK<\/p><p>Prof. Dr. Murat TOSUN<\/p><p>Prof. Dr. Ahmet \u00c7AVU\u015e<\/p><p>Do\u00e7. Dr. Nilg\u00fcn SANALAN B\u0130L\u0130C\u0130<\/p><p>Do\u00e7. Dr. Neslihan SER\u00c7EO\u011eLU<\/p><\/td><td width=\"246\"><p><strong>Radyo, Televizyon Sinema Ana Bilim Dal\u0131<\/strong><\/p><p>Prof. Dr. Asl\u0131 YURD\u0130G\u00dcL<\/p><p>Prof. Dr. Adem YILMAZ<\/p><p>Prof. Dr. Naci \u0130SP\u0130R<\/p><p>Prof. Dr. Yusuf YURD\u0130G\u00dcL<\/p><p>Do\u00e7. Dr. \u0130rfan HIDIRO\u011eLU<\/p><\/td><td width=\"227\">\u00a0<\/td><\/tr><\/tbody><\/table><\/div>\n\t\t\t\t<\/div>\n\t\t\t\t\t\t\t\t<\/div>\n\t\t\t\t\t\t<\/div>\n\t\t\t\t<\/div>\n\t\t\t\t\t<\/div>\n\t\t<\/div>\n\t\t\t\t\t<\/div>\n\t\t<\/section>\n\t\t\t\t<section class=\"elementor-section elementor-top-section elementor-element elementor-element-65bf487 elementor-section-boxed elementor-section-height-default elementor-section-height-default\" data-id=\"65bf487\" data-element_type=\"section\">\n\t\t\t\t\t\t<div class=\"elementor-container elementor-column-gap-default\">\n\t\t\t\t\t<div class=\"elementor-column elementor-col-100 elementor-top-column elementor-element elementor-element-38962ca\" data-id=\"38962ca\" data-element_type=\"column\">\n\t\t\t<div class=\"elementor-widget-wrap elementor-element-populated\">\n\t\t\t\t\t\t<div class=\"elementor-element elementor-element-20bcc54 elementor-widget elementor-widget-spacer\" data-id=\"20bcc54\" data-element_type=\"widget\" data-widget_type=\"spacer.default\">\n\t\t\t\t<div class=\"elementor-widget-container\">\n\t\t\t\t\t\t\t<div class=\"elementor-spacer\">\n\t\t\t<div class=\"elementor-spacer-inner\"><\/div>\n\t\t<\/div>\n\t\t\t\t\t\t<\/div>\n\t\t\t\t<\/div>\n\t\t\t\t\t<\/div>\n\t\t<\/div>\n\t\t\t\t\t<\/div>\n\t\t<\/section>\n\t\t\t\t<\/div>\n\t\t","protected":false},"excerpt":{"rendered":"<p>Doktora Yeterlik Komiteleri Doktora Yeterlik Komiteleri Alman Dili ve Edebiyat\u0131 Ana Bilim Dal\u0131 Prof.Dr. Ahmet SARI Prof. Dr. Ahmet U.NALCIO\u011eLU Prof. Dr. G\u00fcrsel UYANIK Prof. Dr. Fatma \u00d6.DA\u011eABAKAN Prof. Dr. Cemile A.ERCAN Arap Dili ve Edebiyat\u0131 Ana Bilim Dal\u0131 Prof. Dr. Selami BAKIRCI Prof. Dr. Sait UYLA\u015e Do\u00e7. Dr. Nurullah YILMAZ Do\u00e7. Dr. \u0130lknur EMEKL\u0130 [&hellip;]<\/p>\n","protected":false},"author":632,"featured_media":0,"parent":0,"menu_order":0,"comment_status":"closed","ping_status":"closed","template":"elementor_header_footer","meta":{"footnotes":""},"class_list":["post-6731","page","type-page","status-publish","hentry"],"_links":{"self":[{"href":"https:\/\/atauni.edu.tr\/sosyal-bilimler-enstitusu\/wp-json\/wp\/v2\/pages\/6731","targetHints":{"allow":["GET"]}}],"collection":[{"href":"https:\/\/atauni.edu.tr\/sosyal-bilimler-enstitusu\/wp-json\/wp\/v2\/pages"}],"about":[{"href":"https:\/\/atauni.edu.tr\/sosyal-bilimler-enstitusu\/wp-json\/wp\/v2\/types\/page"}],"author":[{"embeddable":true,"href":"https:\/\/atauni.edu.tr\/sosyal-bilimler-enstitusu\/wp-json\/wp\/v2\/users\/632"}],"replies":[{"embeddable":true,"href":"https:\/\/atauni.edu.tr\/sosyal-bilimler-enstitusu\/wp-json\/wp\/v2\/comments?post=6731"}],"version-history":[{"count":133,"href":"https:\/\/atauni.edu.tr\/sosyal-bilimler-enstitusu\/wp-json\/wp\/v2\/pages\/6731\/revisions"}],"predecessor-version":[{"id":9685,"href":"https:\/\/atauni.edu.tr\/sosyal-bilimler-enstitusu\/wp-json\/wp\/v2\/pages\/6731\/revisions\/9685"}],"wp:attachment":[{"href":"https:\/\/atauni.edu.tr\/sosyal-bilimler-enstitusu\/wp-json\/wp\/v2\/media?parent=6731"}],"curies":[{"name":"wp","href":"https:\/\/api.w.org\/{rel}","templated":true}]}}