{"id":6734,"date":"2024-12-17T15:45:29","date_gmt":"2024-12-17T12:45:29","guid":{"rendered":"https:\/\/birimler.atauni.edu.tr\/sosyal-bilimler-enstitusu\/?page_id=6734"},"modified":"2025-02-19T08:40:39","modified_gmt":"2025-02-19T05:40:39","slug":"egitim-bilimleri-birim-etik-kurulu","status":"publish","type":"page","link":"https:\/\/atauni.edu.tr\/sosyal-bilimler-enstitusu\/egitim-bilimleri-birim-etik-kurulu\/","title":{"rendered":"E\u011fitim Bilimleri Birim Etik Kurulu"},"content":{"rendered":"\t\t<div data-elementor-type=\"wp-page\" data-elementor-id=\"6734\" class=\"elementor elementor-6734\" data-elementor-post-type=\"page\">\n\t\t\t\t\t\t<section class=\"elementor-section elementor-top-section elementor-element elementor-element-f505228 elementor-section-boxed elementor-section-height-default elementor-section-height-default\" data-id=\"f505228\" data-element_type=\"section\">\n\t\t\t\t\t\t<div class=\"elementor-container elementor-column-gap-default\">\n\t\t\t\t\t<div class=\"elementor-column elementor-col-100 elementor-top-column elementor-element elementor-element-deafdf4\" data-id=\"deafdf4\" data-element_type=\"column\">\n\t\t\t<div class=\"elementor-widget-wrap elementor-element-populated\">\n\t\t\t\t\t\t<div class=\"elementor-element elementor-element-3a225d5 elementor-widget elementor-widget-spacer\" data-id=\"3a225d5\" data-element_type=\"widget\" data-widget_type=\"spacer.default\">\n\t\t\t\t<div class=\"elementor-widget-container\">\n\t\t\t\t\t\t\t<div class=\"elementor-spacer\">\n\t\t\t<div class=\"elementor-spacer-inner\"><\/div>\n\t\t<\/div>\n\t\t\t\t\t\t<\/div>\n\t\t\t\t<\/div>\n\t\t\t\t\t<\/div>\n\t\t<\/div>\n\t\t\t\t\t<\/div>\n\t\t<\/section>\n\t\t\t\t<section class=\"elementor-section elementor-top-section elementor-element elementor-element-80823f0 elementor-section-boxed elementor-section-height-default elementor-section-height-default\" data-id=\"80823f0\" data-element_type=\"section\">\n\t\t\t\t\t\t<div class=\"elementor-container elementor-column-gap-default\">\n\t\t\t\t\t<div class=\"elementor-column elementor-col-100 elementor-top-column elementor-element elementor-element-d0a3725\" data-id=\"d0a3725\" data-element_type=\"column\">\n\t\t\t<div class=\"elementor-widget-wrap elementor-element-populated\">\n\t\t\t\t\t\t<div class=\"elementor-element elementor-element-a900c5f elementor-widget elementor-widget-heading\" data-id=\"a900c5f\" data-element_type=\"widget\" data-widget_type=\"heading.default\">\n\t\t\t\t<div class=\"elementor-widget-container\">\n\t\t\t\t\t<h2 class=\"elementor-heading-title elementor-size-default\">E\u011fitim Bilimleri Birim Etik Kurulu<\/h2>\t\t\t\t<\/div>\n\t\t\t\t<\/div>\n\t\t\t\t<div class=\"elementor-element elementor-element-b9e37f8 elementor-widget-divider--view-line elementor-widget elementor-widget-divider\" data-id=\"b9e37f8\" data-element_type=\"widget\" data-widget_type=\"divider.default\">\n\t\t\t\t<div class=\"elementor-widget-container\">\n\t\t\t\t\t\t\t<div class=\"elementor-divider\">\n\t\t\t<span class=\"elementor-divider-separator\">\n\t\t\t\t\t\t<\/span>\n\t\t<\/div>\n\t\t\t\t\t\t<\/div>\n\t\t\t\t<\/div>\n\t\t\t\t\t<\/div>\n\t\t<\/div>\n\t\t\t\t\t<\/div>\n\t\t<\/section>\n\t\t\t\t<section class=\"elementor-section elementor-top-section elementor-element elementor-element-070ea37 elementor-section-boxed elementor-section-height-default elementor-section-height-default\" data-id=\"070ea37\" data-element_type=\"section\">\n\t\t\t\t\t\t<div class=\"elementor-container elementor-column-gap-default\">\n\t\t\t\t\t<div class=\"elementor-column elementor-col-100 elementor-top-column elementor-element elementor-element-846523a\" data-id=\"846523a\" data-element_type=\"column\">\n\t\t\t<div class=\"elementor-widget-wrap elementor-element-populated\">\n\t\t\t\t\t\t<div class=\"elementor-element elementor-element-f8f777a elementor-widget elementor-widget-text-editor\" data-id=\"f8f777a\" data-element_type=\"widget\" data-widget_type=\"text-editor.default\">\n\t\t\t\t<div class=\"elementor-widget-container\">\n\t\t\t\t\t\t\t\t\t<p><strong>Prof. Dr. Ufuk \u015e\u0130M\u015eEK<\/strong> &#8211; Etik Kurul Ba\u015fkan\u0131<br \/><br \/><strong>Prof. Dr. \u0130hsan Sabri BALKAYA<\/strong> &#8211; Etik Kurul Ba\u015fkan Yrd.<br \/><br \/><strong>Prof. Dr. Bet\u00fcl ASLAN<\/strong> &#8211; Etik Kurul \u00dcyesi<br \/><br \/><strong>Prof. Dr. Muhsine B\u00d6REK\u00c7\u0130<\/strong> &#8211; Etik Kurul \u00dcyesi<br \/><br \/><strong>Prof. Dr. Mustafa C\u0130HAN<\/strong> &#8211; Etik Kurul \u00dcyesi<\/p>\t\t\t\t\t\t\t\t<\/div>\n\t\t\t\t<\/div>\n\t\t\t\t\t<\/div>\n\t\t<\/div>\n\t\t\t\t\t<\/div>\n\t\t<\/section>\n\t\t\t\t<section class=\"elementor-section elementor-top-section elementor-element elementor-element-e4d45ea elementor-section-boxed elementor-section-height-default elementor-section-height-default\" data-id=\"e4d45ea\" data-element_type=\"section\">\n\t\t\t\t\t\t<div class=\"elementor-container elementor-column-gap-default\">\n\t\t\t\t\t<div class=\"elementor-column elementor-col-100 elementor-top-column elementor-element elementor-element-c62b4dd\" data-id=\"c62b4dd\" data-element_type=\"column\">\n\t\t\t<div class=\"elementor-widget-wrap elementor-element-populated\">\n\t\t\t\t\t\t<div class=\"elementor-element elementor-element-0d53b9f elementor-widget elementor-widget-spacer\" data-id=\"0d53b9f\" data-element_type=\"widget\" data-widget_type=\"spacer.default\">\n\t\t\t\t<div class=\"elementor-widget-container\">\n\t\t\t\t\t\t\t<div class=\"elementor-spacer\">\n\t\t\t<div class=\"elementor-spacer-inner\"><\/div>\n\t\t<\/div>\n\t\t\t\t\t\t<\/div>\n\t\t\t\t<\/div>\n\t\t\t\t\t<\/div>\n\t\t<\/div>\n\t\t\t\t\t<\/div>\n\t\t<\/section>\n\t\t\t\t<\/div>\n\t\t","protected":false},"excerpt":{"rendered":"<p>E\u011fitim Bilimleri Birim Etik Kurulu Prof. Dr. Ufuk \u015e\u0130M\u015eEK &#8211; Etik Kurul Ba\u015fkan\u0131 Prof. Dr. \u0130hsan Sabri BALKAYA &#8211; Etik Kurul Ba\u015fkan Yrd. Prof. Dr. Bet\u00fcl ASLAN &#8211; Etik Kurul \u00dcyesi Prof. Dr. Muhsine B\u00d6REK\u00c7\u0130 &#8211; Etik Kurul \u00dcyesi Prof. Dr. Mustafa C\u0130HAN &#8211; Etik Kurul \u00dcyesi<\/p>\n","protected":false},"author":632,"featured_media":0,"parent":0,"menu_order":0,"comment_status":"closed","ping_status":"closed","template":"elementor_header_footer","meta":{"footnotes":""},"class_list":["post-6734","page","type-page","status-publish","hentry"],"_links":{"self":[{"href":"https:\/\/atauni.edu.tr\/sosyal-bilimler-enstitusu\/wp-json\/wp\/v2\/pages\/6734","targetHints":{"allow":["GET"]}}],"collection":[{"href":"https:\/\/atauni.edu.tr\/sosyal-bilimler-enstitusu\/wp-json\/wp\/v2\/pages"}],"about":[{"href":"https:\/\/atauni.edu.tr\/sosyal-bilimler-enstitusu\/wp-json\/wp\/v2\/types\/page"}],"author":[{"embeddable":true,"href":"https:\/\/atauni.edu.tr\/sosyal-bilimler-enstitusu\/wp-json\/wp\/v2\/users\/632"}],"replies":[{"embeddable":true,"href":"https:\/\/atauni.edu.tr\/sosyal-bilimler-enstitusu\/wp-json\/wp\/v2\/comments?post=6734"}],"version-history":[{"count":43,"href":"https:\/\/atauni.edu.tr\/sosyal-bilimler-enstitusu\/wp-json\/wp\/v2\/pages\/6734\/revisions"}],"predecessor-version":[{"id":8194,"href":"https:\/\/atauni.edu.tr\/sosyal-bilimler-enstitusu\/wp-json\/wp\/v2\/pages\/6734\/revisions\/8194"}],"wp:attachment":[{"href":"https:\/\/atauni.edu.tr\/sosyal-bilimler-enstitusu\/wp-json\/wp\/v2\/media?parent=6734"}],"curies":[{"name":"wp","href":"https:\/\/api.w.org\/{rel}","templated":true}]}}