{"id":6743,"date":"2024-12-17T15:46:47","date_gmt":"2024-12-17T12:46:47","guid":{"rendered":"https:\/\/birimler.atauni.edu.tr\/sosyal-bilimler-enstitusu\/?page_id=6743"},"modified":"2025-09-17T10:48:15","modified_gmt":"2025-09-17T07:48:15","slug":"program-degerlendirme-komisyonu","status":"publish","type":"page","link":"https:\/\/atauni.edu.tr\/sosyal-bilimler-enstitusu\/program-degerlendirme-komisyonu\/","title":{"rendered":"Program De\u011ferlendirme Komisyonu"},"content":{"rendered":"\t\t<div data-elementor-type=\"wp-page\" data-elementor-id=\"6743\" class=\"elementor elementor-6743\" data-elementor-post-type=\"page\">\n\t\t\t\t\t\t<section class=\"elementor-section elementor-top-section elementor-element elementor-element-2d72bcc elementor-section-boxed elementor-section-height-default elementor-section-height-default\" data-id=\"2d72bcc\" data-element_type=\"section\">\n\t\t\t\t\t\t<div class=\"elementor-container elementor-column-gap-default\">\n\t\t\t\t\t<div class=\"elementor-column elementor-col-100 elementor-top-column elementor-element elementor-element-0b5091b\" data-id=\"0b5091b\" data-element_type=\"column\">\n\t\t\t<div class=\"elementor-widget-wrap elementor-element-populated\">\n\t\t\t\t\t\t<div class=\"elementor-element elementor-element-ff91e59 elementor-widget elementor-widget-spacer\" data-id=\"ff91e59\" data-element_type=\"widget\" data-widget_type=\"spacer.default\">\n\t\t\t\t<div class=\"elementor-widget-container\">\n\t\t\t\t\t\t\t<div class=\"elementor-spacer\">\n\t\t\t<div class=\"elementor-spacer-inner\"><\/div>\n\t\t<\/div>\n\t\t\t\t\t\t<\/div>\n\t\t\t\t<\/div>\n\t\t\t\t\t<\/div>\n\t\t<\/div>\n\t\t\t\t\t<\/div>\n\t\t<\/section>\n\t\t\t\t<section class=\"elementor-section elementor-top-section elementor-element elementor-element-734bca2 elementor-section-boxed elementor-section-height-default elementor-section-height-default\" data-id=\"734bca2\" data-element_type=\"section\">\n\t\t\t\t\t\t<div class=\"elementor-container elementor-column-gap-default\">\n\t\t\t\t\t<div class=\"elementor-column elementor-col-100 elementor-top-column elementor-element elementor-element-0f3f352\" data-id=\"0f3f352\" data-element_type=\"column\">\n\t\t\t<div class=\"elementor-widget-wrap elementor-element-populated\">\n\t\t\t\t\t\t<div class=\"elementor-element elementor-element-575cae5 elementor-widget elementor-widget-heading\" data-id=\"575cae5\" data-element_type=\"widget\" data-widget_type=\"heading.default\">\n\t\t\t\t<div class=\"elementor-widget-container\">\n\t\t\t\t\t<h2 class=\"elementor-heading-title elementor-size-default\">Program De\u011ferlendirme Komisyonu<\/h2>\t\t\t\t<\/div>\n\t\t\t\t<\/div>\n\t\t\t\t<div class=\"elementor-element elementor-element-6f949c6 elementor-widget-divider--view-line elementor-widget elementor-widget-divider\" data-id=\"6f949c6\" data-element_type=\"widget\" data-widget_type=\"divider.default\">\n\t\t\t\t<div class=\"elementor-widget-container\">\n\t\t\t\t\t\t\t<div class=\"elementor-divider\">\n\t\t\t<span class=\"elementor-divider-separator\">\n\t\t\t\t\t\t<\/span>\n\t\t<\/div>\n\t\t\t\t\t\t<\/div>\n\t\t\t\t<\/div>\n\t\t\t\t\t<\/div>\n\t\t<\/div>\n\t\t\t\t\t<\/div>\n\t\t<\/section>\n\t\t\t\t<section class=\"elementor-section elementor-top-section elementor-element elementor-element-eb56c7c elementor-section-boxed elementor-section-height-default elementor-section-height-default\" data-id=\"eb56c7c\" data-element_type=\"section\">\n\t\t\t\t\t\t<div class=\"elementor-container elementor-column-gap-default\">\n\t\t\t\t\t<div class=\"elementor-column elementor-col-100 elementor-top-column elementor-element elementor-element-bb828cc\" data-id=\"bb828cc\" data-element_type=\"column\">\n\t\t\t<div class=\"elementor-widget-wrap elementor-element-populated\">\n\t\t\t\t\t\t<div class=\"elementor-element elementor-element-94c418e elementor-widget elementor-widget-text-editor\" data-id=\"94c418e\" data-element_type=\"widget\" data-widget_type=\"text-editor.default\">\n\t\t\t\t<div class=\"elementor-widget-container\">\n\t\t\t\t\t\t\t\t\t<p><span style=\"font-weight: bolder\">Prof. Dr. Hanifi \u015eAH\u0130N<\/span> \u2013 Ba\u015fkan &#8211; Enstit\u00fc M\u00fcd\u00fcr\u00fc<\/p><p><span style=\"font-weight: bolder\">Do\u00e7. Dr. G\u00fclhan\u0131m KARAO\u011eLU<\/span> \u2013 \u00dcye &#8211; Enstit\u00fc M\u00fcd\u00fcr Yrd.<\/p><p><span style=\"font-weight: bolder\">Do\u00e7. Dr. Mesut CEYLAN<\/span>\u2013 \u00dcye &#8211; Enstit\u00fc M\u00fcd\u00fcr Yrd.<\/p><p><span style=\"font-weight: bolder\">Serap \u00d6NAL<\/span>\u00a0\u2013 \u00dcye \u2013 Enstit\u00fc Sekreteri<\/p>\t\t\t\t\t\t\t\t<\/div>\n\t\t\t\t<\/div>\n\t\t\t\t\t<\/div>\n\t\t<\/div>\n\t\t\t\t\t<\/div>\n\t\t<\/section>\n\t\t\t\t<section class=\"elementor-section elementor-top-section elementor-element elementor-element-af8ef16 elementor-section-boxed elementor-section-height-default elementor-section-height-default\" data-id=\"af8ef16\" data-element_type=\"section\">\n\t\t\t\t\t\t<div class=\"elementor-container elementor-column-gap-default\">\n\t\t\t\t\t<div class=\"elementor-column elementor-col-100 elementor-top-column elementor-element elementor-element-05f6cd7\" data-id=\"05f6cd7\" data-element_type=\"column\">\n\t\t\t<div class=\"elementor-widget-wrap elementor-element-populated\">\n\t\t\t\t\t\t<div class=\"elementor-element elementor-element-ac62287 elementor-widget elementor-widget-spacer\" data-id=\"ac62287\" data-element_type=\"widget\" data-widget_type=\"spacer.default\">\n\t\t\t\t<div class=\"elementor-widget-container\">\n\t\t\t\t\t\t\t<div class=\"elementor-spacer\">\n\t\t\t<div class=\"elementor-spacer-inner\"><\/div>\n\t\t<\/div>\n\t\t\t\t\t\t<\/div>\n\t\t\t\t<\/div>\n\t\t\t\t\t<\/div>\n\t\t<\/div>\n\t\t\t\t\t<\/div>\n\t\t<\/section>\n\t\t\t\t<\/div>\n\t\t","protected":false},"excerpt":{"rendered":"<p>Program De\u011ferlendirme Komisyonu Prof. Dr. Hanifi \u015eAH\u0130N \u2013 Ba\u015fkan &#8211; Enstit\u00fc M\u00fcd\u00fcr\u00fc Do\u00e7. Dr. G\u00fclhan\u0131m KARAO\u011eLU \u2013 \u00dcye &#8211; Enstit\u00fc M\u00fcd\u00fcr Yrd. Do\u00e7. Dr. Mesut CEYLAN\u2013 \u00dcye &#8211; Enstit\u00fc M\u00fcd\u00fcr Yrd. Serap \u00d6NAL\u00a0\u2013 \u00dcye \u2013 Enstit\u00fc Sekreteri<\/p>\n","protected":false},"author":632,"featured_media":0,"parent":0,"menu_order":0,"comment_status":"closed","ping_status":"closed","template":"elementor_header_footer","meta":{"footnotes":""},"class_list":["post-6743","page","type-page","status-publish","hentry"],"_links":{"self":[{"href":"https:\/\/atauni.edu.tr\/sosyal-bilimler-enstitusu\/wp-json\/wp\/v2\/pages\/6743","targetHints":{"allow":["GET"]}}],"collection":[{"href":"https:\/\/atauni.edu.tr\/sosyal-bilimler-enstitusu\/wp-json\/wp\/v2\/pages"}],"about":[{"href":"https:\/\/atauni.edu.tr\/sosyal-bilimler-enstitusu\/wp-json\/wp\/v2\/types\/page"}],"author":[{"embeddable":true,"href":"https:\/\/atauni.edu.tr\/sosyal-bilimler-enstitusu\/wp-json\/wp\/v2\/users\/632"}],"replies":[{"embeddable":true,"href":"https:\/\/atauni.edu.tr\/sosyal-bilimler-enstitusu\/wp-json\/wp\/v2\/comments?post=6743"}],"version-history":[{"count":34,"href":"https:\/\/atauni.edu.tr\/sosyal-bilimler-enstitusu\/wp-json\/wp\/v2\/pages\/6743\/revisions"}],"predecessor-version":[{"id":9345,"href":"https:\/\/atauni.edu.tr\/sosyal-bilimler-enstitusu\/wp-json\/wp\/v2\/pages\/6743\/revisions\/9345"}],"wp:attachment":[{"href":"https:\/\/atauni.edu.tr\/sosyal-bilimler-enstitusu\/wp-json\/wp\/v2\/media?parent=6743"}],"curies":[{"name":"wp","href":"https:\/\/api.w.org\/{rel}","templated":true}]}}