{"id":9507,"date":"2025-11-10T00:06:20","date_gmt":"2025-11-09T21:06:20","guid":{"rendered":"https:\/\/birimler.atauni.edu.tr\/sosyal-bilimler-enstitusu\/?page_id=9507"},"modified":"2025-11-12T11:26:04","modified_gmt":"2025-11-12T08:26:04","slug":"tez-odulu-basvuru-ve-degerlendirme-yonergesi","status":"publish","type":"page","link":"https:\/\/atauni.edu.tr\/sosyal-bilimler-enstitusu\/tez-odulu-basvuru-ve-degerlendirme-yonergesi\/","title":{"rendered":"Tez \u00d6d\u00fcl\u00fc Ba\u015fvuru ve De\u011ferlendirme Y\u00f6nergesi"},"content":{"rendered":"\t\t<div data-elementor-type=\"wp-page\" data-elementor-id=\"9507\" class=\"elementor elementor-9507\" data-elementor-post-type=\"page\">\n\t\t\t\t\t\t<section class=\"elementor-section elementor-top-section elementor-element elementor-element-e8ec4d6 elementor-section-boxed elementor-section-height-default elementor-section-height-default\" data-id=\"e8ec4d6\" data-element_type=\"section\">\n\t\t\t\t\t\t<div class=\"elementor-container elementor-column-gap-default\">\n\t\t\t\t\t<div class=\"elementor-column elementor-col-100 elementor-top-column elementor-element elementor-element-291c75c\" data-id=\"291c75c\" data-element_type=\"column\">\n\t\t\t<div class=\"elementor-widget-wrap elementor-element-populated\">\n\t\t\t\t\t\t<div class=\"elementor-element elementor-element-87ef942 elementor-widget elementor-widget-text-editor\" data-id=\"87ef942\" data-element_type=\"widget\" data-widget_type=\"text-editor.default\">\n\t\t\t\t<div class=\"elementor-widget-container\">\n\t\t\t\t\t\t\t\t\t<p><span style=\"color: #666666\">\u00dcniversitemiz b\u00fcnyesinde d\u00fczenlenen doktora \/ t\u0131pta ve di\u015f hekimli\u011finde uzmanl\u0131k ve sanatta yeterlik d\u00fczeylerinde en iyi tez \u00f6d\u00fcl\u00fc ba\u015fvuru y\u00f6nergesine a\u015fa\u011f\u0131daki linkten ula\u015fabilirsiniz.\u00a0<\/span><\/p><p><a href=\"https:\/\/birimler.atauni.edu.tr\/sosyal-bilimler-enstitusu\/wp-content\/uploads\/sites\/798\/2025\/10\/A.U-TEZ-ODULU-BASVURU-VE-DEGERLENDIRME-YONERGESI_011025_1830.docx\">A.U-TEZ-\u00d6D\u00dcL\u00dc-BA\u015eVURU-VE-DE\u011eERLEND\u0130RME-Y\u00d6NERGES\u0130<\/a><\/p><p>\u00a0<\/p><p>\u00a0<\/p>\t\t\t\t\t\t\t\t<\/div>\n\t\t\t\t<\/div>\n\t\t\t\t\t<\/div>\n\t\t<\/div>\n\t\t\t\t\t<\/div>\n\t\t<\/section>\n\t\t\t\t<\/div>\n\t\t","protected":false},"excerpt":{"rendered":"<p>\u00dcniversitemiz b\u00fcnyesinde d\u00fczenlenen doktora \/ t\u0131pta ve di\u015f hekimli\u011finde uzmanl\u0131k ve sanatta yeterlik d\u00fczeylerinde en iyi tez \u00f6d\u00fcl\u00fc ba\u015fvuru y\u00f6nergesine a\u015fa\u011f\u0131daki linkten ula\u015fabilirsiniz.\u00a0 A.U-TEZ-\u00d6D\u00dcL\u00dc-BA\u015eVURU-VE-DE\u011eERLEND\u0130RME-Y\u00d6NERGES\u0130 \u00a0 \u00a0<\/p>\n","protected":false},"author":625,"featured_media":0,"parent":0,"menu_order":0,"comment_status":"closed","ping_status":"closed","template":"","meta":{"footnotes":""},"class_list":["post-9507","page","type-page","status-publish","hentry"],"_links":{"self":[{"href":"https:\/\/atauni.edu.tr\/sosyal-bilimler-enstitusu\/wp-json\/wp\/v2\/pages\/9507","targetHints":{"allow":["GET"]}}],"collection":[{"href":"https:\/\/atauni.edu.tr\/sosyal-bilimler-enstitusu\/wp-json\/wp\/v2\/pages"}],"about":[{"href":"https:\/\/atauni.edu.tr\/sosyal-bilimler-enstitusu\/wp-json\/wp\/v2\/types\/page"}],"author":[{"embeddable":true,"href":"https:\/\/atauni.edu.tr\/sosyal-bilimler-enstitusu\/wp-json\/wp\/v2\/users\/625"}],"replies":[{"embeddable":true,"href":"https:\/\/atauni.edu.tr\/sosyal-bilimler-enstitusu\/wp-json\/wp\/v2\/comments?post=9507"}],"version-history":[{"count":6,"href":"https:\/\/atauni.edu.tr\/sosyal-bilimler-enstitusu\/wp-json\/wp\/v2\/pages\/9507\/revisions"}],"predecessor-version":[{"id":9521,"href":"https:\/\/atauni.edu.tr\/sosyal-bilimler-enstitusu\/wp-json\/wp\/v2\/pages\/9507\/revisions\/9521"}],"wp:attachment":[{"href":"https:\/\/atauni.edu.tr\/sosyal-bilimler-enstitusu\/wp-json\/wp\/v2\/media?parent=9507"}],"curies":[{"name":"wp","href":"https:\/\/api.w.org\/{rel}","templated":true}]}}