{"id":5638,"date":"2021-07-13T09:49:25","date_gmt":"2021-07-13T06:49:25","guid":{"rendered":"https:\/\/portaltest.atauni.edu.tr\/bilgisayar-muhendisligi\/?page_id=5638"},"modified":"2025-02-05T10:17:26","modified_gmt":"2025-02-05T07:17:26","slug":"tarihce","status":"publish","type":"page","link":"https:\/\/atauni.edu.tr\/sosyal-bilimler-meslek-yuksekokulu\/tarihce\/","title":{"rendered":"Tarih\u00e7e"},"content":{"rendered":"\t\t<div data-elementor-type=\"wp-page\" data-elementor-id=\"5638\" class=\"elementor elementor-5638\" data-elementor-post-type=\"page\">\n\t\t\t\t\t\t<section class=\"elementor-section elementor-top-section elementor-element elementor-element-730d320 elementor-section-boxed elementor-section-height-default elementor-section-height-default\" data-id=\"730d320\" data-element_type=\"section\">\n\t\t\t\t\t\t<div class=\"elementor-container elementor-column-gap-default\">\n\t\t\t\t\t<div class=\"elementor-column elementor-col-100 elementor-top-column elementor-element elementor-element-753d0860\" data-id=\"753d0860\" data-element_type=\"column\">\n\t\t\t<div class=\"elementor-widget-wrap\">\n\t\t\t\t\t\t\t<\/div>\n\t\t<\/div>\n\t\t\t\t\t<\/div>\n\t\t<\/section>\n\t\t\t\t<section class=\"elementor-section elementor-top-section elementor-element elementor-element-9be811a elementor-section-boxed elementor-section-height-default elementor-section-height-default\" data-id=\"9be811a\" data-element_type=\"section\">\n\t\t\t\t\t\t<div class=\"elementor-container elementor-column-gap-default\">\n\t\t\t\t\t<div class=\"elementor-column elementor-col-100 elementor-top-column elementor-element elementor-element-1ed847b7\" data-id=\"1ed847b7\" data-element_type=\"column\">\n\t\t\t<div class=\"elementor-widget-wrap elementor-element-populated\">\n\t\t\t\t\t\t<div class=\"elementor-element elementor-element-4ce0d07f elementor-widget elementor-widget-heading\" data-id=\"4ce0d07f\" data-element_type=\"widget\" data-widget_type=\"heading.default\">\n\t\t\t\t<div class=\"elementor-widget-container\">\n\t\t\t\t\t<h2 class=\"elementor-heading-title elementor-size-default\">Genel Bilgi<\/h2>\t\t\t\t<\/div>\n\t\t\t\t<\/div>\n\t\t\t\t<div class=\"elementor-element elementor-element-63260862 elementor-widget-divider--view-line elementor-widget elementor-widget-divider\" data-id=\"63260862\" data-element_type=\"widget\" data-widget_type=\"divider.default\">\n\t\t\t\t<div class=\"elementor-widget-container\">\n\t\t\t\t\t\t\t<div class=\"elementor-divider\">\n\t\t\t<span class=\"elementor-divider-separator\">\n\t\t\t\t\t\t<\/span>\n\t\t<\/div>\n\t\t\t\t\t\t<\/div>\n\t\t\t\t<\/div>\n\t\t\t\t\t<\/div>\n\t\t<\/div>\n\t\t\t\t\t<\/div>\n\t\t<\/section>\n\t\t\t\t<section class=\"elementor-section elementor-top-section elementor-element elementor-element-681db8b elementor-section-boxed elementor-section-height-default elementor-section-height-default\" data-id=\"681db8b\" data-element_type=\"section\">\n\t\t\t\t\t\t<div class=\"elementor-container elementor-column-gap-default\">\n\t\t\t\t\t<div class=\"elementor-column elementor-col-100 elementor-top-column elementor-element elementor-element-ad4dac5\" data-id=\"ad4dac5\" data-element_type=\"column\">\n\t\t\t<div class=\"elementor-widget-wrap elementor-element-populated\">\n\t\t\t\t\t\t<div class=\"elementor-element elementor-element-2f96b3d elementor-widget elementor-widget-text-editor\" data-id=\"2f96b3d\" data-element_type=\"widget\" data-widget_type=\"text-editor.default\">\n\t\t\t\t<div class=\"elementor-widget-container\">\n\t\t\t\t\t\t\t\t\t<p>1976 y\u0131l\u0131nda Milli E\u011fitim Bakanl\u0131\u011f\u0131&#8217;na ba\u011fl\u0131 olarak Erzurum End\u00fcstri Meslek Lisesi b\u00fcnyesinde gece \u00f6\u011fretimi yapmak \u00fczere 323 \u00f6\u011frenci ile \u00f6\u011fretime ba\u015flayan ve 1982 y\u0131l\u0131nda Atat\u00fcrk \u00dcniversitesi Rekt\u00f6rl\u00fc\u011f\u00fc&#8217;ne ba\u011flanm\u0131\u015f olan Erzurum Meslek Y\u00fcksekokulu 12.03.2020 tarihinde Sosyal ve Teknik Bilimler Meslek Y\u00fcksekokulu olarak ikiye ayr\u0131lm\u0131\u015ft\u0131r.<br>Y\u00fcksek\u00f6\u011fretim Kurulu&#8217;nun an\u0131lan tarih ve 75850160-101.02.05-E.20079 say\u0131l\u0131 karar\u0131 ile Erzurum Meslek Y\u00fcksekokulu b\u00fcnyesinden ayr\u0131larak ihdas edilen Sosyal Bilimler Meslek Y\u00fcksekokulu, bu tarih itibariyle sosyal b\u00f6l\u00fcmlerle e\u011fitim-\u00f6\u011fretime devam etmektedir. Y\u00fcksekokulumuz Atat\u00fcrk \u00dcniversitesi Merkez Yerle\u015fke i\u00e7erisinde 35700 m2 lik alan \u00fczerine kurulmu\u015f A, B Bloklar ile C ve D Bloklardan olu\u015fmaktad\u0131r. \u00d6\u011frenci s\u0131n\u0131f ve at\u00f6lyeler toplam alan\u0131 6200 m2 dir. Okulumuzun kurulu\u015f amac\u0131, \u00fclkemizin kalk\u0131nmas\u0131nda yeni teknolojilerin geli\u015ftirilmesinde ve uygulama safhas\u0131nda ihtiya\u00e7 duyulan prati\u011fe y\u00f6nelik ara eleman\u0131 yeti\u015ftirmektir.<\/p>\n<p><strong>Y\u00fcksekokulumuzda&nbsp; 8 b\u00f6l\u00fcm bulunmaktad\u0131r:<\/strong><\/p>\n<p>1-B\u00fcro Hizmetleri ve Sekreterlik B\u00f6l\u00fcm\u00fc<\/p>\n<p>*B\u00fcro Y\u00f6netimi ve Y\u00f6netici Asistanl\u0131\u011f\u0131 Program\u0131 (I. \u00d6\u011fretim ve II. \u00d6\u011fretim)<\/p>\n<p>2-\u00c7ocuk Bak\u0131m\u0131 ve Gen\u00e7lik Hizmetleri B\u00f6l\u00fcm\u00fc<\/p>\n<p>*\u00c7ocuk Geli\u015fim Program\u0131 (I. \u00d6\u011fretim ve II. \u00d6\u011fretim)<\/p>\n<p>3- D\u0131\u015f Ticaret B\u00f6l\u00fcm\u00fc<\/p>\n<p>*D\u0131\u015f Ticaret Program\u0131 &nbsp;(I. \u00d6\u011fretim ve II. \u00d6\u011fretim)<\/p>\n<p>4-G\u00f6rsel \u0130\u015fitsel Teknikler ve Medya Yap\u0131mc\u0131l\u0131\u011f\u0131 B\u00f6l\u00fcm\u00fc<\/p>\n<p>*Radyo ve Televizyon Programc\u0131l\u0131\u011f\u0131 Program\u0131 (I. \u00d6\u011fretim ve II. \u00d6\u011fretim)<\/p>\n<p>5-Hukuk B\u00f6l\u00fcm\u00fc<\/p>\n<p>*Ceza \u0130nfaz ve G\u00fcvenlik Program\u0131<\/p>\n<p>*Adalet Program\u0131<\/p>\n<p>6-Muhasebe ve Vergi B\u00f6l\u00fcm\u00fc<\/p>\n<p>*Muhasebe ve Vergi Uygulamalar\u0131 Program\u0131 (I. \u00d6\u011fretim ve II. \u00d6\u011fretim)<\/p>\n<p>7-Otel Lokanta ve \u0130kram Hizmetleri B\u00f6l\u00fcm\u00fc<\/p>\n<p>*Turizm ve Otel \u0130\u015fletmecili\u011fi Program\u0131 &nbsp;(I. \u00d6\u011fretim ve II. \u00d6\u011fretim)<\/p>\n<p>8-Ula\u015ft\u0131rma Hizmetleri B\u00f6l\u00fcm\u00fc<\/p>\n<p>*Sivil Hava Ula\u015ft\u0131rma \u0130\u015fletmecili\u011fi Program\u0131 (I. \u00d6\u011fretim)<\/p>\t\t\t\t\t\t\t\t<\/div>\n\t\t\t\t<\/div>\n\t\t\t\t\t<\/div>\n\t\t<\/div>\n\t\t\t\t\t<\/div>\n\t\t<\/section>\n\t\t\t\t<\/div>\n\t\t","protected":false},"excerpt":{"rendered":"<p>Genel Bilgi 1976 y\u0131l\u0131nda Milli E\u011fitim Bakanl\u0131\u011f\u0131&#8217;na ba\u011fl\u0131 olarak Erzurum End\u00fcstri Meslek Lisesi b\u00fcnyesinde gece \u00f6\u011fretimi yapmak \u00fczere 323 \u00f6\u011frenci ile \u00f6\u011fretime ba\u015flayan ve 1982 y\u0131l\u0131nda Atat\u00fcrk \u00dcniversitesi Rekt\u00f6rl\u00fc\u011f\u00fc&#8217;ne ba\u011flanm\u0131\u015f olan Erzurum Meslek Y\u00fcksekokulu 12.03.2020 tarihinde Sosyal ve Teknik Bilimler Meslek Y\u00fcksekokulu olarak ikiye ayr\u0131lm\u0131\u015ft\u0131r.Y\u00fcksek\u00f6\u011fretim Kurulu&#8217;nun an\u0131lan tarih ve 75850160-101.02.05-E.20079 say\u0131l\u0131 karar\u0131 ile Erzurum Meslek [&hellip;]<\/p>\n","protected":false},"author":1,"featured_media":0,"parent":0,"menu_order":0,"comment_status":"closed","ping_status":"closed","template":"","meta":{"footnotes":""},"class_list":["post-5638","page","type-page","status-publish","hentry"],"_links":{"self":[{"href":"https:\/\/atauni.edu.tr\/sosyal-bilimler-meslek-yuksekokulu\/wp-json\/wp\/v2\/pages\/5638","targetHints":{"allow":["GET"]}}],"collection":[{"href":"https:\/\/atauni.edu.tr\/sosyal-bilimler-meslek-yuksekokulu\/wp-json\/wp\/v2\/pages"}],"about":[{"href":"https:\/\/atauni.edu.tr\/sosyal-bilimler-meslek-yuksekokulu\/wp-json\/wp\/v2\/types\/page"}],"author":[{"embeddable":true,"href":"https:\/\/atauni.edu.tr\/sosyal-bilimler-meslek-yuksekokulu\/wp-json\/wp\/v2\/users\/1"}],"replies":[{"embeddable":true,"href":"https:\/\/atauni.edu.tr\/sosyal-bilimler-meslek-yuksekokulu\/wp-json\/wp\/v2\/comments?post=5638"}],"version-history":[{"count":31,"href":"https:\/\/atauni.edu.tr\/sosyal-bilimler-meslek-yuksekokulu\/wp-json\/wp\/v2\/pages\/5638\/revisions"}],"predecessor-version":[{"id":7680,"href":"https:\/\/atauni.edu.tr\/sosyal-bilimler-meslek-yuksekokulu\/wp-json\/wp\/v2\/pages\/5638\/revisions\/7680"}],"wp:attachment":[{"href":"https:\/\/atauni.edu.tr\/sosyal-bilimler-meslek-yuksekokulu\/wp-json\/wp\/v2\/media?parent=5638"}],"curies":[{"name":"wp","href":"https:\/\/api.w.org\/{rel}","templated":true}]}}