{"id":5682,"date":"2021-07-13T10:10:01","date_gmt":"2021-07-13T07:10:01","guid":{"rendered":"https:\/\/portaltest.atauni.edu.tr\/bilgisayar-muhendisligi\/?page_id=5682"},"modified":"2021-12-21T17:17:30","modified_gmt":"2021-12-21T14:17:30","slug":"misyon-vizyon-ve-temel-degerler","status":"publish","type":"page","link":"https:\/\/atauni.edu.tr\/sosyal-bilimler-meslek-yuksekokulu\/misyon-vizyon-ve-temel-degerler\/","title":{"rendered":"Misyon, Vizyon ve Temel De\u011ferler"},"content":{"rendered":"\t\t<div data-elementor-type=\"wp-page\" data-elementor-id=\"5682\" class=\"elementor elementor-5682\" data-elementor-post-type=\"page\">\n\t\t\t\t\t\t<section class=\"elementor-section elementor-top-section elementor-element elementor-element-730d320 elementor-section-boxed elementor-section-height-default elementor-section-height-default\" data-id=\"730d320\" data-element_type=\"section\">\n\t\t\t\t\t\t<div class=\"elementor-container elementor-column-gap-default\">\n\t\t\t\t\t<div class=\"elementor-column elementor-col-100 elementor-top-column elementor-element elementor-element-753d0860\" data-id=\"753d0860\" data-element_type=\"column\">\n\t\t\t<div class=\"elementor-widget-wrap\">\n\t\t\t\t\t\t\t<\/div>\n\t\t<\/div>\n\t\t\t\t\t<\/div>\n\t\t<\/section>\n\t\t\t\t<section class=\"elementor-section elementor-top-section elementor-element elementor-element-9be811a elementor-section-boxed elementor-section-height-default elementor-section-height-default\" data-id=\"9be811a\" data-element_type=\"section\">\n\t\t\t\t\t\t<div class=\"elementor-container elementor-column-gap-default\">\n\t\t\t\t\t<div class=\"elementor-column elementor-col-100 elementor-top-column elementor-element elementor-element-1ed847b7\" data-id=\"1ed847b7\" data-element_type=\"column\">\n\t\t\t<div class=\"elementor-widget-wrap elementor-element-populated\">\n\t\t\t\t\t\t<div class=\"elementor-element elementor-element-4ce0d07f elementor-widget elementor-widget-heading\" data-id=\"4ce0d07f\" data-element_type=\"widget\" data-widget_type=\"heading.default\">\n\t\t\t\t<div class=\"elementor-widget-container\">\n\t\t\t\t\t<h2 class=\"elementor-heading-title elementor-size-default\">Misyon, Vizyon ve Temel De\u011ferler<\/h2>\t\t\t\t<\/div>\n\t\t\t\t<\/div>\n\t\t\t\t<div class=\"elementor-element elementor-element-63260862 elementor-widget-divider--view-line elementor-widget elementor-widget-divider\" data-id=\"63260862\" data-element_type=\"widget\" data-widget_type=\"divider.default\">\n\t\t\t\t<div class=\"elementor-widget-container\">\n\t\t\t\t\t\t\t<div class=\"elementor-divider\">\n\t\t\t<span class=\"elementor-divider-separator\">\n\t\t\t\t\t\t<\/span>\n\t\t<\/div>\n\t\t\t\t\t\t<\/div>\n\t\t\t\t<\/div>\n\t\t\t\t\t<\/div>\n\t\t<\/div>\n\t\t\t\t\t<\/div>\n\t\t<\/section>\n\t\t\t\t<section class=\"elementor-section elementor-top-section elementor-element elementor-element-681db8b elementor-section-boxed elementor-section-height-default elementor-section-height-default\" data-id=\"681db8b\" data-element_type=\"section\">\n\t\t\t\t\t\t<div class=\"elementor-container elementor-column-gap-default\">\n\t\t\t\t\t<div class=\"elementor-column elementor-col-100 elementor-top-column elementor-element elementor-element-ad4dac5\" data-id=\"ad4dac5\" data-element_type=\"column\">\n\t\t\t<div class=\"elementor-widget-wrap elementor-element-populated\">\n\t\t\t\t\t\t<div class=\"elementor-element elementor-element-2f96b3d elementor-widget elementor-widget-text-editor\" data-id=\"2f96b3d\" data-element_type=\"widget\" data-widget_type=\"text-editor.default\">\n\t\t\t\t<div class=\"elementor-widget-container\">\n\t\t\t\t\t\t\t\t\t<p style=\"margin-bottom: 10px;color: #000000;font-family: 'Roboto Condensed', sans-serif;font-size: 14px;text-align: left\" align=\"center\"><strong style=\"font-weight: bold\"><span style=\"font-weight: 400\">ATAT\u00dcRK<\/span><\/strong><strong style=\"font-weight: bold\"><span style=\"font-weight: 400\"> \u00dcniversitesi Sosyal Bilimler Meslek Y\u00fcksekokulu \u00a0olarak temel hedefimiz \u00f6\u011frencilerimizin T\u00fcrkiye Cumhuriyeti de\u011ferlerine sahip \u00e7\u0131kacak \u015fekilde en iyi \u015fekilde yeti\u015ftirilmesi ve y\u00fcksek mesleki donan\u0131mla mezun olarak i\u015f hayat\u0131na at\u0131lmalar\u0131n\u0131 sa\u011flamakt\u0131r. Uluslararas\u0131 E\u011fitim Standartlar\u0131 ve Mesleki E\u011fitim standartlar\u0131na g\u00f6re ders m\u00fcfredatlar\u0131 ve i\u00e7erikleri olu\u015fturulmu\u015ftur. Y\u00f6resel gereksinimler, Ulusal ve uluslararas\u0131 geli\u015fmeleri g\u00f6re s\u00fcrekli yap\u0131sal yenilikler benimsenerek e\u011fitim \u00f6\u011fretim faaliyetleri, ara\u015ft\u0131rma faaliyetleri ve payda\u015flarla i\u015fbirli\u011fi ile toplumsal katk\u0131 sa\u011flanmas\u0131 ama\u00e7lanm\u0131\u015ft\u0131r.\u00a0<\/span><span style=\"font-weight: 400\">Bu hedefimiz ger\u00e7ekle\u015ftirmek i\u00e7in \u00f6nceliklerimiz e\u011fitimle ilgili her t\u00fcrl\u00fc faaliyetlerimizi idaremiz ve \u00f6\u011fretim elemanlar\u0131m\u0131z ile hep birlikte daha da artt\u0131rmakt\u0131r. Ayr\u0131ca, \u00f6\u011fretim elemanlar\u0131m\u0131za akademik geli\u015fimlerini sa\u011flayabilmek amac\u0131yla \u00e7e\u015fitli ortamlar haz\u0131rlamak ve idari personelimizin bilgi, beceri ve tutumlar\u0131n\u0131 geli\u015ftirecek e\u011fitimleri sa\u011flamakt\u0131r.<\/span><br \/><\/strong><\/p><p style=\"margin-bottom: 10px;color: #000000;font-family: 'Roboto Condensed', sans-serif;font-size: 14px;text-align: left\" align=\"center\"><strong style=\"font-weight: bold\">Misyonumuz (\u00f6z g\u00f6revimiz):<\/strong><\/p><p style=\"margin-bottom: 10px;color: #000000;font-family: 'Roboto Condensed', sans-serif;font-size: 14px;text-align: start\"><span>Sosyal Bilimler Meslek Y\u00fcksekokulumuzun Misyonu;<\/span><span>\u00a0ara\u015ft\u0131r\u0131c\u0131, sorgulay\u0131c\u0131, \u00e7\u00f6z\u00fcmleyici d\u00fc\u015f\u00fcnce yap\u0131s\u0131nda, de\u011fi\u015fen d\u00fcnya ko\u015fullar\u0131nda topluma liderlik yapabilecek, insani de\u011ferlere sayg\u0131l\u0131 bireyler yeti\u015ftirmek, bilgiye ula\u015farak, bilgiyi \u00fcreterek, payla\u015farak ve hayata d\u00f6n\u00fc\u015ft\u00fcrerek toplumun ya\u015fam boyu e\u011fitim ve geli\u015fme s\u00fcrecine katk\u0131da bulunmay\u0131 g\u00f6rev edinmektir.<\/span><\/p><p><strong style=\"font-weight: bold;color: #000000;font-family: 'Roboto Condensed', sans-serif;font-size: 14px;text-align: start\"><br \/><u>Vizyonumuz:<\/u><\/strong><\/p><p style=\"margin-bottom: 10px;color: #000000;font-family: 'Roboto Condensed', sans-serif;font-size: 14px;text-align: start\"><span><span>Sosyal Bilimler Meslek Y\u00fcksekokulumuzun Vizyonu ise;\u00a0<\/span>\u00a0s\u00fcrekli de\u011fi\u015fen sosyo-ekonomik ko\u015fullara ve teknolojik geli\u015fmelere uyum sa\u011flayabilecek, \u00e7a\u011f\u0131n gereksinimlerine g\u00f6re, bilin\u00e7li \u00f6\u011frenciler yeti\u015ftirmek, b\u00f6lgemizin kaliteli ara eleman ihtiyac\u0131 sorununu \u00e7\u00f6zmeye y\u00f6nelik \u00e7al\u0131\u015fmalar\u0131m\u0131za aral\u0131ks\u0131z devam etmek, sayg\u0131n ve lider meslek y\u00fcksekokulu misyonumuzu s\u00fcrd\u00fcrmektir.\u00a0<\/span>\u00dclkemizin kalk\u0131nmas\u0131na katk\u0131da bulunacak yeni teknolojilerin geli\u015ftirilmesinde ve uygulanmas\u0131nda ihtiya\u00e7 duyulan mesleklere y\u00f6nelik g\u00fcncel de\u011fi\u015fimlere ayak uyduran, temel mesleki donan\u0131ma sahip, sosyal bilimler konusunda gerekli altyap\u0131y\u0131 kazanm\u0131\u015f, be\u015feri ili\u015fkilerde ileti\u015fim becerisine sahip, lisans e\u011fitimi almaya yetecek mesleki alt yap\u0131y\u0131 kazanm\u0131\u015f, mesleki etik bilincine sahip, yurdunu, milletini her \u015feyden \u00e7ok seven nitelikli teknik ve meslek elemanlar\u0131 yeti\u015ftirmektir.<\/p>\t\t\t\t\t\t\t\t<\/div>\n\t\t\t\t<\/div>\n\t\t\t\t\t<\/div>\n\t\t<\/div>\n\t\t\t\t\t<\/div>\n\t\t<\/section>\n\t\t\t\t<\/div>\n\t\t","protected":false},"excerpt":{"rendered":"<p>Misyon, Vizyon ve Temel De\u011ferler ATAT\u00dcRK \u00dcniversitesi Sosyal Bilimler Meslek Y\u00fcksekokulu \u00a0olarak temel hedefimiz \u00f6\u011frencilerimizin T\u00fcrkiye Cumhuriyeti de\u011ferlerine sahip \u00e7\u0131kacak \u015fekilde en iyi \u015fekilde yeti\u015ftirilmesi ve y\u00fcksek mesleki donan\u0131mla mezun olarak i\u015f hayat\u0131na at\u0131lmalar\u0131n\u0131 sa\u011flamakt\u0131r. Uluslararas\u0131 E\u011fitim Standartlar\u0131 ve Mesleki E\u011fitim standartlar\u0131na g\u00f6re ders m\u00fcfredatlar\u0131 ve i\u00e7erikleri olu\u015fturulmu\u015ftur. Y\u00f6resel gereksinimler, Ulusal ve uluslararas\u0131 geli\u015fmeleri g\u00f6re [&hellip;]<\/p>\n","protected":false},"author":1,"featured_media":0,"parent":0,"menu_order":0,"comment_status":"closed","ping_status":"closed","template":"elementor_header_footer","meta":{"footnotes":""},"class_list":["post-5682","page","type-page","status-publish","hentry"],"_links":{"self":[{"href":"https:\/\/atauni.edu.tr\/sosyal-bilimler-meslek-yuksekokulu\/wp-json\/wp\/v2\/pages\/5682","targetHints":{"allow":["GET"]}}],"collection":[{"href":"https:\/\/atauni.edu.tr\/sosyal-bilimler-meslek-yuksekokulu\/wp-json\/wp\/v2\/pages"}],"about":[{"href":"https:\/\/atauni.edu.tr\/sosyal-bilimler-meslek-yuksekokulu\/wp-json\/wp\/v2\/types\/page"}],"author":[{"embeddable":true,"href":"https:\/\/atauni.edu.tr\/sosyal-bilimler-meslek-yuksekokulu\/wp-json\/wp\/v2\/users\/1"}],"replies":[{"embeddable":true,"href":"https:\/\/atauni.edu.tr\/sosyal-bilimler-meslek-yuksekokulu\/wp-json\/wp\/v2\/comments?post=5682"}],"version-history":[{"count":17,"href":"https:\/\/atauni.edu.tr\/sosyal-bilimler-meslek-yuksekokulu\/wp-json\/wp\/v2\/pages\/5682\/revisions"}],"predecessor-version":[{"id":6161,"href":"https:\/\/atauni.edu.tr\/sosyal-bilimler-meslek-yuksekokulu\/wp-json\/wp\/v2\/pages\/5682\/revisions\/6161"}],"wp:attachment":[{"href":"https:\/\/atauni.edu.tr\/sosyal-bilimler-meslek-yuksekokulu\/wp-json\/wp\/v2\/media?parent=5682"}],"curies":[{"name":"wp","href":"https:\/\/api.w.org\/{rel}","templated":true}]}}