{"id":5791,"date":"2021-07-13T13:07:15","date_gmt":"2021-07-13T10:07:15","guid":{"rendered":"https:\/\/portaltest.atauni.edu.tr\/bilgisayar-muhendisligi\/?page_id=5791"},"modified":"2025-05-21T15:16:32","modified_gmt":"2025-05-21T12:16:32","slug":"staj","status":"publish","type":"page","link":"https:\/\/atauni.edu.tr\/sosyal-bilimler-meslek-yuksekokulu\/staj\/","title":{"rendered":"Staj"},"content":{"rendered":"\t\t<div data-elementor-type=\"wp-page\" data-elementor-id=\"5791\" class=\"elementor elementor-5791\" data-elementor-post-type=\"page\">\n\t\t\t\t\t\t<section class=\"elementor-section elementor-top-section elementor-element elementor-element-730d320 elementor-section-boxed elementor-section-height-default elementor-section-height-default\" data-id=\"730d320\" data-element_type=\"section\">\n\t\t\t\t\t\t<div class=\"elementor-container elementor-column-gap-default\">\n\t\t\t\t\t<div class=\"elementor-column elementor-col-100 elementor-top-column elementor-element elementor-element-753d0860\" data-id=\"753d0860\" data-element_type=\"column\">\n\t\t\t<div class=\"elementor-widget-wrap\">\n\t\t\t\t\t\t\t<\/div>\n\t\t<\/div>\n\t\t\t\t\t<\/div>\n\t\t<\/section>\n\t\t\t\t<section class=\"elementor-section elementor-top-section elementor-element elementor-element-9be811a elementor-section-boxed elementor-section-height-default elementor-section-height-default\" data-id=\"9be811a\" data-element_type=\"section\">\n\t\t\t\t\t\t<div class=\"elementor-container elementor-column-gap-default\">\n\t\t\t\t\t<div class=\"elementor-column elementor-col-100 elementor-top-column elementor-element elementor-element-1ed847b7\" data-id=\"1ed847b7\" data-element_type=\"column\">\n\t\t\t<div class=\"elementor-widget-wrap elementor-element-populated\">\n\t\t\t\t\t\t<div class=\"elementor-element elementor-element-4ce0d07f elementor-widget elementor-widget-heading\" data-id=\"4ce0d07f\" data-element_type=\"widget\" data-widget_type=\"heading.default\">\n\t\t\t\t<div class=\"elementor-widget-container\">\n\t\t\t\t\t<h2 class=\"elementor-heading-title elementor-size-default\">Staj<\/h2>\t\t\t\t<\/div>\n\t\t\t\t<\/div>\n\t\t\t\t<div class=\"elementor-element elementor-element-63260862 elementor-widget-divider--view-line elementor-widget elementor-widget-divider\" data-id=\"63260862\" data-element_type=\"widget\" data-widget_type=\"divider.default\">\n\t\t\t\t<div class=\"elementor-widget-container\">\n\t\t\t\t\t\t\t<div class=\"elementor-divider\">\n\t\t\t<span class=\"elementor-divider-separator\">\n\t\t\t\t\t\t<\/span>\n\t\t<\/div>\n\t\t\t\t\t\t<\/div>\n\t\t\t\t<\/div>\n\t\t\t\t\t<\/div>\n\t\t<\/div>\n\t\t\t\t\t<\/div>\n\t\t<\/section>\n\t\t\t\t<section class=\"elementor-section elementor-top-section elementor-element elementor-element-1f24848 elementor-section-boxed elementor-section-height-default elementor-section-height-default\" data-id=\"1f24848\" data-element_type=\"section\">\n\t\t\t\t\t\t<div class=\"elementor-container elementor-column-gap-default\">\n\t\t\t\t\t<div class=\"elementor-column elementor-col-100 elementor-top-column elementor-element elementor-element-c75eb7d\" data-id=\"c75eb7d\" data-element_type=\"column\">\n\t\t\t<div class=\"elementor-widget-wrap elementor-element-populated\">\n\t\t\t\t\t\t<div class=\"elementor-element elementor-element-1aaa3e1 elementor-widget elementor-widget-text-editor\" data-id=\"1aaa3e1\" data-element_type=\"widget\" data-widget_type=\"text-editor.default\">\n\t\t\t\t<div class=\"elementor-widget-container\">\n\t\t\t\t\t\t\t\t\t<p><strong><a href=\"http:\/\/birimler.atauni.edu.tr\/sosyal-bilimler-meslek-yuksekokulu\/wp-content\/uploads\/sites\/446\/2025\/02\/2025-STAJ-REHBERI-2.pdf\">Hukuk b\u00f6l\u00fcm\u00fc staj rehberi i\u00e7in t\u0131klay\u0131n\u0131z.<\/a><\/strong><\/p>\t\t\t\t\t\t\t\t<\/div>\n\t\t\t\t<\/div>\n\t\t\t\t\t<\/div>\n\t\t<\/div>\n\t\t\t\t\t<\/div>\n\t\t<\/section>\n\t\t\t\t<section class=\"elementor-section elementor-top-section elementor-element elementor-element-56452f7 elementor-section-boxed elementor-section-height-default elementor-section-height-default\" data-id=\"56452f7\" data-element_type=\"section\">\n\t\t\t\t\t\t<div class=\"elementor-container elementor-column-gap-default\">\n\t\t\t\t\t<div class=\"elementor-column elementor-col-100 elementor-top-column elementor-element elementor-element-a941401\" data-id=\"a941401\" data-element_type=\"column\">\n\t\t\t<div class=\"elementor-widget-wrap elementor-element-populated\">\n\t\t\t\t\t\t<div class=\"elementor-element elementor-element-7498750 elementor-widget elementor-widget-text-editor\" data-id=\"7498750\" data-element_type=\"widget\" data-widget_type=\"text-editor.default\">\n\t\t\t\t<div class=\"elementor-widget-container\">\n\t\t\t\t\t\t\t\t\t<p><a href=\"http:\/\/birimler.atauni.edu.tr\/sosyal-bilimler-meslek-yuksekokulu\/wp-content\/uploads\/sites\/446\/2025\/02\/Staj-Islemleri-Klavuzu_Ogrenci.pdf\"><strong>\u00d6\u011frenci Bilgi Sistemi(OBS) \u00fczerinden staj ba\u015fvuru a\u015famalar\u0131n\u0131 g\u00f6rmek i\u00e7in t\u0131klay\u0131n\u0131z.<\/strong><\/a><\/p>\t\t\t\t\t\t\t\t<\/div>\n\t\t\t\t<\/div>\n\t\t\t\t\t<\/div>\n\t\t<\/div>\n\t\t\t\t\t<\/div>\n\t\t<\/section>\n\t\t\t\t<section class=\"elementor-section elementor-top-section elementor-element elementor-element-9c33951 elementor-section-boxed elementor-section-height-default elementor-section-height-default\" data-id=\"9c33951\" data-element_type=\"section\">\n\t\t\t\t\t\t<div class=\"elementor-container elementor-column-gap-default\">\n\t\t\t\t\t<div class=\"elementor-column elementor-col-100 elementor-top-column elementor-element elementor-element-eb9a58e\" data-id=\"eb9a58e\" data-element_type=\"column\">\n\t\t\t<div class=\"elementor-widget-wrap elementor-element-populated\">\n\t\t\t\t\t\t<div class=\"elementor-element elementor-element-40e45af elementor-widget elementor-widget-text-editor\" data-id=\"40e45af\" data-element_type=\"widget\" data-widget_type=\"text-editor.default\">\n\t\t\t\t<div class=\"elementor-widget-container\">\n\t\t\t\t\t\t\t\t\t<p><strong><a href=\"http:\/\/birimler.atauni.edu.tr\/sosyal-bilimler-meslek-yuksekokulu\/wp-content\/uploads\/sites\/446\/2025\/05\/2024-2025-EGITIM-OGRETIM-YILI-YAZ-DONEMI-ZORUNLU-STAJ-BASLANGIC-ve-BITIS-TARIHLERI.pdf\">2024-2025 e\u011fitim \u00f6\u011fretim y\u0131l\u0131 zorunlu staj tarihleri i\u00e7in t\u0131klay\u0131n\u0131z.<\/a><\/strong><\/p>\t\t\t\t\t\t\t\t<\/div>\n\t\t\t\t<\/div>\n\t\t\t\t\t<\/div>\n\t\t<\/div>\n\t\t\t\t\t<\/div>\n\t\t<\/section>\n\t\t\t\t<\/div>\n\t\t","protected":false},"excerpt":{"rendered":"<p>Staj Hukuk b\u00f6l\u00fcm\u00fc staj rehberi i\u00e7in t\u0131klay\u0131n\u0131z. \u00d6\u011frenci Bilgi Sistemi(OBS) \u00fczerinden staj ba\u015fvuru a\u015famalar\u0131n\u0131 g\u00f6rmek i\u00e7in t\u0131klay\u0131n\u0131z. 2024-2025 e\u011fitim \u00f6\u011fretim y\u0131l\u0131 zorunlu staj tarihleri i\u00e7in t\u0131klay\u0131n\u0131z.<\/p>\n","protected":false},"author":1,"featured_media":0,"parent":0,"menu_order":0,"comment_status":"closed","ping_status":"closed","template":"elementor_header_footer","meta":{"footnotes":""},"class_list":["post-5791","page","type-page","status-publish","hentry"],"_links":{"self":[{"href":"https:\/\/atauni.edu.tr\/sosyal-bilimler-meslek-yuksekokulu\/wp-json\/wp\/v2\/pages\/5791","targetHints":{"allow":["GET"]}}],"collection":[{"href":"https:\/\/atauni.edu.tr\/sosyal-bilimler-meslek-yuksekokulu\/wp-json\/wp\/v2\/pages"}],"about":[{"href":"https:\/\/atauni.edu.tr\/sosyal-bilimler-meslek-yuksekokulu\/wp-json\/wp\/v2\/types\/page"}],"author":[{"embeddable":true,"href":"https:\/\/atauni.edu.tr\/sosyal-bilimler-meslek-yuksekokulu\/wp-json\/wp\/v2\/users\/1"}],"replies":[{"embeddable":true,"href":"https:\/\/atauni.edu.tr\/sosyal-bilimler-meslek-yuksekokulu\/wp-json\/wp\/v2\/comments?post=5791"}],"version-history":[{"count":23,"href":"https:\/\/atauni.edu.tr\/sosyal-bilimler-meslek-yuksekokulu\/wp-json\/wp\/v2\/pages\/5791\/revisions"}],"predecessor-version":[{"id":8423,"href":"https:\/\/atauni.edu.tr\/sosyal-bilimler-meslek-yuksekokulu\/wp-json\/wp\/v2\/pages\/5791\/revisions\/8423"}],"wp:attachment":[{"href":"https:\/\/atauni.edu.tr\/sosyal-bilimler-meslek-yuksekokulu\/wp-json\/wp\/v2\/media?parent=5791"}],"curies":[{"name":"wp","href":"https:\/\/api.w.org\/{rel}","templated":true}]}}