{"id":6381,"date":"2022-02-25T11:07:02","date_gmt":"2022-02-25T08:07:02","guid":{"rendered":"https:\/\/birimler.atauni.edu.tr\/sosyal-bilimler-meslek-yuksekokulu\/?page_id=6381"},"modified":"2026-03-12T11:27:39","modified_gmt":"2026-03-12T08:27:39","slug":"buro-hizmetleri-ve-sekreterlik-bolumu","status":"publish","type":"page","link":"https:\/\/atauni.edu.tr\/sosyal-bilimler-meslek-yuksekokulu\/bolumler-programlar\/buro-hizmetleri-ve-sekreterlik-bolumu\/","title":{"rendered":"B\u00fcro Hizmetleri ve Sekreterlik B\u00f6l\u00fcm\u00fc"},"content":{"rendered":"\t\t<div data-elementor-type=\"wp-page\" data-elementor-id=\"6381\" class=\"elementor elementor-6381\" data-elementor-post-type=\"page\">\n\t\t\t\t\t\t<section class=\"elementor-section elementor-top-section elementor-element elementor-element-cdf0c30 elementor-section-boxed elementor-section-height-default elementor-section-height-default\" data-id=\"cdf0c30\" data-element_type=\"section\">\n\t\t\t\t\t\t<div class=\"elementor-container elementor-column-gap-default\">\n\t\t\t\t\t<div class=\"elementor-column elementor-col-100 elementor-top-column elementor-element elementor-element-2e3fc67\" data-id=\"2e3fc67\" data-element_type=\"column\">\n\t\t\t<div class=\"elementor-widget-wrap elementor-element-populated\">\n\t\t\t\t\t\t<div class=\"elementor-element elementor-element-c1dcb67 elementor-widget elementor-widget-text-editor\" data-id=\"c1dcb67\" data-element_type=\"widget\" data-widget_type=\"text-editor.default\">\n\t\t\t\t<div class=\"elementor-widget-container\">\n\t\t\t\t\t\t\t\t\t<h3><strong>Tarih\u00e7e<\/strong><\/h3><p>B\u00fcro Hizmetleri ve Sekreterlik B\u00f6l\u00fcm\u00fc alt\u0131nda kurulan B\u00fcro Y\u00f6netimi ve Y\u00f6netici Asistanl\u0131\u011f\u0131 Program\u0131 iki y\u0131ll\u0131k, d\u00f6rt d\u00f6nemlik \u00f6n lisans e\u011fitimi vermek \u00fczere kurulmu\u015ftur. B\u00f6l\u00fcm m\u00fcfredatlar\u0131; Uluslararas\u0131 Genel E\u011fitim Standartlar\u0131 ile Uluslararas\u0131 Mesleki E\u011fitim Standartlar\u0131na uygun olarak d\u00fczenlenmi\u015ftir. \u00d6\u011frencilerin dikey ge\u00e7i\u015f yapabildikleri, lisans programlar\u0131n \u00f6zellikle ilk 4 d\u00f6nemlik ders kredi ve i\u00e7erikleri incelenerek m\u00fcfredatlar g\u00fcncellenmi\u015ftir. Ayr\u0131ca \u00fcniversitemiz di\u011fer Meslek Y\u00fcksekokullar\u0131nda bulunan B\u00fcro Hizmetleri ve Sekreterlik B\u00f6l\u00fcm\u00fc B\u00f6l\u00fcm Ba\u015fkanlar\u0131 ve d\u0131\u015f payda\u015flarla dijital toplant\u0131lar yap\u0131larak, toplumsal ve sekt\u00f6rel ihtiya\u00e7lar\u0131 kar\u015f\u0131layacak m\u00fcfredatlar olu\u015fturulmu\u015ftur.<\/p><p>B\u00f6l\u00fcm\u00fcm\u00fcz, \u00fcretti\u011fi bilgi, verdi\u011fi e\u011fitim ve hizmetle yaln\u0131zca ulusal de\u011fil, evrensel de\u011ferlere ve uluslararas\u0131 mesleki standartlara uygun nitelikte becerili meslek eleman\u0131 yeti\u015ftirmeyi hedeflemektedir.<\/p><h3><strong>Misyon, Vizyon ve Temel De\u011ferler:<\/strong><\/h3><p>B\u00fcro Hizmetleri ve Sekreterlik B\u00f6l\u00fcm\u00fc \u00dclkemizin en fazla ihtiya\u00e7 duydu\u011fu ve eksikli\u011fini hissetti\u011fi bir b\u00f6l\u00fcmd\u00fcr. Bu b\u00f6l\u00fcm alt\u0131nda bulunan programlar\u0131m\u0131zdan\u00a0B\u00fcro Y\u00f6netimi ve Y\u00f6netici Asistanl\u0131\u011f\u0131 Program\u0131, kamu sekt\u00f6r\u00fc ve \u00f6zel sekt\u00f6r i\u015fletmelerini tamamlayan \u00f6nemli bir fonksiyona sahiptir. G\u00fcn\u00fcm\u00fcz i\u015f ya\u015fam\u0131n\u0131n, b\u00fcro ve ofis hizmetlerinin daha etkin h\u00e2le getirilebilmesi i\u00e7in yaz\u0131l\u0131 ve s\u00f6zl\u00fc ileti\u015fim tekniklerini en iyi \u015fekilde kullanan ve bu alanda gerekli bilgi ve becerilerle donanm\u0131\u015f b\u00fcro y\u00f6neticisi, ofis uzman\u0131, \u00fcst y\u00f6netim asistan\u0131 gibi pozisyonlarda \u00e7al\u0131\u015fabilecek nitelikte eleman ihtiyac\u0131n\u0131 gidermektedir.<\/p><h3><strong>Mezuniyet \u015eartlar\u0131:<\/strong><\/h3><p>B\u00f6l\u00fcm\u00fcm\u00fczden 120 AKTS kredilik ders al\u0131p, t\u00fcm dersleri ba\u015far\u0131 ile tamamlayan ve A\u011f\u0131rl\u0131kl\u0131 Genel Not Ortalamas\u0131 (AGNO) en az 2,00 olan ve di\u011fer y\u00fck\u00fcml\u00fcl\u00fckleri yerine getiren \u00f6\u011frenciler mezun olabilirler. Bu kredilerin alt\u0131nda eksik kredi ile mezun olunamaz. Ayr\u0131ca b\u00f6l\u00fcm\u00fcm\u00fcz \u00f6\u011frencilerinin mezuniyet i\u00e7in 30 g\u00fcnl\u00fck zorunlu stajlar\u0131n\u0131 yapmalar\u0131 gerekmektedir.<\/p><h3><strong>Dikey Ge\u00e7i\u015f \u0130mkanlar\u0131:<\/strong><\/h3><p>B\u00f6l\u00fcm\u00fcm\u00fczden Dikey Ge\u00e7i\u015f S\u0131nav\u0131 ile, Halkla \u0130li\u015fkiler ve Tan\u0131t\u0131m, \u0130\u015fletme Bilgi Y\u00f6netimi, Sa\u011fl\u0131k\u00a0Y\u00f6netimi, Y\u00f6netim Bili\u015fim Sistemleri, \u00c7al\u0131\u015fma Ekonomisi ve End\u00fcstri \u0130li\u015fkileri, \u0130ktisat, Kamu Y\u00f6netimi, Maliye, Uluslararas\u0131 \u0130li\u015fkiler, \u0130\u015fletme, Konaklama \u0130\u015fletmecili\u011fi gibi Lisans Programlar\u0131na ge\u00e7i\u015f yapabilmektedirler.<\/p><p>Akademik Kadro:<\/p><p>Do\u00e7 Dr. \u00d6zlem TOP\u00c7UO\u011eLU (B\u00f6l\u00fcm Ba\u015fkan\u0131)<\/p><p>Dr. \u00d6\u011fr. \u00dcyesi Muhammet TORTUMLU<\/p><p>\u00d6\u011fr. G\u00f6r. Cahit SUNAY<\/p><p>\u00d6\u011fr. G\u00f6r. Ahmet L\u00fctfi BERKL\u0130<\/p><p>\u00d6\u011fr. G\u00f6r. M. Seda KARCIO\u011eLU<\/p><p>\u00d6\u011fr. G\u00f6r. M. Fatih DEM\u0130RTA\u015e<\/p><p>\u00d6\u011fr. G\u00f6r. Mustafa Ali \u00d6ZAY<\/p>\t\t\t\t\t\t\t\t<\/div>\n\t\t\t\t<\/div>\n\t\t\t\t\t<\/div>\n\t\t<\/div>\n\t\t\t\t\t<\/div>\n\t\t<\/section>\n\t\t\t\t<\/div>\n\t\t","protected":false},"excerpt":{"rendered":"<p>Tarih\u00e7e B\u00fcro Hizmetleri ve Sekreterlik B\u00f6l\u00fcm\u00fc alt\u0131nda kurulan B\u00fcro Y\u00f6netimi ve Y\u00f6netici Asistanl\u0131\u011f\u0131 Program\u0131 iki y\u0131ll\u0131k, d\u00f6rt d\u00f6nemlik \u00f6n lisans e\u011fitimi vermek \u00fczere kurulmu\u015ftur. B\u00f6l\u00fcm m\u00fcfredatlar\u0131; Uluslararas\u0131 Genel E\u011fitim Standartlar\u0131 ile Uluslararas\u0131 Mesleki E\u011fitim Standartlar\u0131na uygun olarak d\u00fczenlenmi\u015ftir. \u00d6\u011frencilerin dikey ge\u00e7i\u015f yapabildikleri, lisans programlar\u0131n \u00f6zellikle ilk 4 d\u00f6nemlik ders kredi ve i\u00e7erikleri incelenerek m\u00fcfredatlar g\u00fcncellenmi\u015ftir. [&hellip;]<\/p>\n","protected":false},"author":411,"featured_media":0,"parent":6378,"menu_order":1,"comment_status":"closed","ping_status":"closed","template":"","meta":{"footnotes":""},"class_list":["post-6381","page","type-page","status-publish","hentry"],"_links":{"self":[{"href":"https:\/\/atauni.edu.tr\/sosyal-bilimler-meslek-yuksekokulu\/wp-json\/wp\/v2\/pages\/6381","targetHints":{"allow":["GET"]}}],"collection":[{"href":"https:\/\/atauni.edu.tr\/sosyal-bilimler-meslek-yuksekokulu\/wp-json\/wp\/v2\/pages"}],"about":[{"href":"https:\/\/atauni.edu.tr\/sosyal-bilimler-meslek-yuksekokulu\/wp-json\/wp\/v2\/types\/page"}],"author":[{"embeddable":true,"href":"https:\/\/atauni.edu.tr\/sosyal-bilimler-meslek-yuksekokulu\/wp-json\/wp\/v2\/users\/411"}],"replies":[{"embeddable":true,"href":"https:\/\/atauni.edu.tr\/sosyal-bilimler-meslek-yuksekokulu\/wp-json\/wp\/v2\/comments?post=6381"}],"version-history":[{"count":13,"href":"https:\/\/atauni.edu.tr\/sosyal-bilimler-meslek-yuksekokulu\/wp-json\/wp\/v2\/pages\/6381\/revisions"}],"predecessor-version":[{"id":8878,"href":"https:\/\/atauni.edu.tr\/sosyal-bilimler-meslek-yuksekokulu\/wp-json\/wp\/v2\/pages\/6381\/revisions\/8878"}],"up":[{"embeddable":true,"href":"https:\/\/atauni.edu.tr\/sosyal-bilimler-meslek-yuksekokulu\/wp-json\/wp\/v2\/pages\/6378"}],"wp:attachment":[{"href":"https:\/\/atauni.edu.tr\/sosyal-bilimler-meslek-yuksekokulu\/wp-json\/wp\/v2\/media?parent=6381"}],"curies":[{"name":"wp","href":"https:\/\/api.w.org\/{rel}","templated":true}]}}