{"id":6384,"date":"2022-02-25T11:15:44","date_gmt":"2022-02-25T08:15:44","guid":{"rendered":"https:\/\/birimler.atauni.edu.tr\/sosyal-bilimler-meslek-yuksekokulu\/?page_id=6384"},"modified":"2026-03-12T11:21:36","modified_gmt":"2026-03-12T08:21:36","slug":"cocuk-bakimi-ve-genclik-hizmetleri-bolumu","status":"publish","type":"page","link":"https:\/\/atauni.edu.tr\/sosyal-bilimler-meslek-yuksekokulu\/bolumler-programlar\/cocuk-bakimi-ve-genclik-hizmetleri-bolumu\/","title":{"rendered":"\u00c7ocuk Bak\u0131m\u0131 ve Gen\u00e7lik Hizmetleri B\u00f6l\u00fcm\u00fc"},"content":{"rendered":"\t\t<div data-elementor-type=\"wp-page\" data-elementor-id=\"6384\" class=\"elementor elementor-6384\" data-elementor-post-type=\"page\">\n\t\t\t\t\t\t<section class=\"elementor-section elementor-top-section elementor-element elementor-element-8c1ad9a elementor-section-boxed elementor-section-height-default elementor-section-height-default\" data-id=\"8c1ad9a\" data-element_type=\"section\">\n\t\t\t\t\t\t<div class=\"elementor-container elementor-column-gap-default\">\n\t\t\t\t\t<div class=\"elementor-column elementor-col-100 elementor-top-column elementor-element elementor-element-51a5fe7\" data-id=\"51a5fe7\" data-element_type=\"column\">\n\t\t\t<div class=\"elementor-widget-wrap elementor-element-populated\">\n\t\t\t\t\t\t<div class=\"elementor-element elementor-element-744082c elementor-widget elementor-widget-text-editor\" data-id=\"744082c\" data-element_type=\"widget\" data-widget_type=\"text-editor.default\">\n\t\t\t\t<div class=\"elementor-widget-container\">\n\t\t\t\t\t\t\t\t\t<p>\u00a0<\/p><h3><strong>Tarih\u00e7e<\/strong><\/h3><p>\u00c7ocuk Geli\u015fimi Program\u0131 iki y\u0131ll\u0131k, d\u00f6rt d\u00f6nemlik \u00f6n lisans e\u011fitimi veren bir programd\u0131r. Program 2006-2007 e\u011fitim \u00f6\u011fretim y\u0131l\u0131nda, \u201c\u00c7ocuk Geli\u015fimi\u201d \u00f6n lisans program\u0131 olarak e\u011fitime ba\u015flam\u0131\u015ft\u0131r.<\/p><h3><strong>Misyon<\/strong><\/h3><p>\u00c7ocuk Geli\u015fimi Program\u0131n\u0131n misyonu, 0-18 ya\u015f aras\u0131 \u00e7ocuklar\u0131n geli\u015fim \u00f6zelliklerini tan\u0131yan, ihtiya\u00e7lar\u0131 hakk\u0131nda bilgi sahibi olan ve sorunlara \u00e7\u00f6z\u00fcm \u00fcretebilen nitelikli yard\u0131mc\u0131 e\u011fitmenler yeti\u015ftirmektir. Ayr\u0131ca \u00f6zel e\u011fitime ihtiya\u00e7 duyan \u00e7ocuklar i\u00e7in uygun e\u011fitim ortamlar\u0131 d\u00fczenleyebilen donan\u0131ml\u0131 elemanlar yeti\u015ftirmek de hedeflenmektedir. Program, \u00e7ocuklar\u0131n geli\u015fim seviyelerine uygun e\u011fitici oyuncaklar haz\u0131rlama ve \u00f6zel e\u011fitim materyalleri tasarlama becerilerini kazand\u0131rmay\u0131 da ama\u00e7lamaktad\u0131r.<\/p><h3><strong>Vizyon<\/strong><\/h3><p>Program, \u00e7ocuk geli\u015fimi alan\u0131nda lider ve yenilik\u00e7i bir e\u011fitim kurumu olmay\u0131, bilimsel temellere dayal\u0131 e\u011fitim metotlar\u0131 kullanarak \u00e7ocuklar\u0131n sa\u011fl\u0131kl\u0131 geli\u015fimlerini destekleyecek \u00e7ocuk geli\u015fimciler yeti\u015ftirmeyi ama\u00e7lar.<\/p><h3><strong>\u00c7al\u0131\u015fma Alanlar\u0131:<\/strong><\/h3><ul><li>Mill\u00ee E\u011fitim Bakanl\u0131\u011f\u0131\u2019na ba\u011fl\u0131 \u00f6zel ve resmi okul \u00f6ncesi e\u011fitim kurumlar\u0131nda,<\/li><li>Mill\u00ee E\u011fitim Bakanl\u0131\u011f\u0131\u2019na ba\u011fl\u0131 \u00f6zel ve resmi \u00f6zel e\u011fitim ve rehabilitasyon merkezlerinde,<\/li><li>Ana s\u0131n\u0131flar\u0131, g\u00fcnd\u00fcz bak\u0131m evleri, \u00e7ocuk yuvalar\u0131 ve kre\u015flerde,<\/li><li>Hastanelerde,<\/li><\/ul><p>\u00a0\u00c7ocuk bak\u0131m eleman\u0131 olarak \u00e7al\u0131\u015fan anne babalar\u0131n \u00e7ocuklar\u0131n\u0131n bak\u0131m\u0131nda g\u00f6rev alabilmektedirler. <br \/>\u00a0Mezunlar ayr\u0131ca \u201cMeslek Y\u00fcksekokulu Mezunlar\u0131 ve A\u00e7\u0131k \u00f6\u011fretim \u00d6n lisans Mezunlar\u0131n\u0131n Lisans Program\u0131na Ge\u00e7i\u015f Y\u00f6netmeli\u011finden yararlan\u0131larak alanlar\u0131nda kontenjan a\u00e7\u0131ld\u0131\u011f\u0131 takdirde dikey ge\u00e7i\u015f s\u0131nav\u0131 ile lisans programlar\u0131na kay\u0131t hakk\u0131 kazanabilir. Bu programdan dikey ge\u00e7i\u015f yap\u0131labilecek lisans programlar\u0131;<br \/>Dikey Ge\u00e7i\u015f Yap\u0131labilecek Lisans Programlar\u0131:<br \/>\u00c7ocuk Geli\u015fimi Program mezunlar\u0131 Dikey Ge\u00e7i\u015f S\u0131nav\u0131 (DGS) ile,<br \/>\u2022 \u00c7ocuk Geli\u015fimi,<br \/>\u2022 Okul \u00d6ncesi \u00d6\u011fretmenli\u011fi,<br \/>\u2022 \u00d6zel E\u011fitim \u00d6\u011fretmenli\u011fi,<br \/>\u2022 Sa\u011fl\u0131k Y\u00f6netimi,<br \/>\u2022 Sosyal Hizmet,<br \/>B\u00f6l\u00fcmlerine ge\u00e7i\u015f yapabilmektedirler.<\/p><h3><strong>E\u011e\u0130T\u0130M YER\u0130 &amp; SOSYAL ALANLAR<\/strong><\/h3><p>\u00d6\u011frencilerimiz her t\u00fcrl\u00fc sosyal ve k\u00fclt\u00fcrel ihtiya\u00e7lar\u0131n\u0131 (bar\u0131nma, k\u00fct\u00fcphane, yemek, sa\u011fl\u0131k, banka, postane, sinema, spor, al\u0131\u015fveri\u015f vs&#8230;) merkez kamp\u00fcs i\u00e7inde bulunan birimlerden kar\u015f\u0131layabilmektedir.<\/p><p><strong>AKT\u0130F \u00d6\u011frenci Kul\u00fcpleri:<\/strong> \u00d6NCE \u00c7OCUK KUL\u00dcB\u00dc<\/p><h3><strong>Akademik Kadro<\/strong><\/h3><p>Do\u00e7. Dr. Mehmet Ali Seven(B\u00f6l\u00fcm Ba\u015fkan\u0131)<\/p><p>Dr. \u00d6\u011fr. \u00dcyesi Fatmanur \u00c7imen<br \/>\u00d6\u011fr. G\u00f6r. Dr. S\u00fcmeyye B\u0130LG\u0130Z AKBAYIR\u00a0<br \/>\u00d6\u011fr. G\u00f6r. Esra K\u0131z\u0131l\u0131rmak<br \/>\u00d6\u011fr. G\u00f6r. Meryem \u00c7olak\u00a0<\/p>\t\t\t\t\t\t\t\t<\/div>\n\t\t\t\t<\/div>\n\t\t\t\t\t<\/div>\n\t\t<\/div>\n\t\t\t\t\t<\/div>\n\t\t<\/section>\n\t\t\t\t<section class=\"elementor-section elementor-top-section elementor-element elementor-element-32ffca9 elementor-section-boxed elementor-section-height-default elementor-section-height-default\" data-id=\"32ffca9\" data-element_type=\"section\">\n\t\t\t\t\t\t<div class=\"elementor-container elementor-column-gap-default\">\n\t\t\t\t\t<div class=\"elementor-column elementor-col-100 elementor-top-column elementor-element elementor-element-63c78b8\" data-id=\"63c78b8\" data-element_type=\"column\">\n\t\t\t<div class=\"elementor-widget-wrap elementor-element-populated\">\n\t\t\t\t\t\t<div class=\"elementor-element elementor-element-394cdd0 elementor-widget__width-initial elementor-widget elementor-widget-image\" data-id=\"394cdd0\" data-element_type=\"widget\" data-widget_type=\"image.default\">\n\t\t\t\t<div class=\"elementor-widget-container\">\n\t\t\t\t\t\t\t\t\t\t\t\t\t\t\t<img decoding=\"async\" width=\"300\" height=\"166\" src=\"https:\/\/atauni.edu.tr\/sosyal-bilimler-meslek-yuksekokulu\/wp-content\/uploads\/sites\/446\/2025\/02\/Resim1-300x166.png\" class=\"attachment-medium size-medium wp-image-7929\" alt=\"\" srcset=\"https:\/\/atauni.edu.tr\/sosyal-bilimler-meslek-yuksekokulu\/wp-content\/uploads\/sites\/446\/2025\/02\/Resim1-300x166.png 300w, https:\/\/atauni.edu.tr\/sosyal-bilimler-meslek-yuksekokulu\/wp-content\/uploads\/sites\/446\/2025\/02\/Resim1-600x331.png 600w, https:\/\/atauni.edu.tr\/sosyal-bilimler-meslek-yuksekokulu\/wp-content\/uploads\/sites\/446\/2025\/02\/Resim1-560x309.png 560w, https:\/\/atauni.edu.tr\/sosyal-bilimler-meslek-yuksekokulu\/wp-content\/uploads\/sites\/446\/2025\/02\/Resim1.png 621w\" sizes=\"(max-width: 300px) 100vw, 300px\" \/>\t\t\t\t\t\t\t\t\t\t\t\t\t\t\t<\/div>\n\t\t\t\t<\/div>\n\t\t\t\t\t<\/div>\n\t\t<\/div>\n\t\t\t\t\t<\/div>\n\t\t<\/section>\n\t\t\t\t<\/div>\n\t\t","protected":false},"excerpt":{"rendered":"<p>\u00a0 Tarih\u00e7e \u00c7ocuk Geli\u015fimi Program\u0131 iki y\u0131ll\u0131k, d\u00f6rt d\u00f6nemlik \u00f6n lisans e\u011fitimi veren bir programd\u0131r. Program 2006-2007 e\u011fitim \u00f6\u011fretim y\u0131l\u0131nda, \u201c\u00c7ocuk Geli\u015fimi\u201d \u00f6n lisans program\u0131 olarak e\u011fitime ba\u015flam\u0131\u015ft\u0131r. Misyon \u00c7ocuk Geli\u015fimi Program\u0131n\u0131n misyonu, 0-18 ya\u015f aras\u0131 \u00e7ocuklar\u0131n geli\u015fim \u00f6zelliklerini tan\u0131yan, ihtiya\u00e7lar\u0131 hakk\u0131nda bilgi sahibi olan ve sorunlara \u00e7\u00f6z\u00fcm \u00fcretebilen nitelikli yard\u0131mc\u0131 e\u011fitmenler yeti\u015ftirmektir. Ayr\u0131ca \u00f6zel [&hellip;]<\/p>\n","protected":false},"author":411,"featured_media":0,"parent":6378,"menu_order":0,"comment_status":"closed","ping_status":"closed","template":"","meta":{"footnotes":""},"class_list":["post-6384","page","type-page","status-publish","hentry"],"_links":{"self":[{"href":"https:\/\/atauni.edu.tr\/sosyal-bilimler-meslek-yuksekokulu\/wp-json\/wp\/v2\/pages\/6384","targetHints":{"allow":["GET"]}}],"collection":[{"href":"https:\/\/atauni.edu.tr\/sosyal-bilimler-meslek-yuksekokulu\/wp-json\/wp\/v2\/pages"}],"about":[{"href":"https:\/\/atauni.edu.tr\/sosyal-bilimler-meslek-yuksekokulu\/wp-json\/wp\/v2\/types\/page"}],"author":[{"embeddable":true,"href":"https:\/\/atauni.edu.tr\/sosyal-bilimler-meslek-yuksekokulu\/wp-json\/wp\/v2\/users\/411"}],"replies":[{"embeddable":true,"href":"https:\/\/atauni.edu.tr\/sosyal-bilimler-meslek-yuksekokulu\/wp-json\/wp\/v2\/comments?post=6384"}],"version-history":[{"count":13,"href":"https:\/\/atauni.edu.tr\/sosyal-bilimler-meslek-yuksekokulu\/wp-json\/wp\/v2\/pages\/6384\/revisions"}],"predecessor-version":[{"id":8872,"href":"https:\/\/atauni.edu.tr\/sosyal-bilimler-meslek-yuksekokulu\/wp-json\/wp\/v2\/pages\/6384\/revisions\/8872"}],"up":[{"embeddable":true,"href":"https:\/\/atauni.edu.tr\/sosyal-bilimler-meslek-yuksekokulu\/wp-json\/wp\/v2\/pages\/6378"}],"wp:attachment":[{"href":"https:\/\/atauni.edu.tr\/sosyal-bilimler-meslek-yuksekokulu\/wp-json\/wp\/v2\/media?parent=6384"}],"curies":[{"name":"wp","href":"https:\/\/api.w.org\/{rel}","templated":true}]}}