{"id":6388,"date":"2022-02-25T11:16:42","date_gmt":"2022-02-25T08:16:42","guid":{"rendered":"https:\/\/birimler.atauni.edu.tr\/sosyal-bilimler-meslek-yuksekokulu\/?page_id=6388"},"modified":"2025-02-21T22:29:23","modified_gmt":"2025-02-21T19:29:23","slug":"gorsel-isitsel-teknikler-ve-medya-yapimciligi-bolumu","status":"publish","type":"page","link":"https:\/\/atauni.edu.tr\/sosyal-bilimler-meslek-yuksekokulu\/bolumler-programlar\/gorsel-isitsel-teknikler-ve-medya-yapimciligi-bolumu\/","title":{"rendered":"G\u00f6rsel \u0130\u015fitsel Teknikler ve Medya Yap\u0131mc\u0131l\u0131\u011f\u0131 B\u00f6l\u00fcm\u00fc"},"content":{"rendered":"\t\t<div data-elementor-type=\"wp-page\" data-elementor-id=\"6388\" class=\"elementor elementor-6388\" data-elementor-post-type=\"page\">\n\t\t\t\t\t\t<section class=\"elementor-section elementor-top-section elementor-element elementor-element-8eca0d4 elementor-section-boxed elementor-section-height-default elementor-section-height-default\" data-id=\"8eca0d4\" data-element_type=\"section\">\n\t\t\t\t\t\t<div class=\"elementor-container elementor-column-gap-default\">\n\t\t\t\t\t<div class=\"elementor-column elementor-col-100 elementor-top-column elementor-element elementor-element-d9504a3\" data-id=\"d9504a3\" data-element_type=\"column\">\n\t\t\t<div class=\"elementor-widget-wrap elementor-element-populated\">\n\t\t\t\t\t\t<div class=\"elementor-element elementor-element-1f8374f elementor-widget elementor-widget-text-editor\" data-id=\"1f8374f\" data-element_type=\"widget\" data-widget_type=\"text-editor.default\">\n\t\t\t\t<div class=\"elementor-widget-container\">\n\t\t\t\t\t\t\t\t\t<h3><strong>&nbsp;<\/strong><strong>Vizyonumuz<\/strong><\/h3>\n<p>G\u00fcn\u00fcm\u00fcz\u00fcn h\u0131zla de\u011fi\u015fen dijital d\u00fcnyas\u0131nda, medya sekt\u00f6r\u00fcnde ba\u015far\u0131l\u0131 olabilmek i\u00e7in yenilik\u00e7i, etkili ve izleyiciyle duygusal ba\u011f kurabilen i\u00e7erikler \u00fcretmek \u00e7ok \u00f6nemlidir. Radyo ve televizyon programc\u0131l\u0131\u011f\u0131, toplumu bilgilendirme, e\u011flendirme ve d\u00fc\u015f\u00fcnd\u00fcrme g\u00fcc\u00fcne sahip; ayn\u0131 zamanda insanlar\u0131 birbirine yak\u0131nla\u015ft\u0131ran, k\u00fclt\u00fcrel ve sosyal de\u011ferleri yans\u0131tan en g\u00fc\u00e7l\u00fc ara\u00e7lardand\u0131r. Bizim vizyonumuz, bu g\u00fc\u00e7l\u00fc mecray\u0131 kullanarak toplumun her kesimine hitap eden, \u00e7ok y\u00f6nl\u00fc ve etkili programlar \u00fcretmektir.<\/p>\n<p>Vizyonumuz, radyo ve televizyon d\u00fcnyas\u0131nda s\u0131n\u0131rlar\u0131 zorlayan i\u00e7erikler olu\u015fturmak, yenilik\u00e7i formatlarla izleyici ve dinleyicilere ula\u015fmak ve her programda etkile\u015fimi artt\u0131rmakt\u0131r. \u0130\u00e7eriklerimizde kaliteyi her zaman \u00f6n planda tutarak izleyici ve dinleyicilerimize hem bilgilendirici hem de e\u011flendirici deneyimler sunmay\u0131 hedefliyoruz. Teknolojik geli\u015fmeleri yak\u0131ndan takip ederek, dijital platformlarla entegrasyonu g\u00fc\u00e7l\u00fc i\u00e7erikler sunmay\u0131 ama\u00e7l\u0131yoruz.<\/p>\n<p>Her bir program\u0131m\u0131z, toplumsal sorumluluk bilinciyle \u015fekillenmeli ve izleyicinin ve dinleyicinin duygusal bir ba\u011f kurabilece\u011fi, anlaml\u0131 bir deneyim sunmal\u0131d\u0131r. Radyo ve televizyonun g\u00fcc\u00fcnden yararlanarak, her ya\u015ftan, her k\u00fclt\u00fcrden izleyiciye hitap eden, samimi ve kapsay\u0131c\u0131 bir dil benimsemek, hedeflerimizin temelini olu\u015fturuyor.<\/p>\n<p>Vizyonumuzda, radyo ve televizyon programc\u0131l\u0131\u011f\u0131n\u0131 sadece bir e\u011flence arac\u0131 olarak de\u011fil, toplumun e\u011fitimine, k\u00fclt\u00fcrel fark\u0131ndal\u0131\u011f\u0131na ve sosyal geli\u015fimine katk\u0131 sa\u011flayan bir mecra olarak g\u00f6rmekteyiz. \u0130\u00e7eriklerimizde do\u011fruluk, etik ve toplumsal sorumluluk anlay\u0131\u015f\u0131yla hareket ederek, izleyicilerimizin g\u00fcvenini kazanmak ve onlar\u0131 her zaman en iyi \u015fekilde bilgilendirmek, e\u011flendirmek ve ilham vermek \u00f6nceli\u011fimizdir.<\/p>\n<h3><strong> Misyonumuz<\/strong><\/h3>\n<p>Radyo ve televizyon yay\u0131nc\u0131l\u0131\u011f\u0131, toplumsal hayat\u0131n bir par\u00e7as\u0131, k\u00fclt\u00fcrlerin bulu\u015fma noktas\u0131 ve bireylerin d\u00fcnyay\u0131 anlamland\u0131rma \u015fekillerinin \u015fekillendiricisi olan g\u00fc\u00e7l\u00fc bir ileti\u015fim arac\u0131d\u0131r. Radyo Televizyon Programc\u0131l\u0131\u011f\u0131 b\u00f6l\u00fcm\u00fc, \u00e7a\u011f\u0131n gereksinimlerine uygun, yarat\u0131c\u0131, yenilik\u00e7i ve topluma de\u011fer katacak medya profesyonelleri yeti\u015ftirmeyi kendine misyon edinmi\u015ftir.<\/p>\n<p>B\u00f6l\u00fcm\u00fcm\u00fcz, \u00f6\u011frencilere medya d\u00fcnyas\u0131nda bilgiyi anlaml\u0131 ve etkili bir \u015fekilde iletebilme yetene\u011fi kazand\u0131rman\u0131n yan\u0131 s\u0131ra, etik sorumluluk bilinciyle donanm\u0131\u015f, toplumsal de\u011fi\u015fime duyarl\u0131 bireyler yeti\u015ftirmeyi hedefler. Medyan\u0131n g\u00fcc\u00fcnden en iyi \u015fekilde yararlanmay\u0131, yarat\u0131c\u0131 d\u00fc\u015f\u00fcnmeyi ve \u00f6zg\u00fcn projeler \u00fcretmeyi te\u015fvik ederek, bu alandaki liderlik potansiyelini ortaya \u00e7\u0131karmay\u0131 ama\u00e7lar.<\/p>\n<p>Amac\u0131m\u0131z, \u00f6\u011frencilerimizi yaln\u0131zca teknik becerilerle de\u011fil, ayn\u0131 zamanda etik, k\u00fclt\u00fcrel ve toplumsal fark\u0131ndal\u0131kla da donatarak, medya sekt\u00f6r\u00fcn\u00fcn geli\u015fmeleri y\u00f6nlendirecek yenilik\u00e7i vizyonlarla donatmakt\u0131r. B\u00f6ylece, hem geleneksel hem de dijital platformlarda, topluma katk\u0131 sa\u011flayacak programlar ve i\u00e7erikler \u00fcreten profesyoneller yeti\u015ftiririz.<\/p>\n<h3><strong>G\u00f6rsel \u0130\u015fitsel Teknikler ve Medya Yap\u0131mc\u0131l\u0131\u011f\u0131 b\u00f6l\u00fcm\u00fcnden m<\/strong><strong>ezun olacak \u00f6\u011frenciler i\u00e7in i\u015f olanaklar\u0131 <\/strong><\/h3>\n<p>Radyo Televizyon Programc\u0131l\u0131\u011f\u0131 b\u00f6l\u00fcm\u00fc mezunlar\u0131, medya sekt\u00f6r\u00fcn\u00fcn \u00e7e\u015fitli alanlar\u0131nda kamu ve \u00f6zel sekt\u00f6rde geni\u015f bir i\u015f yelpazesinde \u00e7al\u0131\u015fma f\u0131rsat\u0131na sahiptir. Bu mezunlar, yarat\u0131c\u0131 ve teknik yeteneklerini kullanarak hem geleneksel medya platformlar\u0131nda hem de dijital mecralarda g\u00f6rev alabilirler. \u0130\u015fte bu alanda mezunlar\u0131n bulabilece\u011fi baz\u0131 i\u015f olanaklar\u0131:<\/p>\n<ol>\n<li><strong> Televizyon ve Radyo Yay\u0131nc\u0131l\u0131\u011f\u0131<\/strong><\/li>\n<\/ol>\n<ul>\n<li><strong>Program Yap\u0131mc\u0131s\u0131:<\/strong> Radyo ve televizyon programlar\u0131n\u0131 planlayan, organize eden ve y\u00f6neten profesyonellerdir. Program\u0131n i\u00e7eri\u011fini belirler, misafirleri d\u00fczenler, b\u00fct\u00e7eyi y\u00f6netir ve yay\u0131n s\u00fcrecini denetler.<\/li>\n<li><strong>Sunucu \/ Spiker:<\/strong> Radyo ve televizyon programlar\u0131n\u0131 sunan, haberleri aktaran ya da e\u011flenceli i\u00e7erikler haz\u0131rlayan ki\u015filerdir.<\/li>\n<li><strong>Yay\u0131n Y\u00f6netmeni:<\/strong> Yay\u0131n ak\u0131\u015flar\u0131n\u0131 d\u00fczenleyen, programlar\u0131n do\u011fru s\u0131rayla ve zaman\u0131nda yay\u0131na girmesini sa\u011flayan ki\u015filerdir.<\/li>\n<li><strong>Teknik Yap\u0131mc\u0131:<\/strong> Yay\u0131n s\u0131ras\u0131nda teknik ekipman\u0131 y\u00f6netir, ses ve g\u00f6r\u00fcnt\u00fc kalitesini sa\u011flar, yay\u0131n\u0131n d\u00fczg\u00fcn bir \u015fekilde ger\u00e7ekle\u015fmesini denetler.<\/li>\n<\/ul>\n<ol start=\"2\">\n<li><strong> Dijital Medya ve \u0130nternet Yay\u0131nc\u0131l\u0131\u011f\u0131<\/strong><\/li>\n<\/ol>\n<ul>\n<li><strong>Dijital \u0130\u00e7erik \u00dcreticisi:<\/strong> Sosyal medya platformlar\u0131 ve internet tabanl\u0131 yay\u0131nlar i\u00e7in i\u00e7erik \u00fcretir. Videolar, podcast\u2019ler, blog yaz\u0131lar\u0131 gibi dijital i\u00e7erikler olu\u015fturur.<\/li>\n<li><strong>Sosyal Medya Y\u00f6neticisi:<\/strong> Medya kurulu\u015flar\u0131 ve markalar\u0131n sosyal medya hesaplar\u0131n\u0131 y\u00f6netir, i\u00e7erik stratejisi olu\u015fturur ve izleyici kitlesiyle etkile\u015fimde bulunur.<\/li>\n<li><strong>YouTuber \/ Vlogger:<\/strong> Kendi kanal\u0131n\u0131 a\u00e7arak i\u00e7erik \u00fcreten, belirli bir hedef kitleye y\u00f6nelik programlar ya da videolar haz\u0131rlayan bireyler.<\/li>\n<\/ul>\n<ol start=\"3\">\n<li><strong> Haber ve Gazetecilik<\/strong><\/li>\n<\/ol>\n<ul>\n<li><strong>Gazeteci \/ Muhabir:<\/strong> Televizyon ya da radyo i\u00e7in haberler haz\u0131rlayan, ara\u015ft\u0131rmalar yapan, r\u00f6portajlar ger\u00e7ekle\u015ftiren, g\u00fcncel olaylar\u0131 takip eden ki\u015filerdir.<\/li>\n<li><strong>Haber Sunucusu:<\/strong> Radyo ve televizyon kanallar\u0131nda haber programlar\u0131n\u0131 sunan ve izleyiciye aktar\u0131lacak bilgileri derleyip ileten profesyonellerdir.<\/li>\n<li><strong>Edit\u00f6r:<\/strong> Radyo ve televizyon kanallar\u0131nda haber ve program i\u00e7eriklerini d\u00fczenleyen, do\u011fru ve etkili bir bi\u00e7imde sunulmas\u0131n\u0131 sa\u011flayan ki\u015filerdir.<\/li>\n<\/ul>\n<ol start=\"4\">\n<li><strong> Prod\u00fcksiyon ve Post-Prod\u00fcksiyon<\/strong><\/li>\n<\/ol>\n<ul>\n<li><strong>Ses ve G\u00f6r\u00fcnt\u00fc Teknikeri:<\/strong> Yay\u0131n s\u0131ras\u0131nda sesin ve g\u00f6r\u00fcnt\u00fclerin kalitesini sa\u011flayan, ses d\u00fczenlemelerini ve g\u00f6r\u00fcnt\u00fc d\u00fczenlemelerini yapan ki\u015filerdir.<\/li>\n<li><strong>Video Edit\u00f6r\u00fc:<\/strong> Program, haber ya da i\u00e7eriklerin montaj\u0131n\u0131 yapan ve yay\u0131na haz\u0131r hale getiren profesyonellerdir.<\/li>\n<li><strong>I\u015f\u0131k Tasar\u0131mc\u0131s\u0131 ve Kameraman:<\/strong> G\u00f6r\u00fcnt\u00fclerin en iyi \u015fekilde kaydedilmesi i\u00e7in gerekli \u0131\u015f\u0131k d\u00fczenlemelerini ve kameramanl\u0131k g\u00f6revini \u00fcstlenen ki\u015filer.<\/li>\n<\/ul>\n<ol start=\"5\">\n<li><strong> E\u011fitim ve Dan\u0131\u015fmanl\u0131k<\/strong><\/li>\n<\/ol>\n<ul>\n<li><strong>Medya E\u011fitmeni:<\/strong> Radyo, televizyon ve dijital medya alanlar\u0131nda e\u011fitim veren, \u00f6\u011frencilere medya alan\u0131ndaki profesyonel becerileri kazand\u0131ran \u00f6\u011freticilerdir.<\/li>\n<li><strong>Medya Dan\u0131\u015fman\u0131:<\/strong> Medya projeleri geli\u015ftiren ve i\u00e7erik \u00fcretim s\u00fcre\u00e7lerinde rehberlik eden profesyonellerdir.<\/li>\n<\/ul>\n<ol start=\"6\">\n<li><strong> Ba\u011f\u0131ms\u0131z \u00c7al\u0131\u015fmalar<\/strong><\/li>\n<\/ol>\n<ul>\n<li><strong>Freelance \u0130\u00e7erik \u00dcreticisi:<\/strong> Kendi projelerini y\u00fcr\u00fcten ve medya kurulu\u015flar\u0131 i\u00e7in serbest olarak \u00e7al\u0131\u015fan profesyonellerdir. Bu, video i\u00e7erik \u00fcreticisi, ses sanat\u00e7\u0131s\u0131, yaz\u0131l\u0131mc\u0131, reklam metin yazar\u0131 ve benzeri roller olabilir.<\/li>\n<li><strong>Podcast Yapanlar:<\/strong> Radyo ve televizyon yay\u0131nc\u0131l\u0131\u011f\u0131n\u0131n dijital ortama ta\u015f\u0131nan versiyonu olan podcast yay\u0131nlar\u0131 i\u00e7in i\u00e7erik \u00fcreticisi olabilirler.<\/li>\n<\/ul>\n<p>Radyo ve televizyon programc\u0131l\u0131\u011f\u0131 mezunlar\u0131, medya sekt\u00f6r\u00fcn\u00fcn her alan\u0131nda yarat\u0131c\u0131 d\u00fc\u015f\u00fcnme becerileri, ileti\u015fim yetenekleri ve teknik bilgileri ile i\u015f bulma olanaklar\u0131 yaratabilirler. Ayn\u0131 zamanda dijital d\u00fcnyadaki h\u0131zl\u0131 de\u011fi\u015fim ve geli\u015fmeler, bu alanda yeni kariyer f\u0131rsatlar\u0131n\u0131 da beraberinde getirmektedir.<\/p>\n<h3><strong>Atat\u00fcrk \u00dcniversitesi E\u011fitim Yeri ve Sosyal Alanlar<\/strong><\/h3>\n<p>Atat\u00fcrk \u00dcniversitesi, hem akademik hem de sosyal a\u00e7\u0131dan \u00f6\u011frencilerine e\u015fsiz bir e\u011fitim ve ya\u015fam deneyimi sunan k\u00f6kl\u00fc bir kurulu\u015ftur. Erzurum&#8217;un do\u011fal g\u00fczellikleriyle \u00e7evrili kamp\u00fcs\u00fcnde, modern e\u011fitim olanaklar\u0131yla donat\u0131lm\u0131\u015f s\u0131n\u0131flardan sosyal aktivitelerin zengin bir \u015fekilde ger\u00e7ekle\u015ftirildi\u011fi alanlara kadar her t\u00fcrl\u00fc ihtiyaca cevap veren bir ortam bulunmaktad\u0131r. \u00dcniversite, \u00f6\u011frencilerinin hem akademik ba\u015far\u0131lar\u0131n\u0131 hem de ki\u015fisel geli\u015fimlerini en \u00fcst d\u00fczeye \u00e7\u0131karmay\u0131 hedefleyen bir e\u011fitim anlay\u0131\u015f\u0131na sahiptir.<\/p>\n<p>Atat\u00fcrk \u00dcniversitesi\u2019nin kamp\u00fcs\u00fc, geni\u015f ye\u015fil alanlar\u0131, modern e\u011fitim binalar\u0131 ve donan\u0131ml\u0131 laboratuvarlar\u0131yla dikkat \u00e7ekmektedir. Bilimsel ara\u015ft\u0131rma ve e\u011fitim i\u00e7in \u00f6zel olarak tasarlanm\u0131\u015f s\u0131n\u0131flar, her \u00f6\u011frencinin bireysel ve toplu olarak en verimli \u015fekilde \u00f6\u011frenebilmesi i\u00e7in tasarlanm\u0131\u015ft\u0131r. Alan\u0131nda uzman akademik kadro ve g\u00fcncel teknolojilerle desteklenen dersler, \u00f6\u011frencilere d\u00fcnya standartlar\u0131nda bir e\u011fitim olana\u011f\u0131 sunar. Ayr\u0131ca, \u00fcniversite b\u00fcnyesindeki ara\u015ft\u0131rma merkezleri ve k\u00fct\u00fcphane, \u00f6\u011frencilere derinlemesine bilgi edinme f\u0131rsat\u0131 sunar.<\/p>\n<p>Atat\u00fcrk \u00dcniversitesi, yaln\u0131zca e\u011fitim de\u011fil, ayn\u0131 zamanda \u00f6\u011frencilerin sosyal hayatlar\u0131n\u0131 da destekleyen geni\u015f bir imkan yelpazesi sunar. \u00d6\u011frenciler, \u00fcniversite kamp\u00fcs\u00fcnde spor salonlar\u0131, a\u00e7\u0131k hava alanlar\u0131, kafe ve restoranlar gibi bir\u00e7ok sosyal alan\u0131 rahatl\u0131kla kullanabilirler. \u00dcniversite, \u00e7e\u015fitli kul\u00fcpler ve etkinliklerle, \u00f6\u011frencilerin farkl\u0131 ilgi alanlar\u0131na y\u00f6nelik faaliyetler yapabilece\u011fi bir ortam yaratmaktad\u0131r. K\u00fclt\u00fcrel, sanatsal ve sportif aktivitelerle \u00f6\u011frenciler sadece ders d\u0131\u015f\u0131 vakitlerini kaliteli bir \u015fekilde de\u011ferlendirebilir, ayn\u0131 zamanda sosyal sorumluluk projelerinde yer alarak topluma katk\u0131 sa\u011flayabilirler.<\/p>\n<p>\u00dcniversite i\u00e7inde d\u00fczenlenen festivaller, konserler, tiyatro oyunlar\u0131 ve paneller, \u00f6\u011frencilerin hem k\u00fclt\u00fcrel hem de sosyal becerilerini geli\u015ftirmelerine olanak tan\u0131r. Ayr\u0131ca, \u00f6\u011frencilerin g\u00fcnl\u00fck hayatlar\u0131n\u0131 kolayla\u015ft\u0131ran, sa\u011fl\u0131k hizmetlerinden ula\u015f\u0131m imk\u00e2nlar\u0131na kadar bir\u00e7ok pratik \u00e7\u00f6z\u00fcm de \u00fcniversite b\u00fcnyesinde mevcuttur.<\/p>\n<h3><strong>Akademik Kadro <\/strong><\/h3>\n<p>\u00d6\u011fr.G\u00f6r.Dr. \u00d6nder Ebren (B\u00f6l\u00fcm Ba\u015fkan\u0131)<\/p>\n<p>\u00d6\u011fr. G\u00f6r. Ha\u015fim Uzungil&nbsp;<\/p>\n<p>Dr. \u00d6\u011fr.\u00dcyesi Ta\u015fk\u0131n Erdo\u011fan<\/p>\n<p>\u00d6\u011fr.G\u00f6r.Dr. G\u00fcrkan Arslan<\/p>\n<p>\u00d6\u011fr.G\u00f6r.Dr. Elif Y\u0131ld\u0131r\u0131m<\/p>\n<p>\u00d6\u011fr.G\u00f6r. Hakan Ak\u00e7ay<\/p>\n<p>\u00d6\u011fr.G\u00f6r. Murat Bar\u0131\u015f Sevindik<\/p>\t\t\t\t\t\t\t\t<\/div>\n\t\t\t\t<\/div>\n\t\t\t\t\t<\/div>\n\t\t<\/div>\n\t\t\t\t\t<\/div>\n\t\t<\/section>\n\t\t\t\t<\/div>\n\t\t","protected":false},"excerpt":{"rendered":"<p>&nbsp;Vizyonumuz G\u00fcn\u00fcm\u00fcz\u00fcn h\u0131zla de\u011fi\u015fen dijital d\u00fcnyas\u0131nda, medya sekt\u00f6r\u00fcnde ba\u015far\u0131l\u0131 olabilmek i\u00e7in yenilik\u00e7i, etkili ve izleyiciyle duygusal ba\u011f kurabilen i\u00e7erikler \u00fcretmek \u00e7ok \u00f6nemlidir. Radyo ve televizyon programc\u0131l\u0131\u011f\u0131, toplumu bilgilendirme, e\u011flendirme ve d\u00fc\u015f\u00fcnd\u00fcrme g\u00fcc\u00fcne sahip; ayn\u0131 zamanda insanlar\u0131 birbirine yak\u0131nla\u015ft\u0131ran, k\u00fclt\u00fcrel ve sosyal de\u011ferleri yans\u0131tan en g\u00fc\u00e7l\u00fc ara\u00e7lardand\u0131r. Bizim vizyonumuz, bu g\u00fc\u00e7l\u00fc mecray\u0131 kullanarak toplumun her kesimine [&hellip;]<\/p>\n","protected":false},"author":411,"featured_media":0,"parent":6378,"menu_order":0,"comment_status":"closed","ping_status":"closed","template":"","meta":{"footnotes":""},"class_list":["post-6388","page","type-page","status-publish","hentry"],"_links":{"self":[{"href":"https:\/\/atauni.edu.tr\/sosyal-bilimler-meslek-yuksekokulu\/wp-json\/wp\/v2\/pages\/6388","targetHints":{"allow":["GET"]}}],"collection":[{"href":"https:\/\/atauni.edu.tr\/sosyal-bilimler-meslek-yuksekokulu\/wp-json\/wp\/v2\/pages"}],"about":[{"href":"https:\/\/atauni.edu.tr\/sosyal-bilimler-meslek-yuksekokulu\/wp-json\/wp\/v2\/types\/page"}],"author":[{"embeddable":true,"href":"https:\/\/atauni.edu.tr\/sosyal-bilimler-meslek-yuksekokulu\/wp-json\/wp\/v2\/users\/411"}],"replies":[{"embeddable":true,"href":"https:\/\/atauni.edu.tr\/sosyal-bilimler-meslek-yuksekokulu\/wp-json\/wp\/v2\/comments?post=6388"}],"version-history":[{"count":10,"href":"https:\/\/atauni.edu.tr\/sosyal-bilimler-meslek-yuksekokulu\/wp-json\/wp\/v2\/pages\/6388\/revisions"}],"predecessor-version":[{"id":7903,"href":"https:\/\/atauni.edu.tr\/sosyal-bilimler-meslek-yuksekokulu\/wp-json\/wp\/v2\/pages\/6388\/revisions\/7903"}],"up":[{"embeddable":true,"href":"https:\/\/atauni.edu.tr\/sosyal-bilimler-meslek-yuksekokulu\/wp-json\/wp\/v2\/pages\/6378"}],"wp:attachment":[{"href":"https:\/\/atauni.edu.tr\/sosyal-bilimler-meslek-yuksekokulu\/wp-json\/wp\/v2\/media?parent=6388"}],"curies":[{"name":"wp","href":"https:\/\/api.w.org\/{rel}","templated":true}]}}