{"id":6394,"date":"2022-02-25T11:17:39","date_gmt":"2022-02-25T08:17:39","guid":{"rendered":"https:\/\/birimler.atauni.edu.tr\/sosyal-bilimler-meslek-yuksekokulu\/?page_id=6394"},"modified":"2026-03-12T11:14:46","modified_gmt":"2026-03-12T08:14:46","slug":"ulastirma-hizmetleri-bolumu","status":"publish","type":"page","link":"https:\/\/atauni.edu.tr\/sosyal-bilimler-meslek-yuksekokulu\/bolumler-programlar\/ulastirma-hizmetleri-bolumu\/","title":{"rendered":"Ula\u015ft\u0131rma Hizmetleri B\u00f6l\u00fcm\u00fc"},"content":{"rendered":"\t\t<div data-elementor-type=\"wp-page\" data-elementor-id=\"6394\" class=\"elementor elementor-6394\" data-elementor-post-type=\"page\">\n\t\t\t\t\t\t<section class=\"elementor-section elementor-top-section elementor-element elementor-element-fbe9721 elementor-section-boxed elementor-section-height-default elementor-section-height-default\" data-id=\"fbe9721\" data-element_type=\"section\">\n\t\t\t\t\t\t<div class=\"elementor-container elementor-column-gap-default\">\n\t\t\t\t\t<div class=\"elementor-column elementor-col-100 elementor-top-column elementor-element elementor-element-5683f69\" data-id=\"5683f69\" data-element_type=\"column\">\n\t\t\t<div class=\"elementor-widget-wrap elementor-element-populated\">\n\t\t\t\t\t\t<div class=\"elementor-element elementor-element-fe1c675 elementor-widget elementor-widget-text-editor\" data-id=\"fe1c675\" data-element_type=\"widget\" data-widget_type=\"text-editor.default\">\n\t\t\t\t<div class=\"elementor-widget-container\">\n\t\t\t\t\t\t\t\t\t<h3><strong>Tarih\u00e7e<\/strong><\/h3><p>Ula\u015ft\u0131rma Hizmetleri B\u00f6l\u00fcm\u00fc alt\u0131nda kurulan Sivil Hava Ula\u015ft\u0131rma \u0130\u015fletmecili\u011fi Program\u0131m\u0131z 2007-2008 e\u011fitim- \u00f6\u011fretim y\u0131l\u0131nda ilk kez \u00f6\u011frenci alarak faaliyetlerine ba\u015flam\u0131\u015ft\u0131r. \u0130nsan merkezli bir e\u011fitim anlay\u0131\u015f\u0131 ile bilimi ve akl\u0131 esas alarak Sivil Havac\u0131l\u0131k alan\u0131n\u0131n gerektirdi\u011fi standartlar \u00e7er\u00e7evesinde ilgili alanlarda hizmet verebilecek y\u00fcksek nitelikli insan g\u00fcc\u00fc yeti\u015ftirmek amac\u0131yla kurulan b\u00f6l\u00fcm\u00fcm\u00fcz bu ama\u00e7 do\u011frultusunda faaliyetlerine devam etmektedir.<\/p><h3><strong>Misyonumuz<\/strong><\/h3><p>B\u00f6l\u00fcm\u00fcm\u00fcz, vermi\u015f oldu\u011fu e\u011fitimin kalitesiyle havac\u0131l\u0131k alanlar\u0131nda ulusal ve uluslararas\u0131 standartlara cevap verebilen, yabanc\u0131 dille donat\u0131lm\u0131\u015f ve sahada gerekli teknik ve uygulama bilgisine sahip mezunlar\u0131yla havac\u0131l\u0131k sekt\u00f6r\u00fcnde tercih edilen bir program olmay\u0131 ilke edinmi\u015ftir.<\/p><h3><strong>Genel Bilgiler<\/strong><\/h3><p>Sivil Hava Ula\u015ft\u0131rma \u0130\u015fletmecili\u011fi \u00d6nlisans Program\u0131ndan 120 AKTS kredilik ders al\u0131p, t\u00fcm dersleri ba\u015far\u0131 ile tamamlayan ve A\u011f\u0131rl\u0131kl\u0131 Genel Not Ortalamas\u0131 (AGNO) en az 2,00 olan ve di\u011fer y\u00fck\u00fcml\u00fcl\u00fckleri yerine getiren \u00f6\u011frenciler mezun olabilirler. Bu kredilerin alt\u0131nda eksik kredi ile mezun olunamaz.<\/p><h3><strong>Mezuniyet i\u00e7in di\u011fer y\u00fck\u00fcml\u00fcl\u00fckler:<\/strong><\/h3><p>B\u00f6l\u00fcm\u00fcm\u00fcz \u00f6\u011frencilerinin mezuniyet i\u00e7in 30 g\u00fcnl\u00fck zorunlu stajlar\u0131n\u0131 yapmalar\u0131 gerekmektedir. \u00d6\u011frencilerimiz stajlar\u0131n\u0131 Ulusal Staj Program\u0131 arac\u0131l\u0131\u011f\u0131 ile Ula\u015ft\u0131rma ve Alt Yap\u0131 Bakanl\u0131\u011f\u0131na ba\u011fl\u0131 Devlet Hava Meydan \u0130\u015fletmelerinde veya \u00c7elebi Hava Servisi, Hava\u015f, \u00f6zel u\u00e7u\u015f okullar\u0131 gibi havac\u0131l\u0131k ile ilgili kurum ve kurulu\u015flarda yapabilirler.<\/p><h3><strong>Dikey Ge\u00e7i\u015f \u0130mkanlar\u0131:<\/strong><\/h3><p>B\u00f6l\u00fcm\u00fcm\u00fczden mezun olan \u00f6\u011frenciler Dikey Ge\u00e7i\u015f S\u0131nav\u0131 (DGS) ile lisans programlar\u0131na ge\u00e7i\u015f yapabilmektedirler.\u00a0 DGS ile ge\u00e7i\u015f yap\u0131labilecek b\u00f6l\u00fcmler \u015funlard\u0131r:<\/p><p>Havac\u0131l\u0131k Y\u00f6netimi, \u0130\u015fletme, \u0130\u015fletme Y\u00f6netimi, Lojistik, Lojistik Y\u00f6netimi, Seyahat \u0130\u015fletmecili\u011fi, Seyahat \u0130\u015fletmecili\u011fi ve Turizm Rehberli\u011fi, Teknoloji ve Bilgi Y\u00f6netimi, Ula\u015ft\u0131rma ve Lojistik, Ula\u015ft\u0131rma ve Lojistik Y\u00f6netimi, Turizm \u0130\u015fletmecili\u011fi<\/p><h3><strong>Kariyer Olanaklar\u0131<\/strong><\/h3><p>Sivil havac\u0131l\u0131k b\u00f6l\u00fcm\u00fc mezunlar\u0131,<\/p><ul><li>Ulusal ve uluslararas\u0131 t\u00fcm havalimanlar\u0131nda,<\/li><li>Havayolu \u015firketlerinde,<\/li><li>Yer hizmetleri firmalar\u0131nda ve temsil-g\u00f6zetim \u015firketlerinde kariyer yapma f\u0131rsat\u0131na sahiptir.<\/li><\/ul><p>Mezunlar; \u00a0harekat memuru, y\u00fck denge (Load Master) uzman\u0131, u\u00e7ak koordinasyon memuru, yolcu hizmetleri g\u00f6revlisi, kargo operasyon sorumlusu ve ekip y\u00f6neticisi gibi \u00e7e\u015fitli pozisyonlarda g\u00f6rev alabilirler.<\/p><h3><strong>\u00a0Akademik Kadro:<\/strong><\/h3><p>\u00d6\u011fr. G\u00f6r. Ali U\u00c7AR (B\u00f6l\u00fcm Ba\u015fkan\u0131 )<\/p><p>\u00d6\u011fr. G\u00f6r. Burhan \u0130SP\u0130RL\u0130<\/p><p>\u00d6\u011fr. G\u00f6r.\u00a0 Ferhat AKSOY<\/p><p>\u00d6\u011fr. G\u00f6r. Emre DURMAZPINAR<\/p>\t\t\t\t\t\t\t\t<\/div>\n\t\t\t\t<\/div>\n\t\t\t\t\t<\/div>\n\t\t<\/div>\n\t\t\t\t\t<\/div>\n\t\t<\/section>\n\t\t\t\t<\/div>\n\t\t","protected":false},"excerpt":{"rendered":"<p>Tarih\u00e7e Ula\u015ft\u0131rma Hizmetleri B\u00f6l\u00fcm\u00fc alt\u0131nda kurulan Sivil Hava Ula\u015ft\u0131rma \u0130\u015fletmecili\u011fi Program\u0131m\u0131z 2007-2008 e\u011fitim- \u00f6\u011fretim y\u0131l\u0131nda ilk kez \u00f6\u011frenci alarak faaliyetlerine ba\u015flam\u0131\u015ft\u0131r. \u0130nsan merkezli bir e\u011fitim anlay\u0131\u015f\u0131 ile bilimi ve akl\u0131 esas alarak Sivil Havac\u0131l\u0131k alan\u0131n\u0131n gerektirdi\u011fi standartlar \u00e7er\u00e7evesinde ilgili alanlarda hizmet verebilecek y\u00fcksek nitelikli insan g\u00fcc\u00fc yeti\u015ftirmek amac\u0131yla kurulan b\u00f6l\u00fcm\u00fcm\u00fcz bu ama\u00e7 do\u011frultusunda faaliyetlerine devam [&hellip;]<\/p>\n","protected":false},"author":411,"featured_media":0,"parent":6378,"menu_order":0,"comment_status":"closed","ping_status":"closed","template":"","meta":{"footnotes":""},"class_list":["post-6394","page","type-page","status-publish","hentry"],"_links":{"self":[{"href":"https:\/\/atauni.edu.tr\/sosyal-bilimler-meslek-yuksekokulu\/wp-json\/wp\/v2\/pages\/6394","targetHints":{"allow":["GET"]}}],"collection":[{"href":"https:\/\/atauni.edu.tr\/sosyal-bilimler-meslek-yuksekokulu\/wp-json\/wp\/v2\/pages"}],"about":[{"href":"https:\/\/atauni.edu.tr\/sosyal-bilimler-meslek-yuksekokulu\/wp-json\/wp\/v2\/types\/page"}],"author":[{"embeddable":true,"href":"https:\/\/atauni.edu.tr\/sosyal-bilimler-meslek-yuksekokulu\/wp-json\/wp\/v2\/users\/411"}],"replies":[{"embeddable":true,"href":"https:\/\/atauni.edu.tr\/sosyal-bilimler-meslek-yuksekokulu\/wp-json\/wp\/v2\/comments?post=6394"}],"version-history":[{"count":16,"href":"https:\/\/atauni.edu.tr\/sosyal-bilimler-meslek-yuksekokulu\/wp-json\/wp\/v2\/pages\/6394\/revisions"}],"predecessor-version":[{"id":8863,"href":"https:\/\/atauni.edu.tr\/sosyal-bilimler-meslek-yuksekokulu\/wp-json\/wp\/v2\/pages\/6394\/revisions\/8863"}],"up":[{"embeddable":true,"href":"https:\/\/atauni.edu.tr\/sosyal-bilimler-meslek-yuksekokulu\/wp-json\/wp\/v2\/pages\/6378"}],"wp:attachment":[{"href":"https:\/\/atauni.edu.tr\/sosyal-bilimler-meslek-yuksekokulu\/wp-json\/wp\/v2\/media?parent=6394"}],"curies":[{"name":"wp","href":"https:\/\/api.w.org\/{rel}","templated":true}]}}