{"id":7156,"date":"2023-08-03T14:36:23","date_gmt":"2023-08-03T11:36:23","guid":{"rendered":"https:\/\/birimler.atauni.edu.tr\/sosyal-bilimler-meslek-yuksekokulu\/?page_id=7156"},"modified":"2025-03-11T12:08:15","modified_gmt":"2025-03-11T09:08:15","slug":"dis-ticaret-programi","status":"publish","type":"page","link":"https:\/\/atauni.edu.tr\/sosyal-bilimler-meslek-yuksekokulu\/dis-ticaret-programi\/","title":{"rendered":"D\u0131\u015f Ticaret Program\u0131"},"content":{"rendered":"\t\t<div data-elementor-type=\"wp-page\" data-elementor-id=\"7156\" class=\"elementor elementor-7156\" data-elementor-post-type=\"page\">\n\t\t\t\t\t\t<section class=\"elementor-section elementor-top-section elementor-element elementor-element-2d013aa elementor-section-boxed elementor-section-height-default elementor-section-height-default\" data-id=\"2d013aa\" data-element_type=\"section\">\n\t\t\t\t\t\t<div class=\"elementor-container elementor-column-gap-default\">\n\t\t\t\t\t<div class=\"elementor-column elementor-col-100 elementor-top-column elementor-element elementor-element-e0e86ea\" data-id=\"e0e86ea\" data-element_type=\"column\">\n\t\t\t<div class=\"elementor-widget-wrap elementor-element-populated\">\n\t\t\t\t\t\t<div class=\"elementor-element elementor-element-d9e0191 elementor-widget elementor-widget-text-editor\" data-id=\"d9e0191\" data-element_type=\"widget\" data-widget_type=\"text-editor.default\">\n\t\t\t\t<div class=\"elementor-widget-container\">\n\t\t\t\t\t\t\t\t\t<h3>Tarih\u00e7e<\/h3><p>D\u0131\u015f Ticaret Program\u0131 iki y\u0131ll\u0131k, d\u00f6rt d\u00f6nemlik \u00f6n lisans e\u011fitimi veren bir programd\u0131r. Program 2006-2007 e\u011fitim \u00f6\u011fretim y\u0131l\u0131nda, \u201cD\u0131\u015f Ticaret\u201d \u00f6n lisans program\u0131 olarak e\u011fitime ba\u015flam\u0131\u015ft\u0131r.<\/p><h3>Misyon<\/h3><p><span data-contrast=\"none\">Genel d\u0131\u015f ticaret bilgilerinin yan\u0131s\u0131ra firma i\u00e7i i\u015f ak\u0131\u015f\u0131na hakim olabilmeleri amac\u0131yla muhasebe, finanman, lojistik, vb. gibi alanlarda temel mesleki bilgi ve becerilerini geli\u015ftirmeleri sa\u011flanmaya \u00e7al\u0131\u015f\u0131lmaktad\u0131r. Bunlar\u0131n yan\u0131s\u0131ra uluslararas\u0131 prenzatbl, aktif ve giri\u015fimci ruha sahip olabilmeleri i\u00e7in gereli bilgi ve beceri kazand\u0131r\u0131lmaya \u00e7al\u0131\u015f\u0131lmaktad\u0131r.<\/span><\/p><h3>Vizyon<\/h3><p><span data-contrast=\"none\">Ayr\u0131ca D\u0131\u015f Ticaret Program\u0131 5. seviye akademik ve mesleki yeterlikleri kazand\u0131rmay\u0131 ama\u00e7layan bir \u00f6n lisans program\u0131d\u0131r.<\/span><\/p><h3>\u00c7al\u0131\u015fma Alanlar\u0131<\/h3><p><span data-contrast=\"none\">Mezunlar d\u0131\u015f ticarete ili\u015fkin kamu kurumlar\u0131nda veya \u00f6zel sekt\u00f6re ait kurulu\u015flar\u0131n d\u0131\u015f ticaret birimlerinde g\u00f6rev alabilirler.<\/span><\/p><h3>B\u00f6l\u00fcm Tan\u0131t\u0131m\u0131 ve Kariyer Planlama<\/h3><ul><li data-charcodes=\"167\" data-font=\"Wingdings,Sans-Serif\" data-buautonum=\"8\" data-aria-posinset=\"1\" data-aria-level=\"1\"><span data-contrast=\"none\">D\u0131\u015f ticaret b\u00f6l\u00fcm\u00fcnde\u00a0D\u0131\u015f ticaret<\/span><span data-contrast=\"none\">\u00a0program\u0131<\/span><span data-contrast=\"none\">\u00a0olmak \u00fczere bir program y\u00fcr\u00fct\u00fclmektedir.\u00a0<\/span>\u200b<\/li><li data-charcodes=\"167\" data-font=\"Wingdings,Sans-Serif\" data-buautonum=\"8\" data-aria-posinset=\"2\" data-aria-level=\"1\"><span data-contrast=\"none\">Programda\u00a0<\/span><span data-contrast=\"none\">alan bilgisi<\/span><span data-contrast=\"none\">,<\/span><span data-contrast=\"none\">\u00a0meslek bilgisi\u00a0<\/span><span data-contrast=\"none\">ve\u00a0<\/span><span data-contrast=\"none\">uygulama derslerine\u00a0<\/span><span data-contrast=\"none\">yer verilmektedir.<\/span>\u200b<\/li><li data-charcodes=\"167\" data-font=\"Wingdings,Sans-Serif\" data-buautonum=\"8\" data-aria-posinset=\"3\" data-aria-level=\"1\"><span data-contrast=\"none\">Dersler teorik ve uygulamal\u0131 olarak y\u00fcr\u00fct\u00fclmektedir.\u00a0<\/span>\u200b<\/li><li data-charcodes=\"167\" data-font=\"Wingdings,Sans-Serif\" data-buautonum=\"8\" data-aria-posinset=\"4\" data-aria-level=\"1\"><span data-contrast=\"none\">D\u0131\u015f ticaret sorumlusu olarak yeti\u015fecek ki\u015filere, temel d\u0131\u015f ticaret bilgilerinin verilmesi ama\u00e7lanm\u0131\u015ft\u0131r.<\/span><\/li><li data-charcodes=\"167\" data-font=\"Wingdings,Sans-Serif\" data-buautonum=\"8\" data-aria-posinset=\"4\" data-aria-level=\"1\"><span data-contrast=\"none\">Genel d\u0131\u015f ticaret bilgilerinin yan\u0131s\u0131ra firma i\u00e7i i\u015f ak\u0131\u015f\u0131na hakim olabilmeleri amac\u0131yla muhasebe, finanman, lojistik, vb. gibi alanlarda temel mesleki bilgi ve becerilerini geli\u015ftirmeleri sa\u011flanmaya \u00e7al\u0131\u015f\u0131lmaktad\u0131r. Bunlar\u0131n yan\u0131s\u0131ra uluslararas\u0131 prenzatbl, aktif ve giri\u015fimci ruha sahip olabilmeleri i\u00e7in gereli bilgi ve beceri kazand\u0131r\u0131lmaya \u00e7al\u0131\u015f\u0131lmaktad\u0131r.<\/span><\/li><li data-charcodes=\"167\" data-font=\"Wingdings,Sans-Serif\" data-buautonum=\"8\" data-aria-posinset=\"4\" data-aria-level=\"1\"><span data-contrast=\"none\">Ayr\u0131ca D\u0131\u015f Ticaret Program\u0131 5. seviye akademik ve mesleki yeterlikleri kazand\u0131rmay\u0131 ama\u00e7layan bir \u00f6n lisans program\u0131d\u0131r. Mezunlar d\u0131\u015f ticarete ili\u015fkin kamu kurumlar\u0131nda veya \u00f6zel sekt\u00f6re ait kurulu\u015flar\u0131n d\u0131\u015f ticaret birimlerinde g\u00f6rev alabilirler.<\/span><\/li><\/ul><h3><strong>E\u011fitim Yeri &amp; Sosyal Alanlar<\/strong><\/h3><p>\u00d6\u011frencilerimiz her t\u00fcrl\u00fc sosyal ve k\u00fclt\u00fcrel ihtiya\u00e7lar\u0131n\u0131 (bar\u0131nma, k\u00fct\u00fcphane, yemek, sa\u011fl\u0131k, banka, postane, sinema, spor, al\u0131\u015fveri\u015f vs\u2026) merkez kamp\u00fcs i\u00e7inde bulunan birimlerden kar\u015f\u0131layabilmektedir.<\/p><p><strong>B\u00f6l\u00fcm\u00fcm\u00fczde Yer Alan Aktif \u00d6\u011frenci Kul\u00fcpleri:<\/strong>\u200b<\/p><ul><li data-charcodes=\"167\" data-font=\"Wingdings,Sans-Serif\" data-buautonum=\"8\" data-aria-posinset=\"1\" data-aria-level=\"1\"><span data-contrast=\"none\">Ata-T\u00fcrk\u00e7e Kul\u00fcb\u00fc<\/span>\u200b<\/li><li data-charcodes=\"167\" data-font=\"Wingdings,Sans-Serif\" data-buautonum=\"8\" data-aria-posinset=\"2\" data-aria-level=\"1\"><span data-contrast=\"none\">E\u011fitim ve Matematik Kul\u00fcb\u00fc<\/span>\u200b<\/li><li data-charcodes=\"167\" data-font=\"Wingdings,Sans-Serif\" data-buautonum=\"8\" data-aria-posinset=\"3\" data-aria-level=\"1\"><span data-contrast=\"none\">Gen\u00e7 Ye\u015filay Kul\u00fcb\u00fc<\/span><\/li><\/ul><h3>Akademik Kadro<\/h3><p data-ccp-props=\"{&quot;335551550&quot;:1,&quot;335551620&quot;:1,&quot;335559683&quot;:0,&quot;335559685&quot;:0,&quot;335559731&quot;:0,&quot;335559737&quot;:0,&quot;335562764&quot;:2,&quot;335562765&quot;:0.9,&quot;335562766&quot;:4,&quot;335562767&quot;:0,&quot;335562768&quot;:4,&quot;335562769&quot;:3}\"><span class=\"TextRun SCXP24755436 BCX8\" lang=\"TR-TR\" xml:lang=\"TR-TR\" data-contrast=\"none\"><span class=\"NormalTextRun SCXP24755436 BCX8\">Do\u00e7. Dr. Osman Cenk Kanca (B\u00f6l\u00fcm Ba\u015fkan\u0131)<\/span><\/span><\/p><p data-ccp-props=\"{&quot;335551550&quot;:1,&quot;335551620&quot;:1,&quot;335559683&quot;:0,&quot;335559685&quot;:0,&quot;335559731&quot;:0,&quot;335559737&quot;:0,&quot;335562764&quot;:2,&quot;335562765&quot;:0.9,&quot;335562766&quot;:4,&quot;335562767&quot;:0,&quot;335562768&quot;:4,&quot;335562769&quot;:3}\"><span data-contrast=\"none\">Do\u00e7. Dr. \u00d6zlem Top\u00e7uo\u011flu<\/span>\u200b<\/p><p data-ccp-props=\"{&quot;335551550&quot;:1,&quot;335551620&quot;:1,&quot;335559683&quot;:0,&quot;335559685&quot;:0,&quot;335559731&quot;:0,&quot;335559737&quot;:0,&quot;335562764&quot;:2,&quot;335562765&quot;:0.9,&quot;335562766&quot;:4,&quot;335562767&quot;:0,&quot;335562768&quot;:4,&quot;335562769&quot;:3}\"><span data-contrast=\"none\">\u00d6\u011fr. G\u00f6r. Dr. Fatmanur \u00c7ubukcu<\/span>\u200b<\/p><p data-ccp-props=\"{&quot;335551550&quot;:1,&quot;335551620&quot;:1,&quot;335559683&quot;:0,&quot;335559685&quot;:0,&quot;335559731&quot;:0,&quot;335559737&quot;:0,&quot;335562764&quot;:2,&quot;335562765&quot;:0.9,&quot;335562766&quot;:4,&quot;335562767&quot;:0,&quot;335562768&quot;:4,&quot;335562769&quot;:3}\"><span data-contrast=\"none\">\u00d6\u011fr. G\u00f6r. Y\u00fccel Naktiyok<\/span>\u200b<\/p><p data-ccp-props=\"{&quot;335551550&quot;:1,&quot;335551620&quot;:1,&quot;335559683&quot;:0,&quot;335559685&quot;:0,&quot;335559731&quot;:0,&quot;335559737&quot;:0,&quot;335562764&quot;:2,&quot;335562765&quot;:0.9,&quot;335562766&quot;:4,&quot;335562767&quot;:0,&quot;335562768&quot;:4,&quot;335562769&quot;:3}\"><span data-contrast=\"none\">\u00d6\u011fr. G\u00f6r. Fatih Uzunboy<\/span>\u200b<\/p><p data-ccp-props=\"{&quot;335551550&quot;:1,&quot;335551620&quot;:1,&quot;335559683&quot;:0,&quot;335559685&quot;:0,&quot;335559731&quot;:0,&quot;335559737&quot;:0,&quot;335562764&quot;:2,&quot;335562765&quot;:0.9,&quot;335562766&quot;:4,&quot;335562767&quot;:0,&quot;335562768&quot;:4,&quot;335562769&quot;:3}\"><span data-contrast=\"none\">\u00d6\u011fr. G\u00f6r. Giray G\u00fcney<\/span><\/p>\t\t\t\t\t\t\t\t<\/div>\n\t\t\t\t<\/div>\n\t\t\t\t\t<\/div>\n\t\t<\/div>\n\t\t\t\t\t<\/div>\n\t\t<\/section>\n\t\t\t\t<\/div>\n\t\t","protected":false},"excerpt":{"rendered":"<p>Tarih\u00e7e D\u0131\u015f Ticaret Program\u0131 iki y\u0131ll\u0131k, d\u00f6rt d\u00f6nemlik \u00f6n lisans e\u011fitimi veren bir programd\u0131r. Program 2006-2007 e\u011fitim \u00f6\u011fretim y\u0131l\u0131nda, \u201cD\u0131\u015f Ticaret\u201d \u00f6n lisans program\u0131 olarak e\u011fitime ba\u015flam\u0131\u015ft\u0131r. Misyon Genel d\u0131\u015f ticaret bilgilerinin yan\u0131s\u0131ra firma i\u00e7i i\u015f ak\u0131\u015f\u0131na hakim olabilmeleri amac\u0131yla muhasebe, finanman, lojistik, vb. gibi alanlarda temel mesleki bilgi ve becerilerini geli\u015ftirmeleri sa\u011flanmaya \u00e7al\u0131\u015f\u0131lmaktad\u0131r. Bunlar\u0131n [&hellip;]<\/p>\n","protected":false},"author":520,"featured_media":0,"parent":0,"menu_order":0,"comment_status":"closed","ping_status":"closed","template":"","meta":{"footnotes":""},"class_list":["post-7156","page","type-page","status-publish","hentry"],"_links":{"self":[{"href":"https:\/\/atauni.edu.tr\/sosyal-bilimler-meslek-yuksekokulu\/wp-json\/wp\/v2\/pages\/7156","targetHints":{"allow":["GET"]}}],"collection":[{"href":"https:\/\/atauni.edu.tr\/sosyal-bilimler-meslek-yuksekokulu\/wp-json\/wp\/v2\/pages"}],"about":[{"href":"https:\/\/atauni.edu.tr\/sosyal-bilimler-meslek-yuksekokulu\/wp-json\/wp\/v2\/types\/page"}],"author":[{"embeddable":true,"href":"https:\/\/atauni.edu.tr\/sosyal-bilimler-meslek-yuksekokulu\/wp-json\/wp\/v2\/users\/520"}],"replies":[{"embeddable":true,"href":"https:\/\/atauni.edu.tr\/sosyal-bilimler-meslek-yuksekokulu\/wp-json\/wp\/v2\/comments?post=7156"}],"version-history":[{"count":4,"href":"https:\/\/atauni.edu.tr\/sosyal-bilimler-meslek-yuksekokulu\/wp-json\/wp\/v2\/pages\/7156\/revisions"}],"predecessor-version":[{"id":8212,"href":"https:\/\/atauni.edu.tr\/sosyal-bilimler-meslek-yuksekokulu\/wp-json\/wp\/v2\/pages\/7156\/revisions\/8212"}],"wp:attachment":[{"href":"https:\/\/atauni.edu.tr\/sosyal-bilimler-meslek-yuksekokulu\/wp-json\/wp\/v2\/media?parent=7156"}],"curies":[{"name":"wp","href":"https:\/\/api.w.org\/{rel}","templated":true}]}}