{"id":7517,"date":"2025-02-04T16:06:21","date_gmt":"2025-02-04T13:06:21","guid":{"rendered":"https:\/\/birimler.atauni.edu.tr\/sosyal-bilimler-meslek-yuksekokulu\/?page_id=7517"},"modified":"2026-03-12T11:33:38","modified_gmt":"2026-03-12T08:33:38","slug":"hukuk-bolumu","status":"publish","type":"page","link":"https:\/\/atauni.edu.tr\/sosyal-bilimler-meslek-yuksekokulu\/hukuk-bolumu\/","title":{"rendered":"Hukuk B\u00f6l\u00fcm\u00fc"},"content":{"rendered":"\t\t<div data-elementor-type=\"wp-page\" data-elementor-id=\"7517\" class=\"elementor elementor-7517\" data-elementor-post-type=\"page\">\n\t\t\t\t\t\t<section class=\"elementor-section elementor-top-section elementor-element elementor-element-bebdf2b elementor-section-boxed elementor-section-height-default elementor-section-height-default\" data-id=\"bebdf2b\" data-element_type=\"section\">\n\t\t\t\t\t\t<div class=\"elementor-container elementor-column-gap-default\">\n\t\t\t\t\t<div class=\"elementor-column elementor-col-100 elementor-top-column elementor-element elementor-element-36f9645\" data-id=\"36f9645\" data-element_type=\"column\">\n\t\t\t<div class=\"elementor-widget-wrap elementor-element-populated\">\n\t\t\t\t\t\t<div class=\"elementor-element elementor-element-cf9dfcd elementor-widget elementor-widget-text-editor\" data-id=\"cf9dfcd\" data-element_type=\"widget\" data-widget_type=\"text-editor.default\">\n\t\t\t\t<div class=\"elementor-widget-container\">\n\t\t\t\t\t\t\t\t\t<h3><strong>Tarih\u00e7e<\/strong><\/h3>\n<ul>\n<li>Adalet Meslek Y\u00fcksekokulu, 2547 say\u0131l\u0131 Kanunun 2880 say\u0131l\u0131 Kanunla de\u011fi\u015fik 7\/d-2, 7\/h ve 3843 say\u0131l\u0131 Kanunun 4. maddesi uyar\u0131nca; Y\u00fcksek\u00f6\u011fretim Kurulu Ba\u015fkanl\u0131\u011f\u0131\u2019n\u0131n 01.10.2010 g\u00fcn ve 4870-36104 say\u0131l\u0131 yaz\u0131s\u0131 ile kurulmu\u015ftur.<\/li>\n<li>Adalet Meslek Y\u00fcksekokulu, kurulu\u015funun tamamlanmas\u0131 ile birlikte 2010-2011 e\u011fitim \u00f6\u011fretim y\u0131l\u0131nda, \u201cAdalet\u201d \u00f6n lisans program\u0131 ile e\u011fitime ba\u015flam\u0131\u015ft\u0131r. Y\u00fcksekokulumuzun ikinci program\u0131 olan Ceza \u0130nfaz ve G\u00fcvenlik Hizmetleri program\u0131 ise \u00dcniversitemiz Rekt\u00f6rl\u00fc\u011f\u00fc ile Adalet Bakanl\u0131\u011f\u0131 CTE Genel M\u00fcd\u00fcrl\u00fc\u011f\u00fc aras\u0131nda 21.12.2016 g\u00fcn ve 33887084-090.05-E.2371 say\u0131l\u0131 protokol ve Y\u00fcksek \u00d6\u011fretim Kurulu E\u011fitim \u00d6\u011fretim Dairesi Ba\u015fkanl\u0131\u011f\u0131\u2019n\u0131n 03.05.2017 g\u00fcn ve 75850160-301.01.02-30400 say\u0131l\u0131 onay yaz\u0131s\u0131 ile kurulmu\u015ftur. Bu programa, 20.04.2017 tarihli genel kurul toplant\u0131s\u0131nda al\u0131nan karar ile 50 normal \u00f6\u011fretim, 50 ikinci \u00f6\u011fretim \u00f6\u011frenci kontenjan\u0131 verilmi\u015ftir. \u201cCeza \u0130nfaz ve G\u00fcvenlik Hizmetleri\u201d programa, bu \u00e7al\u0131\u015fmalar sonucunda, 2017-2018 e\u011fitim \u00f6\u011fretim y\u0131l\u0131n\u0131n g\u00fcz d\u00f6neminde, ikinci \u00f6n lisans b\u00f6l\u00fcm\u00fc olarak e\u011fitim \u00f6\u011fretime ba\u015flam\u0131\u015ft\u0131r.<\/li>\n<li>Y\u00fcksekokulumuz Ceza \u0130nfaz ve G\u00fcvenlik Hizmetleri \u0130kinci \u00d6\u011fretim Program\u0131, (mevcut \u00f6\u011frencilerin stat\u00fcs\u00fcn\u00fcn korunmas\u0131 \u015fart\u0131yla) 2019 YKS&#8217;den itibaren \u00f6\u011frenci al\u0131nmayarak kapat\u0131lmas\u0131n\u0131n uygun g\u00f6r\u00fcld\u00fc\u011f\u00fc Y\u00fcksek\u00f6\u011fretim Kurulu Ba\u015fkanl\u0131\u011f\u0131n\u0131n 15.01.2019 tarih ve 75850160-301.01.01-E.3332 say\u0131l\u0131 yaz\u0131s\u0131 ile bildirilmi\u015f ve 2020-2021 y\u0131l\u0131 g\u00fcz yar\u0131y\u0131l\u0131nda ikinci \u00f6\u011fretim kapat\u0131lm\u0131\u015ft\u0131r.<\/li>\n<li>Adalet Meslek Y\u00fcksekokulu ve Adalet program\u0131 Y\u00d6K karar\u0131yla 2023 y\u0131l\u0131nda kapat\u0131lm\u0131\u015f,&nbsp; Adalet Meslek Y\u00fcksekokulu b\u00fcnyesindeki Ceza ve G\u00fcvenlik Hizmetleri program\u0131 ve Adalet program\u0131 mevcut \u00f6\u011frencileri Sosyal Bilimler Meslek Y\u00fcksekokuluna aktar\u0131lm\u0131\u015ft\u0131r.<\/li>\n<li>Y\u00fcksekokulumuzda be\u015f kadrolu \u00f6\u011fretim g\u00f6revlisi bulunmaktad\u0131r. Dersler, \u00f6\u011fretim g\u00f6revlilerimizle birlikte, Atat\u00fcrk \u00dcniversitesinin farkl\u0131 birimlerinden alan\u0131nda uzman hocalar ve Adalet Bakanl\u0131\u011f\u0131 taraf\u0131ndan g\u00f6revlendirilen, h\u00e2kim, savc\u0131, cezaevi m\u00fcd\u00fcr\u00fc stat\u00fcs\u00fcndeki personelin katk\u0131lar\u0131 ile y\u00fcr\u00fct\u00fclmektedir.<\/li>\n<\/ul>\n<h3><strong>Misyonumuz<\/strong><\/h3>\n<ul>\n<li>Adalet Meslek Y\u00fcksekokulu Olarak G\u00f6revimiz: 21. y\u00fczy\u0131l\u0131n de\u011fi\u015fen bilimsel ve sosyal ko\u015fullar\u0131na kolayca adapte olabilen, ya\u015fam boyu \u00f6\u011frenmeyi ve kendini yenilemeyi ilke edinmi\u015f, \u00fclke ve d\u00fcnya sorunlar\u0131na duyarl\u0131, tak\u0131m \u00e7al\u0131\u015fmas\u0131na ve payla\u015f\u0131m k\u00fclt\u00fcr\u00fcne yatk\u0131n, bili\u015fim ve e\u011fitim teknolojilerini kullanabilen, \u00fcst d\u00fczey bilgi ve beceri d\u00fczeyine sahip, mesle\u011fini ulusal ve uluslararas\u0131 d\u00fczeyde yerine getirebilecek inisiyatif sahibi, sekt\u00f6r\u00fcnde g\u00f6rev alacak kadrolar yeti\u015ftirerek, \u00e7a\u011fda\u015f ve evrensel de\u011ferler \u0131\u015f\u0131\u011f\u0131nda, yarg\u0131 \u00f6rg\u00fct\u00fc ba\u015fta olmak \u00fczere t\u00fcm sekt\u00f6rlerin temel hukuk bilgisine sahip ara insan g\u00fcc\u00fc ihtiyac\u0131n\u0131 kar\u015f\u0131layabilecek teorik alt yap\u0131s\u0131 olan, uygulamay\u0131 bilen ve teknolojiyi takip eden \u00f6\u011frenciler yeti\u015ftirmek, b\u00f6ylece \u00fclkemizde ADALET\u0130N ger\u00e7ekle\u015fmesinde katk\u0131da bulunan alan\u0131nda lider bir e\u011fitim kurumu olmakt\u0131r.<\/li>\n<\/ul>\n<h3><strong>Vizyonumuz<\/strong><\/h3>\n<ul>\n<li>\u00dclkemizin hukuk ve adalet alanlar\u0131nda eleman yeti\u015ftiren en iyi&nbsp; Meslek Y\u00fcksekokullar\u0131ndan biri olmak ba\u015fl\u0131ca hedefimiz olup, temel hukuk bilgisine sahip ara insan g\u00fcc\u00fc ihtiyac\u0131n\u0131n kar\u015f\u0131lanmas\u0131na \u00f6nemli katk\u0131larda bulunabilen, akademik etkinlikler d\u00fczenleyebilen, bilimsel yay\u0131nlar yapabilen, \u00f6\u011frenciler taraf\u0131ndan tercih edilen, \u00fclke \u00e7ap\u0131nda tan\u0131nan ve \u00fclkemizin en iyi&nbsp; Meslek Y\u00fcksekokulu olma unvan\u0131na sahip olabilmektir.<\/li>\n<li>Adalet Bakanl\u0131\u011f\u0131nda ihtiya\u00e7 duyulan cezaevleri, icra daireleri ve mahkeme kalemleri gibi \u00e7e\u015fitli birimlere ara eleman yeti\u015ftirmek ve mezunlar\u0131m\u0131z\u0131n adalet, yarg\u0131 ve hukuk sisteminin \u00e7e\u015fitli kademelerinde g\u00f6rev yapacak donan\u0131mda olmalar\u0131n\u0131 temin etmektir.<\/li>\n<li>Y\u00fcksekokulumuzun Amac\u0131, Adalet Bakanl\u0131\u011f\u0131\u2019n\u0131n \u00e7e\u015fitli birimlerinde ihtiya\u00e7 duyulan nitelikli ara eleman\u0131 yeti\u015ftirmek ve iyi yeti\u015fmi\u015f kaliteli ara eleman ihtiyac\u0131n\u0131 kar\u015f\u0131lamakt\u0131r. Hukuk uygulamas\u0131 a\u00e7\u0131s\u0131ndan; \u00e7abuk, kurallara uygun bir yarg\u0131lama \u00f6nem arz etmektedir. Bu maksatla Y\u00fcksekokulumuz Adalet ve Ceza \u0130nfaz Ve G\u00fcvenlik Hizmetleri Program\u0131nda e\u011fitim alan \u00f6\u011frencilerimiz, Adalet Bakanl\u0131\u011f\u0131\u2019nda zab\u0131t k\u00e2tibi, m\u00fcba\u015fir, yaz\u0131 i\u015fleri m\u00fcd\u00fcr\u00fc, icra m\u00fcd\u00fcr\u00fc, icra m\u00fcd\u00fcr yard\u0131mc\u0131s\u0131, icra k\u00e2tibi, cezaevi personeli, cezaevi k\u00e2tipli\u011fi, infaz koruma memuru; noterlerde, avukat b\u00fcrolar\u0131nda ve \u00f6zel veya kamu kurulu\u015flar\u0131n\u0131n hukuk m\u00fc\u015favirli\u011fi birimlerinde ise k\u00e2tip olarak \u00e7al\u0131\u015fmaktad\u0131r.<\/li>\n<\/ul>\n<h3><strong>Kariyer \u0130mkanlar\u0131<\/strong><\/h3>\n<p>Adalet program\u0131 mezunlar\u0131, kamu ve \u00f6zel sekt\u00f6rde bir\u00e7ok farkl\u0131 alanda i\u015f imkan\u0131na sahip olabilirler.&nbsp;<\/p>\n<ol>\n<li><strong>H\u00e2kim ve Savc\u0131 Yard\u0131mc\u0131s\u0131<\/strong>: Adalet program\u0131 mezunlar\u0131, Hukuk Fak\u00fcltesine ge\u00e7i\u015f yaparak, s\u0131navlar ve e\u011fitimlerle h\u00e2kim ve savc\u0131 yard\u0131mc\u0131s\u0131 olabilirler. Bu g\u00f6revde, adli s\u00fcre\u00e7lerde yard\u0131mc\u0131 olmak ve dosya takibi yapmak gibi g\u00f6revleri \u00fcstlenebilirler.<\/li>\n<li><strong>Cezaevi ve \u0130nfaz Kurumu Personeli<\/strong>: Adalet program\u0131 mezunlar\u0131, cezaevlerinde veya infaz kurumlar\u0131nda , infaz memuru olarak \u00e7al\u0131\u015fabilirler.<\/li>\n<li><strong>Adli Yard\u0131mc\u0131 ve B\u00fcro Personeli<\/strong>: Adalet bakanl\u0131klar\u0131, adliyelerdeki farkl\u0131 b\u00f6l\u00fcmlerde, idari g\u00f6revlerde \u00e7al\u0131\u015fmak \u00fczere mezunlar\u0131 istihdam edebilir. Bu, katiplik veya m\u00fcba\u015firlik yapabilirler.<\/li>\n<li><strong>Avukatl\u0131k<\/strong>: Hukuk Fak\u00fcltesine ge\u00e7i\u015f yaparak mezun olanlar, avukatl\u0131k staj\u0131n\u0131 tamamlad\u0131ktan sonra kendi ofislerini a\u00e7abilir ya da bir hukuk b\u00fcrosunda avukat olarak g\u00f6rev alabilirler. Avukatl\u0131k yapmak i\u00e7in ek e\u011fitim ve yeterlilikler gerekebilir. Sicile kaydolarak noterlik s\u0131ras\u0131na girme imkanlar\u0131 da vard\u0131r.<\/li>\n<li><strong>\u0130cra M\u00fcd\u00fcrl\u00fc\u011f\u00fc ve \u0130cra \u0130flas Memuru<\/strong>: \u0130cra m\u00fcd\u00fcrl\u00fc\u011f\u00fc ve m\u00fcd\u00fcr yard\u0131mc\u0131l\u0131\u011f\u0131 gibi alanlarda g\u00f6rev alabilirler. Bu g\u00f6revler, alacakl\u0131 ve bor\u00e7lu aras\u0131ndaki i\u015flemleri takip etmeyi i\u00e7erir.<\/li>\n<li><strong>Kamu ve \u00d6zel Sekt\u00f6r Hukuk M\u00fc\u015favirlikleri<\/strong>: Adalet b\u00f6l\u00fcm\u00fc mezunlar\u0131, kamu kurumlar\u0131nda ya da \u00f6zel sekt\u00f6rde hukuk m\u00fc\u015faviri olarak g\u00f6rev alabilirler. Bu m\u00fc\u015favirliklerde \u00e7e\u015fitli g\u00f6revlerde \u00e7al\u0131\u015fabilirler. Bu alanda \u00e7al\u0131\u015fmak i\u00e7in baz\u0131 \u00f6zel \u015fartlar ve ek yeterlilikler gerekebilir.<\/li>\n<li><strong>Adalet Bakanl\u0131\u011f\u0131 ve Belediyelerde \u00c7al\u0131\u015fma<\/strong>: Adalet Bakanl\u0131\u011f\u0131&#8217;n\u0131n farkl\u0131 birimlerinde, belediyelerde veya yerel y\u00f6netimlerde de \u00e7e\u015fitli idari g\u00f6revlerde \u00e7al\u0131\u015fabilirler.<\/li>\n<\/ol>\n<p>Adalet program\u0131 mezunlar\u0131, genellikle devlet dairelerinde, adliyelerde veya hukuk b\u00fcrolar\u0131nda g\u00f6rev al\u0131rken, ayn\u0131 zamanda \u00f6zel sekt\u00f6rde de kariyer olanaklar\u0131na sahip olabilirler.<\/p>\n<p>Ceza \u0130nfaz ve G\u00fcvenlik Hizmetleri program\u0131 mezunlar\u0131, adalet ve g\u00fcvenlik sekt\u00f6rlerinde bir\u00e7ok farkl\u0131 i\u015f imk\u00e2n\u0131na sahip olabilirler.&nbsp;<\/p>\n<ol>\n<li><strong>Cezaevi ve \u0130nfaz Kurumu Personeli<\/strong>: Ceza \u0130nfaz ve G\u00fcvenlik Hizmetleri program\u0131 mezunlar\u0131, cezaevlerinde veya infaz kurumlar\u0131nda <em>infaz koruma memuru<\/em>&nbsp;olarak \u00e7al\u0131\u015fabilirler. Bu ki\u015filer, mahk\u00fbmlar\u0131n g\u00fcvenli\u011fini sa\u011flamak, kurum i\u00e7indeki d\u00fczeni denetlemek ve \u00e7e\u015fitli idari g\u00f6revleri yerine getirmekle sorumludur.<\/li>\n<li><strong>Jandarma ve Polis<\/strong>: Mezunlar, <em>jandarma<\/em> veya <em>polis<\/em> olarak da kamu g\u00fcvenli\u011fi alan\u0131nda g\u00f6rev alabilirler. G\u00fcvenlik g\u00fc\u00e7lerine kat\u0131labilmek i\u00e7in belirli fiziki yeterlilikler ve s\u0131navlar\u0131 ge\u00e7mek gerekmektedir.<\/li>\n<li><strong>\u00d6zel G\u00fcvenlik G\u00f6revlisi<\/strong>: Ceza \u0130nfaz ve G\u00fcvenlik Hizmetleri mezunlar\u0131, <em>\u00f6zel g\u00fcvenlik sekt\u00f6r\u00fcnde<\/em> de \u00e7al\u0131\u015fabilirler. Bu alanda, al\u0131\u015fveri\u015f merkezleri, bankalar, b\u00fcy\u00fck i\u015fletmeler veya sanayi tesislerinde g\u00fcvenlik g\u00f6revlisi olarak istihdam edilebilirler. Ayr\u0131ca, baz\u0131 g\u00f6revlerde g\u00fcvenlik amiri olarak da g\u00f6rev alabilirler.<\/li>\n<li><strong>\u0130nfaz Memuru ve Denetimli Serbestlik G\u00f6revlisi<\/strong>: Bu alandaki mezunlar, <em>denetimli serbestlik<\/em> birimlerinde \u00e7al\u0131\u015fabilirler. Denetimli serbestlik, mahk\u00fbmlar\u0131n belirli \u015fartlar alt\u0131nda \u00f6zg\u00fcrl\u00fcklerini k\u0131s\u0131tlamadan denetlenmelerini i\u00e7eren bir uygulamad\u0131r. Bu birimlerde denetimli serbestlik g\u00f6revlisi olarak g\u00f6rev alabilirler. Y\u00fcksekokulumuz Ceza \u0130nfaz ve G\u00fcvenlik Hizmetleri Program\u0131ndan mezun olanlar, infaz ve g\u00fcvenlik hizmetleri alan\u0131nda \u00f6n lisans derecesi ile \u201cmeslek eleman\u0131\u201d unvan\u0131 al\u0131rlar ve ceza infaz kurumlar\u0131 ile denetimli serbestlik m\u00fcd\u00fcrl\u00fcklerinde istihdam edilirler.<\/li>\n<li><strong>Ceza \u0130nfaz Kurumu M\u00fcd\u00fcr\u00fc veya M\u00fcd\u00fcr Yard\u0131mc\u0131s\u0131<\/strong>: Uzun y\u0131llar deneyim kazand\u0131ktan sonra, ceza infaz kurumlar\u0131nda <em>m\u00fcd\u00fcr<\/em> ya da <em>m\u00fcd\u00fcr yard\u0131mc\u0131s\u0131<\/em> olarak da g\u00f6rev alabilirler. Bu, genellikle bir y\u00f6netim pozisyonudur ve \u00f6nemli sorumluluklar gerektirir.<\/li>\n<li><strong>Adalet Bakanl\u0131\u011f\u0131&#8217;nda \u00c7al\u0131\u015fma<\/strong>: Adalet Bakanl\u0131\u011f\u0131 b\u00fcnyesinde, cezaevleri, g\u00fcvenlik birimleri ve adalet hizmetleriyle ilgili \u00e7e\u015fitli g\u00f6revlerde \u00e7al\u0131\u015f\u0131labilir. Bu g\u00f6revler aras\u0131nda idari i\u015fler ve denetim g\u00f6revleri yer alabilir.<\/li>\n<li><strong>G\u00fcvenlik Dan\u0131\u015fmanl\u0131k \u015eirketleri<\/strong>: Mezunlar, \u00f6zel g\u00fcvenlik dan\u0131\u015fmanl\u0131k \u015firketlerinde de g\u00f6rev alabilirler. Bu \u015firketler, g\u00fcvenlik alan\u0131nda analizler yapar, risk de\u011ferlendirmeleri ger\u00e7ekle\u015ftirir ve g\u00fcvenlik stratejileri geli\u015ftirir.<\/li>\n<\/ol>\n<p>&nbsp;Ceza \u0130nfaz ve G\u00fcvenlik Hizmetleri program\u0131ndan mezun olanlar, genellikle devlet dairelerinde istihdam edilirken, \u00f6zel sekt\u00f6rde de g\u00fcvenlik alan\u0131nda geni\u015f bir i\u015f yelpazesi bulabilirler. Kamu g\u00fcvenli\u011fi g\u00f6revlerine atanabilmek i\u00e7in genellikle ek s\u0131navlar veya fiziki testler gerekebilir.<\/p>\n<h3>&nbsp;<\/h3>\n<h3><strong>E\u011fitim Yeri&amp;Sosyal Alanlar<\/strong><\/h3>\n<p>\u00d6\u011frencilerimiz her t\u00fcrl\u00fc sosyal ve k\u00fclt\u00fcrel ihtiya\u00e7lar\u0131n\u0131 (bar\u0131nma, k\u00fct\u00fcphane, yemek, sa\u011fl\u0131k, banka, postane, sinema, spor, al\u0131\u015fveri\u015f vs&#8230;) merkez kamp\u00fcs i\u00e7inde bulunan birimlerden kar\u015f\u0131layabilmektedir.<\/p>\n<p><strong>AKT\u0130F \u00d6\u011frenci Kul\u00fcpleri:<\/strong> ATA ADALET GEN\u00c7L\u0130K KUL\u00dcB\u00dc<\/p>\n<h3><strong>Akademik Kadro<\/strong><\/h3>\n<p>\u00d6\u011fr. G\u00f6r. Ali Can TURGUT (B\u00f6l\u00fcm Ba\u015fkan\u0131)<\/p>\n<p>\u00d6\u011fr. G\u00f6r. Dr. Bahar TURGUT<\/p>\n<p>\u00d6\u011fr. G\u00f6r. Dr. Ay\u015fe K\u00fcbra KARABULUT<\/p>\n<p>\u00d6\u011fr. G\u00f6r. S\u00fcleyman SAVA\u015e<\/p>\t\t\t\t\t\t\t\t<\/div>\n\t\t\t\t<\/div>\n\t\t\t\t\t<\/div>\n\t\t<\/div>\n\t\t\t\t\t<\/div>\n\t\t<\/section>\n\t\t\t\t<\/div>\n\t\t","protected":false},"excerpt":{"rendered":"<p>Tarih\u00e7e Adalet Meslek Y\u00fcksekokulu, 2547 say\u0131l\u0131 Kanunun 2880 say\u0131l\u0131 Kanunla de\u011fi\u015fik 7\/d-2, 7\/h ve 3843 say\u0131l\u0131 Kanunun 4. maddesi uyar\u0131nca; Y\u00fcksek\u00f6\u011fretim Kurulu Ba\u015fkanl\u0131\u011f\u0131\u2019n\u0131n 01.10.2010 g\u00fcn ve 4870-36104 say\u0131l\u0131 yaz\u0131s\u0131 ile kurulmu\u015ftur. Adalet Meslek Y\u00fcksekokulu, kurulu\u015funun tamamlanmas\u0131 ile birlikte 2010-2011 e\u011fitim \u00f6\u011fretim y\u0131l\u0131nda, \u201cAdalet\u201d \u00f6n lisans program\u0131 ile e\u011fitime ba\u015flam\u0131\u015ft\u0131r. Y\u00fcksekokulumuzun ikinci program\u0131 olan Ceza \u0130nfaz [&hellip;]<\/p>\n","protected":false},"author":639,"featured_media":0,"parent":0,"menu_order":0,"comment_status":"closed","ping_status":"closed","template":"","meta":{"footnotes":""},"class_list":["post-7517","page","type-page","status-publish","hentry"],"_links":{"self":[{"href":"https:\/\/atauni.edu.tr\/sosyal-bilimler-meslek-yuksekokulu\/wp-json\/wp\/v2\/pages\/7517","targetHints":{"allow":["GET"]}}],"collection":[{"href":"https:\/\/atauni.edu.tr\/sosyal-bilimler-meslek-yuksekokulu\/wp-json\/wp\/v2\/pages"}],"about":[{"href":"https:\/\/atauni.edu.tr\/sosyal-bilimler-meslek-yuksekokulu\/wp-json\/wp\/v2\/types\/page"}],"author":[{"embeddable":true,"href":"https:\/\/atauni.edu.tr\/sosyal-bilimler-meslek-yuksekokulu\/wp-json\/wp\/v2\/users\/639"}],"replies":[{"embeddable":true,"href":"https:\/\/atauni.edu.tr\/sosyal-bilimler-meslek-yuksekokulu\/wp-json\/wp\/v2\/comments?post=7517"}],"version-history":[{"count":25,"href":"https:\/\/atauni.edu.tr\/sosyal-bilimler-meslek-yuksekokulu\/wp-json\/wp\/v2\/pages\/7517\/revisions"}],"predecessor-version":[{"id":8893,"href":"https:\/\/atauni.edu.tr\/sosyal-bilimler-meslek-yuksekokulu\/wp-json\/wp\/v2\/pages\/7517\/revisions\/8893"}],"wp:attachment":[{"href":"https:\/\/atauni.edu.tr\/sosyal-bilimler-meslek-yuksekokulu\/wp-json\/wp\/v2\/media?parent=7517"}],"curies":[{"name":"wp","href":"https:\/\/api.w.org\/{rel}","templated":true}]}}