{"id":7554,"date":"2025-02-04T16:46:11","date_gmt":"2025-02-04T13:46:11","guid":{"rendered":"https:\/\/birimler.atauni.edu.tr\/sosyal-bilimler-meslek-yuksekokulu\/?page_id=7554"},"modified":"2025-07-17T11:28:24","modified_gmt":"2025-07-17T08:28:24","slug":"ceza-infaz-ve-guvenlik-hizmetleri-bolumu","status":"publish","type":"page","link":"https:\/\/atauni.edu.tr\/sosyal-bilimler-meslek-yuksekokulu\/ceza-infaz-ve-guvenlik-hizmetleri-bolumu\/","title":{"rendered":"Ceza \u0130nfaz ve G\u00fcvenlik Hizmetleri Program\u0131"},"content":{"rendered":"\t\t<div data-elementor-type=\"wp-page\" data-elementor-id=\"7554\" class=\"elementor elementor-7554\" data-elementor-post-type=\"page\">\n\t\t\t\t\t\t<section class=\"elementor-section elementor-top-section elementor-element elementor-element-f6e6da8 elementor-section-boxed elementor-section-height-default elementor-section-height-default\" data-id=\"f6e6da8\" data-element_type=\"section\">\n\t\t\t\t\t\t<div class=\"elementor-container elementor-column-gap-default\">\n\t\t\t\t\t<div class=\"elementor-column elementor-col-100 elementor-top-column elementor-element elementor-element-534d56b\" data-id=\"534d56b\" data-element_type=\"column\">\n\t\t\t<div class=\"elementor-widget-wrap elementor-element-populated\">\n\t\t\t\t\t\t<div class=\"elementor-element elementor-element-1612754 elementor-widget elementor-widget-text-editor\" data-id=\"1612754\" data-element_type=\"widget\" data-widget_type=\"text-editor.default\">\n\t\t\t\t<div class=\"elementor-widget-container\">\n\t\t\t\t\t\t\t\t\t<p>&nbsp;Ceza \u0130nfaz ve G\u00fcvenlik Hizmetleri program\u0131 \u00dcniversitemiz Rekt\u00f6rl\u00fc\u011f\u00fc ile Adalet Bakanl\u0131\u011f\u0131 CTE Genel M\u00fcd\u00fcrl\u00fc\u011f\u00fc aras\u0131nda 21.12.2016 g\u00fcn ve 33887084-090.05-E.2371 say\u0131l\u0131 protokol ve Y\u00fcksek \u00d6\u011fretim Kurulu E\u011fitim \u00d6\u011fretim Dairesi Ba\u015fkanl\u0131\u011f\u0131\u2019n\u0131n 03.05.2017 g\u00fcn ve 75850160-301.01.02-30400 say\u0131l\u0131 onay yaz\u0131s\u0131 ile kurulmu\u015ftur. Bu programa, 20.04.2017 tarihli genel kurul toplant\u0131s\u0131nda al\u0131nan karar ile 50 normal \u00f6\u011fretim, 50 ikinci \u00f6\u011fretim \u00f6\u011frenci kontenjan\u0131 verilmi\u015ftir. \u201cCeza \u0130nfaz ve G\u00fcvenlik Hizmetleri\u201d programa, bu \u00e7al\u0131\u015fmalar sonucunda, 2017-2018 e\u011fitim \u00f6\u011fretim y\u0131l\u0131n\u0131n g\u00fcz d\u00f6neminde, ikinci \u00f6n lisans b\u00f6l\u00fcm\u00fc olarak e\u011fitim \u00f6\u011fretime ba\u015flam\u0131\u015ft\u0131r.<\/p>\n<p>Y\u00fcksekokulumuz Ceza \u0130nfaz ve G\u00fcvenlik Hizmetleri \u0130kinci \u00d6\u011fretim Program\u0131, (mevcut \u00f6\u011frencilerin stat\u00fcs\u00fcn\u00fcn korunmas\u0131 \u015fart\u0131yla) 2019 YKS\u2019den itibaren \u00f6\u011frenci al\u0131nmayarak kapat\u0131lmas\u0131n\u0131n uygun g\u00f6r\u00fcld\u00fc\u011f\u00fc Y\u00fcksek\u00f6\u011fretim Kurulu Ba\u015fkanl\u0131\u011f\u0131n\u0131n 15.01.2019 tarih ve 75850160-301.01.01-E.3332 say\u0131l\u0131 yaz\u0131s\u0131 ile bildirilmi\u015f ve 2020-2021 y\u0131l\u0131 g\u00fcz yar\u0131y\u0131l\u0131nda ikinci \u00f6\u011fretim kapat\u0131lm\u0131\u015ft\u0131r.<\/p>\n<p>Adalet Meslek Y\u00fcksekokulu ve Adalet program\u0131 Y\u00d6K karar\u0131yla 2023 y\u0131l\u0131nda kapat\u0131lm\u0131\u015f,&nbsp; Adalet Meslek Y\u00fcksekokulu b\u00fcnyesindeki Ceza ve G\u00fcvenlik Hizmetleri program\u0131 ve Adalet program\u0131 mevcut \u00f6\u011frencileri Sosyal Bilimler Meslek Y\u00fcksekokuluna aktar\u0131lm\u0131\u015ft\u0131r.<\/p>\n<p>Y\u00fcksekokulumuzda be\u015f kadrolu \u00f6\u011fretim g\u00f6revlisi bulunmaktad\u0131r. Dersler, \u00f6\u011fretim g\u00f6revlilerimizle birlikte, Atat\u00fcrk \u00dcniversitesinin farkl\u0131 birimlerinden alan\u0131nda uzman hocalar ve Adalet Bakanl\u0131\u011f\u0131 taraf\u0131ndan g\u00f6revlendirilen, h\u00e2kim, savc\u0131, cezaevi m\u00fcd\u00fcr\u00fc stat\u00fcs\u00fcndeki personelin katk\u0131lar\u0131 ile y\u00fcr\u00fct\u00fclmektedir.<\/p>\n<p><br><\/p>\t\t\t\t\t\t\t\t<\/div>\n\t\t\t\t<\/div>\n\t\t\t\t\t<\/div>\n\t\t<\/div>\n\t\t\t\t\t<\/div>\n\t\t<\/section>\n\t\t\t\t<\/div>\n\t\t","protected":false},"excerpt":{"rendered":"<p>&nbsp;Ceza \u0130nfaz ve G\u00fcvenlik Hizmetleri program\u0131 \u00dcniversitemiz Rekt\u00f6rl\u00fc\u011f\u00fc ile Adalet Bakanl\u0131\u011f\u0131 CTE Genel M\u00fcd\u00fcrl\u00fc\u011f\u00fc aras\u0131nda 21.12.2016 g\u00fcn ve 33887084-090.05-E.2371 say\u0131l\u0131 protokol ve Y\u00fcksek \u00d6\u011fretim Kurulu E\u011fitim \u00d6\u011fretim Dairesi Ba\u015fkanl\u0131\u011f\u0131\u2019n\u0131n 03.05.2017 g\u00fcn ve 75850160-301.01.02-30400 say\u0131l\u0131 onay yaz\u0131s\u0131 ile kurulmu\u015ftur. Bu programa, 20.04.2017 tarihli genel kurul toplant\u0131s\u0131nda al\u0131nan karar ile 50 normal \u00f6\u011fretim, 50 ikinci \u00f6\u011fretim \u00f6\u011frenci [&hellip;]<\/p>\n","protected":false},"author":639,"featured_media":0,"parent":0,"menu_order":0,"comment_status":"closed","ping_status":"closed","template":"","meta":{"footnotes":""},"class_list":["post-7554","page","type-page","status-publish","hentry"],"_links":{"self":[{"href":"https:\/\/atauni.edu.tr\/sosyal-bilimler-meslek-yuksekokulu\/wp-json\/wp\/v2\/pages\/7554","targetHints":{"allow":["GET"]}}],"collection":[{"href":"https:\/\/atauni.edu.tr\/sosyal-bilimler-meslek-yuksekokulu\/wp-json\/wp\/v2\/pages"}],"about":[{"href":"https:\/\/atauni.edu.tr\/sosyal-bilimler-meslek-yuksekokulu\/wp-json\/wp\/v2\/types\/page"}],"author":[{"embeddable":true,"href":"https:\/\/atauni.edu.tr\/sosyal-bilimler-meslek-yuksekokulu\/wp-json\/wp\/v2\/users\/639"}],"replies":[{"embeddable":true,"href":"https:\/\/atauni.edu.tr\/sosyal-bilimler-meslek-yuksekokulu\/wp-json\/wp\/v2\/comments?post=7554"}],"version-history":[{"count":5,"href":"https:\/\/atauni.edu.tr\/sosyal-bilimler-meslek-yuksekokulu\/wp-json\/wp\/v2\/pages\/7554\/revisions"}],"predecessor-version":[{"id":8535,"href":"https:\/\/atauni.edu.tr\/sosyal-bilimler-meslek-yuksekokulu\/wp-json\/wp\/v2\/pages\/7554\/revisions\/8535"}],"wp:attachment":[{"href":"https:\/\/atauni.edu.tr\/sosyal-bilimler-meslek-yuksekokulu\/wp-json\/wp\/v2\/media?parent=7554"}],"curies":[{"name":"wp","href":"https:\/\/api.w.org\/{rel}","templated":true}]}}