{"id":8552,"date":"2025-08-10T15:47:38","date_gmt":"2025-08-10T12:47:38","guid":{"rendered":"https:\/\/birimler.atauni.edu.tr\/sosyal-bilimler-meslek-yuksekokulu\/?page_id=8552"},"modified":"2025-08-10T15:47:38","modified_gmt":"2025-08-10T12:47:38","slug":"haberler","status":"publish","type":"page","link":"https:\/\/atauni.edu.tr\/sosyal-bilimler-meslek-yuksekokulu\/haberler\/","title":{"rendered":"Haberler"},"content":{"rendered":"<form method=\"get\" class=\"row g-3\" style=\"margin-bottom: 20px;\"><div class=\"col-md-3\"><input type=\"text\" name=\"haber_ara\" class=\"form-control\" placeholder=\"Haber ara...\" value=\"\"><\/div><div class=\"col-md-3\"><input type=\"date\" name=\"baslangic_tarihi\" class=\"form-control\" value=\"\"><\/div><div class=\"col-md-3\"><input type=\"date\" name=\"bitis_tarihi\" class=\"form-control\" value=\"\"><\/div><div class=\"col-md-3\"><button type=\"submit\" class=\"btn btn-secondary w-50\">Filtrele<\/button><\/div><\/form><ul class=\"kategori-yazilari-liste\"><li style=\"display: flex; margin-bottom: 10px; align-items: center;\"><div class=\"post-thumbnail\" style=\"margin-right: 15px;\"><a href=\"https:\/\/atauni.edu.tr\/sosyal-bilimler-meslek-yuksekokulu\/2026\/03\/03\/erzurum-defterdarligi-ziyareti\/\"><img decoding=\"async\" width=\"150\" height=\"150\" src=\"https:\/\/atauni.edu.tr\/sosyal-bilimler-meslek-yuksekokulu\/wp-content\/uploads\/sites\/446\/2026\/03\/45f96d8a-9dec-4e6c-93f5-9b471c0c21b2-150x150.jpg\" class=\"attachment-thumbnail size-thumbnail wp-post-image\" alt=\"\" \/><\/a><\/div><div class=\"post-content\" style=\"flex-grow: 1;\"><span class=\"post-date habertarih\" style=\"display: block; font-weight: bold; margin-bottom: 5px;\">3 Mart 2026<\/span><a class=\"haberbaslik\" href=\"https:\/\/atauni.edu.tr\/sosyal-bilimler-meslek-yuksekokulu\/2026\/03\/03\/erzurum-defterdarligi-ziyareti\/\">Erzurum Defterdarl\u0131\u011f\u0131 Ziyareti<\/a><\/div><\/li><li style=\"display: flex; margin-bottom: 10px; align-items: center;\"><div class=\"post-thumbnail\" style=\"margin-right: 15px;\"><a href=\"https:\/\/atauni.edu.tr\/sosyal-bilimler-meslek-yuksekokulu\/2026\/02\/18\/tobb-yok-protokolu-kapsaminda-protokol-yurutme-kurulunun-ikinci-toplantisi-gerceklestirildi\/\"><img decoding=\"async\" width=\"150\" height=\"150\" src=\"https:\/\/atauni.edu.tr\/sosyal-bilimler-meslek-yuksekokulu\/wp-content\/uploads\/sites\/446\/2026\/02\/e795ed15-7284-4805-950c-24c1a86f56cf-150x150.jpg\" class=\"attachment-thumbnail size-thumbnail wp-post-image\" alt=\"\" \/><\/a><\/div><div class=\"post-content\" style=\"flex-grow: 1;\"><span class=\"post-date habertarih\" style=\"display: block; font-weight: bold; margin-bottom: 5px;\">18 \u015eubat 2026<\/span><a class=\"haberbaslik\" href=\"https:\/\/atauni.edu.tr\/sosyal-bilimler-meslek-yuksekokulu\/2026\/02\/18\/tobb-yok-protokolu-kapsaminda-protokol-yurutme-kurulunun-ikinci-toplantisi-gerceklestirildi\/\">TOBB\u2013Y\u00d6K Protokol\u00fc Kapsam\u0131nda Protokol Y\u00fcr\u00fctme Kurulu\u2019nun \u0130kinci Toplant\u0131s\u0131 Ger\u00e7ekle\u015ftirildi<\/a><\/div><\/li><li style=\"display: flex; margin-bottom: 10px; align-items: center;\"><div class=\"post-thumbnail\" style=\"margin-right: 15px;\"><a href=\"https:\/\/atauni.edu.tr\/sosyal-bilimler-meslek-yuksekokulu\/2026\/02\/18\/sosyal-bilimler-meslek-yuksekokulumuzda-sivil-hava-ulastirma-isletmeciligi-programinda-gorev-devir-teslim-toreni-gerceklestirildi\/\"><img decoding=\"async\" width=\"150\" height=\"150\" src=\"https:\/\/atauni.edu.tr\/sosyal-bilimler-meslek-yuksekokulu\/wp-content\/uploads\/sites\/446\/2026\/02\/1-150x150.jpg\" class=\"attachment-thumbnail size-thumbnail wp-post-image\" alt=\"\" \/><\/a><\/div><div class=\"post-content\" style=\"flex-grow: 1;\"><span class=\"post-date habertarih\" style=\"display: block; font-weight: bold; margin-bottom: 5px;\">18 \u015eubat 2026<\/span><a class=\"haberbaslik\" href=\"https:\/\/atauni.edu.tr\/sosyal-bilimler-meslek-yuksekokulu\/2026\/02\/18\/sosyal-bilimler-meslek-yuksekokulumuzda-sivil-hava-ulastirma-isletmeciligi-programinda-gorev-devir-teslim-toreni-gerceklestirildi\/\">Sosyal Bilimler Meslek Y\u00fcksekokulumuzda Sivil Hava Ula\u015ft\u0131rma \u0130\u015fletmecili\u011fi Program\u0131nda G\u00f6rev Devir Teslim T\u00f6reni Ger\u00e7ekle\u015ftirildi<\/a><\/div><\/li><li style=\"display: flex; margin-bottom: 10px; align-items: center;\"><div class=\"post-thumbnail\" style=\"margin-right: 15px;\"><a href=\"https:\/\/atauni.edu.tr\/sosyal-bilimler-meslek-yuksekokulu\/2026\/02\/18\/erzurum-denetimli-serbestlik-mudurlugunden-meslek-yuksekokulumuza-iade-i-ziyaret\/\"><img loading=\"lazy\" decoding=\"async\" width=\"150\" height=\"150\" src=\"https:\/\/atauni.edu.tr\/sosyal-bilimler-meslek-yuksekokulu\/wp-content\/uploads\/sites\/446\/2026\/02\/2-150x150.jpg\" class=\"attachment-thumbnail size-thumbnail wp-post-image\" alt=\"\" \/><\/a><\/div><div class=\"post-content\" style=\"flex-grow: 1;\"><span class=\"post-date habertarih\" style=\"display: block; font-weight: bold; margin-bottom: 5px;\">18 \u015eubat 2026<\/span><a class=\"haberbaslik\" href=\"https:\/\/atauni.edu.tr\/sosyal-bilimler-meslek-yuksekokulu\/2026\/02\/18\/erzurum-denetimli-serbestlik-mudurlugunden-meslek-yuksekokulumuza-iade-i-ziyaret\/\">Erzurum Denetimli Serbestlik M\u00fcd\u00fcrl\u00fc\u011f\u00fc\u2019nden Meslek Y\u00fcksekokulumuza \u0130ade-i Ziyaret<\/a><\/div><\/li><li style=\"display: flex; margin-bottom: 10px; align-items: center;\"><div class=\"post-thumbnail\" style=\"margin-right: 15px;\"><a href=\"https:\/\/atauni.edu.tr\/sosyal-bilimler-meslek-yuksekokulu\/2026\/02\/06\/muhasebe-ve-vergi-uygulamalari-bolumu-mufredat-guncelleme-toplantisi-gerceklestirildi\/\"><img loading=\"lazy\" decoding=\"async\" width=\"150\" height=\"150\" src=\"https:\/\/atauni.edu.tr\/sosyal-bilimler-meslek-yuksekokulu\/wp-content\/uploads\/sites\/446\/2026\/02\/15891ec8-0c94-47f6-9674-c0131efb2f97-150x150.jpg\" class=\"attachment-thumbnail size-thumbnail wp-post-image\" alt=\"\" \/><\/a><\/div><div class=\"post-content\" style=\"flex-grow: 1;\"><span class=\"post-date habertarih\" style=\"display: block; font-weight: bold; margin-bottom: 5px;\">6 \u015eubat 2026<\/span><a class=\"haberbaslik\" href=\"https:\/\/atauni.edu.tr\/sosyal-bilimler-meslek-yuksekokulu\/2026\/02\/06\/muhasebe-ve-vergi-uygulamalari-bolumu-mufredat-guncelleme-toplantisi-gerceklestirildi\/\">Muhasebe ve Vergi Uygulamalar\u0131 B\u00f6l\u00fcm\u00fc M\u00fcfredat G\u00fcncelleme Toplant\u0131s\u0131 Ger\u00e7ekle\u015ftirildi<\/a><\/div><\/li><li style=\"display: flex; margin-bottom: 10px; align-items: center;\"><div class=\"post-thumbnail\" style=\"margin-right: 15px;\"><a href=\"https:\/\/atauni.edu.tr\/sosyal-bilimler-meslek-yuksekokulu\/2026\/02\/06\/sosyal-bilimler-myoda-bahar-donemi-akademik-kurul-toplantisi-yapildi\/\"><img loading=\"lazy\" decoding=\"async\" width=\"150\" height=\"150\" src=\"https:\/\/atauni.edu.tr\/sosyal-bilimler-meslek-yuksekokulu\/wp-content\/uploads\/sites\/446\/2026\/02\/WhatsApp-Image-2026-02-05-at-16.46.31-150x150.jpeg\" class=\"attachment-thumbnail size-thumbnail wp-post-image\" alt=\"\" \/><\/a><\/div><div class=\"post-content\" style=\"flex-grow: 1;\"><span class=\"post-date habertarih\" style=\"display: block; font-weight: bold; margin-bottom: 5px;\">6 \u015eubat 2026<\/span><a class=\"haberbaslik\" href=\"https:\/\/atauni.edu.tr\/sosyal-bilimler-meslek-yuksekokulu\/2026\/02\/06\/sosyal-bilimler-myoda-bahar-donemi-akademik-kurul-toplantisi-yapildi\/\">Sosyal Bilimler MYO\u2019da Bahar D\u00f6nemi Akademik Kurul Toplant\u0131s\u0131 Yap\u0131ld\u0131<\/a><\/div><\/li><li style=\"display: flex; margin-bottom: 10px; align-items: center;\"><div class=\"post-thumbnail\" style=\"margin-right: 15px;\"><a href=\"https:\/\/atauni.edu.tr\/sosyal-bilimler-meslek-yuksekokulu\/2026\/01\/28\/mufredat-guncelleme-calismalari-kapsaminda-erzurum-smmmoya-ziyaret\/\"><img loading=\"lazy\" decoding=\"async\" width=\"150\" height=\"150\" src=\"https:\/\/atauni.edu.tr\/sosyal-bilimler-meslek-yuksekokulu\/wp-content\/uploads\/sites\/446\/2026\/01\/65edaeb2-a7bc-45ba-a9d6-1926a38e4e25-150x150.jpg\" class=\"attachment-thumbnail size-thumbnail wp-post-image\" alt=\"\" \/><\/a><\/div><div class=\"post-content\" style=\"flex-grow: 1;\"><span class=\"post-date habertarih\" style=\"display: block; font-weight: bold; margin-bottom: 5px;\">28 Ocak 2026<\/span><a class=\"haberbaslik\" href=\"https:\/\/atauni.edu.tr\/sosyal-bilimler-meslek-yuksekokulu\/2026\/01\/28\/mufredat-guncelleme-calismalari-kapsaminda-erzurum-smmmoya-ziyaret\/\">M\u00fcfredat G\u00fcncelleme \u00c7al\u0131\u015fmalar\u0131 Kapsam\u0131nda Erzurum SMMMO\u2019ya Ziyaret<\/a><\/div><\/li><li style=\"display: flex; margin-bottom: 10px; align-items: center;\"><div class=\"post-thumbnail\" style=\"margin-right: 15px;\"><a href=\"https:\/\/atauni.edu.tr\/sosyal-bilimler-meslek-yuksekokulu\/2026\/01\/21\/trt-erzurum-radyosu-genc-yasam-programi\/\"><img loading=\"lazy\" decoding=\"async\" width=\"150\" height=\"150\" src=\"https:\/\/atauni.edu.tr\/sosyal-bilimler-meslek-yuksekokulu\/wp-content\/uploads\/sites\/446\/2026\/01\/b0f031db-211b-4afe-9713-811392bfa8f6-1-150x150.jpg\" class=\"attachment-thumbnail size-thumbnail wp-post-image\" alt=\"\" \/><\/a><\/div><div class=\"post-content\" style=\"flex-grow: 1;\"><span class=\"post-date habertarih\" style=\"display: block; font-weight: bold; margin-bottom: 5px;\">21 Ocak 2026<\/span><a class=\"haberbaslik\" href=\"https:\/\/atauni.edu.tr\/sosyal-bilimler-meslek-yuksekokulu\/2026\/01\/21\/trt-erzurum-radyosu-genc-yasam-programi\/\">TRT Erzurum Radyosu \u2013 Gen\u00e7 Ya\u015fam Program\u0131<\/a><\/div><\/li><li style=\"display: flex; margin-bottom: 10px; align-items: center;\"><div class=\"post-thumbnail\" style=\"margin-right: 15px;\"><a href=\"https:\/\/atauni.edu.tr\/sosyal-bilimler-meslek-yuksekokulu\/2026\/01\/09\/gurur-duyuyoruz\/\"><img loading=\"lazy\" decoding=\"async\" width=\"150\" height=\"150\" src=\"https:\/\/atauni.edu.tr\/sosyal-bilimler-meslek-yuksekokulu\/wp-content\/uploads\/sites\/446\/2026\/01\/2c10e1e0-109d-4692-86b7-61f57d4f8156-150x150.jpg\" class=\"attachment-thumbnail size-thumbnail wp-post-image\" alt=\"\" \/><\/a><\/div><div class=\"post-content\" style=\"flex-grow: 1;\"><span class=\"post-date habertarih\" style=\"display: block; font-weight: bold; margin-bottom: 5px;\">9 Ocak 2026<\/span><a class=\"haberbaslik\" href=\"https:\/\/atauni.edu.tr\/sosyal-bilimler-meslek-yuksekokulu\/2026\/01\/09\/gurur-duyuyoruz\/\">Gurur duyuyoruz\u2026<\/a><\/div><\/li><li style=\"display: flex; margin-bottom: 10px; align-items: center;\"><div class=\"post-thumbnail\" style=\"margin-right: 15px;\"><a href=\"https:\/\/atauni.edu.tr\/sosyal-bilimler-meslek-yuksekokulu\/2025\/12\/29\/tobb-yok-protokolu-kapsaminda-protokol-yurutme-kurulu-ilk-toplantisi-gerceklestirildi\/\"><img loading=\"lazy\" decoding=\"async\" width=\"150\" height=\"150\" src=\"https:\/\/atauni.edu.tr\/sosyal-bilimler-meslek-yuksekokulu\/wp-content\/uploads\/sites\/446\/2025\/12\/896de4e4-fd0f-4dd7-a0eb-c4dfd1af48dd-150x150.jpg\" class=\"attachment-thumbnail size-thumbnail wp-post-image\" alt=\"\" \/><\/a><\/div><div class=\"post-content\" style=\"flex-grow: 1;\"><span class=\"post-date habertarih\" style=\"display: block; font-weight: bold; margin-bottom: 5px;\">29 Aral\u0131k 2025<\/span><a class=\"haberbaslik\" href=\"https:\/\/atauni.edu.tr\/sosyal-bilimler-meslek-yuksekokulu\/2025\/12\/29\/tobb-yok-protokolu-kapsaminda-protokol-yurutme-kurulu-ilk-toplantisi-gerceklestirildi\/\">TOBB\u2013Y\u00d6K Protokol\u00fc Kapsam\u0131nda Protokol Y\u00fcr\u00fctme Kurulu \u0130lk Toplant\u0131s\u0131 Ger\u00e7ekle\u015ftirildi.<\/a><\/div><\/li><\/ul><nav class=\"pagination\" style=\"margin-top: 20px;\"><ul class='page-numbers'>\n\t<li><span aria-current=\"page\" class=\"page-numbers current\">1<\/span><\/li>\n\t<li><a class=\"page-numbers\" href=\"https:\/\/atauni.edu.tr\/sosyal-bilimler-meslek-yuksekokulu\/wp-json\/wp\/v2\/pages\/8552\/page\/2\/\">2<\/a><\/li>\n\t<li><a class=\"page-numbers\" href=\"https:\/\/atauni.edu.tr\/sosyal-bilimler-meslek-yuksekokulu\/wp-json\/wp\/v2\/pages\/8552\/page\/3\/\">3<\/a><\/li>\n\t<li><a class=\"next page-numbers\" href=\"https:\/\/atauni.edu.tr\/sosyal-bilimler-meslek-yuksekokulu\/wp-json\/wp\/v2\/pages\/8552\/page\/2\/\">Sonraki &raquo;<\/a><\/li>\n<\/ul>\n<\/nav>\n\n\n\n<p><\/p>\n","protected":false},"excerpt":{"rendered":"","protected":false},"author":1,"featured_media":0,"parent":0,"menu_order":0,"comment_status":"closed","ping_status":"closed","template":"","meta":{"footnotes":""},"class_list":["post-8552","page","type-page","status-publish","hentry"],"_links":{"self":[{"href":"https:\/\/atauni.edu.tr\/sosyal-bilimler-meslek-yuksekokulu\/wp-json\/wp\/v2\/pages\/8552","targetHints":{"allow":["GET"]}}],"collection":[{"href":"https:\/\/atauni.edu.tr\/sosyal-bilimler-meslek-yuksekokulu\/wp-json\/wp\/v2\/pages"}],"about":[{"href":"https:\/\/atauni.edu.tr\/sosyal-bilimler-meslek-yuksekokulu\/wp-json\/wp\/v2\/types\/page"}],"author":[{"embeddable":true,"href":"https:\/\/atauni.edu.tr\/sosyal-bilimler-meslek-yuksekokulu\/wp-json\/wp\/v2\/users\/1"}],"replies":[{"embeddable":true,"href":"https:\/\/atauni.edu.tr\/sosyal-bilimler-meslek-yuksekokulu\/wp-json\/wp\/v2\/comments?post=8552"}],"version-history":[{"count":1,"href":"https:\/\/atauni.edu.tr\/sosyal-bilimler-meslek-yuksekokulu\/wp-json\/wp\/v2\/pages\/8552\/revisions"}],"predecessor-version":[{"id":8555,"href":"https:\/\/atauni.edu.tr\/sosyal-bilimler-meslek-yuksekokulu\/wp-json\/wp\/v2\/pages\/8552\/revisions\/8555"}],"wp:attachment":[{"href":"https:\/\/atauni.edu.tr\/sosyal-bilimler-meslek-yuksekokulu\/wp-json\/wp\/v2\/media?parent=8552"}],"curies":[{"name":"wp","href":"https:\/\/api.w.org\/{rel}","templated":true}]}}