{"id":8553,"date":"2025-08-10T15:47:49","date_gmt":"2025-08-10T12:47:49","guid":{"rendered":"https:\/\/birimler.atauni.edu.tr\/sosyal-bilimler-meslek-yuksekokulu\/?page_id=8553"},"modified":"2025-08-10T15:47:49","modified_gmt":"2025-08-10T12:47:49","slug":"etkinlikler","status":"publish","type":"page","link":"https:\/\/atauni.edu.tr\/sosyal-bilimler-meslek-yuksekokulu\/etkinlikler\/","title":{"rendered":"Etkinlikler"},"content":{"rendered":"<form method=\"get\" class=\"row g-3\" style=\"margin-bottom: 20px;\"><div class=\"col-md-3\"><input type=\"text\" name=\"etkinlik_ara\" class=\"form-control\" placeholder=\"Etkinlik ara...\" value=\"\"><\/div><div class=\"col-md-3\"><input type=\"date\" name=\"baslangic_tarihi\" class=\"form-control\" value=\"\"><\/div><div class=\"col-md-3\"><input type=\"date\" name=\"bitis_tarihi\" class=\"form-control\" value=\"\"><\/div><div class=\"col-md-3\"><button type=\"submit\" class=\"btn btn-secondary w-50\">Filtrele<\/button><\/div><\/form><div class=\"etkinlikler-grid-container\" style=\"display: grid; grid-template-columns: repeat(3, 1fr); gap: 20px;\"><div class=\"etkinlik-grid-item\"><div class=\"etkinlik-thumbnail\"><img fetchpriority=\"high\" decoding=\"async\" width=\"300\" height=\"225\" src=\"https:\/\/atauni.edu.tr\/sosyal-bilimler-meslek-yuksekokulu\/wp-content\/uploads\/sites\/446\/2026\/03\/d0dd40f8-db96-4a82-9660-286667e6b64d-300x225.jpg\" class=\"img-fluid wp-post-image\" alt=\"\" srcset=\"https:\/\/atauni.edu.tr\/sosyal-bilimler-meslek-yuksekokulu\/wp-content\/uploads\/sites\/446\/2026\/03\/d0dd40f8-db96-4a82-9660-286667e6b64d-300x225.jpg 300w, https:\/\/atauni.edu.tr\/sosyal-bilimler-meslek-yuksekokulu\/wp-content\/uploads\/sites\/446\/2026\/03\/d0dd40f8-db96-4a82-9660-286667e6b64d-1024x768.jpg 1024w, https:\/\/atauni.edu.tr\/sosyal-bilimler-meslek-yuksekokulu\/wp-content\/uploads\/sites\/446\/2026\/03\/d0dd40f8-db96-4a82-9660-286667e6b64d-768x576.jpg 768w, https:\/\/atauni.edu.tr\/sosyal-bilimler-meslek-yuksekokulu\/wp-content\/uploads\/sites\/446\/2026\/03\/d0dd40f8-db96-4a82-9660-286667e6b64d-1536x1152.jpg 1536w, https:\/\/atauni.edu.tr\/sosyal-bilimler-meslek-yuksekokulu\/wp-content\/uploads\/sites\/446\/2026\/03\/d0dd40f8-db96-4a82-9660-286667e6b64d-2048x1536.jpg 2048w, https:\/\/atauni.edu.tr\/sosyal-bilimler-meslek-yuksekokulu\/wp-content\/uploads\/sites\/446\/2026\/03\/d0dd40f8-db96-4a82-9660-286667e6b64d-600x450.jpg 600w, https:\/\/atauni.edu.tr\/sosyal-bilimler-meslek-yuksekokulu\/wp-content\/uploads\/sites\/446\/2026\/03\/d0dd40f8-db96-4a82-9660-286667e6b64d-560x420.jpg 560w\" sizes=\"(max-width: 300px) 100vw, 300px\" \/><\/div><div class=\"etkinlik-datee\"><span class=\"day\">09<\/span><span class=\"month\">Mart<\/span><span class=\"year\">2026<\/span><\/div><a href=\"https:\/\/atauni.edu.tr\/sosyal-bilimler-meslek-yuksekokulu\/2026\/03\/09\/sivil-hava-ulastirma-isletmeciligi-bolumu-tarafindan-iftar-programi-duzenlendi\/\" class=\"etkinlik-titlee\">Sivil Hava Ula\u015ft\u0131rma \u0130\u015fletmecili\u011fi B\u00f6l\u00fcm\u00fc Taraf\u0131ndan \u0130ftar Program\u0131 D\u00fczenlendi<\/a><\/div><div class=\"etkinlik-grid-item\"><div class=\"etkinlik-thumbnail\"><img decoding=\"async\" width=\"225\" height=\"300\" src=\"https:\/\/atauni.edu.tr\/sosyal-bilimler-meslek-yuksekokulu\/wp-content\/uploads\/sites\/446\/2026\/03\/a9067ad4-5401-48cc-bfcc-bb2d85cda2b3-225x300.jpg\" class=\"img-fluid wp-post-image\" alt=\"\" srcset=\"https:\/\/atauni.edu.tr\/sosyal-bilimler-meslek-yuksekokulu\/wp-content\/uploads\/sites\/446\/2026\/03\/a9067ad4-5401-48cc-bfcc-bb2d85cda2b3-225x300.jpg 225w, https:\/\/atauni.edu.tr\/sosyal-bilimler-meslek-yuksekokulu\/wp-content\/uploads\/sites\/446\/2026\/03\/a9067ad4-5401-48cc-bfcc-bb2d85cda2b3-768x1024.jpg 768w, https:\/\/atauni.edu.tr\/sosyal-bilimler-meslek-yuksekokulu\/wp-content\/uploads\/sites\/446\/2026\/03\/a9067ad4-5401-48cc-bfcc-bb2d85cda2b3-1152x1536.jpg 1152w, https:\/\/atauni.edu.tr\/sosyal-bilimler-meslek-yuksekokulu\/wp-content\/uploads\/sites\/446\/2026\/03\/a9067ad4-5401-48cc-bfcc-bb2d85cda2b3-450x600.jpg 450w, https:\/\/atauni.edu.tr\/sosyal-bilimler-meslek-yuksekokulu\/wp-content\/uploads\/sites\/446\/2026\/03\/a9067ad4-5401-48cc-bfcc-bb2d85cda2b3-420x560.jpg 420w, https:\/\/atauni.edu.tr\/sosyal-bilimler-meslek-yuksekokulu\/wp-content\/uploads\/sites\/446\/2026\/03\/a9067ad4-5401-48cc-bfcc-bb2d85cda2b3.jpg 1200w\" sizes=\"(max-width: 225px) 100vw, 225px\" \/><\/div><div class=\"etkinlik-datee\"><span class=\"day\">09<\/span><span class=\"month\">Mart<\/span><span class=\"year\">2026<\/span><\/div><a href=\"https:\/\/atauni.edu.tr\/sosyal-bilimler-meslek-yuksekokulu\/2026\/03\/09\/meslek-yuksekokulumuz-buro-hizmetleri-ve-sekreterlik-bolumunden-anlamli-iftar-bulusmasi-%e2%9c%a8%f0%9f%8c%99\/\" class=\"etkinlik-titlee\">Meslek Y\u00fcksekokulumuz B\u00fcro Hizmetleri ve Sekreterlik B\u00f6l\u00fcm\u00fc\u2019nden Anlaml\u0131 \u0130ftar Bulu\u015fmas\u0131 \u2728\ud83c\udf19<\/a><\/div><div class=\"etkinlik-grid-item\"><div class=\"etkinlik-thumbnail\"><img decoding=\"async\" width=\"300\" height=\"225\" src=\"https:\/\/atauni.edu.tr\/sosyal-bilimler-meslek-yuksekokulu\/wp-content\/uploads\/sites\/446\/2026\/03\/1-1-300x225.jpg\" class=\"img-fluid wp-post-image\" alt=\"\" srcset=\"https:\/\/atauni.edu.tr\/sosyal-bilimler-meslek-yuksekokulu\/wp-content\/uploads\/sites\/446\/2026\/03\/1-1-300x225.jpg 300w, https:\/\/atauni.edu.tr\/sosyal-bilimler-meslek-yuksekokulu\/wp-content\/uploads\/sites\/446\/2026\/03\/1-1-1024x768.jpg 1024w, https:\/\/atauni.edu.tr\/sosyal-bilimler-meslek-yuksekokulu\/wp-content\/uploads\/sites\/446\/2026\/03\/1-1-768x576.jpg 768w, https:\/\/atauni.edu.tr\/sosyal-bilimler-meslek-yuksekokulu\/wp-content\/uploads\/sites\/446\/2026\/03\/1-1-1536x1152.jpg 1536w, https:\/\/atauni.edu.tr\/sosyal-bilimler-meslek-yuksekokulu\/wp-content\/uploads\/sites\/446\/2026\/03\/1-1-2048x1536.jpg 2048w, https:\/\/atauni.edu.tr\/sosyal-bilimler-meslek-yuksekokulu\/wp-content\/uploads\/sites\/446\/2026\/03\/1-1-600x450.jpg 600w, https:\/\/atauni.edu.tr\/sosyal-bilimler-meslek-yuksekokulu\/wp-content\/uploads\/sites\/446\/2026\/03\/1-1-560x420.jpg 560w\" sizes=\"(max-width: 300px) 100vw, 300px\" \/><\/div><div class=\"etkinlik-datee\"><span class=\"day\">09<\/span><span class=\"month\">Mart<\/span><span class=\"year\">2026<\/span><\/div><a href=\"https:\/\/atauni.edu.tr\/sosyal-bilimler-meslek-yuksekokulu\/2026\/03\/09\/meslek-yuksekokulumuz-personeli-iftar-programinda-bir-araya-geldi\/\" class=\"etkinlik-titlee\">Meslek Y\u00fcksekokulumuz Personeli \u0130ftar Program\u0131nda Bir Araya Geldi<\/a><\/div><div class=\"etkinlik-grid-item\"><div class=\"etkinlik-thumbnail\"><img loading=\"lazy\" decoding=\"async\" width=\"300\" height=\"225\" src=\"https:\/\/atauni.edu.tr\/sosyal-bilimler-meslek-yuksekokulu\/wp-content\/uploads\/sites\/446\/2026\/03\/4-1-300x225.jpg\" class=\"img-fluid wp-post-image\" alt=\"\" srcset=\"https:\/\/atauni.edu.tr\/sosyal-bilimler-meslek-yuksekokulu\/wp-content\/uploads\/sites\/446\/2026\/03\/4-1-300x225.jpg 300w, https:\/\/atauni.edu.tr\/sosyal-bilimler-meslek-yuksekokulu\/wp-content\/uploads\/sites\/446\/2026\/03\/4-1-1024x768.jpg 1024w, https:\/\/atauni.edu.tr\/sosyal-bilimler-meslek-yuksekokulu\/wp-content\/uploads\/sites\/446\/2026\/03\/4-1-768x576.jpg 768w, https:\/\/atauni.edu.tr\/sosyal-bilimler-meslek-yuksekokulu\/wp-content\/uploads\/sites\/446\/2026\/03\/4-1-1536x1152.jpg 1536w, https:\/\/atauni.edu.tr\/sosyal-bilimler-meslek-yuksekokulu\/wp-content\/uploads\/sites\/446\/2026\/03\/4-1-600x450.jpg 600w, https:\/\/atauni.edu.tr\/sosyal-bilimler-meslek-yuksekokulu\/wp-content\/uploads\/sites\/446\/2026\/03\/4-1-560x420.jpg 560w, https:\/\/atauni.edu.tr\/sosyal-bilimler-meslek-yuksekokulu\/wp-content\/uploads\/sites\/446\/2026\/03\/4-1.jpg 2048w\" sizes=\"(max-width: 300px) 100vw, 300px\" \/><\/div><div class=\"etkinlik-datee\"><span class=\"day\">05<\/span><span class=\"month\">Mart<\/span><span class=\"year\">2026<\/span><\/div><a href=\"https:\/\/atauni.edu.tr\/sosyal-bilimler-meslek-yuksekokulu\/2026\/03\/05\/sosyal-bilimler-myo-ofis-yonetimi-ve-veri-yonetimi-bolumunden-anlamli-iftar-bulusmasi\/\" class=\"etkinlik-titlee\">Sosyal Bilimler MYO Ofis Y\u00f6netimi ve Veri Y\u00f6netimi B\u00f6l\u00fcm\u00fc\u2019nden Anlaml\u0131 \u0130ftar Bulu\u015fmas\u0131<\/a><\/div><div class=\"etkinlik-grid-item\"><div class=\"etkinlik-thumbnail\"><img loading=\"lazy\" decoding=\"async\" width=\"300\" height=\"226\" src=\"https:\/\/atauni.edu.tr\/sosyal-bilimler-meslek-yuksekokulu\/wp-content\/uploads\/sites\/446\/2025\/12\/12e750df-d628-4a30-81b9-2fae123a24bb-300x226.jpg\" class=\"img-fluid wp-post-image\" alt=\"\" srcset=\"https:\/\/atauni.edu.tr\/sosyal-bilimler-meslek-yuksekokulu\/wp-content\/uploads\/sites\/446\/2025\/12\/12e750df-d628-4a30-81b9-2fae123a24bb-300x226.jpg 300w, https:\/\/atauni.edu.tr\/sosyal-bilimler-meslek-yuksekokulu\/wp-content\/uploads\/sites\/446\/2025\/12\/12e750df-d628-4a30-81b9-2fae123a24bb-1024x771.jpg 1024w, https:\/\/atauni.edu.tr\/sosyal-bilimler-meslek-yuksekokulu\/wp-content\/uploads\/sites\/446\/2025\/12\/12e750df-d628-4a30-81b9-2fae123a24bb-768x578.jpg 768w, https:\/\/atauni.edu.tr\/sosyal-bilimler-meslek-yuksekokulu\/wp-content\/uploads\/sites\/446\/2025\/12\/12e750df-d628-4a30-81b9-2fae123a24bb-1536x1157.jpg 1536w, https:\/\/atauni.edu.tr\/sosyal-bilimler-meslek-yuksekokulu\/wp-content\/uploads\/sites\/446\/2025\/12\/12e750df-d628-4a30-81b9-2fae123a24bb-2048x1542.jpg 2048w, https:\/\/atauni.edu.tr\/sosyal-bilimler-meslek-yuksekokulu\/wp-content\/uploads\/sites\/446\/2025\/12\/12e750df-d628-4a30-81b9-2fae123a24bb-600x452.jpg 600w, https:\/\/atauni.edu.tr\/sosyal-bilimler-meslek-yuksekokulu\/wp-content\/uploads\/sites\/446\/2025\/12\/12e750df-d628-4a30-81b9-2fae123a24bb-560x422.jpg 560w\" sizes=\"(max-width: 300px) 100vw, 300px\" \/><\/div><div class=\"etkinlik-datee\"><span class=\"day\">31<\/span><span class=\"month\">Aral\u0131k<\/span><span class=\"year\">2025<\/span><\/div><a href=\"https:\/\/atauni.edu.tr\/sosyal-bilimler-meslek-yuksekokulu\/2025\/12\/31\/bolum-temsilcilerimizle-ilk-bulusmamiz\/\" class=\"etkinlik-titlee\">B\u00f6l\u00fcm Temsilcilerimizle \u0130lk Bulu\u015fmam\u0131z<\/a><\/div><div class=\"etkinlik-grid-item\"><div class=\"etkinlik-thumbnail\"><img loading=\"lazy\" decoding=\"async\" width=\"300\" height=\"225\" src=\"https:\/\/atauni.edu.tr\/sosyal-bilimler-meslek-yuksekokulu\/wp-content\/uploads\/sites\/446\/2025\/12\/5e7808ae-4d14-4607-b262-152226cdac9d-300x225.jpg\" class=\"img-fluid wp-post-image\" alt=\"\" srcset=\"https:\/\/atauni.edu.tr\/sosyal-bilimler-meslek-yuksekokulu\/wp-content\/uploads\/sites\/446\/2025\/12\/5e7808ae-4d14-4607-b262-152226cdac9d-300x225.jpg 300w, https:\/\/atauni.edu.tr\/sosyal-bilimler-meslek-yuksekokulu\/wp-content\/uploads\/sites\/446\/2025\/12\/5e7808ae-4d14-4607-b262-152226cdac9d-1024x768.jpg 1024w, https:\/\/atauni.edu.tr\/sosyal-bilimler-meslek-yuksekokulu\/wp-content\/uploads\/sites\/446\/2025\/12\/5e7808ae-4d14-4607-b262-152226cdac9d-768x576.jpg 768w, https:\/\/atauni.edu.tr\/sosyal-bilimler-meslek-yuksekokulu\/wp-content\/uploads\/sites\/446\/2025\/12\/5e7808ae-4d14-4607-b262-152226cdac9d-1536x1152.jpg 1536w, https:\/\/atauni.edu.tr\/sosyal-bilimler-meslek-yuksekokulu\/wp-content\/uploads\/sites\/446\/2025\/12\/5e7808ae-4d14-4607-b262-152226cdac9d-600x450.jpg 600w, https:\/\/atauni.edu.tr\/sosyal-bilimler-meslek-yuksekokulu\/wp-content\/uploads\/sites\/446\/2025\/12\/5e7808ae-4d14-4607-b262-152226cdac9d-560x420.jpg 560w, https:\/\/atauni.edu.tr\/sosyal-bilimler-meslek-yuksekokulu\/wp-content\/uploads\/sites\/446\/2025\/12\/5e7808ae-4d14-4607-b262-152226cdac9d.jpg 1600w\" sizes=\"(max-width: 300px) 100vw, 300px\" \/><\/div><div class=\"etkinlik-datee\"><span class=\"day\">19<\/span><span class=\"month\">Aral\u0131k<\/span><span class=\"year\">2025<\/span><\/div><a href=\"https:\/\/atauni.edu.tr\/sosyal-bilimler-meslek-yuksekokulu\/2025\/12\/19\/gokyuzune-birlikte-hazirlandik\/\" class=\"etkinlik-titlee\">G\u00f6ky\u00fcz\u00fcne Birlikte Haz\u0131rland\u0131k<\/a><\/div><div class=\"etkinlik-grid-item\"><div class=\"etkinlik-thumbnail\"><img loading=\"lazy\" decoding=\"async\" width=\"300\" height=\"200\" src=\"https:\/\/atauni.edu.tr\/sosyal-bilimler-meslek-yuksekokulu\/wp-content\/uploads\/sites\/446\/2025\/12\/e9786e48-b1ac-4aeb-946e-742c08e1ae76-300x200.jpg\" class=\"img-fluid wp-post-image\" alt=\"\" srcset=\"https:\/\/atauni.edu.tr\/sosyal-bilimler-meslek-yuksekokulu\/wp-content\/uploads\/sites\/446\/2025\/12\/e9786e48-b1ac-4aeb-946e-742c08e1ae76-300x200.jpg 300w, https:\/\/atauni.edu.tr\/sosyal-bilimler-meslek-yuksekokulu\/wp-content\/uploads\/sites\/446\/2025\/12\/e9786e48-b1ac-4aeb-946e-742c08e1ae76-1024x683.jpg 1024w, https:\/\/atauni.edu.tr\/sosyal-bilimler-meslek-yuksekokulu\/wp-content\/uploads\/sites\/446\/2025\/12\/e9786e48-b1ac-4aeb-946e-742c08e1ae76-768x512.jpg 768w, https:\/\/atauni.edu.tr\/sosyal-bilimler-meslek-yuksekokulu\/wp-content\/uploads\/sites\/446\/2025\/12\/e9786e48-b1ac-4aeb-946e-742c08e1ae76-1536x1024.jpg 1536w, https:\/\/atauni.edu.tr\/sosyal-bilimler-meslek-yuksekokulu\/wp-content\/uploads\/sites\/446\/2025\/12\/e9786e48-b1ac-4aeb-946e-742c08e1ae76-2048x1365.jpg 2048w, https:\/\/atauni.edu.tr\/sosyal-bilimler-meslek-yuksekokulu\/wp-content\/uploads\/sites\/446\/2025\/12\/e9786e48-b1ac-4aeb-946e-742c08e1ae76-1200x800.jpg 1200w, https:\/\/atauni.edu.tr\/sosyal-bilimler-meslek-yuksekokulu\/wp-content\/uploads\/sites\/446\/2025\/12\/e9786e48-b1ac-4aeb-946e-742c08e1ae76-600x400.jpg 600w, https:\/\/atauni.edu.tr\/sosyal-bilimler-meslek-yuksekokulu\/wp-content\/uploads\/sites\/446\/2025\/12\/e9786e48-b1ac-4aeb-946e-742c08e1ae76-560x373.jpg 560w\" sizes=\"(max-width: 300px) 100vw, 300px\" \/><\/div><div class=\"etkinlik-datee\"><span class=\"day\">10<\/span><span class=\"month\">Aral\u0131k<\/span><span class=\"year\">2025<\/span><\/div><a href=\"https:\/\/atauni.edu.tr\/sosyal-bilimler-meslek-yuksekokulu\/2025\/12\/10\/denetimli-serbestlik-kurumunun-20-yili-paneli-gerceklestirildi\/\" class=\"etkinlik-titlee\">\u201cDenetimli Serbestlik Kurumu\u2019nun 20. Y\u0131l\u0131\u201d Paneli Ger\u00e7ekle\u015ftirildi<\/a><\/div><div class=\"etkinlik-grid-item\"><div class=\"etkinlik-thumbnail\"><img loading=\"lazy\" decoding=\"async\" width=\"300\" height=\"261\" src=\"https:\/\/atauni.edu.tr\/sosyal-bilimler-meslek-yuksekokulu\/wp-content\/uploads\/sites\/446\/2025\/12\/17-300x261.jpg\" class=\"img-fluid wp-post-image\" alt=\"\" srcset=\"https:\/\/atauni.edu.tr\/sosyal-bilimler-meslek-yuksekokulu\/wp-content\/uploads\/sites\/446\/2025\/12\/17-300x261.jpg 300w, https:\/\/atauni.edu.tr\/sosyal-bilimler-meslek-yuksekokulu\/wp-content\/uploads\/sites\/446\/2025\/12\/17-1024x891.jpg 1024w, https:\/\/atauni.edu.tr\/sosyal-bilimler-meslek-yuksekokulu\/wp-content\/uploads\/sites\/446\/2025\/12\/17-768x668.jpg 768w, https:\/\/atauni.edu.tr\/sosyal-bilimler-meslek-yuksekokulu\/wp-content\/uploads\/sites\/446\/2025\/12\/17-600x522.jpg 600w, https:\/\/atauni.edu.tr\/sosyal-bilimler-meslek-yuksekokulu\/wp-content\/uploads\/sites\/446\/2025\/12\/17-560x487.jpg 560w, https:\/\/atauni.edu.tr\/sosyal-bilimler-meslek-yuksekokulu\/wp-content\/uploads\/sites\/446\/2025\/12\/17.jpg 1198w\" sizes=\"(max-width: 300px) 100vw, 300px\" \/><\/div><div class=\"etkinlik-datee\"><span class=\"day\">08<\/span><span class=\"month\">Aral\u0131k<\/span><span class=\"year\">2025<\/span><\/div><a href=\"https:\/\/atauni.edu.tr\/sosyal-bilimler-meslek-yuksekokulu\/2025\/12\/08\/sosyal-bilimler-myoda-2025-2026-akademik-yili-oryantasyon-programi-gerceklestirildi\/\" class=\"etkinlik-titlee\">Sosyal Bilimler MYO\u2019da 2025\u20132026 Akademik Y\u0131l\u0131 Oryantasyon Program\u0131 Ger\u00e7ekle\u015ftirildi<\/a><\/div><div class=\"etkinlik-grid-item\"><div class=\"etkinlik-thumbnail\"><img loading=\"lazy\" decoding=\"async\" width=\"300\" height=\"225\" src=\"https:\/\/atauni.edu.tr\/sosyal-bilimler-meslek-yuksekokulu\/wp-content\/uploads\/sites\/446\/2025\/06\/4-300x225.jpg\" class=\"img-fluid wp-post-image\" alt=\"\" srcset=\"https:\/\/atauni.edu.tr\/sosyal-bilimler-meslek-yuksekokulu\/wp-content\/uploads\/sites\/446\/2025\/06\/4-300x225.jpg 300w, https:\/\/atauni.edu.tr\/sosyal-bilimler-meslek-yuksekokulu\/wp-content\/uploads\/sites\/446\/2025\/06\/4-1024x768.jpg 1024w, https:\/\/atauni.edu.tr\/sosyal-bilimler-meslek-yuksekokulu\/wp-content\/uploads\/sites\/446\/2025\/06\/4-768x576.jpg 768w, https:\/\/atauni.edu.tr\/sosyal-bilimler-meslek-yuksekokulu\/wp-content\/uploads\/sites\/446\/2025\/06\/4-1536x1152.jpg 1536w, https:\/\/atauni.edu.tr\/sosyal-bilimler-meslek-yuksekokulu\/wp-content\/uploads\/sites\/446\/2025\/06\/4-2048x1536.jpg 2048w, https:\/\/atauni.edu.tr\/sosyal-bilimler-meslek-yuksekokulu\/wp-content\/uploads\/sites\/446\/2025\/06\/4-600x450.jpg 600w, https:\/\/atauni.edu.tr\/sosyal-bilimler-meslek-yuksekokulu\/wp-content\/uploads\/sites\/446\/2025\/06\/4-560x420.jpg 560w\" sizes=\"(max-width: 300px) 100vw, 300px\" \/><\/div><div class=\"etkinlik-datee\"><span class=\"day\">19<\/span><span class=\"month\">Haziran<\/span><span class=\"year\">2025<\/span><\/div><a href=\"https:\/\/atauni.edu.tr\/sosyal-bilimler-meslek-yuksekokulu\/2025\/06\/19\/sosyal-bilimler-myoda-gorevli-ogrencilere-tesekkur-belgesi-takdimi\/\" class=\"etkinlik-titlee\">Sosyal Bilimler MYO\u2019da G\u00f6revli \u00d6\u011frencilere Te\u015fekk\u00fcr Belgesi Takdimi<\/a><\/div><\/div><div class=\"pagination\" style=\"margin-top: 20px;\"><span aria-current=\"page\" class=\"page-numbers current\">1<\/span>\n<a class=\"page-numbers\" href=\"https:\/\/atauni.edu.tr\/sosyal-bilimler-meslek-yuksekokulu\/wp-json\/wp\/v2\/pages\/8553\/page\/2\/\">2<\/a>\n<a class=\"next page-numbers\" href=\"https:\/\/atauni.edu.tr\/sosyal-bilimler-meslek-yuksekokulu\/wp-json\/wp\/v2\/pages\/8553\/page\/2\/\">Sonraki &raquo;<\/a><\/div>\n\n\n\n<p><\/p>\n","protected":false},"excerpt":{"rendered":"","protected":false},"author":1,"featured_media":0,"parent":0,"menu_order":0,"comment_status":"closed","ping_status":"closed","template":"","meta":{"footnotes":""},"class_list":["post-8553","page","type-page","status-publish","hentry"],"_links":{"self":[{"href":"https:\/\/atauni.edu.tr\/sosyal-bilimler-meslek-yuksekokulu\/wp-json\/wp\/v2\/pages\/8553","targetHints":{"allow":["GET"]}}],"collection":[{"href":"https:\/\/atauni.edu.tr\/sosyal-bilimler-meslek-yuksekokulu\/wp-json\/wp\/v2\/pages"}],"about":[{"href":"https:\/\/atauni.edu.tr\/sosyal-bilimler-meslek-yuksekokulu\/wp-json\/wp\/v2\/types\/page"}],"author":[{"embeddable":true,"href":"https:\/\/atauni.edu.tr\/sosyal-bilimler-meslek-yuksekokulu\/wp-json\/wp\/v2\/users\/1"}],"replies":[{"embeddable":true,"href":"https:\/\/atauni.edu.tr\/sosyal-bilimler-meslek-yuksekokulu\/wp-json\/wp\/v2\/comments?post=8553"}],"version-history":[{"count":1,"href":"https:\/\/atauni.edu.tr\/sosyal-bilimler-meslek-yuksekokulu\/wp-json\/wp\/v2\/pages\/8553\/revisions"}],"predecessor-version":[{"id":8556,"href":"https:\/\/atauni.edu.tr\/sosyal-bilimler-meslek-yuksekokulu\/wp-json\/wp\/v2\/pages\/8553\/revisions\/8556"}],"wp:attachment":[{"href":"https:\/\/atauni.edu.tr\/sosyal-bilimler-meslek-yuksekokulu\/wp-json\/wp\/v2\/media?parent=8553"}],"curies":[{"name":"wp","href":"https:\/\/api.w.org\/{rel}","templated":true}]}}