{"id":8905,"date":"2026-03-16T12:30:59","date_gmt":"2026-03-16T09:30:59","guid":{"rendered":"https:\/\/atauni.edu.tr\/sosyal-bilimler-meslek-yuksekokulu\/?page_id=8905"},"modified":"2026-03-30T09:53:01","modified_gmt":"2026-03-30T06:53:01","slug":"fiziki-imkanlar","status":"publish","type":"page","link":"https:\/\/atauni.edu.tr\/sosyal-bilimler-meslek-yuksekokulu\/fiziki-imkanlar\/","title":{"rendered":"Fiziki \u0130mkanlar"},"content":{"rendered":"\t\t<div data-elementor-type=\"wp-page\" data-elementor-id=\"8905\" class=\"elementor elementor-8905\" data-elementor-post-type=\"page\">\n\t\t\t\t\t\t<section class=\"elementor-section elementor-top-section elementor-element elementor-element-7d496ba elementor-section-boxed elementor-section-height-default elementor-section-height-default\" data-id=\"7d496ba\" data-element_type=\"section\">\n\t\t\t\t\t\t<div class=\"elementor-container elementor-column-gap-default\">\n\t\t\t\t\t<div class=\"elementor-column elementor-col-100 elementor-top-column elementor-element elementor-element-e945f4f\" data-id=\"e945f4f\" data-element_type=\"column\">\n\t\t\t<div class=\"elementor-widget-wrap elementor-element-populated\">\n\t\t\t\t\t\t<div class=\"elementor-element elementor-element-ca3fedd elementor-widget elementor-widget-text-editor\" data-id=\"ca3fedd\" data-element_type=\"widget\" data-widget_type=\"text-editor.default\">\n\t\t\t\t<div class=\"elementor-widget-container\">\n\t\t\t\t\t\t\t\t\t<p>Atat\u00fcrk \u00dcniversitesi Erzurum Meslek Y\u00fcksekokulu 1977 &#8211; 1978 \u00d6\u011fretim Y\u0131l\u0131nda Milli E\u011fitim Bakanl\u0131\u011f\u0131na ba\u011fl\u0131 olarak Erzurum End\u00fcstri Meslek Lisesi b\u00fcnyesinde gece \u00f6\u011fretimi yapmak \u00fczere 10 Mart 1978 tarihinde a\u00e7\u0131lm\u0131\u015ft\u0131r. Y\u00fcksekokulumuz 1982 y\u0131l\u0131nda 41 Say\u0131l\u0131 Kanun H\u00fckm\u00fcnde Kararname ile Atat\u00fcrk \u00dcniversitesi Rekt\u00f6rl\u00fc\u011f\u00fcne ba\u011flanm\u0131\u015ft\u0131r. Atat\u00fcrk \u00dcniversitesi Teknik Bilimler Meslek Y\u00fcksekokulu, Y\u00fcksek\u00f6\u011fretim Kurulu&#8217;nun 12.03.2020 tarih ve 75850160101.02.05-E.20079 say\u0131l\u0131 karar\u0131 ile Erzurum Meslek Y\u00fcksekokulu b\u00fcnyesinden ayr\u0131larak an\u0131lan tarih itibariyle teknik b\u00f6l\u00fcmlerle e\u011fitim-\u00f6\u011fretime devam etmi\u015ftir. 2021-2022 e\u011fitim \u00f6\u011fretim y\u0131l\u0131 g\u00fcz d\u00f6nemi itibariyle de Sosyal Bilimler Meslek Y\u00fcksekokulu, Atat\u00fcrk \u00dcniversitesi Teknik Bilimler Meslek Y\u00fcksekokulu ile ayr\u0131larak eski Edebiyat Fak\u00fcltesi binas\u0131na yerle\u015fmi\u015ftir. Tek binadan olu\u015fan yap\u0131 toplam 6000 m2 kullan\u0131m alan\u0131na sahiptir.<\/p><p><strong><span style=\"text-decoration: underline\">Y\u00fcksekokulumuzun fiziki imkanlar\u0131 ise \u015fu \u015fekildedir;<\/span><\/strong><\/p><ul><li>Turizm Uygulama Odas\u0131<\/li><li>\u00c7ocuk Geli\u015fim Uygulama Odas\u0131<\/li><li>Kurgu Odas\u0131<\/li><\/ul><p>olmak \u00fczere<strong><span style=\"text-decoration: underline\"> 3 At\u00f6lye<\/span> <\/strong>bulunmaktad\u0131r. Ayr\u0131ca Y\u00fcksekokulumuzda;\u00a0<\/p><p><span style=\"text-decoration: underline\"><strong>Derslik Blo\u011fu:<\/strong><\/span><\/p><ul><li>22 Derslik<\/li><li>2 Bilgisayar Laboratuvar\u0131<\/li><\/ul><p><span style=\"text-decoration: underline\"><strong>\u0130dari Blok:<\/strong><\/span><\/p><ul><li>1 Hizmet Binas\u0131<\/li><li>1 Konferans Salonu<\/li><li>1 Toplant\u0131 Salonu<\/li><li>8 \u0130dari ofis<\/li><li>1 Teknik Personel Ofisi<\/li><li>45 Akademik Personel Odas\u0131<\/li><li>1 ar\u015fiv<\/li><li>1 depo<\/li><\/ul><p><span style=\"text-decoration: underline\"><strong>Sosyal Hizmet Blo\u011fu<\/strong><\/span><\/p><ul><li>1 Kantin<\/li><li>2 Mescit<\/li><\/ul><p><span style=\"text-decoration: underline\"><strong>Di\u011fer:<\/strong><\/span><\/p><ul><li>1 Otopark<\/li><li>1 Kul\u00fcp Odas\u0131<\/li><\/ul><p>yer almaktad\u0131r.<\/p><p>\u00a0<\/p>\t\t\t\t\t\t\t\t<\/div>\n\t\t\t\t<\/div>\n\t\t\t\t\t<\/div>\n\t\t<\/div>\n\t\t\t\t\t<\/div>\n\t\t<\/section>\n\t\t\t\t<section class=\"elementor-section elementor-top-section elementor-element elementor-element-694ccb6 elementor-section-boxed elementor-section-height-default elementor-section-height-default\" data-id=\"694ccb6\" data-element_type=\"section\">\n\t\t\t\t\t\t<div class=\"elementor-container elementor-column-gap-default\">\n\t\t\t\t\t<div class=\"elementor-column elementor-col-100 elementor-top-column elementor-element elementor-element-d5fd6e9\" data-id=\"d5fd6e9\" data-element_type=\"column\">\n\t\t\t<div class=\"elementor-widget-wrap elementor-element-populated\">\n\t\t\t\t\t\t<div class=\"elementor-element elementor-element-75be665 elementor-widget elementor-widget-image-gallery\" data-id=\"75be665\" data-element_type=\"widget\" data-widget_type=\"image-gallery.default\">\n\t\t\t\t<div class=\"elementor-widget-container\">\n\t\t\t\t\t\t\t<div class=\"elementor-image-gallery\">\n\t\t\t\n\t\t<style type=\"text\/css\">\n\t\t\t#gallery-1 {\n\t\t\t\tmargin: auto;\n\t\t\t}\n\t\t\t#gallery-1 .gallery-item {\n\t\t\t\tfloat: left;\n\t\t\t\tmargin-top: 10px;\n\t\t\t\ttext-align: center;\n\t\t\t\twidth: 25%;\n\t\t\t}\n\t\t\t#gallery-1 img {\n\t\t\t\tborder: 2px solid #cfcfcf;\n\t\t\t}\n\t\t\t#gallery-1 .gallery-caption {\n\t\t\t\tmargin-left: 0;\n\t\t\t}\n\t\t\t\/* see gallery_shortcode() in wp-includes\/media.php *\/\n\t\t<\/style>\n\t\t<div id='gallery-1' class='gallery galleryid-8905 gallery-columns-4 gallery-size-thumbnail'><dl class='gallery-item'>\n\t\t\t<dt class='gallery-icon landscape'>\n\t\t\t\t<a data-elementor-open-lightbox=\"yes\" data-elementor-lightbox-slideshow=\"75be665\" data-elementor-lightbox-title=\"WhatsApp Image 2026-03-25 at 15.32.53\" data-e-action-hash=\"#elementor-action%3Aaction%3Dlightbox%26settings%3DeyJpZCI6ODkzMywidXJsIjoiaHR0cHM6XC9cL2F0YXVuaS5lZHUudHJcL3Nvc3lhbC1iaWxpbWxlci1tZXNsZWsteXVrc2Vrb2t1bHVcL3dwLWNvbnRlbnRcL3VwbG9hZHNcL3NpdGVzXC80NDZcLzIwMjZcLzAzXC9XaGF0c0FwcC1JbWFnZS0yMDI2LTAzLTI1LWF0LTE1LjMyLjUzLmpwZWciLCJzbGlkZXNob3ciOiI3NWJlNjY1In0%3D\" href='https:\/\/atauni.edu.tr\/sosyal-bilimler-meslek-yuksekokulu\/wp-content\/uploads\/sites\/446\/2026\/03\/WhatsApp-Image-2026-03-25-at-15.32.53.jpeg'><img decoding=\"async\" width=\"150\" height=\"150\" src=\"https:\/\/atauni.edu.tr\/sosyal-bilimler-meslek-yuksekokulu\/wp-content\/uploads\/sites\/446\/2026\/03\/WhatsApp-Image-2026-03-25-at-15.32.53-150x150.jpeg\" class=\"attachment-thumbnail size-thumbnail\" alt=\"\" \/><\/a>\n\t\t\t<\/dt><\/dl><dl class='gallery-item'>\n\t\t\t<dt class='gallery-icon landscape'>\n\t\t\t\t<a data-elementor-open-lightbox=\"yes\" data-elementor-lightbox-slideshow=\"75be665\" data-elementor-lightbox-title=\"WhatsApp Image 2026-03-25 at 15.32.52\" data-e-action-hash=\"#elementor-action%3Aaction%3Dlightbox%26settings%3DeyJpZCI6ODkyNywidXJsIjoiaHR0cHM6XC9cL2F0YXVuaS5lZHUudHJcL3Nvc3lhbC1iaWxpbWxlci1tZXNsZWsteXVrc2Vrb2t1bHVcL3dwLWNvbnRlbnRcL3VwbG9hZHNcL3NpdGVzXC80NDZcLzIwMjZcLzAzXC9XaGF0c0FwcC1JbWFnZS0yMDI2LTAzLTI1LWF0LTE1LjMyLjUyLmpwZWciLCJzbGlkZXNob3ciOiI3NWJlNjY1In0%3D\" href='https:\/\/atauni.edu.tr\/sosyal-bilimler-meslek-yuksekokulu\/wp-content\/uploads\/sites\/446\/2026\/03\/WhatsApp-Image-2026-03-25-at-15.32.52.jpeg'><img decoding=\"async\" width=\"150\" height=\"150\" src=\"https:\/\/atauni.edu.tr\/sosyal-bilimler-meslek-yuksekokulu\/wp-content\/uploads\/sites\/446\/2026\/03\/WhatsApp-Image-2026-03-25-at-15.32.52-150x150.jpeg\" class=\"attachment-thumbnail size-thumbnail\" alt=\"\" \/><\/a>\n\t\t\t<\/dt><\/dl><dl class='gallery-item'>\n\t\t\t<dt class='gallery-icon portrait'>\n\t\t\t\t<a data-elementor-open-lightbox=\"yes\" data-elementor-lightbox-slideshow=\"75be665\" data-elementor-lightbox-title=\"WhatsApp Image 2026-03-25 at 15.32.52 (2)\" data-e-action-hash=\"#elementor-action%3Aaction%3Dlightbox%26settings%3DeyJpZCI6ODkyNiwidXJsIjoiaHR0cHM6XC9cL2F0YXVuaS5lZHUudHJcL3Nvc3lhbC1iaWxpbWxlci1tZXNsZWsteXVrc2Vrb2t1bHVcL3dwLWNvbnRlbnRcL3VwbG9hZHNcL3NpdGVzXC80NDZcLzIwMjZcLzAzXC9XaGF0c0FwcC1JbWFnZS0yMDI2LTAzLTI1LWF0LTE1LjMyLjUyLTIuanBlZyIsInNsaWRlc2hvdyI6Ijc1YmU2NjUifQ%3D%3D\" href='https:\/\/atauni.edu.tr\/sosyal-bilimler-meslek-yuksekokulu\/wp-content\/uploads\/sites\/446\/2026\/03\/WhatsApp-Image-2026-03-25-at-15.32.52-2.jpeg'><img decoding=\"async\" width=\"150\" height=\"150\" src=\"https:\/\/atauni.edu.tr\/sosyal-bilimler-meslek-yuksekokulu\/wp-content\/uploads\/sites\/446\/2026\/03\/WhatsApp-Image-2026-03-25-at-15.32.52-2-150x150.jpeg\" class=\"attachment-thumbnail size-thumbnail\" alt=\"\" \/><\/a>\n\t\t\t<\/dt><\/dl><dl class='gallery-item'>\n\t\t\t<dt class='gallery-icon portrait'>\n\t\t\t\t<a data-elementor-open-lightbox=\"yes\" data-elementor-lightbox-slideshow=\"75be665\" data-elementor-lightbox-title=\"WhatsApp Image 2026-03-25 at 15.32.53 (1)\" data-e-action-hash=\"#elementor-action%3Aaction%3Dlightbox%26settings%3DeyJpZCI6ODkyOCwidXJsIjoiaHR0cHM6XC9cL2F0YXVuaS5lZHUudHJcL3Nvc3lhbC1iaWxpbWxlci1tZXNsZWsteXVrc2Vrb2t1bHVcL3dwLWNvbnRlbnRcL3VwbG9hZHNcL3NpdGVzXC80NDZcLzIwMjZcLzAzXC9XaGF0c0FwcC1JbWFnZS0yMDI2LTAzLTI1LWF0LTE1LjMyLjUzLTEuanBlZyIsInNsaWRlc2hvdyI6Ijc1YmU2NjUifQ%3D%3D\" href='https:\/\/atauni.edu.tr\/sosyal-bilimler-meslek-yuksekokulu\/wp-content\/uploads\/sites\/446\/2026\/03\/WhatsApp-Image-2026-03-25-at-15.32.53-1.jpeg'><img loading=\"lazy\" decoding=\"async\" width=\"150\" height=\"150\" src=\"https:\/\/atauni.edu.tr\/sosyal-bilimler-meslek-yuksekokulu\/wp-content\/uploads\/sites\/446\/2026\/03\/WhatsApp-Image-2026-03-25-at-15.32.53-1-150x150.jpeg\" class=\"attachment-thumbnail size-thumbnail\" alt=\"\" \/><\/a>\n\t\t\t<\/dt><\/dl><br style=\"clear: both\" \/><dl class='gallery-item'>\n\t\t\t<dt class='gallery-icon landscape'>\n\t\t\t\t<a data-elementor-open-lightbox=\"yes\" data-elementor-lightbox-slideshow=\"75be665\" data-elementor-lightbox-title=\"WhatsApp Image 2026-03-25 at 15.32.53 (4)\" data-e-action-hash=\"#elementor-action%3Aaction%3Dlightbox%26settings%3DeyJpZCI6ODkyOSwidXJsIjoiaHR0cHM6XC9cL2F0YXVuaS5lZHUudHJcL3Nvc3lhbC1iaWxpbWxlci1tZXNsZWsteXVrc2Vrb2t1bHVcL3dwLWNvbnRlbnRcL3VwbG9hZHNcL3NpdGVzXC80NDZcLzIwMjZcLzAzXC9XaGF0c0FwcC1JbWFnZS0yMDI2LTAzLTI1LWF0LTE1LjMyLjUzLTQuanBlZyIsInNsaWRlc2hvdyI6Ijc1YmU2NjUifQ%3D%3D\" href='https:\/\/atauni.edu.tr\/sosyal-bilimler-meslek-yuksekokulu\/wp-content\/uploads\/sites\/446\/2026\/03\/WhatsApp-Image-2026-03-25-at-15.32.53-4.jpeg'><img loading=\"lazy\" decoding=\"async\" width=\"150\" height=\"150\" src=\"https:\/\/atauni.edu.tr\/sosyal-bilimler-meslek-yuksekokulu\/wp-content\/uploads\/sites\/446\/2026\/03\/WhatsApp-Image-2026-03-25-at-15.32.53-4-150x150.jpeg\" class=\"attachment-thumbnail size-thumbnail\" alt=\"\" \/><\/a>\n\t\t\t<\/dt><\/dl><dl class='gallery-item'>\n\t\t\t<dt class='gallery-icon landscape'>\n\t\t\t\t<a data-elementor-open-lightbox=\"yes\" data-elementor-lightbox-slideshow=\"75be665\" data-elementor-lightbox-title=\"WhatsApp Image 2026-03-25 at 15.32.53 (6)\" data-e-action-hash=\"#elementor-action%3Aaction%3Dlightbox%26settings%3DeyJpZCI6ODkzMCwidXJsIjoiaHR0cHM6XC9cL2F0YXVuaS5lZHUudHJcL3Nvc3lhbC1iaWxpbWxlci1tZXNsZWsteXVrc2Vrb2t1bHVcL3dwLWNvbnRlbnRcL3VwbG9hZHNcL3NpdGVzXC80NDZcLzIwMjZcLzAzXC9XaGF0c0FwcC1JbWFnZS0yMDI2LTAzLTI1LWF0LTE1LjMyLjUzLTYuanBlZyIsInNsaWRlc2hvdyI6Ijc1YmU2NjUifQ%3D%3D\" href='https:\/\/atauni.edu.tr\/sosyal-bilimler-meslek-yuksekokulu\/wp-content\/uploads\/sites\/446\/2026\/03\/WhatsApp-Image-2026-03-25-at-15.32.53-6.jpeg'><img loading=\"lazy\" decoding=\"async\" width=\"150\" height=\"150\" src=\"https:\/\/atauni.edu.tr\/sosyal-bilimler-meslek-yuksekokulu\/wp-content\/uploads\/sites\/446\/2026\/03\/WhatsApp-Image-2026-03-25-at-15.32.53-6-150x150.jpeg\" class=\"attachment-thumbnail size-thumbnail\" alt=\"\" \/><\/a>\n\t\t\t<\/dt><\/dl><dl class='gallery-item'>\n\t\t\t<dt class='gallery-icon portrait'>\n\t\t\t\t<a data-elementor-open-lightbox=\"yes\" data-elementor-lightbox-slideshow=\"75be665\" data-elementor-lightbox-title=\"WhatsApp Image 2026-03-25 at 15.32.53 (7)\" data-e-action-hash=\"#elementor-action%3Aaction%3Dlightbox%26settings%3DeyJpZCI6ODkzMSwidXJsIjoiaHR0cHM6XC9cL2F0YXVuaS5lZHUudHJcL3Nvc3lhbC1iaWxpbWxlci1tZXNsZWsteXVrc2Vrb2t1bHVcL3dwLWNvbnRlbnRcL3VwbG9hZHNcL3NpdGVzXC80NDZcLzIwMjZcLzAzXC9XaGF0c0FwcC1JbWFnZS0yMDI2LTAzLTI1LWF0LTE1LjMyLjUzLTcuanBlZyIsInNsaWRlc2hvdyI6Ijc1YmU2NjUifQ%3D%3D\" href='https:\/\/atauni.edu.tr\/sosyal-bilimler-meslek-yuksekokulu\/wp-content\/uploads\/sites\/446\/2026\/03\/WhatsApp-Image-2026-03-25-at-15.32.53-7.jpeg'><img loading=\"lazy\" decoding=\"async\" width=\"150\" height=\"150\" src=\"https:\/\/atauni.edu.tr\/sosyal-bilimler-meslek-yuksekokulu\/wp-content\/uploads\/sites\/446\/2026\/03\/WhatsApp-Image-2026-03-25-at-15.32.53-7-150x150.jpeg\" class=\"attachment-thumbnail size-thumbnail\" alt=\"\" \/><\/a>\n\t\t\t<\/dt><\/dl><dl class='gallery-item'>\n\t\t\t<dt class='gallery-icon landscape'>\n\t\t\t\t<a data-elementor-open-lightbox=\"yes\" data-elementor-lightbox-slideshow=\"75be665\" data-elementor-lightbox-title=\"WhatsApp Image 2026-03-25 at 15.32.54 (3)\" data-e-action-hash=\"#elementor-action%3Aaction%3Dlightbox%26settings%3DeyJpZCI6ODkzNCwidXJsIjoiaHR0cHM6XC9cL2F0YXVuaS5lZHUudHJcL3Nvc3lhbC1iaWxpbWxlci1tZXNsZWsteXVrc2Vrb2t1bHVcL3dwLWNvbnRlbnRcL3VwbG9hZHNcL3NpdGVzXC80NDZcLzIwMjZcLzAzXC9XaGF0c0FwcC1JbWFnZS0yMDI2LTAzLTI1LWF0LTE1LjMyLjU0LTMuanBlZyIsInNsaWRlc2hvdyI6Ijc1YmU2NjUifQ%3D%3D\" href='https:\/\/atauni.edu.tr\/sosyal-bilimler-meslek-yuksekokulu\/wp-content\/uploads\/sites\/446\/2026\/03\/WhatsApp-Image-2026-03-25-at-15.32.54-3.jpeg'><img loading=\"lazy\" decoding=\"async\" width=\"150\" height=\"150\" src=\"https:\/\/atauni.edu.tr\/sosyal-bilimler-meslek-yuksekokulu\/wp-content\/uploads\/sites\/446\/2026\/03\/WhatsApp-Image-2026-03-25-at-15.32.54-3-150x150.jpeg\" class=\"attachment-thumbnail size-thumbnail\" alt=\"\" \/><\/a>\n\t\t\t<\/dt><\/dl><br style=\"clear: both\" \/><dl class='gallery-item'>\n\t\t\t<dt class='gallery-icon landscape'>\n\t\t\t\t<a data-elementor-open-lightbox=\"yes\" data-elementor-lightbox-slideshow=\"75be665\" data-elementor-lightbox-title=\"WhatsApp Image 2026-03-25 at 15.32.54 (5)\" data-e-action-hash=\"#elementor-action%3Aaction%3Dlightbox%26settings%3DeyJpZCI6ODkzNSwidXJsIjoiaHR0cHM6XC9cL2F0YXVuaS5lZHUudHJcL3Nvc3lhbC1iaWxpbWxlci1tZXNsZWsteXVrc2Vrb2t1bHVcL3dwLWNvbnRlbnRcL3VwbG9hZHNcL3NpdGVzXC80NDZcLzIwMjZcLzAzXC9XaGF0c0FwcC1JbWFnZS0yMDI2LTAzLTI1LWF0LTE1LjMyLjU0LTUuanBlZyIsInNsaWRlc2hvdyI6Ijc1YmU2NjUifQ%3D%3D\" href='https:\/\/atauni.edu.tr\/sosyal-bilimler-meslek-yuksekokulu\/wp-content\/uploads\/sites\/446\/2026\/03\/WhatsApp-Image-2026-03-25-at-15.32.54-5.jpeg'><img loading=\"lazy\" decoding=\"async\" width=\"150\" height=\"150\" src=\"https:\/\/atauni.edu.tr\/sosyal-bilimler-meslek-yuksekokulu\/wp-content\/uploads\/sites\/446\/2026\/03\/WhatsApp-Image-2026-03-25-at-15.32.54-5-150x150.jpeg\" class=\"attachment-thumbnail size-thumbnail\" alt=\"\" \/><\/a>\n\t\t\t<\/dt><\/dl><dl class='gallery-item'>\n\t\t\t<dt class='gallery-icon portrait'>\n\t\t\t\t<a data-elementor-open-lightbox=\"yes\" data-elementor-lightbox-slideshow=\"75be665\" data-elementor-lightbox-title=\"WhatsApp Image 2026-03-25 at 15.32.54\" data-e-action-hash=\"#elementor-action%3Aaction%3Dlightbox%26settings%3DeyJpZCI6ODkzNiwidXJsIjoiaHR0cHM6XC9cL2F0YXVuaS5lZHUudHJcL3Nvc3lhbC1iaWxpbWxlci1tZXNsZWsteXVrc2Vrb2t1bHVcL3dwLWNvbnRlbnRcL3VwbG9hZHNcL3NpdGVzXC80NDZcLzIwMjZcLzAzXC9XaGF0c0FwcC1JbWFnZS0yMDI2LTAzLTI1LWF0LTE1LjMyLjU0LmpwZWciLCJzbGlkZXNob3ciOiI3NWJlNjY1In0%3D\" href='https:\/\/atauni.edu.tr\/sosyal-bilimler-meslek-yuksekokulu\/wp-content\/uploads\/sites\/446\/2026\/03\/WhatsApp-Image-2026-03-25-at-15.32.54.jpeg'><img loading=\"lazy\" decoding=\"async\" width=\"150\" height=\"150\" src=\"https:\/\/atauni.edu.tr\/sosyal-bilimler-meslek-yuksekokulu\/wp-content\/uploads\/sites\/446\/2026\/03\/WhatsApp-Image-2026-03-25-at-15.32.54-150x150.jpeg\" class=\"attachment-thumbnail size-thumbnail\" alt=\"\" \/><\/a>\n\t\t\t<\/dt><\/dl><dl class='gallery-item'>\n\t\t\t<dt class='gallery-icon portrait'>\n\t\t\t\t<a data-elementor-open-lightbox=\"yes\" data-elementor-lightbox-slideshow=\"75be665\" data-elementor-lightbox-title=\"WhatsApp Image 2026-03-25 at 15.32.55 (1)\" data-e-action-hash=\"#elementor-action%3Aaction%3Dlightbox%26settings%3DeyJpZCI6ODkzNywidXJsIjoiaHR0cHM6XC9cL2F0YXVuaS5lZHUudHJcL3Nvc3lhbC1iaWxpbWxlci1tZXNsZWsteXVrc2Vrb2t1bHVcL3dwLWNvbnRlbnRcL3VwbG9hZHNcL3NpdGVzXC80NDZcLzIwMjZcLzAzXC9XaGF0c0FwcC1JbWFnZS0yMDI2LTAzLTI1LWF0LTE1LjMyLjU1LTEuanBlZyIsInNsaWRlc2hvdyI6Ijc1YmU2NjUifQ%3D%3D\" href='https:\/\/atauni.edu.tr\/sosyal-bilimler-meslek-yuksekokulu\/wp-content\/uploads\/sites\/446\/2026\/03\/WhatsApp-Image-2026-03-25-at-15.32.55-1.jpeg'><img loading=\"lazy\" decoding=\"async\" width=\"150\" height=\"150\" src=\"https:\/\/atauni.edu.tr\/sosyal-bilimler-meslek-yuksekokulu\/wp-content\/uploads\/sites\/446\/2026\/03\/WhatsApp-Image-2026-03-25-at-15.32.55-1-150x150.jpeg\" class=\"attachment-thumbnail size-thumbnail\" alt=\"\" \/><\/a>\n\t\t\t<\/dt><\/dl><dl class='gallery-item'>\n\t\t\t<dt class='gallery-icon landscape'>\n\t\t\t\t<a data-elementor-open-lightbox=\"yes\" data-elementor-lightbox-slideshow=\"75be665\" data-elementor-lightbox-title=\"WhatsApp Image 2026-03-25 at 15.32.55 (4)\" data-e-action-hash=\"#elementor-action%3Aaction%3Dlightbox%26settings%3DeyJpZCI6ODkzOCwidXJsIjoiaHR0cHM6XC9cL2F0YXVuaS5lZHUudHJcL3Nvc3lhbC1iaWxpbWxlci1tZXNsZWsteXVrc2Vrb2t1bHVcL3dwLWNvbnRlbnRcL3VwbG9hZHNcL3NpdGVzXC80NDZcLzIwMjZcLzAzXC9XaGF0c0FwcC1JbWFnZS0yMDI2LTAzLTI1LWF0LTE1LjMyLjU1LTQuanBlZyIsInNsaWRlc2hvdyI6Ijc1YmU2NjUifQ%3D%3D\" href='https:\/\/atauni.edu.tr\/sosyal-bilimler-meslek-yuksekokulu\/wp-content\/uploads\/sites\/446\/2026\/03\/WhatsApp-Image-2026-03-25-at-15.32.55-4.jpeg'><img loading=\"lazy\" decoding=\"async\" width=\"150\" height=\"150\" src=\"https:\/\/atauni.edu.tr\/sosyal-bilimler-meslek-yuksekokulu\/wp-content\/uploads\/sites\/446\/2026\/03\/WhatsApp-Image-2026-03-25-at-15.32.55-4-150x150.jpeg\" class=\"attachment-thumbnail size-thumbnail\" alt=\"\" \/><\/a>\n\t\t\t<\/dt><\/dl><br style=\"clear: both\" \/><dl class='gallery-item'>\n\t\t\t<dt class='gallery-icon portrait'>\n\t\t\t\t<a data-elementor-open-lightbox=\"yes\" data-elementor-lightbox-slideshow=\"75be665\" data-elementor-lightbox-title=\"WhatsApp Image 2026-03-25 at 15.32.55 (7)\" data-e-action-hash=\"#elementor-action%3Aaction%3Dlightbox%26settings%3DeyJpZCI6ODkzOSwidXJsIjoiaHR0cHM6XC9cL2F0YXVuaS5lZHUudHJcL3Nvc3lhbC1iaWxpbWxlci1tZXNsZWsteXVrc2Vrb2t1bHVcL3dwLWNvbnRlbnRcL3VwbG9hZHNcL3NpdGVzXC80NDZcLzIwMjZcLzAzXC9XaGF0c0FwcC1JbWFnZS0yMDI2LTAzLTI1LWF0LTE1LjMyLjU1LTcuanBlZyIsInNsaWRlc2hvdyI6Ijc1YmU2NjUifQ%3D%3D\" href='https:\/\/atauni.edu.tr\/sosyal-bilimler-meslek-yuksekokulu\/wp-content\/uploads\/sites\/446\/2026\/03\/WhatsApp-Image-2026-03-25-at-15.32.55-7.jpeg'><img loading=\"lazy\" decoding=\"async\" width=\"150\" height=\"150\" src=\"https:\/\/atauni.edu.tr\/sosyal-bilimler-meslek-yuksekokulu\/wp-content\/uploads\/sites\/446\/2026\/03\/WhatsApp-Image-2026-03-25-at-15.32.55-7-150x150.jpeg\" class=\"attachment-thumbnail size-thumbnail\" alt=\"\" \/><\/a>\n\t\t\t<\/dt><\/dl><dl class='gallery-item'>\n\t\t\t<dt class='gallery-icon landscape'>\n\t\t\t\t<a data-elementor-open-lightbox=\"yes\" data-elementor-lightbox-slideshow=\"75be665\" data-elementor-lightbox-title=\"WhatsApp Image 2026-03-25 at 15.32.55\" data-e-action-hash=\"#elementor-action%3Aaction%3Dlightbox%26settings%3DeyJpZCI6ODk0MCwidXJsIjoiaHR0cHM6XC9cL2F0YXVuaS5lZHUudHJcL3Nvc3lhbC1iaWxpbWxlci1tZXNsZWsteXVrc2Vrb2t1bHVcL3dwLWNvbnRlbnRcL3VwbG9hZHNcL3NpdGVzXC80NDZcLzIwMjZcLzAzXC9XaGF0c0FwcC1JbWFnZS0yMDI2LTAzLTI1LWF0LTE1LjMyLjU1LmpwZWciLCJzbGlkZXNob3ciOiI3NWJlNjY1In0%3D\" href='https:\/\/atauni.edu.tr\/sosyal-bilimler-meslek-yuksekokulu\/wp-content\/uploads\/sites\/446\/2026\/03\/WhatsApp-Image-2026-03-25-at-15.32.55.jpeg'><img loading=\"lazy\" decoding=\"async\" width=\"150\" height=\"150\" src=\"https:\/\/atauni.edu.tr\/sosyal-bilimler-meslek-yuksekokulu\/wp-content\/uploads\/sites\/446\/2026\/03\/WhatsApp-Image-2026-03-25-at-15.32.55-150x150.jpeg\" class=\"attachment-thumbnail size-thumbnail\" alt=\"\" \/><\/a>\n\t\t\t<\/dt><\/dl>\n\t\t\t<br style='clear: both' \/>\n\t\t<\/div>\n\t\t<\/div>\n\t\t\t\t\t\t<\/div>\n\t\t\t\t<\/div>\n\t\t\t\t\t<\/div>\n\t\t<\/div>\n\t\t\t\t\t<\/div>\n\t\t<\/section>\n\t\t\t\t<\/div>\n\t\t","protected":false},"excerpt":{"rendered":"<p>Atat\u00fcrk \u00dcniversitesi Erzurum Meslek Y\u00fcksekokulu 1977 &#8211; 1978 \u00d6\u011fretim Y\u0131l\u0131nda Milli E\u011fitim Bakanl\u0131\u011f\u0131na ba\u011fl\u0131 olarak Erzurum End\u00fcstri Meslek Lisesi b\u00fcnyesinde gece \u00f6\u011fretimi yapmak \u00fczere 10 Mart 1978 tarihinde a\u00e7\u0131lm\u0131\u015ft\u0131r. Y\u00fcksekokulumuz 1982 y\u0131l\u0131nda 41 Say\u0131l\u0131 Kanun H\u00fckm\u00fcnde Kararname ile Atat\u00fcrk \u00dcniversitesi Rekt\u00f6rl\u00fc\u011f\u00fcne ba\u011flanm\u0131\u015ft\u0131r. Atat\u00fcrk \u00dcniversitesi Teknik Bilimler Meslek Y\u00fcksekokulu, Y\u00fcksek\u00f6\u011fretim Kurulu&#8217;nun 12.03.2020 tarih ve 75850160101.02.05-E.20079 say\u0131l\u0131 [&hellip;]<\/p>\n","protected":false},"author":639,"featured_media":0,"parent":0,"menu_order":0,"comment_status":"closed","ping_status":"closed","template":"","meta":{"footnotes":""},"class_list":["post-8905","page","type-page","status-publish","hentry"],"_links":{"self":[{"href":"https:\/\/atauni.edu.tr\/sosyal-bilimler-meslek-yuksekokulu\/wp-json\/wp\/v2\/pages\/8905","targetHints":{"allow":["GET"]}}],"collection":[{"href":"https:\/\/atauni.edu.tr\/sosyal-bilimler-meslek-yuksekokulu\/wp-json\/wp\/v2\/pages"}],"about":[{"href":"https:\/\/atauni.edu.tr\/sosyal-bilimler-meslek-yuksekokulu\/wp-json\/wp\/v2\/types\/page"}],"author":[{"embeddable":true,"href":"https:\/\/atauni.edu.tr\/sosyal-bilimler-meslek-yuksekokulu\/wp-json\/wp\/v2\/users\/639"}],"replies":[{"embeddable":true,"href":"https:\/\/atauni.edu.tr\/sosyal-bilimler-meslek-yuksekokulu\/wp-json\/wp\/v2\/comments?post=8905"}],"version-history":[{"count":7,"href":"https:\/\/atauni.edu.tr\/sosyal-bilimler-meslek-yuksekokulu\/wp-json\/wp\/v2\/pages\/8905\/revisions"}],"predecessor-version":[{"id":8943,"href":"https:\/\/atauni.edu.tr\/sosyal-bilimler-meslek-yuksekokulu\/wp-json\/wp\/v2\/pages\/8905\/revisions\/8943"}],"wp:attachment":[{"href":"https:\/\/atauni.edu.tr\/sosyal-bilimler-meslek-yuksekokulu\/wp-json\/wp\/v2\/media?parent=8905"}],"curies":[{"name":"wp","href":"https:\/\/api.w.org\/{rel}","templated":true}]}}