{"id":6531,"date":"2025-06-26T13:52:21","date_gmt":"2025-06-26T10:52:21","guid":{"rendered":"https:\/\/birimler.atauni.edu.tr\/sosyal-hizmet-bolumu-2\/?page_id=6531"},"modified":"2025-08-03T14:02:59","modified_gmt":"2025-08-03T11:02:59","slug":"haberler","status":"publish","type":"page","link":"https:\/\/atauni.edu.tr\/sosyal-hizmet-bolumu-2\/haberler\/","title":{"rendered":"Haberler"},"content":{"rendered":"<form method=\"get\" class=\"row g-3\" style=\"margin-bottom: 20px;\"><div class=\"col-md-3\"><input type=\"text\" name=\"haber_ara\" class=\"form-control\" placeholder=\"Haber ara...\" value=\"\"><\/div><div class=\"col-md-3\"><input type=\"date\" name=\"baslangic_tarihi\" class=\"form-control\" value=\"\"><\/div><div class=\"col-md-3\"><input type=\"date\" name=\"bitis_tarihi\" class=\"form-control\" value=\"\"><\/div><div class=\"col-md-3\"><button type=\"submit\" class=\"btn btn-secondary w-50\">Filtrele<\/button><\/div><\/form><ul class=\"kategori-yazilari-liste\"><li style=\"display: flex; margin-bottom: 10px; align-items: center;\"><div class=\"post-thumbnail\" style=\"margin-right: 15px;\"><a href=\"https:\/\/atauni.edu.tr\/sosyal-hizmet-bolumu-2\/2025\/05\/22\/18-24-mart-yaslilar-haftasi\/\"><img decoding=\"async\" width=\"150\" height=\"150\" src=\"https:\/\/atauni.edu.tr\/sosyal-hizmet-bolumu-2\/wp-content\/uploads\/sites\/154\/2025\/05\/14-150x150.jpg\" class=\"attachment-thumbnail size-thumbnail wp-post-image\" alt=\"\" srcset=\"https:\/\/atauni.edu.tr\/sosyal-hizmet-bolumu-2\/wp-content\/uploads\/sites\/154\/2025\/05\/14-150x150.jpg 150w, https:\/\/atauni.edu.tr\/sosyal-hizmet-bolumu-2\/wp-content\/uploads\/sites\/154\/2025\/05\/14-1014x1024.jpg 1014w\" sizes=\"(max-width: 150px) 100vw, 150px\" \/><\/a><\/div><div class=\"post-content\" style=\"flex-grow: 1;\"><span class=\"post-date habertarih\" style=\"display: block; font-weight: bold; margin-bottom: 5px;\">22 May\u0131s 2025<\/span><a class=\"haberbaslik\" href=\"https:\/\/atauni.edu.tr\/sosyal-hizmet-bolumu-2\/2025\/05\/22\/18-24-mart-yaslilar-haftasi\/\">18-24 Mart Ya\u015fl\u0131lar Haftas\u0131<\/a><\/div><\/li><li style=\"display: flex; margin-bottom: 10px; align-items: center;\"><div class=\"post-thumbnail\" style=\"margin-right: 15px;\"><a href=\"https:\/\/atauni.edu.tr\/sosyal-hizmet-bolumu-2\/2025\/05\/22\/kadina-yonelik-siddetle-mucadele\/\"><img decoding=\"async\" width=\"150\" height=\"150\" src=\"https:\/\/atauni.edu.tr\/sosyal-hizmet-bolumu-2\/wp-content\/uploads\/sites\/154\/2025\/05\/13-150x150.jpg\" class=\"attachment-thumbnail size-thumbnail wp-post-image\" alt=\"\" \/><\/a><\/div><div class=\"post-content\" style=\"flex-grow: 1;\"><span class=\"post-date habertarih\" style=\"display: block; font-weight: bold; margin-bottom: 5px;\">22 May\u0131s 2025<\/span><a class=\"haberbaslik\" href=\"https:\/\/atauni.edu.tr\/sosyal-hizmet-bolumu-2\/2025\/05\/22\/kadina-yonelik-siddetle-mucadele\/\">Kad\u0131na Y\u00f6nelik \u015eiddetle M\u00fccadele<\/a><\/div><\/li><li style=\"display: flex; margin-bottom: 10px; align-items: center;\"><div class=\"post-thumbnail\" style=\"margin-right: 15px;\"><a href=\"https:\/\/atauni.edu.tr\/sosyal-hizmet-bolumu-2\/2025\/05\/22\/3-aralik-dunya-engelliler-gunu\/\"><img decoding=\"async\" width=\"150\" height=\"150\" src=\"https:\/\/atauni.edu.tr\/sosyal-hizmet-bolumu-2\/wp-content\/uploads\/sites\/154\/2025\/05\/4-150x150.jpg\" class=\"attachment-thumbnail size-thumbnail wp-post-image\" alt=\"\" srcset=\"https:\/\/atauni.edu.tr\/sosyal-hizmet-bolumu-2\/wp-content\/uploads\/sites\/154\/2025\/05\/4-150x150.jpg 150w, https:\/\/atauni.edu.tr\/sosyal-hizmet-bolumu-2\/wp-content\/uploads\/sites\/154\/2025\/05\/4-300x300.jpg 300w, https:\/\/atauni.edu.tr\/sosyal-hizmet-bolumu-2\/wp-content\/uploads\/sites\/154\/2025\/05\/4-1024x1024.jpg 1024w, https:\/\/atauni.edu.tr\/sosyal-hizmet-bolumu-2\/wp-content\/uploads\/sites\/154\/2025\/05\/4-768x768.jpg 768w, https:\/\/atauni.edu.tr\/sosyal-hizmet-bolumu-2\/wp-content\/uploads\/sites\/154\/2025\/05\/4-600x600.jpg 600w, https:\/\/atauni.edu.tr\/sosyal-hizmet-bolumu-2\/wp-content\/uploads\/sites\/154\/2025\/05\/4-560x560.jpg 560w, https:\/\/atauni.edu.tr\/sosyal-hizmet-bolumu-2\/wp-content\/uploads\/sites\/154\/2025\/05\/4.jpg 1079w\" sizes=\"(max-width: 150px) 100vw, 150px\" \/><\/a><\/div><div class=\"post-content\" style=\"flex-grow: 1;\"><span class=\"post-date habertarih\" style=\"display: block; font-weight: bold; margin-bottom: 5px;\">22 May\u0131s 2025<\/span><a class=\"haberbaslik\" href=\"https:\/\/atauni.edu.tr\/sosyal-hizmet-bolumu-2\/2025\/05\/22\/3-aralik-dunya-engelliler-gunu\/\">3 Aral\u0131k D\u00fcnya Engelliler G\u00fcn\u00fc<\/a><\/div><\/li><li style=\"display: flex; margin-bottom: 10px; align-items: center;\"><div class=\"post-thumbnail\" style=\"margin-right: 15px;\"><a href=\"https:\/\/atauni.edu.tr\/sosyal-hizmet-bolumu-2\/2025\/05\/21\/dunya-sosyal-hizmet-gunu\/\"><img loading=\"lazy\" decoding=\"async\" width=\"150\" height=\"150\" src=\"https:\/\/atauni.edu.tr\/sosyal-hizmet-bolumu-2\/wp-content\/uploads\/sites\/154\/2025\/05\/WhatsApp-Image-2025-05-21-at-16.02.23-150x150.jpeg\" class=\"attachment-thumbnail size-thumbnail wp-post-image\" alt=\"Sosyal hizmet b\u00f6l\u00fcm\u00fc olarak, D\u00fcnya Sosyal Hizmet G\u00fcn\u00fc kapsam\u0131nda \u00f6\u011frencilerimizle anlaml\u0131 bir etkinlik ger\u00e7ekle\u015ftirdik. Etkinli\u011fimiz, ara\u015ft\u0131rma g\u00f6revlisi \u00c7a\u011fla Ta\u015f\u00e7\u0131\u2019n\u0131n katk\u0131lar\u0131 ve Sosyal Hizmet Kul\u00fcb\u00fc\u2019n\u00fcn organizasyonu ile d\u00fczenlendi. Etkinli\u011fin temel amac\u0131, \u00f6\u011frencilerimizin sosyal hizmet mesle\u011finin temel ilke ve de\u011ferlerini e\u011flenceli bir yolla peki\u015ftirmelerini sa\u011flamak, mesleki fark\u0131ndal\u0131klar\u0131n\u0131 art\u0131rmak ve aralar\u0131ndaki etkile\u015fimi g\u00fc\u00e7lendirmekti. Bu do\u011frultuda, sosyal hizmete \u00f6zg\u00fc kavramlarla uyarlanm\u0131\u015f Tabu Oyunu oynand\u0131. Oyunda kullan\u0131lan kavramlar, sosyal hizmetin temel ta\u015flar\u0131 olan insan haklar\u0131, toplumsal adalet, e\u015fitlik ve dayan\u0131\u015fma gibi konular\u0131 i\u00e7erdi. Etkinlik boyunca \u00f6\u011frencilerimiz hem mesleki terimlerle ilgili bilgilerini tazeledi hem de tak\u0131m \u00e7al\u0131\u015fmas\u0131 ve etkili ileti\u015fim becerilerini geli\u015ftirme f\u0131rsat\u0131 buldu. Tabu oyunu, haz\u0131rlanan k\u00e2\u011f\u0131t kartlarla oynand\u0131 ve interaktif bir atmosferde ger\u00e7ekle\u015fti. D\u00fcnya Sosyal Hizmet G\u00fcn\u00fc, b\u00f6l\u00fcm \u00f6\u011frencilerimizin meslek bilincini peki\u015ftiren ve birlikte keyifli vakit ge\u00e7irdikleri verimli bir etkinlikle kutland\u0131. Kat\u0131l\u0131m sa\u011flayan t\u00fcm \u00f6\u011frencilerimize ve organizasyonda eme\u011fi ge\u00e7en herkese te\u015fekk\u00fcr ederiz.\" \/><\/a><\/div><div class=\"post-content\" style=\"flex-grow: 1;\"><span class=\"post-date habertarih\" style=\"display: block; font-weight: bold; margin-bottom: 5px;\">21 May\u0131s 2025<\/span><a class=\"haberbaslik\" href=\"https:\/\/atauni.edu.tr\/sosyal-hizmet-bolumu-2\/2025\/05\/21\/dunya-sosyal-hizmet-gunu\/\">D\u00fcnya Sosyal Hizmet G\u00fcn\u00fc<\/a><\/div><\/li><li style=\"display: flex; margin-bottom: 10px; align-items: center;\"><div class=\"post-thumbnail\" style=\"margin-right: 15px;\"><a href=\"https:\/\/atauni.edu.tr\/sosyal-hizmet-bolumu-2\/2022\/04\/07\/toplumsal\/\"><img loading=\"lazy\" decoding=\"async\" width=\"150\" height=\"150\" src=\"https:\/\/atauni.edu.tr\/sosyal-hizmet-bolumu-2\/wp-content\/uploads\/sites\/154\/2022\/04\/IMG-20220407-WA0027-150x150.jpg\" class=\"attachment-thumbnail size-thumbnail wp-post-image\" alt=\"\" \/><\/a><\/div><div class=\"post-content\" style=\"flex-grow: 1;\"><span class=\"post-date habertarih\" style=\"display: block; font-weight: bold; margin-bottom: 5px;\">7 Nisan 2022<\/span><a class=\"haberbaslik\" href=\"https:\/\/atauni.edu.tr\/sosyal-hizmet-bolumu-2\/2022\/04\/07\/toplumsal\/\">\u015eehitlerimizin Aziz Hat\u0131ralar\u0131na Toplumsal Duyarl\u0131l\u0131k Projesi<\/a><\/div><\/li><li style=\"display: flex; margin-bottom: 10px; align-items: center;\"><div class=\"post-thumbnail\" style=\"margin-right: 15px;\"><a href=\"https:\/\/atauni.edu.tr\/sosyal-hizmet-bolumu-2\/2022\/03\/28\/sosyal-hizmet-gunu\/\"><img loading=\"lazy\" decoding=\"async\" width=\"150\" height=\"150\" src=\"https:\/\/atauni.edu.tr\/sosyal-hizmet-bolumu-2\/wp-content\/uploads\/sites\/154\/2022\/03\/IMG-20220315-WA0025-150x150.jpg\" class=\"attachment-thumbnail size-thumbnail wp-post-image\" alt=\"\" \/><\/a><\/div><div class=\"post-content\" style=\"flex-grow: 1;\"><span class=\"post-date habertarih\" style=\"display: block; font-weight: bold; margin-bottom: 5px;\">28 Mart 2022<\/span><a class=\"haberbaslik\" href=\"https:\/\/atauni.edu.tr\/sosyal-hizmet-bolumu-2\/2022\/03\/28\/sosyal-hizmet-gunu\/\">Sosyal Hizmet G\u00fcn\u00fc<\/a><\/div><\/li><li style=\"display: flex; margin-bottom: 10px; align-items: center;\"><div class=\"post-thumbnail\" style=\"margin-right: 15px;\"><a href=\"https:\/\/atauni.edu.tr\/sosyal-hizmet-bolumu-2\/2022\/03\/28\/suca-suruklenen-ve-suc-magduru-cocuklar\/\"><img loading=\"lazy\" decoding=\"async\" width=\"150\" height=\"150\" src=\"https:\/\/atauni.edu.tr\/sosyal-hizmet-bolumu-2\/wp-content\/uploads\/sites\/154\/2022\/03\/2d9cc15156e7e4c0c04e32a64ae125e4-1-4-150x150.jpeg\" class=\"attachment-thumbnail size-thumbnail wp-post-image\" alt=\"\" \/><\/a><\/div><div class=\"post-content\" style=\"flex-grow: 1;\"><span class=\"post-date habertarih\" style=\"display: block; font-weight: bold; margin-bottom: 5px;\">28 Mart 2022<\/span><a class=\"haberbaslik\" href=\"https:\/\/atauni.edu.tr\/sosyal-hizmet-bolumu-2\/2022\/03\/28\/suca-suruklenen-ve-suc-magduru-cocuklar\/\">Su\u00e7a S\u00fcr\u00fcklenen ve Su\u00e7 Ma\u011fduru \u00c7ocuklar<\/a><\/div><\/li><li style=\"display: flex; margin-bottom: 10px; align-items: center;\"><div class=\"post-thumbnail\" style=\"margin-right: 15px;\"><a href=\"https:\/\/atauni.edu.tr\/sosyal-hizmet-bolumu-2\/2022\/03\/28\/vaka-ornekleriyle-sosyal-hizmet-uygulamalari-online-etkinlik\/\"><img loading=\"lazy\" decoding=\"async\" width=\"150\" height=\"150\" src=\"https:\/\/atauni.edu.tr\/sosyal-hizmet-bolumu-2\/wp-content\/uploads\/sites\/154\/2022\/03\/WhatsApp-Image-2022-03-02-at-10.06.07-150x150.jpeg\" class=\"attachment-thumbnail size-thumbnail wp-post-image\" alt=\"\" srcset=\"https:\/\/atauni.edu.tr\/sosyal-hizmet-bolumu-2\/wp-content\/uploads\/sites\/154\/2022\/03\/WhatsApp-Image-2022-03-02-at-10.06.07-150x150.jpeg 150w, https:\/\/atauni.edu.tr\/sosyal-hizmet-bolumu-2\/wp-content\/uploads\/sites\/154\/2022\/03\/WhatsApp-Image-2022-03-02-at-10.06.07-300x300.jpeg 300w, https:\/\/atauni.edu.tr\/sosyal-hizmet-bolumu-2\/wp-content\/uploads\/sites\/154\/2022\/03\/WhatsApp-Image-2022-03-02-at-10.06.07-1024x1024.jpeg 1024w, https:\/\/atauni.edu.tr\/sosyal-hizmet-bolumu-2\/wp-content\/uploads\/sites\/154\/2022\/03\/WhatsApp-Image-2022-03-02-at-10.06.07-768x768.jpeg 768w, https:\/\/atauni.edu.tr\/sosyal-hizmet-bolumu-2\/wp-content\/uploads\/sites\/154\/2022\/03\/WhatsApp-Image-2022-03-02-at-10.06.07-600x600.jpeg 600w, https:\/\/atauni.edu.tr\/sosyal-hizmet-bolumu-2\/wp-content\/uploads\/sites\/154\/2022\/03\/WhatsApp-Image-2022-03-02-at-10.06.07-560x560.jpeg 560w, https:\/\/atauni.edu.tr\/sosyal-hizmet-bolumu-2\/wp-content\/uploads\/sites\/154\/2022\/03\/WhatsApp-Image-2022-03-02-at-10.06.07.jpeg 1080w\" sizes=\"(max-width: 150px) 100vw, 150px\" \/><\/a><\/div><div class=\"post-content\" style=\"flex-grow: 1;\"><span class=\"post-date habertarih\" style=\"display: block; font-weight: bold; margin-bottom: 5px;\">28 Mart 2022<\/span><a class=\"haberbaslik\" href=\"https:\/\/atauni.edu.tr\/sosyal-hizmet-bolumu-2\/2022\/03\/28\/vaka-ornekleriyle-sosyal-hizmet-uygulamalari-online-etkinlik\/\">Vaka \u00d6rnekleriyle Sosyal Hizmet Uygulamalar\u0131 Online Etkinlik<\/a><\/div><\/li><li style=\"display: flex; margin-bottom: 10px; align-items: center;\"><div class=\"post-content\" style=\"flex-grow: 1;\"><span class=\"post-date habertarih\" style=\"display: block; font-weight: bold; margin-bottom: 5px;\">28 Mart 2022<\/span><a class=\"haberbaslik\" href=\"https:\/\/atauni.edu.tr\/sosyal-hizmet-bolumu-2\/2022\/03\/28\/dunya-sosyal-hizmet-gunu-bolum-ogrencilerimizin-hazirladigi-etkinliklerle-kutlandi-2\/\">D\u00fcnya Sosyal Hizmet G\u00fcn\u00fc Program\u0131<\/a><\/div><\/li><\/ul>\n\n\n\n<p><\/p>\n","protected":false},"excerpt":{"rendered":"","protected":false},"author":8,"featured_media":0,"parent":0,"menu_order":0,"comment_status":"closed","ping_status":"closed","template":"","meta":{"footnotes":""},"class_list":["post-6531","page","type-page","status-publish","hentry"],"_links":{"self":[{"href":"https:\/\/atauni.edu.tr\/sosyal-hizmet-bolumu-2\/wp-json\/wp\/v2\/pages\/6531","targetHints":{"allow":["GET"]}}],"collection":[{"href":"https:\/\/atauni.edu.tr\/sosyal-hizmet-bolumu-2\/wp-json\/wp\/v2\/pages"}],"about":[{"href":"https:\/\/atauni.edu.tr\/sosyal-hizmet-bolumu-2\/wp-json\/wp\/v2\/types\/page"}],"author":[{"embeddable":true,"href":"https:\/\/atauni.edu.tr\/sosyal-hizmet-bolumu-2\/wp-json\/wp\/v2\/users\/8"}],"replies":[{"embeddable":true,"href":"https:\/\/atauni.edu.tr\/sosyal-hizmet-bolumu-2\/wp-json\/wp\/v2\/comments?post=6531"}],"version-history":[{"count":2,"href":"https:\/\/atauni.edu.tr\/sosyal-hizmet-bolumu-2\/wp-json\/wp\/v2\/pages\/6531\/revisions"}],"predecessor-version":[{"id":6542,"href":"https:\/\/atauni.edu.tr\/sosyal-hizmet-bolumu-2\/wp-json\/wp\/v2\/pages\/6531\/revisions\/6542"}],"wp:attachment":[{"href":"https:\/\/atauni.edu.tr\/sosyal-hizmet-bolumu-2\/wp-json\/wp\/v2\/media?parent=6531"}],"curies":[{"name":"wp","href":"https:\/\/api.w.org\/{rel}","templated":true}]}}