{"id":6533,"date":"2025-06-26T13:52:42","date_gmt":"2025-06-26T10:52:42","guid":{"rendered":"https:\/\/birimler.atauni.edu.tr\/sosyal-hizmet-bolumu-2\/?page_id=6533"},"modified":"2025-08-03T14:02:51","modified_gmt":"2025-08-03T11:02:51","slug":"etkinlikler","status":"publish","type":"page","link":"https:\/\/atauni.edu.tr\/sosyal-hizmet-bolumu-2\/etkinlikler\/","title":{"rendered":"Etkinlikler"},"content":{"rendered":"<form method=\"get\" class=\"row g-3\" style=\"margin-bottom: 20px;\"><div class=\"col-md-3\"><input type=\"text\" name=\"etkinlik_ara\" class=\"form-control\" placeholder=\"Etkinlik ara...\" value=\"\"><\/div><div class=\"col-md-3\"><input type=\"date\" name=\"baslangic_tarihi\" class=\"form-control\" value=\"\"><\/div><div class=\"col-md-3\"><input type=\"date\" name=\"bitis_tarihi\" class=\"form-control\" value=\"\"><\/div><div class=\"col-md-3\"><button type=\"submit\" class=\"btn btn-secondary w-50\">Filtrele<\/button><\/div><\/form><div class=\"etkinlikler-grid-container\" style=\"display: grid; grid-template-columns: repeat(3, 1fr); gap: 20px;\"><div class=\"etkinlik-grid-item\"><div class=\"etkinlik-thumbnail\"><img fetchpriority=\"high\" decoding=\"async\" width=\"297\" height=\"300\" src=\"https:\/\/atauni.edu.tr\/sosyal-hizmet-bolumu-2\/wp-content\/uploads\/sites\/154\/2025\/05\/14-297x300.jpg\" class=\"img-fluid wp-post-image\" alt=\"\" srcset=\"https:\/\/atauni.edu.tr\/sosyal-hizmet-bolumu-2\/wp-content\/uploads\/sites\/154\/2025\/05\/14-297x300.jpg 297w, https:\/\/atauni.edu.tr\/sosyal-hizmet-bolumu-2\/wp-content\/uploads\/sites\/154\/2025\/05\/14-1014x1024.jpg 1014w, https:\/\/atauni.edu.tr\/sosyal-hizmet-bolumu-2\/wp-content\/uploads\/sites\/154\/2025\/05\/14-768x776.jpg 768w, https:\/\/atauni.edu.tr\/sosyal-hizmet-bolumu-2\/wp-content\/uploads\/sites\/154\/2025\/05\/14-594x600.jpg 594w, https:\/\/atauni.edu.tr\/sosyal-hizmet-bolumu-2\/wp-content\/uploads\/sites\/154\/2025\/05\/14-554x560.jpg 554w, https:\/\/atauni.edu.tr\/sosyal-hizmet-bolumu-2\/wp-content\/uploads\/sites\/154\/2025\/05\/14.jpg 1080w\" sizes=\"(max-width: 297px) 100vw, 297px\" \/><\/div><div class=\"etkinlik-datee\"><span class=\"day\">22<\/span><span class=\"month\">May\u0131s<\/span><span class=\"year\">2025<\/span><\/div><a href=\"https:\/\/atauni.edu.tr\/sosyal-hizmet-bolumu-2\/2025\/05\/22\/18-24-mart-yaslilar-haftasi\/\" class=\"etkinlik-titlee\">18-24 Mart Ya\u015fl\u0131lar Haftas\u0131<\/a><\/div><div class=\"etkinlik-grid-item\"><div class=\"etkinlik-thumbnail\"><img decoding=\"async\" width=\"300\" height=\"259\" src=\"https:\/\/atauni.edu.tr\/sosyal-hizmet-bolumu-2\/wp-content\/uploads\/sites\/154\/2025\/05\/13-300x259.jpg\" class=\"img-fluid wp-post-image\" alt=\"\" srcset=\"https:\/\/atauni.edu.tr\/sosyal-hizmet-bolumu-2\/wp-content\/uploads\/sites\/154\/2025\/05\/13-300x259.jpg 300w, https:\/\/atauni.edu.tr\/sosyal-hizmet-bolumu-2\/wp-content\/uploads\/sites\/154\/2025\/05\/13-1024x883.jpg 1024w, https:\/\/atauni.edu.tr\/sosyal-hizmet-bolumu-2\/wp-content\/uploads\/sites\/154\/2025\/05\/13-768x662.jpg 768w, https:\/\/atauni.edu.tr\/sosyal-hizmet-bolumu-2\/wp-content\/uploads\/sites\/154\/2025\/05\/13-600x517.jpg 600w, https:\/\/atauni.edu.tr\/sosyal-hizmet-bolumu-2\/wp-content\/uploads\/sites\/154\/2025\/05\/13-560x483.jpg 560w, https:\/\/atauni.edu.tr\/sosyal-hizmet-bolumu-2\/wp-content\/uploads\/sites\/154\/2025\/05\/13.jpg 1080w\" sizes=\"(max-width: 300px) 100vw, 300px\" \/><\/div><div class=\"etkinlik-datee\"><span class=\"day\">22<\/span><span class=\"month\">May\u0131s<\/span><span class=\"year\">2025<\/span><\/div><a href=\"https:\/\/atauni.edu.tr\/sosyal-hizmet-bolumu-2\/2025\/05\/22\/kadina-yonelik-siddetle-mucadele\/\" class=\"etkinlik-titlee\">Kad\u0131na Y\u00f6nelik \u015eiddetle M\u00fccadele<\/a><\/div><div class=\"etkinlik-grid-item\"><div class=\"etkinlik-thumbnail\"><img decoding=\"async\" width=\"300\" height=\"300\" src=\"https:\/\/atauni.edu.tr\/sosyal-hizmet-bolumu-2\/wp-content\/uploads\/sites\/154\/2025\/05\/4-300x300.jpg\" class=\"img-fluid wp-post-image\" alt=\"\" srcset=\"https:\/\/atauni.edu.tr\/sosyal-hizmet-bolumu-2\/wp-content\/uploads\/sites\/154\/2025\/05\/4-300x300.jpg 300w, https:\/\/atauni.edu.tr\/sosyal-hizmet-bolumu-2\/wp-content\/uploads\/sites\/154\/2025\/05\/4-1024x1024.jpg 1024w, https:\/\/atauni.edu.tr\/sosyal-hizmet-bolumu-2\/wp-content\/uploads\/sites\/154\/2025\/05\/4-150x150.jpg 150w, https:\/\/atauni.edu.tr\/sosyal-hizmet-bolumu-2\/wp-content\/uploads\/sites\/154\/2025\/05\/4-768x768.jpg 768w, https:\/\/atauni.edu.tr\/sosyal-hizmet-bolumu-2\/wp-content\/uploads\/sites\/154\/2025\/05\/4-600x600.jpg 600w, https:\/\/atauni.edu.tr\/sosyal-hizmet-bolumu-2\/wp-content\/uploads\/sites\/154\/2025\/05\/4-560x560.jpg 560w, https:\/\/atauni.edu.tr\/sosyal-hizmet-bolumu-2\/wp-content\/uploads\/sites\/154\/2025\/05\/4.jpg 1079w\" sizes=\"(max-width: 300px) 100vw, 300px\" \/><\/div><div class=\"etkinlik-datee\"><span class=\"day\">22<\/span><span class=\"month\">May\u0131s<\/span><span class=\"year\">2025<\/span><\/div><a href=\"https:\/\/atauni.edu.tr\/sosyal-hizmet-bolumu-2\/2025\/05\/22\/3-aralik-dunya-engelliler-gunu\/\" class=\"etkinlik-titlee\">3 Aral\u0131k D\u00fcnya Engelliler G\u00fcn\u00fc<\/a><\/div><div class=\"etkinlik-grid-item\"><div class=\"etkinlik-thumbnail\"><img loading=\"lazy\" decoding=\"async\" width=\"240\" height=\"300\" src=\"https:\/\/atauni.edu.tr\/sosyal-hizmet-bolumu-2\/wp-content\/uploads\/sites\/154\/2025\/05\/WhatsApp-Image-2025-05-21-at-16.02.23-240x300.jpeg\" class=\"img-fluid wp-post-image\" alt=\"Sosyal hizmet b\u00f6l\u00fcm\u00fc olarak, D\u00fcnya Sosyal Hizmet G\u00fcn\u00fc kapsam\u0131nda \u00f6\u011frencilerimizle anlaml\u0131 bir etkinlik ger\u00e7ekle\u015ftirdik. Etkinli\u011fimiz, ara\u015ft\u0131rma g\u00f6revlisi \u00c7a\u011fla Ta\u015f\u00e7\u0131\u2019n\u0131n katk\u0131lar\u0131 ve Sosyal Hizmet Kul\u00fcb\u00fc\u2019n\u00fcn organizasyonu ile d\u00fczenlendi. Etkinli\u011fin temel amac\u0131, \u00f6\u011frencilerimizin sosyal hizmet mesle\u011finin temel ilke ve de\u011ferlerini e\u011flenceli bir yolla peki\u015ftirmelerini sa\u011flamak, mesleki fark\u0131ndal\u0131klar\u0131n\u0131 art\u0131rmak ve aralar\u0131ndaki etkile\u015fimi g\u00fc\u00e7lendirmekti. Bu do\u011frultuda, sosyal hizmete \u00f6zg\u00fc kavramlarla uyarlanm\u0131\u015f Tabu Oyunu oynand\u0131. Oyunda kullan\u0131lan kavramlar, sosyal hizmetin temel ta\u015flar\u0131 olan insan haklar\u0131, toplumsal adalet, e\u015fitlik ve dayan\u0131\u015fma gibi konular\u0131 i\u00e7erdi. Etkinlik boyunca \u00f6\u011frencilerimiz hem mesleki terimlerle ilgili bilgilerini tazeledi hem de tak\u0131m \u00e7al\u0131\u015fmas\u0131 ve etkili ileti\u015fim becerilerini geli\u015ftirme f\u0131rsat\u0131 buldu. Tabu oyunu, haz\u0131rlanan k\u00e2\u011f\u0131t kartlarla oynand\u0131 ve interaktif bir atmosferde ger\u00e7ekle\u015fti. D\u00fcnya Sosyal Hizmet G\u00fcn\u00fc, b\u00f6l\u00fcm \u00f6\u011frencilerimizin meslek bilincini peki\u015ftiren ve birlikte keyifli vakit ge\u00e7irdikleri verimli bir etkinlikle kutland\u0131. Kat\u0131l\u0131m sa\u011flayan t\u00fcm \u00f6\u011frencilerimize ve organizasyonda eme\u011fi ge\u00e7en herkese te\u015fekk\u00fcr ederiz.\" srcset=\"https:\/\/atauni.edu.tr\/sosyal-hizmet-bolumu-2\/wp-content\/uploads\/sites\/154\/2025\/05\/WhatsApp-Image-2025-05-21-at-16.02.23-240x300.jpeg 240w, https:\/\/atauni.edu.tr\/sosyal-hizmet-bolumu-2\/wp-content\/uploads\/sites\/154\/2025\/05\/WhatsApp-Image-2025-05-21-at-16.02.23-819x1024.jpeg 819w, https:\/\/atauni.edu.tr\/sosyal-hizmet-bolumu-2\/wp-content\/uploads\/sites\/154\/2025\/05\/WhatsApp-Image-2025-05-21-at-16.02.23-768x960.jpeg 768w, https:\/\/atauni.edu.tr\/sosyal-hizmet-bolumu-2\/wp-content\/uploads\/sites\/154\/2025\/05\/WhatsApp-Image-2025-05-21-at-16.02.23-480x600.jpeg 480w, https:\/\/atauni.edu.tr\/sosyal-hizmet-bolumu-2\/wp-content\/uploads\/sites\/154\/2025\/05\/WhatsApp-Image-2025-05-21-at-16.02.23-448x560.jpeg 448w, https:\/\/atauni.edu.tr\/sosyal-hizmet-bolumu-2\/wp-content\/uploads\/sites\/154\/2025\/05\/WhatsApp-Image-2025-05-21-at-16.02.23.jpeg 1078w\" sizes=\"(max-width: 240px) 100vw, 240px\" \/><\/div><div class=\"etkinlik-datee\"><span class=\"day\">21<\/span><span class=\"month\">May\u0131s<\/span><span class=\"year\">2025<\/span><\/div><a href=\"https:\/\/atauni.edu.tr\/sosyal-hizmet-bolumu-2\/2025\/05\/21\/dunya-sosyal-hizmet-gunu\/\" class=\"etkinlik-titlee\">D\u00fcnya Sosyal Hizmet G\u00fcn\u00fc<\/a><\/div><\/div><div class=\"pagination\" style=\"margin-top: 20px;\"><\/div>\n\n\n\n<p><\/p>\n","protected":false},"excerpt":{"rendered":"","protected":false},"author":8,"featured_media":0,"parent":0,"menu_order":0,"comment_status":"closed","ping_status":"closed","template":"","meta":{"footnotes":""},"class_list":["post-6533","page","type-page","status-publish","hentry"],"_links":{"self":[{"href":"https:\/\/atauni.edu.tr\/sosyal-hizmet-bolumu-2\/wp-json\/wp\/v2\/pages\/6533","targetHints":{"allow":["GET"]}}],"collection":[{"href":"https:\/\/atauni.edu.tr\/sosyal-hizmet-bolumu-2\/wp-json\/wp\/v2\/pages"}],"about":[{"href":"https:\/\/atauni.edu.tr\/sosyal-hizmet-bolumu-2\/wp-json\/wp\/v2\/types\/page"}],"author":[{"embeddable":true,"href":"https:\/\/atauni.edu.tr\/sosyal-hizmet-bolumu-2\/wp-json\/wp\/v2\/users\/8"}],"replies":[{"embeddable":true,"href":"https:\/\/atauni.edu.tr\/sosyal-hizmet-bolumu-2\/wp-json\/wp\/v2\/comments?post=6533"}],"version-history":[{"count":2,"href":"https:\/\/atauni.edu.tr\/sosyal-hizmet-bolumu-2\/wp-json\/wp\/v2\/pages\/6533\/revisions"}],"predecessor-version":[{"id":6541,"href":"https:\/\/atauni.edu.tr\/sosyal-hizmet-bolumu-2\/wp-json\/wp\/v2\/pages\/6533\/revisions\/6541"}],"wp:attachment":[{"href":"https:\/\/atauni.edu.tr\/sosyal-hizmet-bolumu-2\/wp-json\/wp\/v2\/media?parent=6533"}],"curies":[{"name":"wp","href":"https:\/\/api.w.org\/{rel}","templated":true}]}}