{"id":6535,"date":"2025-06-26T13:53:01","date_gmt":"2025-06-26T10:53:01","guid":{"rendered":"https:\/\/birimler.atauni.edu.tr\/sosyal-hizmet-bolumu-2\/?page_id=6535"},"modified":"2025-08-03T14:02:42","modified_gmt":"2025-08-03T11:02:42","slug":"duyurular","status":"publish","type":"page","link":"https:\/\/atauni.edu.tr\/sosyal-hizmet-bolumu-2\/duyurular\/","title":{"rendered":"Duyurular"},"content":{"rendered":"<form method=\"get\" class=\"row g-3\" style=\"margin-bottom: 20px;\"><div class=\"col-md-3\"><input type=\"text\" name=\"Duyuru_ara\" class=\"form-control\" placeholder=\"Duyuru ara...\" value=\"\"><\/div><div class=\"col-md-3\"><input type=\"date\" name=\"baslangic_tarihi\" class=\"form-control\" value=\"\"><\/div><div class=\"col-md-3\"><input type=\"date\" name=\"bitis_tarihi\" class=\"form-control\" value=\"\"><\/div><div class=\"col-md-3\"><button type=\"submit\" class=\"btn btn-secondary w-50\">Filtrele<\/button><\/div><\/form><ul class=\"kategori-yazilari-liste\"><li style=\"display: flex; margin-bottom: 10px; align-items: center;\"><div class=\"post-content\" style=\"flex-grow: 1;\"><span class=\"post-date Duyurutarih\" style=\"display: block; font-weight: bold; margin-bottom: 5px;\">22 May\u0131s 2025<\/span><a class=\"Duyurubaslik\" href=\"https:\/\/atauni.edu.tr\/sosyal-hizmet-bolumu-2\/2025\/05\/22\/kadina-yonelik-siddetle-mucadele\/\">Kad\u0131na Y\u00f6nelik \u015eiddetle M\u00fccadele<\/a><\/div><\/li><\/ul>\n\n\n\n<p><\/p>\n","protected":false},"excerpt":{"rendered":"","protected":false},"author":8,"featured_media":0,"parent":0,"menu_order":0,"comment_status":"closed","ping_status":"closed","template":"","meta":{"footnotes":""},"class_list":["post-6535","page","type-page","status-publish","hentry"],"_links":{"self":[{"href":"https:\/\/atauni.edu.tr\/sosyal-hizmet-bolumu-2\/wp-json\/wp\/v2\/pages\/6535","targetHints":{"allow":["GET"]}}],"collection":[{"href":"https:\/\/atauni.edu.tr\/sosyal-hizmet-bolumu-2\/wp-json\/wp\/v2\/pages"}],"about":[{"href":"https:\/\/atauni.edu.tr\/sosyal-hizmet-bolumu-2\/wp-json\/wp\/v2\/types\/page"}],"author":[{"embeddable":true,"href":"https:\/\/atauni.edu.tr\/sosyal-hizmet-bolumu-2\/wp-json\/wp\/v2\/users\/8"}],"replies":[{"embeddable":true,"href":"https:\/\/atauni.edu.tr\/sosyal-hizmet-bolumu-2\/wp-json\/wp\/v2\/comments?post=6535"}],"version-history":[{"count":2,"href":"https:\/\/atauni.edu.tr\/sosyal-hizmet-bolumu-2\/wp-json\/wp\/v2\/pages\/6535\/revisions"}],"predecessor-version":[{"id":6540,"href":"https:\/\/atauni.edu.tr\/sosyal-hizmet-bolumu-2\/wp-json\/wp\/v2\/pages\/6535\/revisions\/6540"}],"wp:attachment":[{"href":"https:\/\/atauni.edu.tr\/sosyal-hizmet-bolumu-2\/wp-json\/wp\/v2\/media?parent=6535"}],"curies":[{"name":"wp","href":"https:\/\/api.w.org\/{rel}","templated":true}]}}