{"id":5662,"date":"2021-07-13T10:01:45","date_gmt":"2021-07-13T07:01:45","guid":{"rendered":"https:\/\/portaltest.atauni.edu.tr\/bilgisayar-muhendisligi\/?page_id=5662"},"modified":"2025-02-24T09:47:05","modified_gmt":"2025-02-24T06:47:05","slug":"yonetim","status":"publish","type":"page","link":"https:\/\/atauni.edu.tr\/sosyal-tesisler\/yonetim\/","title":{"rendered":"Y\u00f6netim"},"content":{"rendered":"\t\t<div data-elementor-type=\"wp-page\" data-elementor-id=\"5662\" class=\"elementor elementor-5662\" data-elementor-post-type=\"page\">\n\t\t\t\t\t\t<section class=\"elementor-section elementor-top-section elementor-element elementor-element-3368df4 elementor-section-boxed elementor-section-height-default elementor-section-height-default\" data-id=\"3368df4\" data-element_type=\"section\">\n\t\t\t\t\t\t<div class=\"elementor-container elementor-column-gap-default\">\n\t\t\t\t\t<div class=\"elementor-column elementor-col-100 elementor-top-column elementor-element elementor-element-b3fc0e9\" data-id=\"b3fc0e9\" data-element_type=\"column\">\n\t\t\t<div class=\"elementor-widget-wrap elementor-element-populated\">\n\t\t\t\t\t\t<div class=\"elementor-element elementor-element-d7b7b5a elementor-widget elementor-widget-shortcode\" data-id=\"d7b7b5a\" data-element_type=\"widget\" data-widget_type=\"shortcode.default\">\n\t\t\t\t<div class=\"elementor-widget-container\">\n\t\t\t\t\t            <div class=\"accordion\" id=\"personel-kart\">\n                <div class=\"card p-liste\">\n                    <div class=\"card-header \" id=\"p-0\">\n                        <h2 class=\"mb-0\">\n                            <button class=\"btn btn-link collapsed\" type=\"button\" data-toggle=\"collapse\"\n                                    data-target=\"#k-0\"\n                                    aria-expanded=\"false\" aria-controls=\"collapseOne\">\n                                <span class=\"unvan\">M\u00fcd\u00fcr<\/span>\n                                M\u00fcd. Yar. Ayhan \u00c7avu\u015fo\u011flu                            <\/button>\n                        <\/h2>\n                    <\/div>\n\n                    <div id=\"k-0\" class=\"collapse\" aria-labelledby=\"p-0\"\n                         data-parent=\"#personel-kart\" style=\"\">\n                        <div class=\"card-body\">\n                            <div class=\"row\">\n                                <div class=\"col-3 kart-resim\">\n                                    <img decoding=\"async\" src=\"\/\/eski.atauni.edu.tr\/resizer.php?w=189&amp;h=228&amp;zc=1&amp;src=\/uploads\/profilResimleriSha1\/0046112425f8ef111544924e0f2f0352.png\"\n                                         class=\"img-fluid\">\n                                <\/div>\n                                <div class=\"col-7\">\n                                    <h3 class=\"kart-baslik kart-baslik-yonetim\">M\u00fcd\u00fcr<\/h3>\n                                    <div class=\"row\">\n                                        <div class=\"ad-soyad\">M\u00fcd. Yar. Ayhan \u00c7avu\u015fo\u011flu<\/div>\n                                        <div class=\"birim\">Sosyal Tesisler M\u00fcd\u00fcrl\u00fc\u011f\u00fc<\/div>\n                                        <div class=\"bilgiler\">\n                                            <strong>E-Posta<\/strong>ayhan@atauni.edu.tr                                        <\/div>\n                                                                                <div class=\"bilgiler\"><strong>Profil<\/strong> <a target=\"_blank\"\n                                         href=\"http:\/\/avesis.atauni.edu.tr\/ayhan\">https:\/\/avesis.atauni.edu.tr\/ayhan<\/a>\n                                        <\/div>\n                                        <div class=\"bilgiler\">\n                                            <strong>Telefon<\/strong>\n                                             +90 442 231                                            (1200)&nbsp;\n                                        <\/div>\n                                        <div class=\"bilgiler\"><strong>Posta Adresi<\/strong> \n                                                <span class=\"posta\">\n                                                                                                        Atat\u00fcrk \u00dcniversitesi Genel Sekreterlik 25240 Erzurum                                                                                                                                                                                                                                                                                                                                                                                                                                <\/div>\n                                    <\/div>\n                                <\/div>\n                                <div class=\"col-10 kart-egitim\">\n                                    <h3>E\u011fitim<\/h3>\n                                    <ul>\n\n                                        \n                                    <\/ul>\n                                <\/div>\n                                 <!--<div class=\"col-2 qr\">\n                                    <img decoding=\"async\" src=\"https:\/\/chart.googleapis.com\/chart?chs=100x100&amp;cht=qr&amp;chl=BEGIN:VCARD%0AVERSION:3.0%0ATITLE:%0AN:Ayhan%20\u00c7avu\u015fo\u011flu%0ATEL;type=WORK:%2B904422311200%0AEMAIL:ayhan@atauni.edu.tr%0AEND:VCARD\"\n                                         class=\"img-fluid qr\">\n                                <\/div>-->\n                            <\/div>\n                        <\/div>\n                    <\/div>\n                <\/div>\n            <\/div>\n\n\n                        <div class=\"accordion\" id=\"personel-kart\">\n                <div class=\"card p-liste\">\n                    <div class=\"card-header \" id=\"p-1\">\n                        <h2 class=\"mb-0\">\n                            <button class=\"btn btn-link collapsed\" type=\"button\" data-toggle=\"collapse\"\n                                    data-target=\"#k-1\"\n                                    aria-expanded=\"false\" aria-controls=\"collapseOne\">\n                                <span class=\"unvan\">M\u00fcd\u00fcr Yard\u0131mc\u0131s\u0131<\/span>\n                                M\u00fcd. Yar. Erkan Gerni                            <\/button>\n                        <\/h2>\n                    <\/div>\n\n                    <div id=\"k-1\" class=\"collapse\" aria-labelledby=\"p-1\"\n                         data-parent=\"#personel-kart\" style=\"\">\n                        <div class=\"card-body\">\n                            <div class=\"row\">\n                                <div class=\"col-3 kart-resim\">\n                                    <img decoding=\"async\" src=\"\/\/eski.atauni.edu.tr\/resizer.php?w=189&amp;h=228&amp;zc=1&amp;src=\/uploads\/profilResimleriSha1\/cf4072502b86edda6f554271592a3c39.png\"\n                                         class=\"img-fluid\">\n                                <\/div>\n                                <div class=\"col-7\">\n                                    <h3 class=\"kart-baslik kart-baslik-yonetim\">M\u00fcd\u00fcr Yard\u0131mc\u0131s\u0131<\/h3>\n                                    <div class=\"row\">\n                                        <div class=\"ad-soyad\">M\u00fcd. Yar. Erkan Gerni<\/div>\n                                        <div class=\"birim\">Sosyal Tesisler<\/div>\n                                        <div class=\"bilgiler\">\n                                            <strong>E-Posta<\/strong>erkan.gerni@grv.atauni.edu.tr                                        <\/div>\n                                                                                <div class=\"bilgiler\"><strong>Profil<\/strong> <a target=\"_blank\"\n                                                                                         href=\"http:\/\/avesis.atauni.edu.tr\/erkan.gerni\">https:\/\/avesis.atauni.edu.tr\/erkan.gerni<\/a>\n                                        <\/div>\n                                        <div class=\"bilgiler\">\n                                            <strong>Telefon<\/strong>\n                                            +90 442 231                                            ()&nbsp;\n                                        <\/div>\n                                        <div class=\"bilgiler\"><strong>Posta Adresi<\/strong> <span\n                                                    class=\"posta\">\n                                                                                                            Atat\u00fcrk \u00dcniversitesi Genel Sekreterlik 25240 Erzurum                                                                                                                                                                                                                                                                                                                                                                                                                                        <\/span>\n                                        <\/div>\n                                    <\/div>\n                                <\/div>\n                                <div class=\"col-10 kart-egitim\">\n                                    <h3>E\u011fitim<\/h3>\n                                    <ul>\n\n                                        \n                                    <\/ul>\n                                <\/div>\n                                 <!--<div class=\"col-2 qr\">\n                                    <img decoding=\"async\" src=\"https:\/\/chart.googleapis.com\/chart?chs=100x100&amp;cht=qr&amp;chl=BEGIN:VCARD%0AVERSION:3.0%0ATITLE:%0AN:Erkan%20Gerni%0ATEL;type=WORK:%2B90442231%0AEMAIL:erkan.gerni@grv.atauni.edu.tr%0AEND:VCARD\"\n                                         class=\"img-fluid qr\">\n                                <\/div>-->\n                            <\/div>\n                        <\/div>\n                    <\/div>\n                <\/div>\n            <\/div>\n\n\n            \t\t<div class=\"elementor-shortcode\"><\/div>\n\t\t\t\t\t\t<\/div>\n\t\t\t\t<\/div>\n\t\t\t\t<div class=\"elementor-element elementor-element-b516cb2 elementor-widget elementor-widget-spacer\" data-id=\"b516cb2\" data-element_type=\"widget\" data-widget_type=\"spacer.default\">\n\t\t\t\t<div class=\"elementor-widget-container\">\n\t\t\t\t\t\t\t<div class=\"elementor-spacer\">\n\t\t\t<div class=\"elementor-spacer-inner\"><\/div>\n\t\t<\/div>\n\t\t\t\t\t\t<\/div>\n\t\t\t\t<\/div>\n\t\t\t\t\t<\/div>\n\t\t<\/div>\n\t\t\t\t\t<\/div>\n\t\t<\/section>\n\t\t\t\t<\/div>\n\t\t","protected":false},"excerpt":{"rendered":"","protected":false},"author":1,"featured_media":0,"parent":0,"menu_order":0,"comment_status":"closed","ping_status":"closed","template":"elementor_header_footer","meta":{"footnotes":""},"class_list":["post-5662","page","type-page","status-publish","hentry"],"_links":{"self":[{"href":"https:\/\/atauni.edu.tr\/sosyal-tesisler\/wp-json\/wp\/v2\/pages\/5662","targetHints":{"allow":["GET"]}}],"collection":[{"href":"https:\/\/atauni.edu.tr\/sosyal-tesisler\/wp-json\/wp\/v2\/pages"}],"about":[{"href":"https:\/\/atauni.edu.tr\/sosyal-tesisler\/wp-json\/wp\/v2\/types\/page"}],"author":[{"embeddable":true,"href":"https:\/\/atauni.edu.tr\/sosyal-tesisler\/wp-json\/wp\/v2\/users\/1"}],"replies":[{"embeddable":true,"href":"https:\/\/atauni.edu.tr\/sosyal-tesisler\/wp-json\/wp\/v2\/comments?post=5662"}],"version-history":[{"count":136,"href":"https:\/\/atauni.edu.tr\/sosyal-tesisler\/wp-json\/wp\/v2\/pages\/5662\/revisions"}],"predecessor-version":[{"id":8354,"href":"https:\/\/atauni.edu.tr\/sosyal-tesisler\/wp-json\/wp\/v2\/pages\/5662\/revisions\/8354"}],"wp:attachment":[{"href":"https:\/\/atauni.edu.tr\/sosyal-tesisler\/wp-json\/wp\/v2\/media?parent=5662"}],"curies":[{"name":"wp","href":"https:\/\/api.w.org\/{rel}","templated":true}]}}