{"id":5682,"date":"2021-07-13T10:10:01","date_gmt":"2021-07-13T07:10:01","guid":{"rendered":"https:\/\/portaltest.atauni.edu.tr\/bilgisayar-muhendisligi\/?page_id=5682"},"modified":"2021-12-15T16:49:21","modified_gmt":"2021-12-15T13:49:21","slug":"misyon-vizyon-ve-temel-degerler","status":"publish","type":"page","link":"https:\/\/atauni.edu.tr\/sosyoloji\/misyon-vizyon-ve-temel-degerler\/","title":{"rendered":"Misyon, Vizyon ve Temel De\u011ferler"},"content":{"rendered":"\t\t<div data-elementor-type=\"wp-page\" data-elementor-id=\"5682\" class=\"elementor elementor-5682\" data-elementor-post-type=\"page\">\n\t\t\t\t\t\t<section class=\"elementor-section elementor-top-section elementor-element elementor-element-730d320 elementor-section-boxed elementor-section-height-default elementor-section-height-default\" data-id=\"730d320\" data-element_type=\"section\">\n\t\t\t\t\t\t<div class=\"elementor-container elementor-column-gap-default\">\n\t\t\t\t\t<div class=\"elementor-column elementor-col-100 elementor-top-column elementor-element elementor-element-753d0860\" data-id=\"753d0860\" data-element_type=\"column\">\n\t\t\t<div class=\"elementor-widget-wrap\">\n\t\t\t\t\t\t\t<\/div>\n\t\t<\/div>\n\t\t\t\t\t<\/div>\n\t\t<\/section>\n\t\t\t\t<section class=\"elementor-section elementor-top-section elementor-element elementor-element-9be811a elementor-section-boxed elementor-section-height-default elementor-section-height-default\" data-id=\"9be811a\" data-element_type=\"section\">\n\t\t\t\t\t\t<div class=\"elementor-container elementor-column-gap-default\">\n\t\t\t\t\t<div class=\"elementor-column elementor-col-100 elementor-top-column elementor-element elementor-element-1ed847b7\" data-id=\"1ed847b7\" data-element_type=\"column\">\n\t\t\t<div class=\"elementor-widget-wrap elementor-element-populated\">\n\t\t\t\t\t\t<div class=\"elementor-element elementor-element-4ce0d07f elementor-widget elementor-widget-heading\" data-id=\"4ce0d07f\" data-element_type=\"widget\" data-widget_type=\"heading.default\">\n\t\t\t\t<div class=\"elementor-widget-container\">\n\t\t\t\t\t<h2 class=\"elementor-heading-title elementor-size-default\">Misyon, Vizyon ve Temel De\u011ferler<\/h2>\t\t\t\t<\/div>\n\t\t\t\t<\/div>\n\t\t\t\t<div class=\"elementor-element elementor-element-63260862 elementor-widget-divider--view-line elementor-widget elementor-widget-divider\" data-id=\"63260862\" data-element_type=\"widget\" data-widget_type=\"divider.default\">\n\t\t\t\t<div class=\"elementor-widget-container\">\n\t\t\t\t\t\t\t<div class=\"elementor-divider\">\n\t\t\t<span class=\"elementor-divider-separator\">\n\t\t\t\t\t\t<\/span>\n\t\t<\/div>\n\t\t\t\t\t\t<\/div>\n\t\t\t\t<\/div>\n\t\t\t\t\t<\/div>\n\t\t<\/div>\n\t\t\t\t\t<\/div>\n\t\t<\/section>\n\t\t\t\t<section class=\"elementor-section elementor-top-section elementor-element elementor-element-681db8b elementor-section-boxed elementor-section-height-default elementor-section-height-default\" data-id=\"681db8b\" data-element_type=\"section\">\n\t\t\t\t\t\t<div class=\"elementor-container elementor-column-gap-default\">\n\t\t\t\t\t<div class=\"elementor-column elementor-col-100 elementor-top-column elementor-element elementor-element-ad4dac5\" data-id=\"ad4dac5\" data-element_type=\"column\">\n\t\t\t<div class=\"elementor-widget-wrap elementor-element-populated\">\n\t\t\t\t\t\t<div class=\"elementor-element elementor-element-2f96b3d elementor-widget elementor-widget-text-editor\" data-id=\"2f96b3d\" data-element_type=\"widget\" data-widget_type=\"text-editor.default\">\n\t\t\t\t<div class=\"elementor-widget-container\">\n\t\t\t\t\t\t\t\t\t<div><h2>Misyonumuz<\/h2><p>B\u00f6l\u00fcm\u00fcm\u00fcz\u00fcn <b>misyonu<\/b>;<\/p><ul><li>ara\u015ft\u0131rma ve e\u011fitim yetkinli\u011fi ba\u011flam\u0131nda uluslararas\u0131 d\u00fczeyde olan<\/li><li>uluslararas\u0131 d\u00fczeyde bilgi \u00fcreten ve e\u011fitim veren<\/li><li>disiplinleraras\u0131 bilgiye ve kavray\u0131\u015fa sahip olan<\/li><li>toplumsal ya\u015fam\u0131n dinamiklerini hem yerel hem de evrensel d\u00fczeyde anlayan, a\u00e7\u0131klayan, yorumlayan, ele\u015ftiren<\/li><li>toplumsal sorunlar\u0131n tespitine ve \u00e7\u00f6z\u00fcm\u00fcne y\u00f6nelik sosyal, k\u00fclt\u00fcrel, siyasal ve ekonomik politikalar \u00fcretilmesine katk\u0131 sa\u011flayan<\/li><li>kamu ve \u00f6zel sekt\u00f6rde faaliyet g\u00f6steren kurum ve kurulu\u015flara y\u00f6nelik e\u011fitim veren<\/li><li>s\u00fcrekli kendini geli\u015ftiren<\/li><\/ul><p>\u00a0bir b\u00f6l\u00fcm olmakt\u0131r.<\/p><\/div><div><h2>Vizyonumuz<\/h2><p>B\u00f6l\u00fcm\u00fcm\u00fcz\u00fcn <b>vizyonu<\/b>;<\/p><ul><li>evrensel standartlarda sosyolojik e\u011fitimle donat\u0131lm\u0131\u015f<\/li><li>mesleki k\u00fclt\u00fcr\u00fc ve genel k\u00fclt\u00fcr\u00fc zengin<\/li><li>en az bir yabanc\u0131 dil bilgisine sahip olan<\/li><li>yeniliklere a\u00e7\u0131k ve ele\u015ftirel g\u00fcce sahip<\/li><li>ya\u015fad\u0131\u011f\u0131 \u00e7evre ve \u00fclke kadar uluslararas\u0131 sorunlara da duyarl\u0131<\/li><li>d\u00fcnya ve \u00fclke meselelerini bir ayd\u0131n gibi takip edebilen<\/li><\/ul><p>sosyologlar yeti\u015ftirmektir.<\/p><\/div>\t\t\t\t\t\t\t\t<\/div>\n\t\t\t\t<\/div>\n\t\t\t\t\t<\/div>\n\t\t<\/div>\n\t\t\t\t\t<\/div>\n\t\t<\/section>\n\t\t\t\t<\/div>\n\t\t","protected":false},"excerpt":{"rendered":"<p>Misyon, Vizyon ve Temel De\u011ferler Misyonumuz B\u00f6l\u00fcm\u00fcm\u00fcz\u00fcn misyonu; ara\u015ft\u0131rma ve e\u011fitim yetkinli\u011fi ba\u011flam\u0131nda uluslararas\u0131 d\u00fczeyde olan uluslararas\u0131 d\u00fczeyde bilgi \u00fcreten ve e\u011fitim veren disiplinleraras\u0131 bilgiye ve kavray\u0131\u015fa sahip olan toplumsal ya\u015fam\u0131n dinamiklerini hem yerel hem de evrensel d\u00fczeyde anlayan, a\u00e7\u0131klayan, yorumlayan, ele\u015ftiren toplumsal sorunlar\u0131n tespitine ve \u00e7\u00f6z\u00fcm\u00fcne y\u00f6nelik sosyal, k\u00fclt\u00fcrel, siyasal ve ekonomik politikalar \u00fcretilmesine [&hellip;]<\/p>\n","protected":false},"author":1,"featured_media":0,"parent":0,"menu_order":0,"comment_status":"closed","ping_status":"closed","template":"elementor_header_footer","meta":{"footnotes":""},"class_list":["post-5682","page","type-page","status-publish","hentry"],"_links":{"self":[{"href":"https:\/\/atauni.edu.tr\/sosyoloji\/wp-json\/wp\/v2\/pages\/5682","targetHints":{"allow":["GET"]}}],"collection":[{"href":"https:\/\/atauni.edu.tr\/sosyoloji\/wp-json\/wp\/v2\/pages"}],"about":[{"href":"https:\/\/atauni.edu.tr\/sosyoloji\/wp-json\/wp\/v2\/types\/page"}],"author":[{"embeddable":true,"href":"https:\/\/atauni.edu.tr\/sosyoloji\/wp-json\/wp\/v2\/users\/1"}],"replies":[{"embeddable":true,"href":"https:\/\/atauni.edu.tr\/sosyoloji\/wp-json\/wp\/v2\/comments?post=5682"}],"version-history":[{"count":17,"href":"https:\/\/atauni.edu.tr\/sosyoloji\/wp-json\/wp\/v2\/pages\/5682\/revisions"}],"predecessor-version":[{"id":6222,"href":"https:\/\/atauni.edu.tr\/sosyoloji\/wp-json\/wp\/v2\/pages\/5682\/revisions\/6222"}],"wp:attachment":[{"href":"https:\/\/atauni.edu.tr\/sosyoloji\/wp-json\/wp\/v2\/media?parent=5682"}],"curies":[{"name":"wp","href":"https:\/\/api.w.org\/{rel}","templated":true}]}}