{"id":6071,"date":"2021-08-27T15:45:02","date_gmt":"2021-08-27T12:45:02","guid":{"rendered":"http:\/\/birimler.atauni.edu.tr\/sosyoloji\/?page_id=6071"},"modified":"2026-02-23T11:27:27","modified_gmt":"2026-02-23T08:27:27","slug":"bolum-kurulu-kararlari","status":"publish","type":"page","link":"https:\/\/atauni.edu.tr\/sosyoloji\/bolum-kurulu-kararlari\/","title":{"rendered":"Koordinat\u00f6rler"},"content":{"rendered":"\t\t<div data-elementor-type=\"wp-page\" data-elementor-id=\"6071\" class=\"elementor elementor-6071\" data-elementor-post-type=\"page\">\n\t\t\t\t\t\t<section class=\"elementor-section elementor-top-section elementor-element elementor-element-59b05af elementor-section-boxed elementor-section-height-default elementor-section-height-default\" data-id=\"59b05af\" data-element_type=\"section\">\n\t\t\t\t\t\t<div class=\"elementor-container elementor-column-gap-default\">\n\t\t\t\t\t<div class=\"elementor-column elementor-col-100 elementor-top-column elementor-element elementor-element-5040687\" data-id=\"5040687\" data-element_type=\"column\">\n\t\t\t<div class=\"elementor-widget-wrap elementor-element-populated\">\n\t\t\t\t\t\t<div class=\"elementor-element elementor-element-bfcc78d elementor-widget elementor-widget-text-editor\" data-id=\"bfcc78d\" data-element_type=\"widget\" data-widget_type=\"text-editor.default\">\n\t\t\t\t<div class=\"elementor-widget-container\">\n\t\t\t\t\t\t\t\t\t<h3><span style=\"text-decoration: underline\"><span style=\"color: #003366;text-decoration: underline\">Y\u00f6netim<\/span><\/span><\/h3><p><strong><span style=\"color: #000080\">B\u00f6l\u00fcm Ba\u015fkan\u0131 <\/span><\/strong>Prof. Dr. Mevl\u00fct \u00d6ZBEN &#8211; 8044<\/p><p><strong><span style=\"color: #000080\">B\u00f6l\u00fcm Ba\u015fkan Yard\u0131mc\u0131s\u0131 <\/span><\/strong>Do\u00e7. Dr. \u0130brahim AKSAKAL &#8211; 8069<\/p><p><strong><span style=\"color: #000080\">B\u00f6l\u00fcm Ba\u015fkan Yard\u0131mc\u0131s\u0131 <\/span><\/strong>Dr. \u00d6\u011fr. \u00dcyesi \u0130smail \u00d6Z &#8211; 8051<\/p><p><strong><span style=\"color: #000080\">Genel Sosyoloji ve Metodoloji Ana Bilim Dal\u0131 Ba\u015fkan\u0131 <\/span><\/strong>Prof. Dr. Mevl\u00fct \u00d6ZBEN &#8211; 8044<\/p><p><span style=\"color: #000080\"><strong>Toplumsal Yap\u0131 ve De\u011fi\u015fme Ana Bilim Dal\u0131 Ba\u015fkan\u0131 <\/strong><\/span>Prof. Dr. Sel\u00e7uk AYDIN &#8211; 8049<\/p><p><strong><span style=\"color: #000080\">Kurumlar Sosyolojisi Ana Bilim Dal\u0131 Ba\u015fkan\u0131 <\/span><\/strong>Prof. Dr. Nuray KARACA &#8211; 8046<\/p><p><span style=\"color: #000080\"><strong>B\u00f6l\u00fcm Sekreteri <\/strong><\/span>Metin ADIG\u00dcZEL &#8211; 8147<\/p><h3><span style=\"text-decoration: underline\"><span style=\"color: #003366;text-decoration: underline\">Koordinat\u00f6rl\u00fckler<\/span><\/span><\/h3><p><strong><span style=\"color: #000080\">Ders Program Koordinat\u00f6r\u00fc <\/span><\/strong>Ar\u015f. G\u00f6r. Dr. Emine \u00c7ET\u0130NER \u00d6ZYILMAZ -8057<\/p><p><span style=\"color: #000080\"><strong>S\u0131nav Program Koordinat\u00f6r\u00fc <\/strong><\/span>Ar\u015f. G\u00f6r. H\u00fclya DO\u011eAN &#8211; 8053<\/p><p><strong><span style=\"color: #000080\">\u00c7ift Ana Dal Program Koordinat\u00f6r\u00fc <\/span><\/strong>Do\u00e7. Dr. \u0130brahim AKSAKAL &#8211; 8069<\/p><p><strong><span style=\"color: #000080\">Yan Dal Program Koordinat\u00f6r\u00fc <\/span><\/strong>Do\u00e7. Dr. \u0130brahim AKSAKAL &#8211; 8069<\/p><p><strong><span style=\"color: #000080\">Proje Koordinat\u00f6r\u00fc <\/span><\/strong>Do\u00e7. Dr. Erdi AKSAKAL &#8211; 8047<\/p><p><span style=\"color: #000080\"><strong>Web &amp; Sosyal Medya Koordinat\u00f6r\u00fc <\/strong><\/span>Ar\u015f. G\u00f6r. Abdurrahim \u015eAH\u0130N &#8211; 8052<\/p><p><span style=\"color: #000080\"><strong>Avesis Koordinat\u00f6r\u00fc <\/strong><\/span>Ar\u015f. G\u00f6r. Abdurrahim \u015eAH\u0130N &#8211; 8052<\/p><p><span style=\"color: #000080\"><strong>Ders Bilgi Paketi Koordinat\u00f6r\u00fc <\/strong><span style=\"color: #000000\">Prof<\/span><\/span>. Dr. Sel\u00e7uk AYDIN &#8211; 8049<\/p><p><span style=\"color: #000080\"><strong>Bologna Koordinat\u00f6r\u00fc <\/strong><\/span>\u00d6\u011fr. G\u00f6r. Dr. Emin G\u00d6KALP &#8211; 8056<\/p><p><span style=\"color: #000080\"><strong>T\u00dcB\u0130TAK Koordinat\u00f6r\u00fc <\/strong><\/span>Do\u00e7. Dr. Sait G\u00dcLSOY &#8211; 8054<\/p><p><span style=\"color: #000080\"><strong>FEDEK Koordinat\u00f6r\u00fc <\/strong><\/span>Ar\u015f. G\u00f6r. Abdurrahim \u015eAH\u0130N &#8211; 8052<\/p><p><span style=\"color: #000080\"><strong>Mevlana De\u011fi\u015fim Program\u0131 Koordinat\u00f6r\u00fc <\/strong><\/span>Ar\u015f. G\u00f6r. Dr. Emine \u00c7ET\u0130NER \u00d6ZYILMAZ &#8211; 8057<\/p><p><span style=\"color: #000080\"><strong>Farabi De\u011fi\u015fim Program\u0131 Koordinat\u00f6r\u00fc <\/strong><\/span>Do\u00e7. Dr. Sait G\u00dcLSOY &#8211; 8054<\/p><p><strong><span style=\"color: #000080\">Erasmus De\u011fi\u015fim Program\u0131 Koordinat\u00f6r\u00fc <\/span><\/strong>Ar\u015f. G\u00f6r. Dr. P\u0131nar LALO\u011eLU KURT &#8211; 8055<\/p><p><span style=\"color: #000080\"><strong>Orhun De\u011fi\u015fim Program\u0131 Koordinat\u00f6r\u00fc <\/strong><\/span>Ar\u015f. G\u00f6r. Halil DEM\u0130RTA\u015e &#8211; 8068<\/p><p><span style=\"color: #000080\"><strong>Fikri M\u00fclkiyet Haklar\u0131 &amp; Patent\u00a0 Koordinat\u00f6r\u00fc <\/strong><\/span>\u00d6\u011fr. G\u00f6r. Dr. Emin G\u00d6KALP &#8211; 8056<\/p><p><span style=\"color: #000080\"><strong>Engelli \u00d6\u011frenci Temsilcisi <\/strong><\/span>Ar\u015f. G\u00f6r. H\u00fclya DO\u011eAN &#8211; 8053<\/p><p><span style=\"color: #000080\"><strong>\u00d6\u011frenci Kul\u00fcb\u00fc Dan\u0131\u015fman\u0131 <\/strong><\/span>Ar\u015f. G\u00f6r. Abdurrahim \u015eAH\u0130N &#8211; 8052<\/p><p><span style=\"color: #000080\"><strong>\u0130\u015f Sa\u011fl\u0131\u011f\u0131 ve G\u00fcvenli\u011fi Yetkilisi <\/strong><\/span>Ar\u015f. G\u00f6r. Halil DEM\u0130RTA\u015e &#8211; 8068<\/p><p><span style=\"color: #000080\"><strong>Kariyer Merkezi Temsilcisi <\/strong><\/span>Ar\u015f. G\u00f6r. Halil DEM\u0130RTA\u015e &#8211; 8068<\/p><p><span style=\"color: #000080\"><strong>B\u00f6l\u00fcm Tan\u0131t\u0131m Sorumlusu <\/strong><\/span>Ar\u015f. G\u00f6r. Abdurrahim \u015eAH\u0130N &#8211; 8052<\/p><p><span style=\"color: #000080\"><strong>Toplumsal Duyarl\u0131l\u0131k Projeleri Yetkilisi <\/strong><\/span>Ar\u015f. G\u00f6r. Dr. P\u0131nar LALO\u011eLU KURT &#8211; 8055<\/p><p><span style=\"color: #000080\"><strong>\u00d6\u011frenme M\u00fckemmeliyet Modeli ve E\u011fitim Programlar\u0131 D\u00f6n\u00fc\u015f\u00fcm\u00fc Yetkilisi <\/strong><\/span>Do\u00e7. Dr. Erem SARIKOCA &#8211; 8048<\/p><p><span style=\"color: #000080\"><strong>B\u00f6l\u00fcm \u00d6\u011fretmenlik Uygulamas\u0131 Koordinat\u00f6r\u00fc <\/strong><\/span>Ar\u015f. G\u00f6r. Dr. P\u0131nar LALO\u011eLU KURT &#8211; 8055<\/p><h3><span style=\"text-decoration: underline;color: #003366\">Komisyonlar<\/span><\/h3><p><strong><span style=\"color: #000080\">\u0130ntibak Komisyonu Ba\u015fkan\u0131 <\/span><\/strong>Dr. \u00d6\u011fr. \u00dcyesi \u0130smail \u00d6Z &#8211; 8051<\/p><p><span style=\"color: #000080\"><strong>\u0130ntibak Komisyonu \u00dcyeleri<\/strong><\/span><\/p><p>Ar\u015f. G\u00f6r. Dr. Emine \u00c7ET\u0130NER \u00d6ZYILMAZ &#8211; 8057<\/p><p>Ar\u015f. G\u00f6r. Dr. P\u0131nar LALO\u011eLU KURT &#8211; 8055<\/p><p>Ar\u015f. G\u00f6r. H\u00fclya DO\u011eAN &#8211; 8053<\/p><p>Ar\u015f. G\u00f6r. Abdurrahim \u015eAH\u0130N &#8211; 8052<\/p><p>Ar\u015f. G\u00f6r. Halil DEM\u0130RTA\u015e &#8211; 8068<\/p><p><span style=\"color: #000080\"><strong>E\u011fitim Komisyonu Ba\u015fkan\u0131 <\/strong><\/span>Prof. Dr. Nuray KARACA &#8211; 8046<\/p><p><span style=\"color: #000080\"><strong>E\u011fitim Komisyonu \u00dcyeleri<\/strong><\/span><\/p><p>Prof. Dr. Mizrap POLAT &#8211; 8045<\/p><p>Prof. Dr. Sel\u00e7uk AYDIN &#8211; 8049<\/p><p>Do\u00e7. Dr. Erdi AKSAKAL &#8211; 8047<\/p><p>Do\u00e7. Dr. \u0130brahim AKSAKAL &#8211; 8069<\/p><p><span style=\"color: #000080\"><strong>Program De\u011ferlendirme ve M\u00fcfredat Geli\u015ftirme Komisyonu Ba\u015fkan\u0131 <\/strong><\/span>Dr. \u00d6\u011fr. \u00dcyesi \u0130smail \u00d6Z &#8211; 8051<\/p><p><strong><span style=\"color: #000080\">Program De\u011ferlendirme ve M\u00fcfredat Geli\u015ftirme Komisyonu \u00dcyeleri<\/span><\/strong><\/p><p>Prof. Dr. Mizrap POLAT &#8211; 8045<\/p><p>Do\u00e7. Dr. Erem SARIKOCA &#8211; 8048<\/p><p>Ar\u015f. G\u00f6r. Abdurrahim \u015eAH\u0130N &#8211; 8052<\/p><p><span style=\"color: #000080\"><strong>M\u00fcfredat \u00d6l\u00e7me ve De\u011ferlendirme Komisyonu Ba\u015fkan\u0131 <\/strong><\/span>Prof. Dr. Mevl\u00fct \u00d6ZBEN &#8211; 8044<\/p><p><span style=\"color: #000080\"><strong><span style=\"color: #000080\">M\u00fcfredat \u00d6l\u00e7me ve De\u011ferlendirme Komisyonu<\/span> \u00dcyeleri<\/strong><\/span><\/p><p>Prof. Dr. Sel\u00e7uk AYDIN &#8211; 8049<\/p><p>Dr. \u00d6\u011fr. \u00dcyesi \u0130smail \u00d6Z &#8211; 8051<\/p><p>Ar\u015f. G\u00f6r. Dr. P\u0131nar LALO\u011eLU KURT &#8211; 8055<\/p><p><span style=\"color: #000080\"><strong>Mezun \u0130zleme Komisyonu Ba\u015fkan\u0131 <\/strong><\/span>Do\u00e7. Dr. Erem SARIKOCA &#8211; 8048<\/p><p><strong><span style=\"color: #000080\">Mezun \u0130zleme Komisyonu \u00dcyeleri<\/span><\/strong><\/p><p>Do\u00e7. Dr. Erdi AKSAKAL &#8211; 8047<\/p><p>Do\u00e7. Dr. Sait G\u00dcLSOY &#8211; 8054<\/p><p><span style=\"color: #000080\"><strong>Kalite Komisyonu Ba\u015fkan\u0131 <\/strong><span style=\"color: #000000\">Prof<\/span><\/span>. Dr. Sel\u00e7uk AYDIN &#8211; 8049<\/p><p><strong><span style=\"color: #000080\">Kalite Komisyonu \u00dcyeleri<\/span><\/strong><\/p><p>Do\u00e7. Dr. Erem SARIKOCA &#8211; 8048<\/p><p>Do\u00e7. Dr. Sait G\u00dcLSOY &#8211; 8054<\/p><p><span style=\"color: #000080\"><strong>Staj Komisyonu Ba\u015fkan\u0131 <\/strong><span style=\"color: #000000\">Prof<\/span><\/span>. Dr. Sel\u00e7uk AYDIN &#8211; 8049<\/p><p><span style=\"color: #000080\"><strong>Staj Komisyonu \u00dcyeleri<\/strong><\/span><\/p><p>Do\u00e7. Dr. Sait G\u00dcLSOY &#8211; 8054<\/p><p>Dr. \u00d6\u011fr. \u00dcyesi \u0130smail \u00d6Z &#8211; 8051<\/p><p><span style=\"color: #000080\"><strong>Y\u00fcksek Lisans Bilimsel Haz\u0131rl\u0131k Komisyonu Ba\u015fkan\u0131 <\/strong><\/span>Do\u00e7. Dr. Erdi AKSAKAL &#8211; 8047<\/p><p><span style=\"color: #000080\"><strong>Y\u00fcksek Lisans Bilimsel Haz\u0131rl\u0131k Komisyonu \u00dcyeleri<\/strong><\/span><\/p><p>Do\u00e7. Dr. Erem SARIKOCA &#8211; 8048<\/p><p>Prof. Dr. Sel\u00e7uk AYDIN &#8211; 8049<\/p><p><span style=\"color: #000080\"><strong>Doktora Bilimsel Haz\u0131rl\u0131k Komisyonu Ba\u015fkan\u0131 <\/strong><\/span>Do\u00e7. Dr. Erdi AKSAKAL &#8211; 8047<\/p><p><span style=\"color: #000080\"><strong>Doktora Bilimsel Haz\u0131rl\u0131k Komisyonu \u00dcyeleri<\/strong><\/span><\/p><p>Do\u00e7. Dr. Erem SARIKOCA &#8211; 8048<\/p><p>Prof. Dr. Sel\u00e7uk AYDIN &#8211; 8049<\/p><p><span style=\"color: #000080\"><strong>Akademik Performans\/Te\u015fvik Komisyonu Ba\u015fkan\u0131 <\/strong><\/span>Prof. Dr. Nuray KARACA &#8211; 8046<\/p><p><span style=\"color: #000080\"><strong>Akademik Performans\/Te\u015fvik Komisyonu \u00dcyeleri<\/strong><\/span><\/p><p>Prof. Dr. Sel\u00e7uk AYDIN &#8211; 8049<\/p><p>Do\u00e7. Dr. Erdi AKSAKAL &#8211; 8047<\/p><p><span style=\"color: #000080\"><strong>Uluslararas\u0131la\u015ft\u0131rma ve Ara\u015ft\u0131rma \u0130\u015f Birli\u011fi Komisyonu Ba\u015fkan\u0131 <\/strong><\/span>Do\u00e7. Dr. Sait G\u00dcLSOY &#8211; 8054<\/p><p><span style=\"color: #000080\"><strong>Uluslararas\u0131la\u015ft\u0131rma ve Ara\u015ft\u0131rma \u0130\u015f Birli\u011fi Komisyonu \u00dcyeleri<\/strong><\/span><\/p><p>Ar\u015f. G\u00f6r. Dr. P\u0131nar LALO\u011eLU KURT &#8211; 8055<\/p><p>Ar\u015f. G\u00f6r. Halil DEM\u0130RTA\u015e &#8211; 8068<\/p>\t\t\t\t\t\t\t\t<\/div>\n\t\t\t\t<\/div>\n\t\t\t\t\t<\/div>\n\t\t<\/div>\n\t\t\t\t\t<\/div>\n\t\t<\/section>\n\t\t\t\t<\/div>\n\t\t","protected":false},"excerpt":{"rendered":"<p>Y\u00f6netim B\u00f6l\u00fcm Ba\u015fkan\u0131 Prof. Dr. Mevl\u00fct \u00d6ZBEN &#8211; 8044 B\u00f6l\u00fcm Ba\u015fkan Yard\u0131mc\u0131s\u0131 Do\u00e7. Dr. \u0130brahim AKSAKAL &#8211; 8069 B\u00f6l\u00fcm Ba\u015fkan Yard\u0131mc\u0131s\u0131 Dr. \u00d6\u011fr. \u00dcyesi \u0130smail \u00d6Z &#8211; 8051 Genel Sosyoloji ve Metodoloji Ana Bilim Dal\u0131 Ba\u015fkan\u0131 Prof. Dr. Mevl\u00fct \u00d6ZBEN &#8211; 8044 Toplumsal Yap\u0131 ve De\u011fi\u015fme Ana Bilim Dal\u0131 Ba\u015fkan\u0131 Prof. Dr. Sel\u00e7uk AYDIN &#8211; [&hellip;]<\/p>\n","protected":false},"author":1,"featured_media":0,"parent":0,"menu_order":0,"comment_status":"closed","ping_status":"closed","template":"elementor_header_footer","meta":{"footnotes":""},"class_list":["post-6071","page","type-page","status-publish","hentry"],"_links":{"self":[{"href":"https:\/\/atauni.edu.tr\/sosyoloji\/wp-json\/wp\/v2\/pages\/6071","targetHints":{"allow":["GET"]}}],"collection":[{"href":"https:\/\/atauni.edu.tr\/sosyoloji\/wp-json\/wp\/v2\/pages"}],"about":[{"href":"https:\/\/atauni.edu.tr\/sosyoloji\/wp-json\/wp\/v2\/types\/page"}],"author":[{"embeddable":true,"href":"https:\/\/atauni.edu.tr\/sosyoloji\/wp-json\/wp\/v2\/users\/1"}],"replies":[{"embeddable":true,"href":"https:\/\/atauni.edu.tr\/sosyoloji\/wp-json\/wp\/v2\/comments?post=6071"}],"version-history":[{"count":110,"href":"https:\/\/atauni.edu.tr\/sosyoloji\/wp-json\/wp\/v2\/pages\/6071\/revisions"}],"predecessor-version":[{"id":8776,"href":"https:\/\/atauni.edu.tr\/sosyoloji\/wp-json\/wp\/v2\/pages\/6071\/revisions\/8776"}],"wp:attachment":[{"href":"https:\/\/atauni.edu.tr\/sosyoloji\/wp-json\/wp\/v2\/media?parent=6071"}],"curies":[{"name":"wp","href":"https:\/\/api.w.org\/{rel}","templated":true}]}}